{"id":5441,"date":"2021-06-09T10:50:36","date_gmt":"2021-06-09T09:50:36","guid":{"rendered":"https:\/\/blogsaverroes.juntadeandalucia.es\/iesmarquesdecomares\/?page_id=5441"},"modified":"2021-06-09T11:30:15","modified_gmt":"2021-06-09T10:30:15","slug":"museo-de-ciencias-fr","status":"publish","type":"page","link":"https:\/\/blogsaverroes.juntadeandalucia.es\/iesmarquesdecomares\/museo-de-ciencias-fr\/","title":{"rendered":"Museo de ciencias FR"},"content":{"rendered":"\t\t<div data-elementor-type=\"wp-page\" data-elementor-id=\"5441\" class=\"elementor elementor-5441\">\n\t\t\t\t\t\t<section class=\"elementor-section elementor-top-section elementor-element elementor-element-7d9f454a elementor-section-boxed elementor-section-height-default elementor-section-height-default\" data-id=\"7d9f454a\" data-element_type=\"section\">\n\t\t\t\t\t\t<div class=\"elementor-container elementor-column-gap-default\">\n\t\t\t\t\t<div class=\"elementor-column elementor-col-100 elementor-top-column elementor-element elementor-element-54c6f321\" data-id=\"54c6f321\" data-element_type=\"column\">\n\t\t\t<div class=\"elementor-widget-wrap elementor-element-populated\">\n\t\t\t\t\t\t<div class=\"elementor-element elementor-element-27da01c3 elementor-widget elementor-widget-heading\" data-id=\"27da01c3\" data-element_type=\"widget\" data-widget_type=\"heading.default\">\n\t\t\t\t<div class=\"elementor-widget-container\">\n\t\t\t\t\t<h1 class=\"elementor-heading-title elementor-size-default\">mus\u00e9e de la science<\/h1>\t\t\t\t<\/div>\n\t\t\t\t<\/div>\n\t\t\t\t\t<\/div>\n\t\t<\/div>\n\t\t\t\t\t<\/div>\n\t\t<\/section>\n\t\t\t\t<section class=\"elementor-section elementor-top-section elementor-element elementor-element-6aba3d11 elementor-section-boxed elementor-section-height-default elementor-section-height-default\" data-id=\"6aba3d11\" data-element_type=\"section\">\n\t\t\t\t\t\t<div class=\"elementor-container elementor-column-gap-default\">\n\t\t\t\t\t<div class=\"elementor-column elementor-col-66 elementor-top-column elementor-element elementor-element-224391fc\" data-id=\"224391fc\" data-element_type=\"column\">\n\t\t\t<div class=\"elementor-widget-wrap elementor-element-populated\">\n\t\t\t\t\t\t<div class=\"elementor-element elementor-element-63937f0d elementor-widget elementor-widget-heading\" data-id=\"63937f0d\" data-element_type=\"widget\" data-widget_type=\"heading.default\">\n\t\t\t\t<div class=\"elementor-widget-container\">\n\t\t\t\t\t<h1 class=\"elementor-heading-title elementor-size-default\"><font face=\"Raleway, sans-serif\"><span style=\"font-size: 33px;letter-spacing: normal\">Bienvenue<\/span><\/font><\/h1>\t\t\t\t<\/div>\n\t\t\t\t<\/div>\n\t\t\t\t<div class=\"elementor-element elementor-element-1cedd8d6 elementor-widget elementor-widget-text-editor\" data-id=\"1cedd8d6\" data-element_type=\"widget\" data-widget_type=\"text-editor.default\">\n\t\t\t\t<div class=\"elementor-widget-container\">\n\t\t\t\t\t\t\t\t\t<p>Bonjour, visiteurs. Nous vous accueillons dans notre petit mus\u00e9e, o\u00f9 nous exposons du mat\u00e9riel scientifique et \u00e9ducatif de diff\u00e9rents d\u00e9partements de notre centre, le I. E. \u00abMarqu\u00e9s de Comares\u00bb.<\/p><p>Comme nous le percevons tous, notre monde change \u00e0 une vitesse vertigineuse et les ressources technologiques les plus avanc\u00e9es sont vite obsol\u00e8tes: la balance analytique m\u00e9canique qui a co\u00fbt\u00e9 tant de travail ne peut \u00eatre compar\u00e9e en simplicit\u00e9 d&#8217;utilisation avec sa version \u00e9lectronique actuelle. Maintenant, en regardant les photos des deux,<br \/>Lequel pensez-vous est le plus beau?<\/p><p>En imaginant vos r\u00e9ponses, je suppose que vous conviendrez que notre mus\u00e9e m\u00e9rite d&#8217;\u00eatre vu pour un pur plaisir esth\u00e9tique. Bien s\u00fbr, ce serait toujours mieux si, en plus, nous pouvions ajouter une autre incitation. Allons-y.<\/p><p>Une autre caract\u00e9ristique de notre soci\u00e9t\u00e9 est la grande quantit\u00e9 d&#8217;informations accessibles: sur n&#8217;importe quel sujet, nous pouvons trouver beaucoup de pages web, qui, dans la plupart des cas, sont copi\u00e9es les unes aux autres et sont cribl\u00e9es d&#8217;erreurs. Compte tenu de ce panorama, nous vous offrons des informations fiables sur le but, le fonctionnement et l&#8217;histoire des pi\u00e8ces expos\u00e9es, soutenues par des textes extraits de livres et d&#8217;articles scientifiques. Dans quelques endroits, vous trouverez quelque chose comme \u00e7a.<\/p><p>Nous esp\u00e9rons que tout cela vous encourage \u00e0 entrer dans notre page (dans l&#8217;une de ses versions: espagnol, anglais ou fran\u00e7ais) et nous laisser vos commentaires, ce qui nous sera tr\u00e8s utile pour nous am\u00e9liorer.<\/p><p>Bonne visite!<\/p>\t\t\t\t\t\t\t\t<\/div>\n\t\t\t\t<\/div>\n\t\t\t\t\t<\/div>\n\t\t<\/div>\n\t\t\t\t<div class=\"elementor-column elementor-col-33 elementor-top-column elementor-element elementor-element-132654e5\" data-id=\"132654e5\" data-element_type=\"column\">\n\t\t\t<div class=\"elementor-widget-wrap elementor-element-populated\">\n\t\t\t\t\t\t<div class=\"elementor-element elementor-element-726be163 elementor-widget elementor-widget-image\" data-id=\"726be163\" data-element_type=\"widget\" data-widget_type=\"image.default\">\n\t\t\t\t<div class=\"elementor-widget-container\">\n\t\t\t\t\t\t\t\t\t\t\t\t<figure class=\"wp-caption\">\n\t\t\t\t\t\t\t\t\t\t<img decoding=\"async\" width=\"220\" height=\"211\" src=\"https:\/\/blogsaverroes.juntadeandalucia.es\/iesmarquesdecomares\/files\/2021\/03\/analyticalbalance1.jpg\" class=\"attachment-2048x2048 size-2048x2048 wp-image-4121\" alt=\"\" \/>\t\t\t\t\t\t\t\t\t\t\t<figcaption class=\"widget-image-caption wp-caption-text\"><\/figcaption>\n\t\t\t\t\t\t\t\t\t\t<\/figure>\n\t\t\t\t\t\t\t\t\t<\/div>\n\t\t\t\t<\/div>\n\t\t\t\t<div class=\"elementor-element elementor-element-3bc7025c elementor-widget elementor-widget-image\" data-id=\"3bc7025c\" data-element_type=\"widget\" data-widget_type=\"image.default\">\n\t\t\t\t<div class=\"elementor-widget-container\">\n\t\t\t\t\t\t\t\t\t\t\t\t\t\t\t<img fetchpriority=\"high\" decoding=\"async\" width=\"220\" height=\"293\" src=\"https:\/\/blogsaverroes.juntadeandalucia.es\/iesmarquesdecomares\/files\/2021\/03\/220px-analytical_balance_mettler_ae-260.jpg\" class=\"attachment-large size-large wp-image-4122\" alt=\"\" \/>\t\t\t\t\t\t\t\t\t\t\t\t\t\t\t<\/div>\n\t\t\t\t<\/div>\n\t\t\t\t\t<\/div>\n\t\t<\/div>\n\t\t\t\t\t<\/div>\n\t\t<\/section>\n\t\t\t\t<section class=\"elementor-section elementor-top-section elementor-element elementor-element-2395355f elementor-section-boxed elementor-section-height-default elementor-section-height-default\" data-id=\"2395355f\" data-element_type=\"section\">\n\t\t\t\t\t\t<div class=\"elementor-container elementor-column-gap-default\">\n\t\t\t\t\t<div class=\"elementor-column elementor-col-100 elementor-top-column elementor-element elementor-element-6dc49d85\" data-id=\"6dc49d85\" data-element_type=\"column\">\n\t\t\t<div class=\"elementor-widget-wrap elementor-element-populated\">\n\t\t\t\t\t\t<div class=\"elementor-element elementor-element-3f20e86e elementor-widget elementor-widget-accordion\" data-id=\"3f20e86e\" data-element_type=\"widget\" data-widget_type=\"accordion.default\">\n\t\t\t\t<div class=\"elementor-widget-container\">\n\t\t\t\t\t\t\t<div class=\"elementor-accordion\">\n\t\t\t\t\t\t\t<div class=\"elementor-accordion-item\">\n\t\t\t\t\t<div id=\"elementor-tab-title-1051\" class=\"elementor-tab-title\" data-tab=\"1\" role=\"button\" aria-controls=\"elementor-tab-content-1051\" aria-expanded=\"false\">\n\t\t\t\t\t\t\t\t\t\t\t\t\t<span class=\"elementor-accordion-icon elementor-accordion-icon-left\" aria-hidden=\"true\">\n\t\t\t\t\t\t\t\t\t\t\t\t\t\t\t<span class=\"elementor-accordion-icon-closed\"><i class=\"fas fa-plus\"><\/i><\/span>\n\t\t\t\t\t\t\t\t<span class=\"elementor-accordion-icon-opened\"><i class=\"fas fa-minus\"><\/i><\/span>\n\t\t\t\t\t\t\t\t\t\t\t\t\t\t<\/span>\n\t\t\t\t\t\t\t\t\t\t\t\t<a class=\"elementor-accordion-title\" tabindex=\"0\">Instrumentation<\/a>\n\t\t\t\t\t<\/div>\n\t\t\t\t\t<div id=\"elementor-tab-content-1051\" class=\"elementor-tab-content elementor-clearfix\" data-tab=\"1\" role=\"region\" aria-labelledby=\"elementor-tab-title-1051\"><ul><li><a href=\"https:\/\/blogsaverroes.juntadeandalucia.es\/iesmarquesdecomares\/2-1-tubo-de-greissler-fr\/\">2.1. Tube de Geissler<\/a><\/li><li><a href=\"https:\/\/blogsaverroes.juntadeandalucia.es\/iesmarquesdecomares\/tubo-de-crookes-fr\/\">2.2. Tube de Crookes<\/a><\/li><li><a href=\"https:\/\/blogsaverroes.juntadeandalucia.es\/iesmarquesdecomares\/psicrometro-fr\/\">2.3. Psychrom\u00e8tre<\/a><\/li><li><a href=\"https:\/\/blogsaverroes.juntadeandalucia.es\/iesmarquesdecomares\/2-4-polarografo-fr\/\">2.4. Polarographe<\/a><\/li><li><a href=\"https:\/\/blogsaverroes.juntadeandalucia.es\/iesmarquesdecomares\/2-5-aerometro-fr\/\">2.5. A\u00e9rom\u00e8tre<\/a><\/li><li><a href=\"https:\/\/blogsaverroes.juntadeandalucia.es\/iesmarquesdecomares\/2-6-bobina-de-ruhmkorff-fr\/\">2.6. Bobine de Ruhmkorff<\/a><\/li><li><a href=\"https:\/\/blogsaverroes.juntadeandalucia.es\/iesmarquesdecomares\/2-7-frasco-lavador-de-gases-fr\/\">2.7. Flacon laveur de gaz<\/a><\/li><li><a href=\"https:\/\/blogsaverroes.juntadeandalucia.es\/iesmarquesdecomares\/2-8-osciloscopio-analogico-fr\/\">2.8. Oscilloscope analogique<\/a><\/li><li><a href=\"https:\/\/blogsaverroes.juntadeandalucia.es\/iesmarquesdecomares\/2-9-sonometro-de-savart-fr\/\">2.9. Sonom\u00e8tre de Savart<\/a><\/li><li><a href=\"https:\/\/blogsaverroes.juntadeandalucia.es\/iesmarquesdecomares\/3-0-tubo-de-kundt-fr\/\">3.0. Tube de Kundt<\/a><\/li><li><a href=\"https:\/\/blogsaverroes.juntadeandalucia.es\/iesmarquesdecomares\/3-1-a-retorta-fr\/\">3.1.A. Cornue<\/a><\/li><li><a href=\"https:\/\/blogsaverroes.juntadeandalucia.es\/iesmarquesdecomares\/3-1-b-balanza-de-mohr-fr\/\">3.1.B. Balance de Mohr-Westphal<\/a><\/li><li><a href=\"https:\/\/blogsaverroes.juntadeandalucia.es\/iesmarquesdecomares\/3-2-balanza-de-roberval-fr\/\">3.2. Balance de Roberval<\/a><\/li><li><a href=\"https:\/\/blogsaverroes.juntadeandalucia.es\/iesmarquesdecomares\/3-3-balanza-de-triple-brazo-fr\/\">3.3. Balance \u00e0 Triple Fl\u00e9au<\/a><\/li><li><a href=\"https:\/\/blogsaverroes.juntadeandalucia.es\/iesmarquesdecomares\/4-1-espectroscopio-fr\/\">4.1. Spectroscope<\/a><\/li><li><a href=\"https:\/\/blogsaverroes.juntadeandalucia.es\/iesmarquesdecomares\/4-2-valvulas-de-vacio-fr\/\">4.2. Tubes \u00e0 vide<\/a><\/li><li><a href=\"https:\/\/blogsaverroes.juntadeandalucia.es\/iesmarquesdecomares\/4-3-afilador-para-taladros-fr\/\">4.3. Aigulseur pour perceuses<\/a><\/li><li><a href=\"https:\/\/blogsaverroes.juntadeandalucia.es\/iesmarquesdecomares\/4-4-amperimetro-fr\/\">4.4. Amp\u00e8rem\u00e8tre<\/a><\/li><li><a href=\"https:\/\/blogsaverroes.juntadeandalucia.es\/iesmarquesdecomares\/4-5-centrifugadora-manual-fr\/\">4.5. Centrifugeuse manuelle<\/a><\/li><li><a href=\"https:\/\/blogsaverroes.juntadeandalucia.es\/iesmarquesdecomares\/4-6-crisol-de-tierra-fr\/\">4.6. Creuset de terre<\/a><\/li><li><a href=\"https:\/\/blogsaverroes.juntadeandalucia.es\/iesmarquesdecomares\/4-7-desecador-fr\/\">4.7. Dessiccateur<\/a><\/li><li><a href=\"https:\/\/blogsaverroes.juntadeandalucia.es\/iesmarquesdecomares\/4-8-embudo-de-decantacion-fr\/\">4.8. Ampoule \u00e0 d\u00e9canter<\/a><\/li><li><a href=\"https:\/\/blogsaverroes.juntadeandalucia.es\/iesmarquesdecomares\/4-9-frascos-para-reactivos-fr\/\">4.9. Des flacons pour des r\u00e9actifs<\/a><\/li><li><a href=\"https:\/\/blogsaverroes.juntadeandalucia.es\/iesmarquesdecomares\/5-0-gradilla-fr\/\">5.0. Portoir<\/a><\/li><li><a href=\"https:\/\/blogsaverroes.juntadeandalucia.es\/iesmarquesdecomares\/5-1-hilo-para-ensayo-a-la-llama-fr\/\">5.1. Fil pour essai \u00e0 la flamme<\/a><\/li><li><a href=\"https:\/\/blogsaverroes.juntadeandalucia.es\/iesmarquesdecomares\/5-2-mechero-de-alcohol-fr\/\">5.2. Briquet d\u00b4 alcool<\/a><\/li><li><a href=\"https:\/\/blogsaverroes.juntadeandalucia.es\/iesmarquesdecomares\/5-3-micrometro-fr\/\">5.3. Microm\u00e8tre<\/a><\/li><li><a href=\"https:\/\/blogsaverroes.juntadeandalucia.es\/iesmarquesdecomares\/5-4-microscopio-optico-fr\/\">5.4. Loupe binoculaire<\/a><\/li><li><a href=\"https:\/\/blogsaverroes.juntadeandalucia.es\/iesmarquesdecomares\/5-5-multimetro-analogico-fr\/\">5.5. Multim\u00e8tre analogique<\/a><\/li><li><a href=\"https:\/\/blogsaverroes.juntadeandalucia.es\/iesmarquesdecomares\/5-6-prensa-para-corchos-fr\/\">5.6. Presse pour li\u00e8ges<\/a><\/li><li><a href=\"https:\/\/blogsaverroes.juntadeandalucia.es\/iesmarquesdecomares\/5-7-soplete-de-boca-fr\/\">5.7. Chalemeau de bouche<\/a><\/li><li><a href=\"https:\/\/blogsaverroes.juntadeandalucia.es\/iesmarquesdecomares\/5-8-taladro-manual-para-tapones-fr\/\">5.8. Perceuse manuelle pour bouchons<\/a><\/li><li><a href=\"https:\/\/blogsaverroes.juntadeandalucia.es\/iesmarquesdecomares\/5-9-tripode-fr\/\">5.9. Tr\u00e9pied<\/a><\/li><li><a href=\"https:\/\/blogsaverroes.juntadeandalucia.es\/iesmarquesdecomares\/6-0-tubo-de-seguridad-fr\/\">6.0. Tuyau de s\u00e9curit\u00e9<\/a><\/li><li><a href=\"https:\/\/blogsaverroes.juntadeandalucia.es\/iesmarquesdecomares\/6-1-voltimetro-analogico-fr\/\">6.1. Voltm\u00e8tre analogique<\/a><\/li><li><a href=\"https:\/\/blogsaverroes.juntadeandalucia.es\/iesmarquesdecomares\/6-2-watimetro-fr\/\">6.2. Wattm\u00e8tre<\/a><\/li><\/ul><\/div>\n\t\t\t\t<\/div>\n\t\t\t\t\t\t\t\t<\/div>\n\t\t\t\t\t\t<\/div>\n\t\t\t\t<\/div>\n\t\t\t\t\t<\/div>\n\t\t<\/div>\n\t\t\t\t\t<\/div>\n\t\t<\/section>\n\t\t\t\t<\/div>\n\t\t","protected":false},"excerpt":{"rendered":"<p>mus\u00e9e de la science Bienvenue Bonjour, visiteurs. Nous vous accueillons dans notre petit mus\u00e9e, o\u00f9 nous exposons du mat\u00e9riel scientifique et \u00e9ducatif de diff\u00e9rents d\u00e9partements de notre centre, le I. E. \u00abMarqu\u00e9s de Comares\u00bb.&#46;&#46;&#46;<\/p>\n","protected":false},"author":8171,"featured_media":0,"parent":0,"menu_order":0,"comment_status":"closed","ping_status":"closed","template":"","meta":{"ngg_post_thumbnail":0,"footnotes":""},"aioseo_notices":[],"_links":{"self":[{"href":"https:\/\/blogsaverroes.juntadeandalucia.es\/iesmarquesdecomares\/wp-json\/wp\/v2\/pages\/5441"}],"collection":[{"href":"https:\/\/blogsaverroes.juntadeandalucia.es\/iesmarquesdecomares\/wp-json\/wp\/v2\/pages"}],"about":[{"href":"https:\/\/blogsaverroes.juntadeandalucia.es\/iesmarquesdecomares\/wp-json\/wp\/v2\/types\/page"}],"author":[{"embeddable":true,"href":"https:\/\/blogsaverroes.juntadeandalucia.es\/iesmarquesdecomares\/wp-json\/wp\/v2\/users\/8171"}],"replies":[{"embeddable":true,"href":"https:\/\/blogsaverroes.juntadeandalucia.es\/iesmarquesdecomares\/wp-json\/wp\/v2\/comments?post=5441"}],"version-history":[{"count":6,"href":"https:\/\/blogsaverroes.juntadeandalucia.es\/iesmarquesdecomares\/wp-json\/wp\/v2\/pages\/5441\/revisions"}],"predecessor-version":[{"id":5462,"href":"https:\/\/blogsaverroes.juntadeandalucia.es\/iesmarquesdecomares\/wp-json\/wp\/v2\/pages\/5441\/revisions\/5462"}],"wp:attachment":[{"href":"https:\/\/blogsaverroes.juntadeandalucia.es\/iesmarquesdecomares\/wp-json\/wp\/v2\/media?parent=5441"}],"curies":[{"name":"wp","href":"https:\/\/api.w.org\/{rel}","templated":true}]}}