{"id":5995,"date":"2022-02-12T16:01:46","date_gmt":"2022-02-12T15:01:46","guid":{"rendered":"https:\/\/blogsaverroes.juntadeandalucia.es\/iesmarquesdecomares\/?page_id=5995"},"modified":"2022-10-05T15:53:00","modified_gmt":"2022-10-05T14:53:00","slug":"programa-aldea","status":"publish","type":"page","link":"https:\/\/blogsaverroes.juntadeandalucia.es\/iesmarquesdecomares\/planes-y-proyectos\/programa-aldea\/","title":{"rendered":"Programa ALDEA"},"content":{"rendered":"\t\t<div data-elementor-type=\"wp-page\" data-elementor-id=\"5995\" class=\"elementor elementor-5995\">\n\t\t\t\t\t\t<section class=\"elementor-section elementor-top-section elementor-element elementor-element-969d652 elementor-section-boxed elementor-section-height-default elementor-section-height-default\" data-id=\"969d652\" data-element_type=\"section\">\n\t\t\t\t\t\t<div class=\"elementor-container elementor-column-gap-default\">\n\t\t\t\t\t<div class=\"elementor-column elementor-col-100 elementor-top-column elementor-element elementor-element-7b4d39d\" data-id=\"7b4d39d\" data-element_type=\"column\">\n\t\t\t<div class=\"elementor-widget-wrap elementor-element-populated\">\n\t\t\t\t\t\t<div class=\"elementor-element elementor-element-5564fb7 animated-slow elementor-invisible elementor-widget elementor-widget-text-editor\" data-id=\"5564fb7\" data-element_type=\"widget\" data-settings=\"{&quot;_animation&quot;:&quot;tada&quot;}\" data-widget_type=\"text-editor.default\">\n\t\t\t\t<div class=\"elementor-widget-container\">\n\t\t\t\t\t\t\t\t\t<p><span style=\"color: #555555;font-family: source_sans_pro, Verdana, Geneva, sans-serif;font-size: 14px;font-style: normal;font-weight: 400;text-align: justify\">Nuestro centro desarrolla el <strong>Programa <a href=\"https:\/\/www.juntadeandalucia.es\/educacion\/portals\/web\/aldea\/programa-aldea\" target=\"_blank\" rel=\"noopener\"><img fetchpriority=\"high\" decoding=\"async\" class=\"size-medium wp-image-5996 alignright\" src=\"https:\/\/blogsaverroes.juntadeandalucia.es\/iesmarquesdecomares\/files\/2022\/02\/ALDEA-LOGO-300x196.jpg\" alt=\"\" width=\"300\" height=\"196\" srcset=\"https:\/\/blogsaverroes.juntadeandalucia.es\/iesmarquesdecomares\/files\/2022\/02\/ALDEA-LOGO-300x196.jpg 300w, https:\/\/blogsaverroes.juntadeandalucia.es\/iesmarquesdecomares\/files\/2022\/02\/ALDEA-LOGO-1024x671.jpg 1024w, https:\/\/blogsaverroes.juntadeandalucia.es\/iesmarquesdecomares\/files\/2022\/02\/ALDEA-LOGO-768x503.jpg 768w, https:\/\/blogsaverroes.juntadeandalucia.es\/iesmarquesdecomares\/files\/2022\/02\/ALDEA-LOGO.jpg 1182w\" sizes=\"(max-width: 300px) 100vw, 300px\" \/><\/a>Aldea, Educaci\u00f3n Ambiental para la Comunidad Educativa<\/strong>, que trata de abordar la educaci\u00f3n ambiental desde un enfoque sist\u00e9mico, integral, colaborativo y continuado en el tiempo<\/span><span style=\"color: #555555;font-family: source_sans_pro, Verdana, Geneva, sans-serif;font-size: 14px;font-style: normal;font-weight: 400;text-align: justify\">.<\/span><\/p>\n<p style=\"margin-bottom: 10px;color: #555555;font-family: source_sans_pro, Verdana, Geneva, sans-serif;font-size: 14px;font-style: normal;font-weight: 400;text-align: justify\">En el presente curso escolar 2022\/23 nuestro centro trabajar\u00e1 las siguientes l\u00edneas de intervenci\u00f3n:<\/p>\n<ul style=\"margin-top: 10px;margin-bottom: 12.5px;margin-left: 25px;color: #555555;font-family: source_sans_pro, Verdana, Geneva, sans-serif;font-size: 14px;font-style: normal;font-weight: 400;text-align: justify\">\n<li style=\"line-height: 25px\">Ecohuertos.<\/li>\n<li style=\"line-height: 25px\">Recapacicla. Educaci\u00f3n para la Circularidad.&nbsp;<\/li>\n<li>Ecosistemas Forestales y Flora Silvestre.<\/li><li>Conservaci\u00f3n y Mejora de la Biodiversidad.<\/li>\n<\/ul>\t\t\t\t\t\t\t\t<\/div>\n\t\t\t\t<\/div>\n\t\t\t\t\t<\/div>\n\t\t<\/div>\n\t\t\t\t\t<\/div>\n\t\t<\/section>\n\t\t\t\t<section class=\"elementor-section elementor-top-section elementor-element elementor-element-de68b21 elementor-section-boxed elementor-section-height-default elementor-section-height-default\" data-id=\"de68b21\" data-element_type=\"section\">\n\t\t\t\t\t\t<div class=\"elementor-container elementor-column-gap-default\">\n\t\t\t\t\t<div class=\"elementor-column elementor-col-25 elementor-top-column elementor-element elementor-element-615a97a\" data-id=\"615a97a\" data-element_type=\"column\">\n\t\t\t<div class=\"elementor-widget-wrap elementor-element-populated\">\n\t\t\t\t\t\t<div class=\"elementor-element elementor-element-28a1dca animated-slow elementor-invisible elementor-widget elementor-widget-image\" data-id=\"28a1dca\" data-element_type=\"widget\" data-settings=\"{&quot;_animation&quot;:&quot;bounceInUp&quot;}\" data-widget_type=\"image.default\">\n\t\t\t\t<div class=\"elementor-widget-container\">\n\t\t\t\t\t\t\t\t\t\t\t\t\t\t\t<img decoding=\"async\" width=\"500\" height=\"500\" src=\"https:\/\/blogsaverroes.juntadeandalucia.es\/iesmarquesdecomares\/files\/2022\/02\/ECOHUERTO.jpg\" class=\"attachment-large size-large wp-image-5997\" alt=\"\" srcset=\"https:\/\/blogsaverroes.juntadeandalucia.es\/iesmarquesdecomares\/files\/2022\/02\/ECOHUERTO.jpg 500w, https:\/\/blogsaverroes.juntadeandalucia.es\/iesmarquesdecomares\/files\/2022\/02\/ECOHUERTO-300x300.jpg 300w, https:\/\/blogsaverroes.juntadeandalucia.es\/iesmarquesdecomares\/files\/2022\/02\/ECOHUERTO-150x150.jpg 150w, https:\/\/blogsaverroes.juntadeandalucia.es\/iesmarquesdecomares\/files\/2022\/02\/ECOHUERTO-80x80.jpg 80w, https:\/\/blogsaverroes.juntadeandalucia.es\/iesmarquesdecomares\/files\/2022\/02\/ECOHUERTO-320x320.jpg 320w\" sizes=\"(max-width: 500px) 100vw, 500px\" \/>\t\t\t\t\t\t\t\t\t\t\t\t\t\t\t<\/div>\n\t\t\t\t<\/div>\n\t\t\t\t\t<\/div>\n\t\t<\/div>\n\t\t\t\t<div class=\"elementor-column elementor-col-25 elementor-top-column elementor-element elementor-element-526f53d\" data-id=\"526f53d\" data-element_type=\"column\">\n\t\t\t<div class=\"elementor-widget-wrap elementor-element-populated\">\n\t\t\t\t\t\t<div class=\"elementor-element elementor-element-bbd8b1b elementor-invisible elementor-widget elementor-widget-image\" data-id=\"bbd8b1b\" data-element_type=\"widget\" data-settings=\"{&quot;_animation&quot;:&quot;fadeInUp&quot;,&quot;_animation_delay&quot;:&quot;300&quot;}\" data-widget_type=\"image.default\">\n\t\t\t\t<div class=\"elementor-widget-container\">\n\t\t\t\t\t\t\t\t\t\t\t\t\t\t\t<img decoding=\"async\" width=\"500\" height=\"500\" src=\"https:\/\/blogsaverroes.juntadeandalucia.es\/iesmarquesdecomares\/files\/2022\/02\/RECAPACICLA.jpg\" class=\"attachment-large size-large wp-image-5999\" alt=\"\" srcset=\"https:\/\/blogsaverroes.juntadeandalucia.es\/iesmarquesdecomares\/files\/2022\/02\/RECAPACICLA.jpg 500w, https:\/\/blogsaverroes.juntadeandalucia.es\/iesmarquesdecomares\/files\/2022\/02\/RECAPACICLA-300x300.jpg 300w, https:\/\/blogsaverroes.juntadeandalucia.es\/iesmarquesdecomares\/files\/2022\/02\/RECAPACICLA-150x150.jpg 150w, https:\/\/blogsaverroes.juntadeandalucia.es\/iesmarquesdecomares\/files\/2022\/02\/RECAPACICLA-80x80.jpg 80w, https:\/\/blogsaverroes.juntadeandalucia.es\/iesmarquesdecomares\/files\/2022\/02\/RECAPACICLA-320x320.jpg 320w\" sizes=\"(max-width: 500px) 100vw, 500px\" \/>\t\t\t\t\t\t\t\t\t\t\t\t\t\t\t<\/div>\n\t\t\t\t<\/div>\n\t\t\t\t\t<\/div>\n\t\t<\/div>\n\t\t\t\t<div class=\"elementor-column elementor-col-25 elementor-top-column elementor-element elementor-element-54754ac\" data-id=\"54754ac\" data-element_type=\"column\">\n\t\t\t<div class=\"elementor-widget-wrap elementor-element-populated\">\n\t\t\t\t\t\t<div class=\"elementor-element elementor-element-a28233e elementor-invisible elementor-widget elementor-widget-image\" data-id=\"a28233e\" data-element_type=\"widget\" data-settings=\"{&quot;_animation&quot;:&quot;fadeInUp&quot;,&quot;_animation_delay&quot;:&quot;500&quot;}\" data-widget_type=\"image.default\">\n\t\t\t\t<div class=\"elementor-widget-container\">\n\t\t\t\t\t\t\t\t\t\t\t\t\t\t\t<img loading=\"lazy\" decoding=\"async\" width=\"500\" height=\"500\" src=\"https:\/\/blogsaverroes.juntadeandalucia.es\/iesmarquesdecomares\/files\/2022\/02\/ECOSISTEMA-FORESTALES.jpg\" class=\"attachment-large size-large wp-image-5998\" alt=\"\" srcset=\"https:\/\/blogsaverroes.juntadeandalucia.es\/iesmarquesdecomares\/files\/2022\/02\/ECOSISTEMA-FORESTALES.jpg 500w, https:\/\/blogsaverroes.juntadeandalucia.es\/iesmarquesdecomares\/files\/2022\/02\/ECOSISTEMA-FORESTALES-300x300.jpg 300w, https:\/\/blogsaverroes.juntadeandalucia.es\/iesmarquesdecomares\/files\/2022\/02\/ECOSISTEMA-FORESTALES-150x150.jpg 150w, https:\/\/blogsaverroes.juntadeandalucia.es\/iesmarquesdecomares\/files\/2022\/02\/ECOSISTEMA-FORESTALES-80x80.jpg 80w, https:\/\/blogsaverroes.juntadeandalucia.es\/iesmarquesdecomares\/files\/2022\/02\/ECOSISTEMA-FORESTALES-320x320.jpg 320w\" sizes=\"(max-width: 500px) 100vw, 500px\" \/>\t\t\t\t\t\t\t\t\t\t\t\t\t\t\t<\/div>\n\t\t\t\t<\/div>\n\t\t\t\t\t<\/div>\n\t\t<\/div>\n\t\t\t\t<div class=\"elementor-column elementor-col-25 elementor-top-column elementor-element elementor-element-462a8e8\" data-id=\"462a8e8\" data-element_type=\"column\">\n\t\t\t<div class=\"elementor-widget-wrap elementor-element-populated\">\n\t\t\t\t\t\t<div class=\"elementor-element elementor-element-f64c304 elementor-widget elementor-widget-image\" data-id=\"f64c304\" data-element_type=\"widget\" data-widget_type=\"image.default\">\n\t\t\t\t<div class=\"elementor-widget-container\">\n\t\t\t\t\t\t\t\t\t\t\t\t\t\t\t<img loading=\"lazy\" decoding=\"async\" width=\"500\" height=\"500\" src=\"https:\/\/blogsaverroes.juntadeandalucia.es\/iesmarquesdecomares\/files\/2022\/10\/CONSERVACI\u00d3N-Y-MEJORA-BIODIVERSIDAD.jpg\" class=\"attachment-large size-large wp-image-8044\" alt=\"\" srcset=\"https:\/\/blogsaverroes.juntadeandalucia.es\/iesmarquesdecomares\/files\/2022\/10\/CONSERVACI\u00d3N-Y-MEJORA-BIODIVERSIDAD.jpg 500w, https:\/\/blogsaverroes.juntadeandalucia.es\/iesmarquesdecomares\/files\/2022\/10\/CONSERVACI\u00d3N-Y-MEJORA-BIODIVERSIDAD-300x300.jpg 300w, https:\/\/blogsaverroes.juntadeandalucia.es\/iesmarquesdecomares\/files\/2022\/10\/CONSERVACI\u00d3N-Y-MEJORA-BIODIVERSIDAD-150x150.jpg 150w, https:\/\/blogsaverroes.juntadeandalucia.es\/iesmarquesdecomares\/files\/2022\/10\/CONSERVACI\u00d3N-Y-MEJORA-BIODIVERSIDAD-80x80.jpg 80w, https:\/\/blogsaverroes.juntadeandalucia.es\/iesmarquesdecomares\/files\/2022\/10\/CONSERVACI\u00d3N-Y-MEJORA-BIODIVERSIDAD-320x320.jpg 320w\" sizes=\"(max-width: 500px) 100vw, 500px\" \/>\t\t\t\t\t\t\t\t\t\t\t\t\t\t\t<\/div>\n\t\t\t\t<\/div>\n\t\t\t\t\t<\/div>\n\t\t<\/div>\n\t\t\t\t\t<\/div>\n\t\t<\/section>\n\t\t\t\t<\/div>\n\t\t","protected":false},"excerpt":{"rendered":"<p>Nuestro centro desarrolla el Programa Aldea, Educaci\u00f3n Ambiental para la Comunidad Educativa, que trata de abordar la educaci\u00f3n ambiental desde un enfoque sist\u00e9mico, integral, colaborativo y continuado en el tiempo. En el presente curso&#46;&#46;&#46;<\/p>\n","protected":false},"author":356,"featured_media":0,"parent":44,"menu_order":0,"comment_status":"closed","ping_status":"closed","template":"","meta":{"ngg_post_thumbnail":0,"footnotes":""},"aioseo_notices":[],"_links":{"self":[{"href":"https:\/\/blogsaverroes.juntadeandalucia.es\/iesmarquesdecomares\/wp-json\/wp\/v2\/pages\/5995"}],"collection":[{"href":"https:\/\/blogsaverroes.juntadeandalucia.es\/iesmarquesdecomares\/wp-json\/wp\/v2\/pages"}],"about":[{"href":"https:\/\/blogsaverroes.juntadeandalucia.es\/iesmarquesdecomares\/wp-json\/wp\/v2\/types\/page"}],"author":[{"embeddable":true,"href":"https:\/\/blogsaverroes.juntadeandalucia.es\/iesmarquesdecomares\/wp-json\/wp\/v2\/users\/356"}],"replies":[{"embeddable":true,"href":"https:\/\/blogsaverroes.juntadeandalucia.es\/iesmarquesdecomares\/wp-json\/wp\/v2\/comments?post=5995"}],"version-history":[{"count":19,"href":"https:\/\/blogsaverroes.juntadeandalucia.es\/iesmarquesdecomares\/wp-json\/wp\/v2\/pages\/5995\/revisions"}],"predecessor-version":[{"id":8048,"href":"https:\/\/blogsaverroes.juntadeandalucia.es\/iesmarquesdecomares\/wp-json\/wp\/v2\/pages\/5995\/revisions\/8048"}],"up":[{"embeddable":true,"href":"https:\/\/blogsaverroes.juntadeandalucia.es\/iesmarquesdecomares\/wp-json\/wp\/v2\/pages\/44"}],"wp:attachment":[{"href":"https:\/\/blogsaverroes.juntadeandalucia.es\/iesmarquesdecomares\/wp-json\/wp\/v2\/media?parent=5995"}],"curies":[{"name":"wp","href":"https:\/\/api.w.org\/{rel}","templated":true}]}}