{"id":6453,"date":"2022-03-13T21:50:03","date_gmt":"2022-03-13T20:50:03","guid":{"rendered":"https:\/\/blogsaverroes.juntadeandalucia.es\/iesmarquesdecomares\/?page_id=6453"},"modified":"2022-03-13T21:50:03","modified_gmt":"2022-03-13T20:50:03","slug":"becas-de-educacion","status":"publish","type":"page","link":"https:\/\/blogsaverroes.juntadeandalucia.es\/iesmarquesdecomares\/becas-de-educacion\/","title":{"rendered":"Becas de Educaci\u00f3n"},"content":{"rendered":"<p>En los siguientes enlaces podr\u00e1 consultar los principales portales con informaci\u00f3n relevante sobre becas y ayudas al estudio.<\/p>\n<table style=\"border-collapse: collapse;width: 100%\">\n<tbody>\n<tr>\n<td style=\"width: 33.3333%\"><a href=\"https:\/\/www.becaseducacion.gob.es\/becas-y-ayudas.html\" target=\"_blank\" rel=\"noopener noreferrer\"><img decoding=\"async\" class=\"aligncenter size-medium wp-image-6454\" src=\"https:\/\/blogsaverroes.juntadeandalucia.es\/iesmarquesdecomares\/files\/2022\/03\/becas-mec-que-son-300x109.jpg\" alt=\"\" width=\"300\" height=\"109\" srcset=\"https:\/\/blogsaverroes.juntadeandalucia.es\/iesmarquesdecomares\/files\/2022\/03\/becas-mec-que-son-300x109.jpg 300w, https:\/\/blogsaverroes.juntadeandalucia.es\/iesmarquesdecomares\/files\/2022\/03\/becas-mec-que-son-1024x372.jpg 1024w, https:\/\/blogsaverroes.juntadeandalucia.es\/iesmarquesdecomares\/files\/2022\/03\/becas-mec-que-son-768x279.jpg 768w, https:\/\/blogsaverroes.juntadeandalucia.es\/iesmarquesdecomares\/files\/2022\/03\/becas-mec-que-son-600x220.jpg 600w, https:\/\/blogsaverroes.juntadeandalucia.es\/iesmarquesdecomares\/files\/2022\/03\/becas-mec-que-son.jpg 1100w\" sizes=\"(max-width: 300px) 100vw, 300px\" \/><\/a><\/td>\n<td style=\"width: 33.3333%\"><a href=\"https:\/\/www.juntadeandalucia.es\/educacion\/portals\/web\/becas-y-ayudas\" target=\"_blank\" rel=\"noopener noreferrer\"><img decoding=\"async\" class=\"aligncenter size-medium wp-image-6455\" src=\"https:\/\/blogsaverroes.juntadeandalucia.es\/iesmarquesdecomares\/files\/2022\/03\/descarga-300x127.jpg\" alt=\"\" width=\"300\" height=\"127\" srcset=\"https:\/\/blogsaverroes.juntadeandalucia.es\/iesmarquesdecomares\/files\/2022\/03\/descarga-300x127.jpg 300w, https:\/\/blogsaverroes.juntadeandalucia.es\/iesmarquesdecomares\/files\/2022\/03\/descarga.jpg 345w\" sizes=\"(max-width: 300px) 100vw, 300px\" \/><\/a><\/td>\n<td style=\"width: 33.3333%\">\n<ul>\n<li><a href=\"https:\/\/www.educacionyfp.gob.es\/servicios-al-ciudadano\/catalogo\/estudiantes\/becas-ayudas.html\" target=\"_blank\" rel=\"noopener noreferrer\">Tr\u00e1mites y servicios para estudiantes -&gt; Becas y Ayudas (Ministerio).<\/a><\/li>\n<li><a href=\"https:\/\/www.juntadeandalucia.es\/educacion\/portals\/web\/becas-y-ayudas\/modificacion-cuentas-corrientes\" target=\"_blank\" rel=\"noopener noreferrer\">Modificaci\u00f3n de la cuenta corriente consignada en una solicitud de Beca y\/o Ayuda.<\/a><\/li>\n<li><a href=\"https:\/\/www.juntadeandalucia.es\/educacion\/becasweb\/consultawebbecas\/\" target=\"_blank\" rel=\"noopener noreferrer\">Consulta personalizada (Junta de Andaluc\u00eda)<\/a><\/li>\n<\/ul>\n<\/td>\n<\/tr>\n<\/tbody>\n<\/table>\n<p>&nbsp;<\/p>\n","protected":false},"excerpt":{"rendered":"<p>En los siguientes enlaces podr\u00e1 consultar los principales portales con informaci\u00f3n relevante sobre becas y ayudas al estudio. Tr\u00e1mites y servicios para estudiantes -&gt; Becas y Ayudas (Ministerio). Modificaci\u00f3n de la cuenta corriente consignada&#46;&#46;&#46;<\/p>\n","protected":false},"author":8171,"featured_media":0,"parent":0,"menu_order":0,"comment_status":"closed","ping_status":"closed","template":"","meta":{"ngg_post_thumbnail":0,"footnotes":""},"aioseo_notices":[],"_links":{"self":[{"href":"https:\/\/blogsaverroes.juntadeandalucia.es\/iesmarquesdecomares\/wp-json\/wp\/v2\/pages\/6453"}],"collection":[{"href":"https:\/\/blogsaverroes.juntadeandalucia.es\/iesmarquesdecomares\/wp-json\/wp\/v2\/pages"}],"about":[{"href":"https:\/\/blogsaverroes.juntadeandalucia.es\/iesmarquesdecomares\/wp-json\/wp\/v2\/types\/page"}],"author":[{"embeddable":true,"href":"https:\/\/blogsaverroes.juntadeandalucia.es\/iesmarquesdecomares\/wp-json\/wp\/v2\/users\/8171"}],"replies":[{"embeddable":true,"href":"https:\/\/blogsaverroes.juntadeandalucia.es\/iesmarquesdecomares\/wp-json\/wp\/v2\/comments?post=6453"}],"version-history":[{"count":1,"href":"https:\/\/blogsaverroes.juntadeandalucia.es\/iesmarquesdecomares\/wp-json\/wp\/v2\/pages\/6453\/revisions"}],"predecessor-version":[{"id":6458,"href":"https:\/\/blogsaverroes.juntadeandalucia.es\/iesmarquesdecomares\/wp-json\/wp\/v2\/pages\/6453\/revisions\/6458"}],"wp:attachment":[{"href":"https:\/\/blogsaverroes.juntadeandalucia.es\/iesmarquesdecomares\/wp-json\/wp\/v2\/media?parent=6453"}],"curies":[{"name":"wp","href":"https:\/\/api.w.org\/{rel}","templated":true}]}}