{"id":2603,"date":"2022-04-23T19:26:29","date_gmt":"2022-04-23T19:26:29","guid":{"rendered":"https:\/\/blogsaverroes.juntadeandalucia.es\/iesmartinaldehuela\/?page_id=2603"},"modified":"2022-12-15T12:20:42","modified_gmt":"2022-12-15T12:20:42","slug":"personal-del-centro","status":"publish","type":"page","link":"https:\/\/blogsaverroes.juntadeandalucia.es\/iesmartinaldehuela\/personal-del-centro\/","title":{"rendered":"Personal del Centro"},"content":{"rendered":"<p><a href=\"https:\/\/blogsaverroes.juntadeandalucia.es\/iesmartinaldehuela\/files\/2022\/04\/Anagrama_MA_nombre.jpg\"><img loading=\"lazy\" decoding=\"async\" class=\"alignnone size-full wp-image-2604\" src=\"https:\/\/blogsaverroes.juntadeandalucia.es\/iesmartinaldehuela\/files\/2022\/04\/Anagrama_MA_nombre.jpg\" alt=\"\" width=\"243\" height=\"99\"><\/a><\/p>\n<p>&nbsp;<\/p>\n<table style=\"width: 60.7125%;margin-left: 43.3pt;border: 1pt dashed #bbbbbb;height: 418px\" width=\"408\">\n<tbody>\n<tr style=\"height: 38.8pt\">\n<td style=\"width: 48.8944%;border: 1pt dashed #bbbbbb;background: none 0% 0% repeat scroll #92d050;padding: 0.75pt;height: 38px\">\n<p style=\"margin-bottom: 0.0001pt;line-height: normal;text-align: center\"><a href=\"https:\/\/drive.google.com\/file\/d\/11m0gFVkFReEnz0hvWSky5swkGhTQw9xp\/view?usp=sharing\">DIRECTIVA<\/a><\/p>\n<\/td>\n<td style=\"width: 143.211%;border: 1pt dashed #bbbbbb;background: none 0% 0% repeat scroll #92d050;padding: 0.75pt;height: 38px;text-align: center\"><a href=\"https:\/\/drive.google.com\/file\/d\/1nXCrK4WR01ZuI5BH0sUGjtCcHLnnXk72\/view?usp=sharing\">ADMINISTRACI\u00d3N Y SERVICIOS<\/a><\/td>\n<\/tr>\n<tr style=\"height: 38.8pt\">\n<td style=\"width: 48.8944%;border: 1pt dashed #bbbbbb;background: none 0% 0% repeat scroll #92d050;padding: 0.75pt;height: 38px\">\n<p style=\"margin-bottom: .0001pt;text-align: center;line-height: normal\">Dpto. ADMINISTRATIVO<\/p>\n<\/td>\n<td style=\"width: 143.211%;border: 1pt dashed #bbbbbb;background: none 0% 0% repeat scroll #92d050;padding: 0.75pt;height: 38px\">\n<p style=\"margin-bottom: .0001pt;text-align: center;line-height: normal\"><a href=\"https:\/\/drive.google.com\/file\/d\/1L27oG9T05FrtzAcFHj3fczOY0uX--KQk\/view?usp=share_link\">Dpto. BIOLOG\u00cdA Y GEOLOG\u00cdA<\/a><\/p>\n<\/td>\n<\/tr>\n<tr style=\"height: 38.8pt\">\n<td style=\"width: 48.8944%;border: 1pt dashed #bbbbbb;background: none 0% 0% repeat scroll #92d050;padding: 0.75pt;height: 38px\">\n<p style=\"margin-bottom: .0001pt;text-align: center;line-height: normal\"><a href=\"https:\/\/drive.google.com\/file\/d\/13IcT_2TX-DxpDzcYElHc7LNWmA9lLP23\/view?usp=sharing\">D.A.C.E<\/a><\/p>\n<\/td>\n<td style=\"width: 143.211%;border: 1pt dashed #bbbbbb;background: none 0% 0% repeat scroll #92d050;padding: 0.75pt;height: 38px\">\n<p style=\"margin-bottom: .0001pt;text-align: center;line-height: normal\"><a href=\"https:\/\/drive.google.com\/file\/d\/1uu0IxNa5aHL35RnQFDmDnklg0cLDeMS2\/view?usp=share_link\">Dpto. DIBUJO<\/a><\/p>\n<\/td>\n<\/tr>\n<tr style=\"height: 38.8pt\">\n<td style=\"width: 48.8944%;border: 1pt dashed #bbbbbb;background: none 0% 0% repeat scroll #92d050;padding: 0.75pt;height: 38px\">\n<p style=\"margin-bottom: .0001pt;text-align: center;line-height: normal\"><a href=\"https:\/\/drive.google.com\/file\/d\/1l_9qupBKO4dHbzGJHz9bbQL1LZpQ_aSn\/view?usp=share_link\">Dpto. EDUCACI\u00d3N F\u00cdSICA<\/a><\/p>\n<\/td>\n<td style=\"width: 143.211%;border: 1pt dashed #bbbbbb;background: none 0% 0% repeat scroll #92d050;padding: 0.75pt;height: 38px\">\n<p style=\"margin-bottom: .0001pt;text-align: center;line-height: normal\"><a href=\"https:\/\/drive.google.com\/file\/d\/1yxOpDKcZAOO8Jefcq8TodGZJeCnQri2k\/view?usp=sharing\">Dpto. ELECTR\u00d3NICA<\/a><\/p>\n<\/td>\n<\/tr>\n<tr style=\"height: 38.8pt\">\n<td style=\"width: 48.8944%;border: 1pt dashed #bbbbbb;background: none 0% 0% repeat scroll #92d050;padding: 0.75pt;height: 38px\">\n<p style=\"margin-bottom: .0001pt;text-align: center;line-height: normal\"><a href=\"https:\/\/drive.google.com\/file\/d\/1KshFCYEVWkso34mVdmV2IkT5v-Pst6WR\/view?usp=sharing\">Dpto. FEIE<\/a><\/p>\n<\/td>\n<td style=\"width: 143.211%;border: 1pt dashed #bbbbbb;background: none 0% 0% repeat scroll #92d050;padding: 0.75pt;height: 38px\">\n<p style=\"margin-bottom: .0001pt;text-align: center;line-height: normal\"><a href=\"https:\/\/drive.google.com\/file\/d\/1wnLPh5hac_daSjTVKkIRnYwDtsDtFL2b\/view?usp=share_link\">Dpto. FILOSOF\u00cdA<\/a><\/p>\n<\/td>\n<\/tr>\n<tr style=\"height: 38.8pt\">\n<td style=\"width: 48.8944%;border: 1pt dashed #bbbbbb;background: none 0% 0% repeat scroll #92d050;padding: 0.75pt;height: 38px\">\n<p style=\"margin-bottom: .0001pt;text-align: center;line-height: normal\"><a href=\"https:\/\/drive.google.com\/file\/d\/1q-pzQtGTD3gWpPSJCHGEoWJRxFkIxgjw\/view?usp=share_link\">Dpto. F\u00cdSICA Y QU\u00cdMICA<\/a><\/p>\n<\/td>\n<td style=\"width: 143.211%;border: 1pt dashed #bbbbbb;background: none 0% 0% repeat scroll #92d050;padding: 0.75pt;height: 38px\">\n<p style=\"margin-bottom: .0001pt;text-align: center;line-height: normal\"><a href=\"https:\/\/drive.google.com\/file\/d\/1wJVDkV_-FQdnf9gTb-EgvHFHHXux1QrU\/view?usp=sharing\">Dpto. FOL<\/a><\/p>\n<\/td>\n<\/tr>\n<tr style=\"height: 38.8pt\">\n<td style=\"width: 48.8944%;border: 1pt dashed #bbbbbb;background: none 0% 0% repeat scroll #92d050;padding: 0.75pt;height: 38px\">\n<p style=\"margin-bottom: .0001pt;text-align: center;line-height: normal\"><a href=\"https:\/\/drive.google.com\/file\/d\/1h6epR-dlImBfJeSqctlXQ_dKc1JWOHYC\/view?usp=share_link\">Dpto. FRANC\u00c9S<\/a><\/p>\n<\/td>\n<td style=\"width: 143.211%;border: 1pt dashed #bbbbbb;background: none 0% 0% repeat scroll #92d050;padding: 0.75pt;height: 38px\">\n<p style=\"margin-bottom: .0001pt;text-align: center;line-height: normal\"><a href=\"https:\/\/drive.google.com\/file\/d\/1PEzR8IFAolgZ-R5P9XklceBr8aHoKN9P\/view?usp=share_link\">Dpto. GEOGRAF\u00cdA E HISTORIA<\/a><\/p>\n<\/td>\n<\/tr>\n<tr style=\"height: 38.8pt\">\n<td style=\"width: 48.8944%;border: 1pt dashed #bbbbbb;background: none 0% 0% repeat scroll #92d050;padding: 0.75pt;height: 38px\">\n<p style=\"margin-bottom: .0001pt;text-align: center;line-height: normal\"><a href=\"https:\/\/drive.google.com\/file\/d\/1WH8Sr2ufuGDSkUPHf1GyisHLqrXEUpyY\/view?usp=share_link\">Dpto. INGL\u00c9S<\/a><\/p>\n<\/td>\n<td style=\"width: 143.211%;border: 1pt dashed #bbbbbb;background: none 0% 0% repeat scroll #92d050;padding: 0.75pt;height: 38px\">\n<p style=\"margin-bottom: .0001pt;text-align: center;line-height: normal\"><a href=\"https:\/\/drive.google.com\/file\/d\/1wUl3LcLTNAtzhhG64bfmOtjwyK7BtntI\/view?usp=share_link\">Dpto. LENGUA<\/a><\/p>\n<\/td>\n<\/tr>\n<tr style=\"height: 38.8pt\">\n<td style=\"width: 48.8944%;border: 1pt dashed #bbbbbb;background: none 0% 0% repeat scroll #92d050;padding: 0.75pt;height: 38px\">\n<p style=\"margin-bottom: .0001pt;text-align: center;line-height: normal\"><a href=\"https:\/\/drive.google.com\/file\/d\/1srtNnCgHvae3nvT8dJcljxDSGAoHCif7\/view?usp=share_link\">Dpto. MATEM\u00c1TICAS<\/a><\/p>\n<\/td>\n<td style=\"width: 143.211%;border: 1pt dashed #bbbbbb;background: none 0% 0% repeat scroll #92d050;padding: 0.75pt;height: 38px\">\n<p style=\"margin-bottom: .0001pt;text-align: center;line-height: normal\"><a href=\"https:\/\/drive.google.com\/file\/d\/1npreuH27BUU63pF9T0RuLLs7zQnNSnl0\/view?usp=share_link\">Dpto. M\u00daSICA<\/a><\/p>\n<\/td>\n<\/tr>\n<tr style=\"height: 38.8pt\">\n<td style=\"width: 48.8944%;border: 1pt dashed #bbbbbb;background: none 0% 0% repeat scroll #92d050;padding: 0.75pt;height: 38px\">\n<p style=\"margin-bottom: .0001pt;text-align: center;line-height: normal\"><a href=\"https:\/\/drive.google.com\/file\/d\/1eK0_OH6ceFKAqCxEGHjy7ZbNRbZ5qHMN\/view?usp=sharing\">Dpto. ORIENTACI\u00d3N<\/a><\/p>\n<\/td>\n<td style=\"width: 143.211%;border: 1pt dashed #bbbbbb;background: none 0% 0% repeat scroll #92d050;padding: 0.75pt;height: 38px\">\n<p style=\"margin-bottom: .0001pt;text-align: center;line-height: normal\"><a href=\"https:\/\/drive.google.com\/file\/d\/1eEXxOdM7Xf6j5uH7lCrcpiEugdc6wJOh\/view?usp=sharing\">P.R.L.<\/a><\/p>\n<\/td>\n<\/tr>\n<tr style=\"height: 38.8pt\">\n<td style=\"width: 48.8944%;border: 1pt dashed #bbbbbb;background: none 0% 0% repeat scroll #92d050;padding: 0.75pt;height: 38px\">\n<p style=\"margin-bottom: .0001pt;text-align: center;line-height: normal\"><a href=\"https:\/\/drive.google.com\/file\/d\/1A2HJfY51hVbc_Wm3EwNhSLCt0Kx-aozT\/view?usp=sharing\">Dpto. RELIGI\u00d3N<\/a><\/p>\n<\/td>\n<td style=\"width: 143.211%;border: 1pt dashed #bbbbbb;background: none 0% 0% repeat scroll #92d050;padding: 0.75pt;height: 38px\">\n<p style=\"margin-bottom: .0001pt;text-align: center;line-height: normal\"><a href=\"https:\/\/drive.google.com\/file\/d\/1ol_CpDFpNT4RTvGnIqCI0dD54pDFal6N\/view?usp=share_link\">Dpto. TECNOLOG\u00cdA<\/a><\/p>\n<\/td>\n<\/tr>\n<\/tbody>\n<\/table>\n<p>&nbsp;<\/p>\n","protected":false},"excerpt":{"rendered":"<p>&nbsp; DIRECTIVA ADMINISTRACI\u00d3N Y SERVICIOS Dpto. ADMINISTRATIVO Dpto. BIOLOG\u00cdA Y GEOLOG\u00cdA D.A.C.E Dpto. DIBUJO Dpto. EDUCACI\u00d3N F\u00cdSICA Dpto. ELECTR\u00d3NICA Dpto. FEIE Dpto. FILOSOF\u00cdA Dpto. F\u00cdSICA Y QU\u00cdMICA Dpto. FOL Dpto. FRANC\u00c9S Dpto. GEOGRAF\u00cdA E&#46;&#46;&#46;<\/p>\n","protected":false},"author":9884,"featured_media":0,"parent":0,"menu_order":0,"comment_status":"closed","ping_status":"closed","template":"","meta":{"ngg_post_thumbnail":0,"footnotes":"","_mc_calendar":[]},"aioseo_notices":[],"_links":{"self":[{"href":"https:\/\/blogsaverroes.juntadeandalucia.es\/iesmartinaldehuela\/wp-json\/wp\/v2\/pages\/2603"}],"collection":[{"href":"https:\/\/blogsaverroes.juntadeandalucia.es\/iesmartinaldehuela\/wp-json\/wp\/v2\/pages"}],"about":[{"href":"https:\/\/blogsaverroes.juntadeandalucia.es\/iesmartinaldehuela\/wp-json\/wp\/v2\/types\/page"}],"author":[{"embeddable":true,"href":"https:\/\/blogsaverroes.juntadeandalucia.es\/iesmartinaldehuela\/wp-json\/wp\/v2\/users\/9884"}],"replies":[{"embeddable":true,"href":"https:\/\/blogsaverroes.juntadeandalucia.es\/iesmartinaldehuela\/wp-json\/wp\/v2\/comments?post=2603"}],"version-history":[{"count":10,"href":"https:\/\/blogsaverroes.juntadeandalucia.es\/iesmartinaldehuela\/wp-json\/wp\/v2\/pages\/2603\/revisions"}],"predecessor-version":[{"id":2753,"href":"https:\/\/blogsaverroes.juntadeandalucia.es\/iesmartinaldehuela\/wp-json\/wp\/v2\/pages\/2603\/revisions\/2753"}],"wp:attachment":[{"href":"https:\/\/blogsaverroes.juntadeandalucia.es\/iesmartinaldehuela\/wp-json\/wp\/v2\/media?parent=2603"}],"curies":[{"name":"wp","href":"https:\/\/api.w.org\/{rel}","templated":true}]}}