{"id":35,"date":"2015-03-13T08:21:43","date_gmt":"2015-03-13T08:21:43","guid":{"rendered":"http:\/\/blogsaverroes.juntadeandalucia.es\/pre\/ceip\/?page_id=35"},"modified":"2022-04-25T16:06:56","modified_gmt":"2022-04-25T16:06:56","slug":"el-centro-2","status":"publish","type":"page","link":"https:\/\/blogsaverroes.juntadeandalucia.es\/iesmartinaldehuela\/el-centro-2\/","title":{"rendered":"Datos del centro"},"content":{"rendered":"<p>[googlemaps https:\/\/www.google.com\/maps\/embed?pb=!1m14!1m8!1m3!1d12787.757024052133!2d-4.4151144!3d36.7480291!3m2!1i1024!2i768!4f13.1!3m3!1m2!1s0x0%3A0x770ea7ef4888ebc2!2sInstituto%20de%20Educaci%C3%B3n%20Secundaria%20Ies%20Mart%C3%ADn%20Aldehuela!5e0!3m2!1ses!2ses!4v1588698471654!5m2!1ses!2ses&amp;w=600&amp;h=450]<\/p>\n<p>&nbsp;<\/p>\n<h4>Datos de contacto<\/h4>\n<h3>Consejer\u00eda de Educaci\u00f3n.<\/h3>\n<h2><strong>I.E.S Mar\u00edn de Aldehuela<\/strong><\/h2>\n<p><strong>Direcci\u00f3n:<\/strong>&nbsp; Calle Llobregat, 14 (Ciudad Jard\u00edn). C.P.: 29014 &#8211; M\u00e1laga<br \/>\n<strong>Tel\u00e9fono:<\/strong> 951 29 79 64 \/ 951 65 03 10<br \/>\n<strong>Email:<\/strong> 29700047.edu@juntadeandalucia.es<\/p>\n<h4><strong><span style=\"color: #0000ff\">Horarios&nbsp;<\/span> &nbsp; <\/strong><span style=\"color: #000000\">El horario normal de funcionamiento del Centro es de ma\u00f1ana de 8:15h a 14:45h<\/span><\/h4>\n<h4><span style=\"color: #0000ff\"><strong>Directiva:&nbsp;<\/strong><\/span><\/h4>\n<h4 style=\"padding-left: 40px\"><strong><span style=\"color: #000000\">Para cualquier persona que quiera o necesite ser atendida por el Director, Vicedirectora, Jefes de Estudios o Secretario, por favor, pidan cita a trav\u00e9s del <a href=\"https:\/\/docs.google.com\/forms\/d\/e\/1FAIpQLSdtbibicbnkwJPkfxNWdkV_J-1Po9zLe9FVubNPkuqU4r5-jQ\/viewform\">formulario de cita previa<\/a>. De esta forma se aseguran que ser\u00e1n atendidos con el tiempo debido.<\/span><\/strong><\/h4>\n<h4 style=\"text-align: left\"><span style=\"color: #0000ff\"><strong>Secretar\u00cda: <\/strong><\/span><\/h4>\n<h4 style=\"padding-left: 40px\"><strong>El horario de Secretar\u00eda de atenci\u00f3n al p\u00fablico ser\u00e1 de lunes a viernes de 10:00h a 13:00h. Para hacer cualquier consulta administrativa, solicitud de certificados, etc&#8230;, es conveniente que no se desplacen al centro y lo hagan a trav\u00e9s del <a href=\"https:\/\/docs.google.com\/forms\/d\/e\/1FAIpQLSdtbibicbnkwJPkfxNWdkV_J-1Po9zLe9FVubNPkuqU4r5-jQ\/viewform\">formulario para tr\u00e1mites administrativos<\/a>.<br \/>\n<\/strong><\/h4>\n<h4><span style=\"color: #0000ff\"><strong>Oferta educativa<\/strong><\/span><\/h4>\n<p style=\"padding-left: 40px\">Pueden seguir la oferta educativa de nuestro centro a trav\u00e9s de la <a href=\"http:\/\/www.iesmartinaldehuela.com\/html\/ofertaeducativa\">p\u00e1g. web<\/a><\/p>\n<h4>Instalaciones<\/h4>\n<p><!-- index.php -->\n<div\n\tclass=\"ngg-galleryoverview\n\t ngg-ajax-pagination-none\t\"\n\tid=\"ngg-gallery-99684dc598f6c067b864159049bb677a-1\">\n\n\t\t<div class=\"slideshowlink\">\n\t\t<a href='https:\/\/blogsaverroes.juntadeandalucia.es\/iesmartinaldehuela\/el-centro-2\/nggallery\/slideshow'>[Mostrar presentaci\u00f3n de diapositivas]<\/a>\n\n\t<\/div>\n\t\t\t<!-- Thumbnails -->\n\t\t\t\t<div id=\"ngg-image-0\" class=\"ngg-gallery-thumbnail-box\"\n\t\t\t\t\t\t\t\t\t\t\t>\n\t\t\t\t\t\t<div class=\"ngg-gallery-thumbnail\">\n\t\t\t<a href=\"https:\/\/blogsaverroes.juntadeandalucia.es\/iesmartinaldehuela\/wp-content\/uploads\/sites\/797\/nggallery\/instalaciones\/instalacion01-1.jpg\"\n\t\t\t\ttitle=\"\"\n\t\t\t\tdata-src=\"https:\/\/blogsaverroes.juntadeandalucia.es\/iesmartinaldehuela\/wp-content\/uploads\/sites\/797\/nggallery\/instalaciones\/instalacion01-1.jpg\"\n\t\t\t\tdata-thumbnail=\"https:\/\/blogsaverroes.juntadeandalucia.es\/iesmartinaldehuela\/wp-content\/uploads\/sites\/797\/nggallery\/instalaciones\/thumbs\/thumbs_instalacion01-1.jpg\"\n\t\t\t\tdata-image-id=\"29\"\n\t\t\t\tdata-title=\"instalacion01\"\n\t\t\t\tdata-description=\"\"\n\t\t\t\tdata-image-slug=\"instalacion01\"\n\t\t\t\tclass=\"ngg-fancybox\" rel=\"99684dc598f6c067b864159049bb677a\">\n\t\t\t\t<img\n\t\t\t\t\ttitle=\"instalacion01\"\n\t\t\t\t\talt=\"instalacion01\"\n\t\t\t\t\tsrc=\"https:\/\/blogsaverroes.juntadeandalucia.es\/iesmartinaldehuela\/wp-content\/uploads\/sites\/797\/nggallery\/instalaciones\/thumbs\/thumbs_instalacion01-1.jpg\"\n\t\t\t\t\twidth=\"120\"\n\t\t\t\t\theight=\"90\"\n\t\t\t\t\tstyle=\"max-width:100%;\"\n\t\t\t\t\/>\n\t\t\t<\/a>\n\t\t<\/div>\n\t\t\t\t\t\t\t<\/div>\n\t\t\t\n\t\t\n\t\t\t\t<div id=\"ngg-image-1\" class=\"ngg-gallery-thumbnail-box\"\n\t\t\t\t\t\t\t\t\t\t\t>\n\t\t\t\t\t\t<div class=\"ngg-gallery-thumbnail\">\n\t\t\t<a href=\"https:\/\/blogsaverroes.juntadeandalucia.es\/iesmartinaldehuela\/wp-content\/uploads\/sites\/797\/nggallery\/instalaciones\/instalacion02-1.jpg\"\n\t\t\t\ttitle=\"\"\n\t\t\t\tdata-src=\"https:\/\/blogsaverroes.juntadeandalucia.es\/iesmartinaldehuela\/wp-content\/uploads\/sites\/797\/nggallery\/instalaciones\/instalacion02-1.jpg\"\n\t\t\t\tdata-thumbnail=\"https:\/\/blogsaverroes.juntadeandalucia.es\/iesmartinaldehuela\/wp-content\/uploads\/sites\/797\/nggallery\/instalaciones\/thumbs\/thumbs_instalacion02-1.jpg\"\n\t\t\t\tdata-image-id=\"30\"\n\t\t\t\tdata-title=\"instalacion02\"\n\t\t\t\tdata-description=\"\"\n\t\t\t\tdata-image-slug=\"instalacion02\"\n\t\t\t\tclass=\"ngg-fancybox\" rel=\"99684dc598f6c067b864159049bb677a\">\n\t\t\t\t<img\n\t\t\t\t\ttitle=\"instalacion02\"\n\t\t\t\t\talt=\"instalacion02\"\n\t\t\t\t\tsrc=\"https:\/\/blogsaverroes.juntadeandalucia.es\/iesmartinaldehuela\/wp-content\/uploads\/sites\/797\/nggallery\/instalaciones\/thumbs\/thumbs_instalacion02-1.jpg\"\n\t\t\t\t\twidth=\"120\"\n\t\t\t\t\theight=\"90\"\n\t\t\t\t\tstyle=\"max-width:100%;\"\n\t\t\t\t\/>\n\t\t\t<\/a>\n\t\t<\/div>\n\t\t\t\t\t\t\t<\/div>\n\t\t\t\n\t\t\n\t\t\t\t<div id=\"ngg-image-2\" class=\"ngg-gallery-thumbnail-box\"\n\t\t\t\t\t\t\t\t\t\t\t>\n\t\t\t\t\t\t<div class=\"ngg-gallery-thumbnail\">\n\t\t\t<a href=\"https:\/\/blogsaverroes.juntadeandalucia.es\/iesmartinaldehuela\/wp-content\/uploads\/sites\/797\/nggallery\/instalaciones\/instalacion03-1.jpg\"\n\t\t\t\ttitle=\"\"\n\t\t\t\tdata-src=\"https:\/\/blogsaverroes.juntadeandalucia.es\/iesmartinaldehuela\/wp-content\/uploads\/sites\/797\/nggallery\/instalaciones\/instalacion03-1.jpg\"\n\t\t\t\tdata-thumbnail=\"https:\/\/blogsaverroes.juntadeandalucia.es\/iesmartinaldehuela\/wp-content\/uploads\/sites\/797\/nggallery\/instalaciones\/thumbs\/thumbs_instalacion03-1.jpg\"\n\t\t\t\tdata-image-id=\"31\"\n\t\t\t\tdata-title=\"instalacion03\"\n\t\t\t\tdata-description=\"\"\n\t\t\t\tdata-image-slug=\"instalacion03\"\n\t\t\t\tclass=\"ngg-fancybox\" rel=\"99684dc598f6c067b864159049bb677a\">\n\t\t\t\t<img\n\t\t\t\t\ttitle=\"instalacion03\"\n\t\t\t\t\talt=\"instalacion03\"\n\t\t\t\t\tsrc=\"https:\/\/blogsaverroes.juntadeandalucia.es\/iesmartinaldehuela\/wp-content\/uploads\/sites\/797\/nggallery\/instalaciones\/thumbs\/thumbs_instalacion03-1.jpg\"\n\t\t\t\t\twidth=\"120\"\n\t\t\t\t\theight=\"90\"\n\t\t\t\t\tstyle=\"max-width:100%;\"\n\t\t\t\t\/>\n\t\t\t<\/a>\n\t\t<\/div>\n\t\t\t\t\t\t\t<\/div>\n\t\t\t\n\t\t\n\t\t\t\t<div id=\"ngg-image-3\" class=\"ngg-gallery-thumbnail-box\"\n\t\t\t\t\t\t\t\t\t\t\t>\n\t\t\t\t\t\t<div class=\"ngg-gallery-thumbnail\">\n\t\t\t<a href=\"https:\/\/blogsaverroes.juntadeandalucia.es\/iesmartinaldehuela\/wp-content\/uploads\/sites\/797\/nggallery\/instalaciones\/instalacion04-1.jpg\"\n\t\t\t\ttitle=\"\"\n\t\t\t\tdata-src=\"https:\/\/blogsaverroes.juntadeandalucia.es\/iesmartinaldehuela\/wp-content\/uploads\/sites\/797\/nggallery\/instalaciones\/instalacion04-1.jpg\"\n\t\t\t\tdata-thumbnail=\"https:\/\/blogsaverroes.juntadeandalucia.es\/iesmartinaldehuela\/wp-content\/uploads\/sites\/797\/nggallery\/instalaciones\/thumbs\/thumbs_instalacion04-1.jpg\"\n\t\t\t\tdata-image-id=\"32\"\n\t\t\t\tdata-title=\"instalacion04\"\n\t\t\t\tdata-description=\"\"\n\t\t\t\tdata-image-slug=\"instalacion04\"\n\t\t\t\tclass=\"ngg-fancybox\" rel=\"99684dc598f6c067b864159049bb677a\">\n\t\t\t\t<img\n\t\t\t\t\ttitle=\"instalacion04\"\n\t\t\t\t\talt=\"instalacion04\"\n\t\t\t\t\tsrc=\"https:\/\/blogsaverroes.juntadeandalucia.es\/iesmartinaldehuela\/wp-content\/uploads\/sites\/797\/nggallery\/instalaciones\/thumbs\/thumbs_instalacion04-1.jpg\"\n\t\t\t\t\twidth=\"120\"\n\t\t\t\t\theight=\"90\"\n\t\t\t\t\tstyle=\"max-width:100%;\"\n\t\t\t\t\/>\n\t\t\t<\/a>\n\t\t<\/div>\n\t\t\t\t\t\t\t<\/div>\n\t\t\t\n\t\t\n\t\t\n\t\t<!-- Pagination -->\n\t\t<div class='ngg-clear'><\/div>\t<\/div>\n<\/p>\n<p>&nbsp;<\/p>\n","protected":false},"excerpt":{"rendered":"<p>[googlemaps https:\/\/www.google.com\/maps\/embed?pb=!1m14!1m8!1m3!1d12787.757024052133!2d-4.4151144!3d36.7480291!3m2!1i1024!2i768!4f13.1!3m3!1m2!1s0x0%3A0x770ea7ef4888ebc2!2sInstituto%20de%20Educaci%C3%B3n%20Secundaria%20Ies%20Mart%C3%ADn%20Aldehuela!5e0!3m2!1ses!2ses!4v1588698471654!5m2!1ses!2ses&amp;w=600&amp;h=450] &nbsp; Datos de contacto Consejer\u00eda de Educaci\u00f3n. I.E.S Mar\u00edn de Aldehuela Direcci\u00f3n:&nbsp; Calle Llobregat, 14 (Ciudad Jard\u00edn). C.P.: 29014 &#8211; M\u00e1laga Tel\u00e9fono: 951 29 79 64 \/ 951 65 03 10 Email:&#46;&#46;&#46;<\/p>\n","protected":false},"author":1,"featured_media":0,"parent":0,"menu_order":0,"comment_status":"open","ping_status":"open","template":"","meta":{"ngg_post_thumbnail":0,"footnotes":"","_mc_calendar":[]},"aioseo_notices":[],"_links":{"self":[{"href":"https:\/\/blogsaverroes.juntadeandalucia.es\/iesmartinaldehuela\/wp-json\/wp\/v2\/pages\/35"}],"collection":[{"href":"https:\/\/blogsaverroes.juntadeandalucia.es\/iesmartinaldehuela\/wp-json\/wp\/v2\/pages"}],"about":[{"href":"https:\/\/blogsaverroes.juntadeandalucia.es\/iesmartinaldehuela\/wp-json\/wp\/v2\/types\/page"}],"author":[{"embeddable":true,"href":"https:\/\/blogsaverroes.juntadeandalucia.es\/iesmartinaldehuela\/wp-json\/wp\/v2\/users\/1"}],"replies":[{"embeddable":true,"href":"https:\/\/blogsaverroes.juntadeandalucia.es\/iesmartinaldehuela\/wp-json\/wp\/v2\/comments?post=35"}],"version-history":[{"count":26,"href":"https:\/\/blogsaverroes.juntadeandalucia.es\/iesmartinaldehuela\/wp-json\/wp\/v2\/pages\/35\/revisions"}],"predecessor-version":[{"id":2618,"href":"https:\/\/blogsaverroes.juntadeandalucia.es\/iesmartinaldehuela\/wp-json\/wp\/v2\/pages\/35\/revisions\/2618"}],"wp:attachment":[{"href":"https:\/\/blogsaverroes.juntadeandalucia.es\/iesmartinaldehuela\/wp-json\/wp\/v2\/media?parent=35"}],"curies":[{"name":"wp","href":"https:\/\/api.w.org\/{rel}","templated":true}]}}