{"id":77,"date":"2015-03-16T06:54:56","date_gmt":"2015-03-16T06:54:56","guid":{"rendered":"http:\/\/blogsaverroes.juntadeandalucia.es\/pre\/ceip\/?page_id=77"},"modified":"2022-11-18T09:13:18","modified_gmt":"2022-11-18T09:13:18","slug":"secretaria","status":"publish","type":"page","link":"https:\/\/blogsaverroes.juntadeandalucia.es\/iesmartinaldehuela\/secretaria\/","title":{"rendered":"Secretar\u00eda"},"content":{"rendered":"<p><a href=\"https:\/\/blogsaverroes.juntadeandalucia.es\/iesmartinaldehuela\/files\/2022\/07\/Anagrama_MA_Nuevo.jpeg\"><img loading=\"lazy\" decoding=\"async\" class=\"alignnone  wp-image-2684\" src=\"https:\/\/blogsaverroes.juntadeandalucia.es\/iesmartinaldehuela\/files\/2022\/07\/Anagrama_MA_Nuevo-300x208.jpeg\" alt=\"\" width=\"188\" height=\"130\" srcset=\"https:\/\/blogsaverroes.juntadeandalucia.es\/iesmartinaldehuela\/files\/2022\/07\/Anagrama_MA_Nuevo-300x208.jpeg 300w, https:\/\/blogsaverroes.juntadeandalucia.es\/iesmartinaldehuela\/files\/2022\/07\/Anagrama_MA_Nuevo-768x533.jpeg 768w, https:\/\/blogsaverroes.juntadeandalucia.es\/iesmartinaldehuela\/files\/2022\/07\/Anagrama_MA_Nuevo.jpeg 843w\" sizes=\"(max-width: 188px) 100vw, 188px\" \/><\/a><\/p>\n<p><span style=\"color: #0000ff\"><strong>Secretar\u00cda:<\/strong><\/span><\/p>\n<p><strong>El horario de Secretar\u00eda de atenci\u00f3n al p\u00fablico ser\u00e1 de lunes a viernes de 10:00h a 13:00h. <\/strong><\/p>\n<p><strong>Para hacer cualquier consulta administrativa, solicitud de certificados, etc\u2026, es conveniente que no se desplacen al centro y lo hagan a trav\u00e9s del&nbsp;<a href=\"https:\/\/docs.google.com\/forms\/d\/e\/1FAIpQLSdtbibicbnkwJPkfxNWdkV_J-1Po9zLe9FVubNPkuqU4r5-jQ\/viewform\">formulario para tr\u00e1mites administrativos<\/a>.<\/strong><\/p>\n<p><a href=\"https:\/\/docs.google.com\/forms\/d\/e\/1FAIpQLSdtbibicbnkwJPkfxNWdkV_J-1Po9zLe9FVubNPkuqU4r5-jQ\/viewform\"><img loading=\"lazy\" decoding=\"async\" class=\"size-medium wp-image-2497 aligncenter\" src=\"https:\/\/blogsaverroes.juntadeandalucia.es\/iesmartinaldehuela\/files\/2020\/05\/Cita_Tramites-300x144.jpg\" alt=\"\" width=\"300\" height=\"144\" srcset=\"https:\/\/blogsaverroes.juntadeandalucia.es\/iesmartinaldehuela\/files\/2020\/05\/Cita_Tramites-300x144.jpg 300w, https:\/\/blogsaverroes.juntadeandalucia.es\/iesmartinaldehuela\/files\/2020\/05\/Cita_Tramites-24x11.jpg 24w, https:\/\/blogsaverroes.juntadeandalucia.es\/iesmartinaldehuela\/files\/2020\/05\/Cita_Tramites-36x17.jpg 36w, https:\/\/blogsaverroes.juntadeandalucia.es\/iesmartinaldehuela\/files\/2020\/05\/Cita_Tramites-48x23.jpg 48w, https:\/\/blogsaverroes.juntadeandalucia.es\/iesmartinaldehuela\/files\/2020\/05\/Cita_Tramites.jpg 464w\" sizes=\"(max-width: 300px) 100vw, 300px\" \/><\/a><\/p>\n<hr>\n<p>&nbsp;<\/p>\n<p><a href=\"https:\/\/docs.google.com\/document\/d\/1eNXOaCGDrYgtTwfn96gClBCeujB7W8nz\/edit?usp=share_link&amp;ouid=104653600949609841534&amp;rtpof=true&amp;sd=true\">Solicitud de t\u00edtulo<\/a><\/p>\n<p><a href=\"https:\/\/www.juntadeandalucia.es\/economiayhacienda\/apl\/surweb\/modelos\/modelo046\/046.jsp\">Pago de tasas de t\u00edtulo. Enlace al modelo 046<\/a><\/p>\n<p>&nbsp;<\/p>\n<p>&nbsp;<\/p>\n","protected":false},"excerpt":{"rendered":"<p>Secretar\u00cda: El horario de Secretar\u00eda de atenci\u00f3n al p\u00fablico ser\u00e1 de lunes a viernes de 10:00h a 13:00h. Para hacer cualquier consulta administrativa, solicitud de certificados, etc\u2026, es conveniente que no se desplacen al&#46;&#46;&#46;<\/p>\n","protected":false},"author":1,"featured_media":0,"parent":0,"menu_order":0,"comment_status":"open","ping_status":"open","template":"page-templates\/child-menu.php","meta":{"ngg_post_thumbnail":0,"footnotes":"","_mc_calendar":[]},"aioseo_notices":[],"_links":{"self":[{"href":"https:\/\/blogsaverroes.juntadeandalucia.es\/iesmartinaldehuela\/wp-json\/wp\/v2\/pages\/77"}],"collection":[{"href":"https:\/\/blogsaverroes.juntadeandalucia.es\/iesmartinaldehuela\/wp-json\/wp\/v2\/pages"}],"about":[{"href":"https:\/\/blogsaverroes.juntadeandalucia.es\/iesmartinaldehuela\/wp-json\/wp\/v2\/types\/page"}],"author":[{"embeddable":true,"href":"https:\/\/blogsaverroes.juntadeandalucia.es\/iesmartinaldehuela\/wp-json\/wp\/v2\/users\/1"}],"replies":[{"embeddable":true,"href":"https:\/\/blogsaverroes.juntadeandalucia.es\/iesmartinaldehuela\/wp-json\/wp\/v2\/comments?post=77"}],"version-history":[{"count":5,"href":"https:\/\/blogsaverroes.juntadeandalucia.es\/iesmartinaldehuela\/wp-json\/wp\/v2\/pages\/77\/revisions"}],"predecessor-version":[{"id":2732,"href":"https:\/\/blogsaverroes.juntadeandalucia.es\/iesmartinaldehuela\/wp-json\/wp\/v2\/pages\/77\/revisions\/2732"}],"wp:attachment":[{"href":"https:\/\/blogsaverroes.juntadeandalucia.es\/iesmartinaldehuela\/wp-json\/wp\/v2\/media?parent=77"}],"curies":[{"name":"wp","href":"https:\/\/api.w.org\/{rel}","templated":true}]}}