{"id":113,"date":"2015-03-16T08:06:00","date_gmt":"2015-03-16T08:06:00","guid":{"rendered":"http:\/\/blogsaverroes.juntadeandalucia.es\/pre\/ceip\/?page_id=113"},"modified":"2018-11-07T19:38:33","modified_gmt":"2018-11-07T18:38:33","slug":"biblioteca","status":"publish","type":"page","link":"https:\/\/blogsaverroes.juntadeandalucia.es\/iesmartiricos\/biblioteca\/","title":{"rendered":"Biblioteca Hist\u00f3rica"},"content":{"rendered":"<p><span style=\"color: #333333;font-family: Times New Roman,serif\">Ciertamente el IES Ntra. Sra. de la Victoria de M\u00e1laga, el popular Martiricos, contiene extraordinarios tesoros documentales y patrimoniales. Comenzamos este recorrido con uno de sus lugares emblem\u00e1ticos: su biblioteca. Y lo hacemos con una fotograf\u00eda extraordinaria de Rafael Fern\u00e1ndez.&nbsp;<\/span><\/p>\n<p><span style=\"color: #333333;font-family: Times New Roman,serif\">Su fondo antiguo lo integran miles de t\u00edtulos y son herencia de la que fuera por Real Orden Biblioteca Provincial de M\u00e1laga desde el a\u00f1o 1895, en el noble edificio de la calle Gaona, aunque sabemos que en 1866 era la biblioteca p\u00fablica m\u00e1s importante de la ciudad. Entre 1919 y 1924 fue su bibliotecario el poeta Salvador Rueda. El resultado es que hoy en los estantes de la biblioteca del Instituto, junto al fondo m\u00e1s reciente y de uso por los escolares, seguimos conservando ejemplares editados desde el siglo XVIII. Estos fondos incluyen adem\u00e1s algunos t\u00edtulos de publicaciones nacionales y extranjeras de singular valor, impresas en el siglo XIX. M\u00e1s de veinte mil vol\u00famenes integran la totalidad de sus fondos, algo inusual en cualquier biblioteca escolar.&nbsp;<\/span><\/p>\n<p><span style=\"color: #333333;font-family: Times New Roman,serif\">Libros y revistas nos ofrecen en algunos casos una valios\u00edsima encuadernaci\u00f3n que el paso del tiempo va deteriorando y que debiera ser de obligada y esmerada conservaci\u00f3n.<\/span><\/p>\n<p style=\"text-align: center\"><a href=\"https:\/\/blogsaverroes.juntadeandalucia.es\/iesmartiricos\/files\/2017\/08\/biblioteca01.jpg\"><img loading=\"lazy\" decoding=\"async\" class=\"alignnone size-medium wp-image-2181\" src=\"https:\/\/blogsaverroes.juntadeandalucia.es\/iesmartiricos\/files\/2017\/08\/biblioteca01-300x144.jpg\" alt=\"\" width=\"300\" height=\"144\" srcset=\"https:\/\/blogsaverroes.juntadeandalucia.es\/iesmartiricos\/files\/2017\/08\/biblioteca01-300x144.jpg 300w, https:\/\/blogsaverroes.juntadeandalucia.es\/iesmartiricos\/files\/2017\/08\/biblioteca01-24x11.jpg 24w, https:\/\/blogsaverroes.juntadeandalucia.es\/iesmartiricos\/files\/2017\/08\/biblioteca01-36x17.jpg 36w, https:\/\/blogsaverroes.juntadeandalucia.es\/iesmartiricos\/files\/2017\/08\/biblioteca01-48x23.jpg 48w, https:\/\/blogsaverroes.juntadeandalucia.es\/iesmartiricos\/files\/2017\/08\/biblioteca01.jpg 850w\" sizes=\"(max-width: 300px) 100vw, 300px\" \/><\/a><\/p>\n","protected":false},"excerpt":{"rendered":"<p>Ciertamente el IES Ntra. Sra. de la Victoria de M\u00e1laga, el popular Martiricos, contiene extraordinarios tesoros documentales y patrimoniales. Comenzamos este recorrido con uno de sus lugares emblem\u00e1ticos: su biblioteca. Y lo hacemos con&#46;&#46;&#46;<\/p>\n","protected":false},"author":1,"featured_media":0,"parent":0,"menu_order":0,"comment_status":"open","ping_status":"open","template":"page-templates\/child-menu.php","meta":{"ngg_post_thumbnail":0,"footnotes":"","_mc_calendar":[]},"aioseo_notices":[],"_links":{"self":[{"href":"https:\/\/blogsaverroes.juntadeandalucia.es\/iesmartiricos\/wp-json\/wp\/v2\/pages\/113"}],"collection":[{"href":"https:\/\/blogsaverroes.juntadeandalucia.es\/iesmartiricos\/wp-json\/wp\/v2\/pages"}],"about":[{"href":"https:\/\/blogsaverroes.juntadeandalucia.es\/iesmartiricos\/wp-json\/wp\/v2\/types\/page"}],"author":[{"embeddable":true,"href":"https:\/\/blogsaverroes.juntadeandalucia.es\/iesmartiricos\/wp-json\/wp\/v2\/users\/1"}],"replies":[{"embeddable":true,"href":"https:\/\/blogsaverroes.juntadeandalucia.es\/iesmartiricos\/wp-json\/wp\/v2\/comments?post=113"}],"version-history":[{"count":9,"href":"https:\/\/blogsaverroes.juntadeandalucia.es\/iesmartiricos\/wp-json\/wp\/v2\/pages\/113\/revisions"}],"predecessor-version":[{"id":3466,"href":"https:\/\/blogsaverroes.juntadeandalucia.es\/iesmartiricos\/wp-json\/wp\/v2\/pages\/113\/revisions\/3466"}],"wp:attachment":[{"href":"https:\/\/blogsaverroes.juntadeandalucia.es\/iesmartiricos\/wp-json\/wp\/v2\/media?parent=113"}],"curies":[{"name":"wp","href":"https:\/\/api.w.org\/{rel}","templated":true}]}}