{"id":2118,"date":"2017-08-07T11:05:31","date_gmt":"2017-08-07T10:05:31","guid":{"rendered":"https:\/\/blogsaverroes.juntadeandalucia.es\/iesmartiricos\/?page_id=2118"},"modified":"2025-10-30T18:11:27","modified_gmt":"2025-10-30T17:11:27","slug":"orientacion-2","status":"publish","type":"page","link":"https:\/\/blogsaverroes.juntadeandalucia.es\/iesmartiricos\/orientacion-2\/","title":{"rendered":"Orientaci\u00f3n"},"content":{"rendered":"<p><span style=\"color: #000000\"><strong><span style=\"font-family: Times New Roman,serif\"><span style=\"font-size: medium\">Miembros del Departamento<\/span><\/span><\/strong><\/span><\/p>\n<table style=\"width: 78.7156%;height: 72px\">\n<tbody>\n<tr style=\"height: 24px\">\n<td style=\"padding-left: 30px;width: 58.2305%;height: 24px\"><span style=\"color: #000000\"><span style=\"font-family: Times New Roman,serif\"><span style=\"font-size: medium\">D\u00aa Araceli Su\u00e1rez Mu\u00f1oz (Orientaci\u00f3n Educativa P.E.S.)<\/span><\/span><\/span><\/td>\n<td style=\"width: 48.251%;height: 24px\"><span style=\"color: #000000\">Correo: <a href=\"mailto:p_aracelisuarez@iesmartiricos.es\">p_aracelisuarez@iesmartiricos.es<\/a><\/span><\/td>\n<\/tr>\n<tr>\n<td style=\"padding-left: 30px;width: 58.2305%\"><span style=\"color: #000000\"><span style=\"font-family: Times New Roman,serif\"><span style=\"font-size: medium\">D\u00aa. Inmaculada Romera Bernal (Orientaci\u00f3n Z.T.S.)<br \/>\n<\/span><\/span><\/span><\/td>\n<td style=\"width: 48.251%\">Correo: <a href=\"mailto:p_inmaromera@iesmartiricos.es\">p_inmaromera@iesmartiricos.es<\/a><\/td>\n<\/tr>\n<tr>\n<td style=\"padding-left: 30px;width: 58.2305%\"><span style=\"color: #000000\"><span style=\"font-family: Times New Roman,serif\"><span style=\"font-size: medium\">D\u00aa Mar\u00eda Paloma Enr\u00edquez Garc\u00eda (Apoyo \u00c1mbito Socio Ling\u00fc\u00edstico)<br \/>\n<\/span><\/span><\/span><\/td>\n<td style=\"width: 48.251%\">Correo: <a href=\"mailto:p_maryenriquez@iesmartiricos.es\">p_maryenriquez@iesmartiricos.es<\/a><\/td>\n<\/tr>\n<tr>\n<td style=\"padding-left: 30px;width: 58.2305%\"><span style=\"color: #000000\"><span style=\"font-family: Times New Roman,serif\"><span style=\"font-size: medium\">D\u00aa. Ana Mar\u00eda Venegas Pinos (Apoyo \u00c1mbito Cient\u00edfico Tecnol\u00f3gico Z.T.S.)<br \/>\n<\/span><\/span><\/span><\/td>\n<td style=\"width: 48.251%\">Correo: <a href=\"mailto:p_anamariavenegaspinos@iesmartiricos.es\">p_anamariavenegaspinos@iesmartiricos.es<\/a><\/td>\n<\/tr>\n<tr>\n<td style=\"padding-left: 30px;width: 58.2305%\"><span style=\"color: #000000\"><span style=\"font-family: Times New Roman,serif\"><span style=\"font-size: medium\">D\u00aa. Isabel Rojas Paredes (ATAL)<br \/>\n<\/span><\/span><\/span><\/td>\n<td style=\"width: 48.251%\">Correo: <a href=\"mailto:p_isabelrojas@iesmartiricos.es\">p_isabelrojas@iesmartiricos.es<\/a><\/td>\n<\/tr>\n<tr style=\"height: 24px\">\n<td style=\"padding-left: 30px;width: 58.2305%;height: 24px\"><span style=\"color: #000000\"><span style=\"font-family: Times New Roman,serif\"><span style=\"font-size: medium\">D\u00aa Mar\u00eda Teresa Gonz\u00e1lez Hidalgo (Pedagog\u00eda Terapeutica Eso)<\/span><\/span><\/span><\/td>\n<td style=\"width: 48.251%;height: 24px\">Correo: <a href=\"mailto:p_maytegonzalez@iesmartiricos.es\">p_maytegonzalez@iesmartiricos.es<\/a><\/td>\n<\/tr>\n<\/tbody>\n<\/table>\n<p><strong><span style=\"color: #000000\"><span style=\"font-family: Times New Roman,serif\"><span style=\"font-size: medium\">Jefa del Departamento<\/span><\/span><\/span><\/strong><\/p>\n<p style=\"padding-left: 30px\"><span style=\"color: #000000\">D.\u00aa Araceli Su\u00e1rez Mu\u00f1oz<strong><br \/>\n<\/strong><\/span><\/p>\n<p><span style=\"color: #000000\"><strong><span style=\"font-family: Times New Roman,serif\"><span style=\"font-size: medium\">Enlaces de inter\u00e9s<br \/>\n<\/span><\/span><\/strong><\/span><\/p>\n<p style=\"padding-left: 40px\"><a href=\"https:\/\/blogsaverroes.juntadeandalucia.es\/iesmartiricos\/files\/2025\/10\/2526ESO_AmbitoSocioLinguistico.pdf\">2526ESO_AmbitoSocioLinguistico<\/a><\/p>\n<p style=\"padding-left: 40px\"><a href=\"https:\/\/blogsaverroes.juntadeandalucia.es\/iesmartiricos\/files\/2025\/10\/2526ESO_AmbitoCientificoTecnologico.pdf\">2526ESO_AmbitoCientificoTecnologico<\/a><\/p>\n<p style=\"padding-left: 40px\"><a href=\"https:\/\/blogsaverroes.juntadeandalucia.es\/iesmartiricos\/files\/2025\/10\/Anexo_POAT_2526.pdf\">Anexo_POAT_2526<\/a><\/p>\n","protected":false},"excerpt":{"rendered":"<p>Miembros del Departamento D\u00aa Araceli Su\u00e1rez Mu\u00f1oz (Orientaci\u00f3n Educativa P.E.S.) Correo: p_aracelisuarez@iesmartiricos.es D\u00aa. Inmaculada Romera Bernal (Orientaci\u00f3n Z.T.S.) Correo: p_inmaromera@iesmartiricos.es D\u00aa Mar\u00eda Paloma Enr\u00edquez Garc\u00eda (Apoyo \u00c1mbito Socio Ling\u00fc\u00edstico) Correo: p_maryenriquez@iesmartiricos.es D\u00aa. Ana Mar\u00eda&#46;&#46;&#46;<\/p>\n","protected":false},"author":5036,"featured_media":0,"parent":0,"menu_order":0,"comment_status":"closed","ping_status":"closed","template":"","meta":{"ngg_post_thumbnail":0,"footnotes":"","_mc_calendar":[]},"aioseo_notices":[],"_links":{"self":[{"href":"https:\/\/blogsaverroes.juntadeandalucia.es\/iesmartiricos\/wp-json\/wp\/v2\/pages\/2118"}],"collection":[{"href":"https:\/\/blogsaverroes.juntadeandalucia.es\/iesmartiricos\/wp-json\/wp\/v2\/pages"}],"about":[{"href":"https:\/\/blogsaverroes.juntadeandalucia.es\/iesmartiricos\/wp-json\/wp\/v2\/types\/page"}],"author":[{"embeddable":true,"href":"https:\/\/blogsaverroes.juntadeandalucia.es\/iesmartiricos\/wp-json\/wp\/v2\/users\/5036"}],"replies":[{"embeddable":true,"href":"https:\/\/blogsaverroes.juntadeandalucia.es\/iesmartiricos\/wp-json\/wp\/v2\/comments?post=2118"}],"version-history":[{"count":24,"href":"https:\/\/blogsaverroes.juntadeandalucia.es\/iesmartiricos\/wp-json\/wp\/v2\/pages\/2118\/revisions"}],"predecessor-version":[{"id":6705,"href":"https:\/\/blogsaverroes.juntadeandalucia.es\/iesmartiricos\/wp-json\/wp\/v2\/pages\/2118\/revisions\/6705"}],"wp:attachment":[{"href":"https:\/\/blogsaverroes.juntadeandalucia.es\/iesmartiricos\/wp-json\/wp\/v2\/media?parent=2118"}],"curies":[{"name":"wp","href":"https:\/\/api.w.org\/{rel}","templated":true}]}}