{"id":2120,"date":"2017-08-07T11:49:37","date_gmt":"2017-08-07T10:49:37","guid":{"rendered":"https:\/\/blogsaverroes.juntadeandalucia.es\/iesmartiricos\/?page_id=2120"},"modified":"2025-10-30T18:10:39","modified_gmt":"2025-10-30T17:10:39","slug":"matematicas","status":"publish","type":"page","link":"https:\/\/blogsaverroes.juntadeandalucia.es\/iesmartiricos\/matematicas\/","title":{"rendered":"Matem\u00e1ticas"},"content":{"rendered":"<p><span style=\"color: #000000\"><strong><span style=\"font-family: Times New Roman,serif\"><span style=\"font-size: medium\">Miembros del Departamento<\/span><\/span><\/strong><\/span><\/p>\n<table style=\"width: 72.4156%\">\n<tbody>\n<tr>\n<td style=\"width: 57.6%\"><span style=\"color: #000000\"><span style=\"font-family: Times New Roman,serif\"><span style=\"font-size: medium\">D. Jaime Tarjuelo Guti\u00e9rrez (Matem\u00e1ticas P.E.S.)<\/span><\/span><\/span><\/td>\n<td style=\"width: 50.6286%\">Correo: <a href=\"mailto:p_jaimetarjuelo@iesmartiricos.es\">p_jaimetarjuelo@iesmartiricos.es<\/a><\/td>\n<\/tr>\n<tr>\n<td style=\"width: 57.6%\"><span style=\"color: #000000\"><span style=\"font-family: Times New Roman,serif\"><span style=\"font-size: medium\">D.\u00aa Mar\u00eda Isabel Larrubia Mel\u00e9ndez (Matem\u00e1ticas P.E.S.)<\/span><\/span><\/span><\/td>\n<td style=\"width: 50.6286%\">Correo: <a href=\"mailto:p_isalarrubia@iesmartiricos.es\">p_isalarrubia@iesmartiricos.es<\/a><\/td>\n<\/tr>\n<tr>\n<td style=\"width: 57.6%\"><span style=\"color: #000000\"><span style=\"font-family: Times New Roman,serif\"><span style=\"font-size: medium\">D. Manuel Andr\u00e9s Podadera Dom\u00ednguez (Matem\u00e1ticas P.E.S.)<\/span><\/span><\/span><\/td>\n<td style=\"width: 50.6286%\">Correo: <a href=\"mailto:p_andrespodadera@iesmartiricos.es\">p_andrespodadera@iesmartiricos.es<\/a><\/td>\n<\/tr>\n<tr>\n<td style=\"width: 57.6%\"><span style=\"color: #000000\"><span style=\"font-family: Times New Roman,serif\"><span style=\"font-size: medium\">D. Jos\u00e9 Mar\u00eda Castro S\u00e1nchez (Matem\u00e1ticas P.E.S.)<\/span><\/span><\/span><\/td>\n<td style=\"width: 50.6286%\">Correo: <a href=\"mailto:p_josemariacastro@iesmartiricos.es\">p_josemariacastro@iesmartiricos.es<\/a><\/td>\n<\/tr>\n<tr>\n<td style=\"width: 57.6%\"><span style=\"color: #000000\"><span style=\"font-family: Times New Roman,serif\"><span style=\"font-size: medium\">D. Jos\u00e9 Ignacio Ruiz Torrecillas (Matem\u00e1ticas P.E.S.)<\/span><\/span><\/span><\/td>\n<td style=\"width: 50.6286%\">Correo: <a href=\"mailto:p_ignacioruiz@iesmartiricos.es\">p_ignacioruiz@iesmartiricos.es<\/a><\/td>\n<\/tr>\n<\/tbody>\n<\/table>\n<p><strong><span style=\"color: #000000\"><span style=\"font-family: Times New Roman,serif\"><span style=\"font-size: medium\">Jefe\/a del Departamento<\/span><\/span><\/span><\/strong><\/p>\n<p style=\"padding-left: 30px\"><span style=\"color: #000000\">D. Jos\u00e9 Mar\u00eda Castro S\u00e1nchez<\/span><\/p>\n<p><span style=\"color: #000000\"><strong><span style=\"font-family: Times New Roman,serif\"><span style=\"font-size: medium\">Enlaces de inter\u00e9s. Programaciones<br \/>\n<\/span><\/span><\/strong><\/span><\/p>\n<p style=\"padding-left: 40px\"><a href=\"https:\/\/blogsaverroes.juntadeandalucia.es\/iesmartiricos\/files\/2025\/10\/2526ESO_MatematicasB.pdf\">2526ESO_MatematicasB<\/a><\/p>\n<p style=\"padding-left: 40px\"><a href=\"https:\/\/blogsaverroes.juntadeandalucia.es\/iesmartiricos\/files\/2025\/10\/2526ESO_Matematicas.pdf\">2526ESO_Matematicas<\/a><\/p>\n<p style=\"padding-left: 40px\"><a href=\"https:\/\/blogsaverroes.juntadeandalucia.es\/iesmartiricos\/files\/2025\/10\/2526ESO_MatematicasA.pdf\">2526ESO_MatematicasA<\/a><\/p>\n<p style=\"padding-left: 40px\"><a href=\"https:\/\/blogsaverroes.juntadeandalucia.es\/iesmartiricos\/files\/2025\/10\/2526Bach_MatematicasCS.pdf\">2526Bach_MatematicasCS<\/a><\/p>\n<p style=\"padding-left: 40px\"><a href=\"https:\/\/blogsaverroes.juntadeandalucia.es\/iesmartiricos\/files\/2025\/10\/2526Bach_Matematicas.pdf\">2526Bach_Matematicas<\/a><\/p>\n<p style=\"padding-left: 40px\"><a href=\"https:\/\/blogsaverroes.juntadeandalucia.es\/iesmartiricos\/files\/2025\/10\/2526Bach_TeoriaJuegos.pdf\">2526Bach_TeoriaJuegos<\/a><\/p>\n<p>&nbsp;<\/p>\n<p><strong>Actividades de repaso para el alumnado de 6\u00ba Primaria a 4\u00ba ESO<br \/>\n<\/strong><\/p>\n<p style=\"padding-left: 30px\"><a href=\"https:\/\/blogsaverroes.juntadeandalucia.es\/iesmartiricos\/files\/2017\/08\/Matematicas_Repaso-6\u00ba-Primaria.pdf\"><strong>Matematicas_Repaso 6\u00ba Primaria<\/strong><\/a><\/p>\n<p style=\"padding-left: 30px\"><strong><a href=\"https:\/\/blogsaverroes.juntadeandalucia.es\/iesmartiricos\/files\/2017\/08\/FichasRepasoMAT_1ESO.pdf\">FichasRepasoMAT_1ESO<\/a><\/strong><\/p>\n<p style=\"padding-left: 30px\"><strong><a href=\"https:\/\/blogsaverroes.juntadeandalucia.es\/iesmartiricos\/files\/2017\/08\/FichasRepasoMAT_2ESO.pdf\">FichasRepasoMAT_2ESO<\/a><\/strong><\/p>\n<p style=\"padding-left: 30px\"><strong><a href=\"https:\/\/blogsaverroes.juntadeandalucia.es\/iesmartiricos\/files\/2017\/08\/FichasRepasoMAT_3ESO_Academicas.pdf\">FichasRepasoMAT_3ESO_Academicas<\/a> <\/strong><\/p>\n<p style=\"padding-left: 30px\"><strong><a href=\"https:\/\/blogsaverroes.juntadeandalucia.es\/iesmartiricos\/files\/2017\/08\/FichasRepasoMAT_3ESO_Aplicadas.pdf\">FichasRepasoMAT_3ESO_Aplicadas<\/a><\/strong><\/p>\n<p style=\"padding-left: 30px\"><strong><a href=\"https:\/\/blogsaverroes.juntadeandalucia.es\/iesmartiricos\/files\/2017\/08\/FichasRepasoMAT_4ESO_Academicas.pdf\">FichasRepasoMAT_4ESO_Academicas<\/a> <\/strong><\/p>\n<p style=\"padding-left: 30px\"><strong><a href=\"https:\/\/blogsaverroes.juntadeandalucia.es\/iesmartiricos\/files\/2017\/08\/FichasRepasoMAT_4ESO_Aplicadas.pdf\">FichasRepasoMAT_4ESO_Aplicadas<\/a>&nbsp;&nbsp;&nbsp;<\/strong>&nbsp;<\/p>\n","protected":false},"excerpt":{"rendered":"<p>Miembros del Departamento D. Jaime Tarjuelo Guti\u00e9rrez (Matem\u00e1ticas P.E.S.) Correo: p_jaimetarjuelo@iesmartiricos.es D.\u00aa Mar\u00eda Isabel Larrubia Mel\u00e9ndez (Matem\u00e1ticas P.E.S.) Correo: p_isalarrubia@iesmartiricos.es D. Manuel Andr\u00e9s Podadera Dom\u00ednguez (Matem\u00e1ticas P.E.S.) Correo: p_andrespodadera@iesmartiricos.es D. Jos\u00e9 Mar\u00eda Castro S\u00e1nchez&#46;&#46;&#46;<\/p>\n","protected":false},"author":5036,"featured_media":0,"parent":0,"menu_order":0,"comment_status":"closed","ping_status":"closed","template":"","meta":{"ngg_post_thumbnail":0,"footnotes":"","_mc_calendar":[]},"aioseo_notices":[],"_links":{"self":[{"href":"https:\/\/blogsaverroes.juntadeandalucia.es\/iesmartiricos\/wp-json\/wp\/v2\/pages\/2120"}],"collection":[{"href":"https:\/\/blogsaverroes.juntadeandalucia.es\/iesmartiricos\/wp-json\/wp\/v2\/pages"}],"about":[{"href":"https:\/\/blogsaverroes.juntadeandalucia.es\/iesmartiricos\/wp-json\/wp\/v2\/types\/page"}],"author":[{"embeddable":true,"href":"https:\/\/blogsaverroes.juntadeandalucia.es\/iesmartiricos\/wp-json\/wp\/v2\/users\/5036"}],"replies":[{"embeddable":true,"href":"https:\/\/blogsaverroes.juntadeandalucia.es\/iesmartiricos\/wp-json\/wp\/v2\/comments?post=2120"}],"version-history":[{"count":32,"href":"https:\/\/blogsaverroes.juntadeandalucia.es\/iesmartiricos\/wp-json\/wp\/v2\/pages\/2120\/revisions"}],"predecessor-version":[{"id":6704,"href":"https:\/\/blogsaverroes.juntadeandalucia.es\/iesmartiricos\/wp-json\/wp\/v2\/pages\/2120\/revisions\/6704"}],"wp:attachment":[{"href":"https:\/\/blogsaverroes.juntadeandalucia.es\/iesmartiricos\/wp-json\/wp\/v2\/media?parent=2120"}],"curies":[{"name":"wp","href":"https:\/\/api.w.org\/{rel}","templated":true}]}}