{"id":2122,"date":"2017-08-07T11:50:56","date_gmt":"2017-08-07T10:50:56","guid":{"rendered":"https:\/\/blogsaverroes.juntadeandalucia.es\/iesmartiricos\/?page_id=2122"},"modified":"2025-10-31T13:17:23","modified_gmt":"2025-10-31T12:17:23","slug":"ensenanzas-artisticas","status":"publish","type":"page","link":"https:\/\/blogsaverroes.juntadeandalucia.es\/iesmartiricos\/ensenanzas-artisticas\/","title":{"rendered":"Ense\u00f1anzas Art\u00edsticas"},"content":{"rendered":"<p><span style=\"color: #000000\"><strong><span style=\"font-family: Times New Roman,serif\"><span style=\"font-size: medium\">Miembros del Departamento<\/span><\/span><\/strong><\/span><\/p>\n<table style=\"width: 67.5718%\">\n<tbody>\n<tr>\n<td style=\"width: 51.2354%;padding-left: 30px\"><span style=\"color: #000000\"><span style=\"font-family: Times New Roman,serif\"><span style=\"font-size: medium\">D. Jos\u00e9 Eduardo Trujillo Prieto (Dibujo -Ingl\u00e9s- P.E.S.)<\/span><\/span><\/span><\/td>\n<td style=\"width: 63.459%\">Correo: <a href=\"mailto:p_eduardotrujillo@iesmartiricos.es\">p_eduardotrujillo@iesmartiricos.es<\/a><\/td>\n<\/tr>\n<tr>\n<td style=\"width: 51.2354%;padding-left: 30px\"><span style=\"color: #000000\"><span style=\"font-family: Times New Roman,serif\"><span style=\"font-size: medium\">D. Jaime Manzano Jim\u00e9nez (M\u00fasica -Ingl\u00e9s- P.E.S.)<\/span><\/span><\/span><\/td>\n<td style=\"width: 63.459%\">Correo: <a href=\"mailto:p_jaimemanzanojimenez@iesmartiricos.es\">p_jaimemanzanojimenez@iesmartiricos.es<\/a><\/td>\n<\/tr>\n<tr>\n<td style=\"width: 51.2354%;padding-left: 30px\"><span style=\"color: #000000\"><span style=\"font-family: Times New Roman,serif\"><span style=\"font-size: medium\">D\u00aa. Margarita Urena Almagro (Dibujo -Ingl\u00e9s- P.E.S.)<\/span><\/span><\/span><\/td>\n<td style=\"width: 63.459%\">Correo: <a href=\"mailto:p_margaritaurena@iesmartiricos.es\">p_margaritaurena@iesmartiricos.es<\/a><\/td>\n<\/tr>\n<\/tbody>\n<\/table>\n<p><strong><span style=\"color: #000000\"><span style=\"font-family: Times New Roman,serif\"><span style=\"font-size: medium\">Jefe\/a del Departamento<\/span><\/span><\/span><\/strong><\/p>\n<p style=\"padding-left: 30px\"><span style=\"color: #000000\">D. Jos\u00e9 Eduardo Trujillo Prieto<\/span><\/p>\n<p><span style=\"color: #000000\"><strong><span style=\"font-family: Times New Roman,serif\"><span style=\"font-size: medium\">Enlaces de inter\u00e9s. Programaciones<br \/>\n<\/span><\/span><\/strong><\/span><\/p>\n<p style=\"padding-left: 40px\"><a href=\"https:\/\/blogsaverroes.juntadeandalucia.es\/iesmartiricos\/files\/2025\/10\/2526ESO_Fanzine.pdf\">2526ESO_Fanzine<\/a><\/p>\n<p style=\"padding-left: 40px\"><a href=\"https:\/\/blogsaverroes.juntadeandalucia.es\/iesmartiricos\/files\/2025\/10\/2526ESO_Ceramica.pdf\">2526ESO_Ceramica<\/a><\/p>\n<p style=\"padding-left: 40px\"><a href=\"https:\/\/blogsaverroes.juntadeandalucia.es\/iesmartiricos\/files\/2025\/10\/2526ESO_ProyectoEducacionPlastica.pdf\">2526ESO_ProyectoEducacionPlastica<\/a><\/p>\n<p style=\"padding-left: 40px\"><a href=\"https:\/\/blogsaverroes.juntadeandalucia.es\/iesmartiricos\/files\/2025\/10\/2526ESO_ExpresionArtistica.pdf\">2526ESO_ExpresionArtistica<\/a><\/p>\n<p style=\"padding-left: 40px\"><a href=\"https:\/\/blogsaverroes.juntadeandalucia.es\/iesmartiricos\/files\/2025\/10\/2526ESO_EducacionPlastica.pdf\">2526ESO_EducacionPlastica<\/a><\/p>\n<p style=\"padding-left: 40px\"><a href=\"https:\/\/blogsaverroes.juntadeandalucia.es\/iesmartiricos\/files\/2025\/10\/2526ESO_Musica.pdf\">2526ESO_Musica<\/a><\/p>\n<p style=\"padding-left: 40px\"><a href=\"https:\/\/blogsaverroes.juntadeandalucia.es\/iesmartiricos\/files\/2025\/10\/2526ESO_DibujoTecnico.pdf\">2526ESO_DibujoTecnico<\/a><\/p>\n<p style=\"padding-left: 40px\"><a href=\"https:\/\/blogsaverroes.juntadeandalucia.es\/iesmartiricos\/files\/2025\/10\/2526Bach_DibujoTecnico.pdf\">2526Bach_DibujoTecnico<\/a><\/p>\n<p>&nbsp;<\/p>\n","protected":false},"excerpt":{"rendered":"<p>Miembros del Departamento D. Jos\u00e9 Eduardo Trujillo Prieto (Dibujo -Ingl\u00e9s- P.E.S.) Correo: p_eduardotrujillo@iesmartiricos.es D. Jaime Manzano Jim\u00e9nez (M\u00fasica -Ingl\u00e9s- P.E.S.) Correo: p_jaimemanzanojimenez@iesmartiricos.es D\u00aa. Margarita Urena Almagro (Dibujo -Ingl\u00e9s- P.E.S.) Correo: p_margaritaurena@iesmartiricos.es Jefe\/a del Departamento&#46;&#46;&#46;<\/p>\n","protected":false},"author":5036,"featured_media":0,"parent":0,"menu_order":0,"comment_status":"closed","ping_status":"closed","template":"","meta":{"ngg_post_thumbnail":0,"footnotes":"","_mc_calendar":[]},"aioseo_notices":[],"_links":{"self":[{"href":"https:\/\/blogsaverroes.juntadeandalucia.es\/iesmartiricos\/wp-json\/wp\/v2\/pages\/2122"}],"collection":[{"href":"https:\/\/blogsaverroes.juntadeandalucia.es\/iesmartiricos\/wp-json\/wp\/v2\/pages"}],"about":[{"href":"https:\/\/blogsaverroes.juntadeandalucia.es\/iesmartiricos\/wp-json\/wp\/v2\/types\/page"}],"author":[{"embeddable":true,"href":"https:\/\/blogsaverroes.juntadeandalucia.es\/iesmartiricos\/wp-json\/wp\/v2\/users\/5036"}],"replies":[{"embeddable":true,"href":"https:\/\/blogsaverroes.juntadeandalucia.es\/iesmartiricos\/wp-json\/wp\/v2\/comments?post=2122"}],"version-history":[{"count":30,"href":"https:\/\/blogsaverroes.juntadeandalucia.es\/iesmartiricos\/wp-json\/wp\/v2\/pages\/2122\/revisions"}],"predecessor-version":[{"id":6729,"href":"https:\/\/blogsaverroes.juntadeandalucia.es\/iesmartiricos\/wp-json\/wp\/v2\/pages\/2122\/revisions\/6729"}],"wp:attachment":[{"href":"https:\/\/blogsaverroes.juntadeandalucia.es\/iesmartiricos\/wp-json\/wp\/v2\/media?parent=2122"}],"curies":[{"name":"wp","href":"https:\/\/api.w.org\/{rel}","templated":true}]}}