{"id":2124,"date":"2017-08-07T11:54:20","date_gmt":"2017-08-07T10:54:20","guid":{"rendered":"https:\/\/blogsaverroes.juntadeandalucia.es\/iesmartiricos\/?page_id=2124"},"modified":"2025-10-30T18:05:50","modified_gmt":"2025-10-30T17:05:50","slug":"sociales-filosofia-economia","status":"publish","type":"page","link":"https:\/\/blogsaverroes.juntadeandalucia.es\/iesmartiricos\/sociales-filosofia-economia\/","title":{"rendered":"Geograf\u00eda e Historia y Econom\u00eda"},"content":{"rendered":"<p><span style=\"color: #000000\"><strong><span style=\"font-family: Times New Roman,serif\"><span style=\"font-size: medium\">Miembros del Departamento<\/span><\/span><\/strong><\/span><\/p>\n<table style=\"border-collapse: collapse;width: 69.7607%;height: 192px\">\n<tbody>\n<tr>\n<td style=\"width: 50%\">D. \u00c1lvaro Amaya R\u00edos (Geograf\u00eda e Historia P.E.S. Biling)<\/td>\n<td style=\"width: 50%\">Correo: <a href=\"mailto:p_alvaroamaya@iesmartiricos.es\">p_alvaroamaya@iesmartiricos.es&nbsp;<\/a><\/td>\n<\/tr>\n<tr>\n<td style=\"width: 50%\">D.\u00aa Mar\u00eda del Mar Arjona Ord\u00f3\u00f1ez( Geograf\u00eda e Historia P.E.S.)&nbsp;<\/td>\n<td style=\"width: 50%\">Correo: <a href=\"mailto:p_mariadelmararjona@iesmartiricos.es\">p_mariadelmararjona@iesmartiricos.es<\/a><\/td>\n<\/tr>\n<tr>\n<td style=\"width: 50%\">D. Joaqu\u00edn Castro Carrasco (Geograf\u00eda e Historia P.E.S Biling\u00fce)<\/td>\n<td style=\"width: 50%\">Correo:&nbsp;<a href=\"mailto:p_joaquincastro@iesmartiricos.es\">p_joaquincastro@iesmartiricos.es<\/a><\/td>\n<\/tr>\n<tr>\n<td style=\"width: 50%\">D\u00aa. Elena S\u00e1nchez Hidalgo (Econom\u00eda P.E.S.)<\/td>\n<td style=\"width: 50%\">Correo: <a href=\"mailto:p_elenasanchez@iesmartiricos.es\">p_elenasanchez@iesmartiricos.es<\/a><\/td>\n<\/tr>\n<tr>\n<td style=\"width: 50%\">D. Francisco Javier Rosano Guil (Geograf\u00eda e Historia -Biling. P.E.S.)<\/td>\n<td style=\"width: 50%\">Correo: <a href=\"mailto:p_franciscojavierrosano@iesmartiricos.es\">p_franciscojavierrosano@iesmartiricos.es<\/a><\/td>\n<\/tr>\n<tr>\n<td style=\"width: 50%\">D. Crist\u00f3bal Guerrero Gil (Geograf\u00eda e Historia -Biling. P.E.S.)<\/td>\n<td style=\"width: 50%\">Correo: <a href=\"mailto:p_cristobalguerrero@iesmartiricos.es\">p_cristobalguerrero@iesmartiricos.es<\/a><\/td>\n<\/tr>\n<tr>\n<td style=\"width: 50%\">D.\u00aa Encarnaci\u00f3n Torres G\u00f3mez (Econom\u00eda P.E.S.)<\/td>\n<td style=\"width: 50%\">Correo: <a href=\"mailto:p_encarnaciontorres@iesmartiricos.es\">p_encarnaciontorres@iesmartiricos.es<\/a><\/td>\n<\/tr>\n<\/tbody>\n<\/table>\n<p>&nbsp;<\/p>\n<p><strong><span style=\"color: #000000\"><span style=\"font-family: Times New Roman,serif\"><span style=\"font-size: medium\">Jefe del Departamento<\/span><\/span><\/span><\/strong><span style=\"font-size: medium;font-family: 'Times New Roman', serif;color: #000000\"><br \/>\nD. Joaqu\u00edn Castro Carrasco<br \/>\n<\/span><\/p>\n<p><span style=\"color: #000000\"><strong><span style=\"font-family: Times New Roman,serif\"><span style=\"font-size: medium\">Enlaces de inter\u00e9s. Programaciones<br \/>\n<\/span><\/span><\/strong><\/span><\/p>\n<p style=\"padding-left: 40px\"><a href=\"https:\/\/blogsaverroes.juntadeandalucia.es\/iesmartiricos\/files\/2025\/10\/2526ESO_EconomiaEmprendimiento.pdf\">2526ESO_EconomiaEmprendimiento<\/a><\/p>\n<p style=\"padding-left: 40px\"><a href=\"https:\/\/blogsaverroes.juntadeandalucia.es\/iesmartiricos\/files\/2025\/10\/2526ESO_FormacionOrientacionProfesional.pdf\">2526ESO_FormacionOrientacionProfesional<\/a><\/p>\n<p style=\"padding-left: 40px\"><a href=\"https:\/\/blogsaverroes.juntadeandalucia.es\/iesmartiricos\/files\/2025\/10\/2526ESO_GeografiaHistoria.pdf\">2526ESO_GeografiaHistoria<\/a><\/p>\n<p style=\"padding-left: 40px\"><a href=\"https:\/\/blogsaverroes.juntadeandalucia.es\/iesmartiricos\/files\/2025\/10\/2526Bach_PatrimonioCulturalAndalucia.pdf\">2526Bach_PatrimonioCulturalAndalucia<\/a><\/p>\n<p style=\"padding-left: 40px\"><a href=\"https:\/\/blogsaverroes.juntadeandalucia.es\/iesmartiricos\/files\/2025\/10\/2526Bach_HistoriaEspana.pdf\">2526Bach_HistoriaEspana<\/a><\/p>\n<p style=\"padding-left: 40px\"><a href=\"https:\/\/blogsaverroes.juntadeandalucia.es\/iesmartiricos\/files\/2025\/10\/2526Bach_FundamentosAdministracionGestion.pdf\">2526Bach_FundamentosAdministracionGestion<\/a><\/p>\n<p style=\"padding-left: 40px\"><a href=\"https:\/\/blogsaverroes.juntadeandalucia.es\/iesmartiricos\/files\/2025\/10\/2526Bach_HistoriaMundoContemporaneo.pdf\">2526Bach_HistoriaMundoContemporaneo<\/a><\/p>\n<p style=\"padding-left: 40px\"><a href=\"https:\/\/blogsaverroes.juntadeandalucia.es\/iesmartiricos\/files\/2025\/10\/2526Bach_HistoriaArte.pdf\">2526Bach_HistoriaArte<\/a><\/p>\n<p style=\"padding-left: 40px\"><a href=\"https:\/\/blogsaverroes.juntadeandalucia.es\/iesmartiricos\/files\/2025\/10\/2526Bach_Geografia.pdf\">2526Bach_Geografia<\/a><\/p>\n<p style=\"padding-left: 40px\"><a href=\"https:\/\/blogsaverroes.juntadeandalucia.es\/iesmartiricos\/files\/2025\/10\/2526Bach_CulturaEmprendedora.pdf\">2526Bach_CulturaEmprendedora<\/a><\/p>\n<p style=\"padding-left: 40px\"><a href=\"https:\/\/blogsaverroes.juntadeandalucia.es\/iesmartiricos\/files\/2025\/10\/2526Bach_EmpresaModeloNegocio.pdf\">2526Bach_EmpresaModeloNegocio<\/a><\/p>\n<p style=\"padding-left: 40px\"><a href=\"https:\/\/blogsaverroes.juntadeandalucia.es\/iesmartiricos\/files\/2025\/10\/2526Bach_Economia.pdf\">2526Bach_Economia<\/a><\/p>\n<p>&nbsp;<\/p>\n","protected":false},"excerpt":{"rendered":"<p>Miembros del Departamento D. \u00c1lvaro Amaya R\u00edos (Geograf\u00eda e Historia P.E.S. Biling) Correo: p_alvaroamaya@iesmartiricos.es&nbsp; D.\u00aa Mar\u00eda del Mar Arjona Ord\u00f3\u00f1ez( Geograf\u00eda e Historia P.E.S.)&nbsp; Correo: p_mariadelmararjona@iesmartiricos.es D. Joaqu\u00edn Castro Carrasco (Geograf\u00eda e Historia P.E.S&#46;&#46;&#46;<\/p>\n","protected":false},"author":5036,"featured_media":0,"parent":0,"menu_order":0,"comment_status":"closed","ping_status":"closed","template":"","meta":{"ngg_post_thumbnail":0,"footnotes":"","_mc_calendar":[]},"aioseo_notices":[],"_links":{"self":[{"href":"https:\/\/blogsaverroes.juntadeandalucia.es\/iesmartiricos\/wp-json\/wp\/v2\/pages\/2124"}],"collection":[{"href":"https:\/\/blogsaverroes.juntadeandalucia.es\/iesmartiricos\/wp-json\/wp\/v2\/pages"}],"about":[{"href":"https:\/\/blogsaverroes.juntadeandalucia.es\/iesmartiricos\/wp-json\/wp\/v2\/types\/page"}],"author":[{"embeddable":true,"href":"https:\/\/blogsaverroes.juntadeandalucia.es\/iesmartiricos\/wp-json\/wp\/v2\/users\/5036"}],"replies":[{"embeddable":true,"href":"https:\/\/blogsaverroes.juntadeandalucia.es\/iesmartiricos\/wp-json\/wp\/v2\/comments?post=2124"}],"version-history":[{"count":39,"href":"https:\/\/blogsaverroes.juntadeandalucia.es\/iesmartiricos\/wp-json\/wp\/v2\/pages\/2124\/revisions"}],"predecessor-version":[{"id":4602,"href":"https:\/\/blogsaverroes.juntadeandalucia.es\/iesmartiricos\/wp-json\/wp\/v2\/pages\/2124\/revisions\/4602"}],"wp:attachment":[{"href":"https:\/\/blogsaverroes.juntadeandalucia.es\/iesmartiricos\/wp-json\/wp\/v2\/media?parent=2124"}],"curies":[{"name":"wp","href":"https:\/\/api.w.org\/{rel}","templated":true}]}}