{"id":2126,"date":"2017-08-07T11:54:58","date_gmt":"2017-08-07T10:54:58","guid":{"rendered":"https:\/\/blogsaverroes.juntadeandalucia.es\/iesmartiricos\/?page_id=2126"},"modified":"2025-10-30T18:07:39","modified_gmt":"2025-10-30T17:07:39","slug":"idiomas","status":"publish","type":"page","link":"https:\/\/blogsaverroes.juntadeandalucia.es\/iesmartiricos\/idiomas\/","title":{"rendered":"Idiomas (Ingl\u00e9s y Franc\u00e9s)"},"content":{"rendered":"<p><strong>Miembros del Departamento<\/strong><\/p>\n<table style=\"height: 220px;width: 69.3862%\" width=\"668\">\n<tbody>\n<tr style=\"height: 24px\">\n<td style=\"height: 24px;width: 45.3997%\">D\u00aa. Alicia Mar\u00eda Su\u00e1rez Gonz\u00e1lez (Ingl\u00e9s P.E.S.)<\/td>\n<td style=\"height: 24px;width: 93.2127%\">e-mail: <a href=\"mailto:p_aliciasuarezgonzalez@iesmartiricos.es\">p_aliciasuarezgonzalez@iesmartiricos.es<\/a><\/td>\n<\/tr>\n<tr style=\"height: 24px\">\n<td style=\"height: 24px;width: 45.3997%\">D\u00aa. Esther Astorga Zambrana (Ingl\u00e9s P.E.S.)<\/td>\n<td style=\"height: 24px;width: 93.2127%\">e-mail: <a href=\"mailto:p_estherastorga@iesmartiricos.es\">p_estherastorga@iesmartiricos.es<\/a><\/td>\n<\/tr>\n<tr>\n<td style=\"width: 45.3997%\">D\u00aa Ana Elvira M\u00e1rquez Medina (Franc\u00e9s P.E.S.)<\/td>\n<td style=\"width: 93.2127%\">e-mail: <a href=\"mailto:p_anamarquez@iesmartiricos.es\">p_anamarquez@iesmartiricos.es<\/a><\/td>\n<\/tr>\n<tr style=\"height: 24px\">\n<td style=\"height: 24px;width: 45.3997%\">D\u00aa. Silvia Montufo Urqu\u00edzar (Ingl\u00e9s P.E.S.)<\/td>\n<td style=\"height: 24px;width: 93.2127%\">e-mail: <a href=\"mailto:p_silviamontufo@iesmartiricos.es\">p_silviamontufo@iesmartiricos.es<\/a><\/td>\n<\/tr>\n<tr style=\"height: 24px\">\n<td style=\"height: 24px;width: 45.3997%\">D\u00aa. Rebeca Jim\u00e9nez Romero (Ingl\u00e9s P.E.S.)<\/td>\n<td style=\"height: 24px;width: 93.2127%\">e-mail: <a href=\"mailto:p_rebecajimenez@iesmartiricos.es\">p_rebecajimenez@iesmartiricos.es<\/a><\/td>\n<\/tr>\n<tr style=\"height: 24px\">\n<td style=\"height: 24px;width: 45.3997%\">D\u00aa. Laura Marti Jurado (Ingl\u00e9s P.E.S.)<\/td>\n<td style=\"height: 24px;width: 93.2127%\">e-mail: <a href=\"mailto:p_lauramarti@iesmartiricos.es\">p_lauramarti@iesmartiricos.es<\/a><\/td>\n<\/tr>\n<tr style=\"height: 24px\">\n<td style=\"height: 24px;width: 45.3997%\">D. Manuel Jes\u00fas Bernardino L\u00f3pez (Ingl\u00e9s P.E.S.)<\/td>\n<td style=\"height: 24px;width: 93.2127%\">e-mail: <a href=\"mailto:p_manuelbernardinolopez@iesmartiricos.es\">p_manuelbernardinolopez@iesmartiricos.es<\/a><\/td>\n<\/tr>\n<tr>\n<td style=\"width: 45.3997%\">D\u00aa. Romero Segura, Mar\u00eda Amparo (Ingl\u00e9s P.E.S.)<\/td>\n<td style=\"width: 93.2127%\">e-mail: <a href=\"mailto:p_mariaamparoromero@iesmartiricos.es\">p_mariaamparoromero@iesmartiricos.es<\/a><\/td>\n<\/tr>\n<\/tbody>\n<\/table>\n<p><strong>Jefe\/a del Departamento<\/strong><\/p>\n<p>D\u00aa. Esther Astorga Zambrana<\/p>\n<p><strong>Enlaces de inter\u00e9s. Programaciones<br \/>\n<\/strong><\/p>\n<p style=\"padding-left: 40px\"><a href=\"https:\/\/blogsaverroes.juntadeandalucia.es\/iesmartiricos\/files\/2025\/10\/2526ESO_Frances.pdf\">2526ESO_Frances<\/a><\/p>\n<p style=\"padding-left: 40px\"><a href=\"https:\/\/blogsaverroes.juntadeandalucia.es\/iesmartiricos\/files\/2025\/10\/2526ESO_Ingles.pdf\">2526ESO_Ingles<\/a><\/p>\n<p style=\"padding-left: 40px\"><a href=\"https:\/\/blogsaverroes.juntadeandalucia.es\/iesmartiricos\/files\/2025\/10\/2526ESO_EnglishAroundWorld.pdf\">2526ESO_EnglishAroundWorld<\/a><\/p>\n<p style=\"padding-left: 40px\"><a href=\"https:\/\/blogsaverroes.juntadeandalucia.es\/iesmartiricos\/files\/2025\/10\/2526Bach_PreparacionB2.pdf\">2526Bach_PreparacionB2<\/a><\/p>\n<p style=\"padding-left: 40px\"><a href=\"https:\/\/blogsaverroes.juntadeandalucia.es\/iesmartiricos\/files\/2025\/10\/2526Bach_Frances.pdf\">2526Bach_Frances<\/a><\/p>\n<p style=\"padding-left: 40px\"><a href=\"https:\/\/blogsaverroes.juntadeandalucia.es\/iesmartiricos\/files\/2025\/10\/2526Bach_Ingles.pdf\">2526Bach_Ingles<\/a><\/p>\n<p><strong>Otros documentos<\/strong><\/p>\n<p style=\"padding-left: 30px\"><a href=\"https:\/\/blogsaverroes.juntadeandalucia.es\/iesmartiricos\/files\/2017\/08\/Cuaderno_Actividades_Ingles1eso.pdf\">Cuaderno_Actividades_Ingles1eso<\/a><\/p>\n<p style=\"padding-left: 30px\"><a href=\"https:\/\/blogsaverroes.juntadeandalucia.es\/iesmartiricos\/files\/2017\/08\/Cuaderno_Actividades_Ingles2eso.pdf\">Cuaderno_Actividades_Ingles2eso<\/a><\/p>\n<p style=\"padding-left: 30px\"><a href=\"https:\/\/blogsaverroes.juntadeandalucia.es\/iesmartiricos\/files\/2017\/08\/Cuaderno_Actividades_Ingles2pmar.pdf\">Cuaderno_Actividades_Ingles3eso<\/a><\/p>\n<p style=\"padding-left: 30px\"><a href=\"https:\/\/blogsaverroes.juntadeandalucia.es\/iesmartiricos\/files\/2017\/08\/Cuaderno_Actividades_Ingles4eso.pdf\">Cuaderno_Actividades_Ingles4eso<\/a><\/p>\n<p>&nbsp;<\/p>\n<p>&nbsp;<\/p>\n","protected":false},"excerpt":{"rendered":"<p>Miembros del Departamento D\u00aa. Alicia Mar\u00eda Su\u00e1rez Gonz\u00e1lez (Ingl\u00e9s P.E.S.) e-mail: p_aliciasuarezgonzalez@iesmartiricos.es D\u00aa. Esther Astorga Zambrana (Ingl\u00e9s P.E.S.) e-mail: p_estherastorga@iesmartiricos.es D\u00aa Ana Elvira M\u00e1rquez Medina (Franc\u00e9s P.E.S.) e-mail: p_anamarquez@iesmartiricos.es D\u00aa. Silvia Montufo Urqu\u00edzar (Ingl\u00e9s&#46;&#46;&#46;<\/p>\n","protected":false},"author":5036,"featured_media":0,"parent":0,"menu_order":0,"comment_status":"closed","ping_status":"closed","template":"","meta":{"ngg_post_thumbnail":0,"footnotes":"","_mc_calendar":[]},"aioseo_notices":[],"_links":{"self":[{"href":"https:\/\/blogsaverroes.juntadeandalucia.es\/iesmartiricos\/wp-json\/wp\/v2\/pages\/2126"}],"collection":[{"href":"https:\/\/blogsaverroes.juntadeandalucia.es\/iesmartiricos\/wp-json\/wp\/v2\/pages"}],"about":[{"href":"https:\/\/blogsaverroes.juntadeandalucia.es\/iesmartiricos\/wp-json\/wp\/v2\/types\/page"}],"author":[{"embeddable":true,"href":"https:\/\/blogsaverroes.juntadeandalucia.es\/iesmartiricos\/wp-json\/wp\/v2\/users\/5036"}],"replies":[{"embeddable":true,"href":"https:\/\/blogsaverroes.juntadeandalucia.es\/iesmartiricos\/wp-json\/wp\/v2\/comments?post=2126"}],"version-history":[{"count":35,"href":"https:\/\/blogsaverroes.juntadeandalucia.es\/iesmartiricos\/wp-json\/wp\/v2\/pages\/2126\/revisions"}],"predecessor-version":[{"id":6691,"href":"https:\/\/blogsaverroes.juntadeandalucia.es\/iesmartiricos\/wp-json\/wp\/v2\/pages\/2126\/revisions\/6691"}],"wp:attachment":[{"href":"https:\/\/blogsaverroes.juntadeandalucia.es\/iesmartiricos\/wp-json\/wp\/v2\/media?parent=2126"}],"curies":[{"name":"wp","href":"https:\/\/api.w.org\/{rel}","templated":true}]}}