{"id":2130,"date":"2017-08-07T11:56:29","date_gmt":"2017-08-07T10:56:29","guid":{"rendered":"https:\/\/blogsaverroes.juntadeandalucia.es\/iesmartiricos\/?page_id=2130"},"modified":"2025-10-31T12:29:56","modified_gmt":"2025-10-31T11:29:56","slug":"tecnologia","status":"publish","type":"page","link":"https:\/\/blogsaverroes.juntadeandalucia.es\/iesmartiricos\/tecnologia\/","title":{"rendered":"Tecnolog\u00eda e Inform\u00e1tica"},"content":{"rendered":"<p><span style=\"color: #000000\"><strong><span style=\"font-family: Times New Roman,serif\"><span style=\"font-size: medium\">Miembros del Departamento<\/span><\/span><\/strong><\/span><\/p>\n<table style=\"border-collapse: collapse;width: 100%;height: 72px\">\n<tbody>\n<tr style=\"height: 24px\">\n<td style=\"width: 50%;height: 24px\">D. Enrique Castillejo Mu\u00f1oz (Tecnolog\u00eda P.E.S.)<\/td>\n<td style=\"width: 50%;height: 24px\">Correo: <a href=\"mailto:p_enriquecastillejo@iesmartiricos.es\">p_enriquecastillejo@iesmartiricos.es<\/a><\/td>\n<\/tr>\n<tr style=\"height: 24px\">\n<td style=\"width: 50%;height: 24px\">D.\u00aa Mar\u00eda Teresa Garrido Adri\u00e1n (Tecnolog\u00eda P.E.S. -Ingl\u00e9s-)<\/td>\n<td style=\"width: 50%;height: 24px\">Correo: <a href=\"mailto:p_maitegarrido@iesmartiricos.es\">p_maitegarrido@iesmartiricos.es<\/a><\/td>\n<\/tr>\n<tr style=\"height: 24px\">\n<td style=\"width: 50%;height: 24px\">D. Santiago Rodr\u00edguez Cotilla (Tecnolog\u00eda P.E.S. -Ingl\u00e9s-)<\/td>\n<td style=\"width: 50%;height: 24px\">Correo: <a href=\"mailto:p_santiagorodriguez@iesmartiricos.es\">p_santiagorodriguez@iesmartiricos.es<\/a><\/td>\n<\/tr>\n<tr>\n<td style=\"width: 50%\">D. Fernando Parra Zurita (Inform\u00e1tica P.E.S.)<\/td>\n<td style=\"width: 50%\">Correo: <a href=\"mailto:p_fernandoparra@iesmartiricos.es\">p_fernandoparra@iesmartiricos.es<\/a><\/td>\n<\/tr>\n<\/tbody>\n<\/table>\n<p>&nbsp;<\/p>\n<p><strong><span style=\"color: #000000\"><span style=\"font-family: Times New Roman,serif\"><span style=\"font-size: medium\">Jefe\/a del Departamento<\/span><\/span><\/span><\/strong><\/p>\n<p style=\"padding-left: 30px\"><span style=\"color: #000000\">D.\u00aa Mar\u00eda Teresa Garrido Adri\u00e1n<\/span><\/p>\n<p><span style=\"color: #000000\"><strong><span style=\"font-family: Times New Roman,serif\"><span style=\"font-size: medium\">Enlaces de inter\u00e9s. Programaciones<br \/>\n<\/span><\/span><\/strong><\/span><\/p>\n<p style=\"padding-left: 40px\"><a href=\"https:\/\/blogsaverroes.juntadeandalucia.es\/iesmartiricos\/files\/2025\/10\/2526ESO_Tecnologia.pdf\">2526ESO_Tecnologia<\/a><\/p>\n<p style=\"padding-left: 40px\"><a href=\"https:\/\/blogsaverroes.juntadeandalucia.es\/iesmartiricos\/files\/2025\/10\/2526_Digitalizacion.pdf\">2526_Digitalizacion<\/a><\/p>\n<p style=\"padding-left: 40px\"><a href=\"https:\/\/blogsaverroes.juntadeandalucia.es\/iesmartiricos\/files\/2025\/10\/2526ESO_ComputacionRobotica.pdf\">2526ESO_ComputacionRobotica<\/a><\/p>\n<p style=\"padding-left: 40px\"><a href=\"https:\/\/blogsaverroes.juntadeandalucia.es\/iesmartiricos\/files\/2025\/10\/2526ESO_TecnologiaDigitalizacion.pdf\">2526ESO_TecnologiaDigitalizacion<\/a><\/p>\n<p style=\"padding-left: 40px\"><a href=\"https:\/\/blogsaverroes.juntadeandalucia.es\/iesmartiricos\/files\/2025\/10\/2526Bach_TIC.pdf\">2526Bach_TIC<\/a><\/p>\n<p style=\"padding-left: 40px\"><a href=\"https:\/\/blogsaverroes.juntadeandalucia.es\/iesmartiricos\/files\/2025\/10\/2526Bach_ImagenSonid.pdf\">2526Bach_ImagenSonid<\/a><\/p>\n<p style=\"padding-left: 40px\"><a href=\"https:\/\/blogsaverroes.juntadeandalucia.es\/iesmartiricos\/files\/2025\/10\/2526Bach_TecnologiaIngenieria.pdf\">2526Bach_TecnologiaIngenieria<\/a><\/p>\n<p>&nbsp;<\/p>\n<p>&nbsp;<\/p>\n<p style=\"padding-left: 30px\">&nbsp;<\/p>\n","protected":false},"excerpt":{"rendered":"<p>Miembros del Departamento D. Enrique Castillejo Mu\u00f1oz (Tecnolog\u00eda P.E.S.) Correo: p_enriquecastillejo@iesmartiricos.es D.\u00aa Mar\u00eda Teresa Garrido Adri\u00e1n (Tecnolog\u00eda P.E.S. -Ingl\u00e9s-) Correo: p_maitegarrido@iesmartiricos.es D. Santiago Rodr\u00edguez Cotilla (Tecnolog\u00eda P.E.S. -Ingl\u00e9s-) Correo: p_santiagorodriguez@iesmartiricos.es D. Fernando Parra Zurita&#46;&#46;&#46;<\/p>\n","protected":false},"author":5036,"featured_media":0,"parent":0,"menu_order":0,"comment_status":"closed","ping_status":"closed","template":"","meta":{"ngg_post_thumbnail":0,"footnotes":"","_mc_calendar":[]},"aioseo_notices":[],"_links":{"self":[{"href":"https:\/\/blogsaverroes.juntadeandalucia.es\/iesmartiricos\/wp-json\/wp\/v2\/pages\/2130"}],"collection":[{"href":"https:\/\/blogsaverroes.juntadeandalucia.es\/iesmartiricos\/wp-json\/wp\/v2\/pages"}],"about":[{"href":"https:\/\/blogsaverroes.juntadeandalucia.es\/iesmartiricos\/wp-json\/wp\/v2\/types\/page"}],"author":[{"embeddable":true,"href":"https:\/\/blogsaverroes.juntadeandalucia.es\/iesmartiricos\/wp-json\/wp\/v2\/users\/5036"}],"replies":[{"embeddable":true,"href":"https:\/\/blogsaverroes.juntadeandalucia.es\/iesmartiricos\/wp-json\/wp\/v2\/comments?post=2130"}],"version-history":[{"count":26,"href":"https:\/\/blogsaverroes.juntadeandalucia.es\/iesmartiricos\/wp-json\/wp\/v2\/pages\/2130\/revisions"}],"predecessor-version":[{"id":6724,"href":"https:\/\/blogsaverroes.juntadeandalucia.es\/iesmartiricos\/wp-json\/wp\/v2\/pages\/2130\/revisions\/6724"}],"wp:attachment":[{"href":"https:\/\/blogsaverroes.juntadeandalucia.es\/iesmartiricos\/wp-json\/wp\/v2\/media?parent=2130"}],"curies":[{"name":"wp","href":"https:\/\/api.w.org\/{rel}","templated":true}]}}