{"id":2450,"date":"2017-09-12T22:20:57","date_gmt":"2017-09-12T21:20:57","guid":{"rendered":"https:\/\/blogsaverroes.juntadeandalucia.es\/iesmartiricos\/?page_id=2450"},"modified":"2026-03-03T12:35:29","modified_gmt":"2026-03-03T11:35:29","slug":"filosofia-y-latin","status":"publish","type":"page","link":"https:\/\/blogsaverroes.juntadeandalucia.es\/iesmartiricos\/filosofia-y-latin\/","title":{"rendered":"Filosof\u00eda, Lat\u00edn y Griego"},"content":{"rendered":"<p><strong>Miembros del Departamento<\/strong><\/p>\n<table>\n<tbody>\n<tr>\n<td>D. Rafael Herrera Montero, Rafael (Cultura Cl\u00e1sica)<\/td>\n<td>Correo: <a href=\"mailto:p_rafaelherrera@iesmartiricos.es\">p_rafaelherrera@iesmartiricos.es<\/a><\/td>\n<\/tr>\n<tr>\n<td>D. Rafael Robles Loro (Filosof\u00eda -Ingl\u00e9s- P.E.S.)<\/td>\n<td>Correo: <a href=\"mailto:p_rafaelrobles@iesmartiricos.es\">p_rafaelrobles@iesmartiricos.es<\/a><\/td>\n<\/tr>\n<\/tbody>\n<\/table>\n<p><strong>Jefe\/a del Departamento<\/strong><\/p>\n<p>D. Rafael Herrera Montero<\/p>\n<p><strong><span style=\"color: #000000\">Enlaces de inter\u00e9s. Programaciones<br \/>\n<\/span><\/strong><\/p>\n<p style=\"padding-left: 40px\"><a href=\"https:\/\/blogsaverroes.juntadeandalucia.es\/iesmartiricos\/files\/2025\/10\/2526ESO_ValoresCivicos.pdf\">2526ESO_ValoresCivicos<\/a><\/p>\n<p style=\"padding-left: 40px\"><a href=\"https:\/\/blogsaverroes.juntadeandalucia.es\/iesmartiricos\/files\/2025\/10\/2526ESO_Latin.pdf\">2526ESO_Latin<\/a><\/p>\n<p style=\"padding-left: 40px\"><a href=\"https:\/\/blogsaverroes.juntadeandalucia.es\/iesmartiricos\/files\/2025\/10\/2526Bach_Filosofia.pdf\">2526Bach_Filosofia<\/a><\/p>\n<p style=\"padding-left: 40px\"><a href=\"https:\/\/blogsaverroes.juntadeandalucia.es\/iesmartiricos\/files\/2025\/10\/2526Bach_Latin.pdf\">2526Bach_Latin<\/a><\/p>\n<p style=\"padding-left: 40px\"><a href=\"https:\/\/blogsaverroes.juntadeandalucia.es\/iesmartiricos\/files\/2025\/10\/2526Bach_Griego.pdf\">2526Bach_Griego<\/a><\/p>\n<p style=\"padding-left: 40px\"><a href=\"https:\/\/blogsaverroes.juntadeandalucia.es\/iesmartiricos\/files\/2025\/10\/2526Bach_HistoriaFilosofia.pdf\">2526Bach_HistoriaFilosofia<\/a><\/p>\n","protected":false},"excerpt":{"rendered":"<p>Miembros del Departamento D. Rafael Herrera Montero, Rafael (Cultura Cl\u00e1sica) Correo: p_rafaelherrera@iesmartiricos.es D. Rafael Robles Loro (Filosof\u00eda -Ingl\u00e9s- P.E.S.) Correo: p_rafaelrobles@iesmartiricos.es Jefe\/a del Departamento D. Rafael Herrera Montero Enlaces de inter\u00e9s. Programaciones 2526ESO_ValoresCivicos 2526ESO_Latin&#46;&#46;&#46;<\/p>\n","protected":false},"author":5036,"featured_media":0,"parent":0,"menu_order":0,"comment_status":"closed","ping_status":"closed","template":"","meta":{"ngg_post_thumbnail":0,"footnotes":"","_mc_calendar":[]},"aioseo_notices":[],"_links":{"self":[{"href":"https:\/\/blogsaverroes.juntadeandalucia.es\/iesmartiricos\/wp-json\/wp\/v2\/pages\/2450"}],"collection":[{"href":"https:\/\/blogsaverroes.juntadeandalucia.es\/iesmartiricos\/wp-json\/wp\/v2\/pages"}],"about":[{"href":"https:\/\/blogsaverroes.juntadeandalucia.es\/iesmartiricos\/wp-json\/wp\/v2\/types\/page"}],"author":[{"embeddable":true,"href":"https:\/\/blogsaverroes.juntadeandalucia.es\/iesmartiricos\/wp-json\/wp\/v2\/users\/5036"}],"replies":[{"embeddable":true,"href":"https:\/\/blogsaverroes.juntadeandalucia.es\/iesmartiricos\/wp-json\/wp\/v2\/comments?post=2450"}],"version-history":[{"count":37,"href":"https:\/\/blogsaverroes.juntadeandalucia.es\/iesmartiricos\/wp-json\/wp\/v2\/pages\/2450\/revisions"}],"predecessor-version":[{"id":6833,"href":"https:\/\/blogsaverroes.juntadeandalucia.es\/iesmartiricos\/wp-json\/wp\/v2\/pages\/2450\/revisions\/6833"}],"wp:attachment":[{"href":"https:\/\/blogsaverroes.juntadeandalucia.es\/iesmartiricos\/wp-json\/wp\/v2\/media?parent=2450"}],"curies":[{"name":"wp","href":"https:\/\/api.w.org\/{rel}","templated":true}]}}