{"id":2452,"date":"2017-09-12T22:24:32","date_gmt":"2017-09-12T21:24:32","guid":{"rendered":"https:\/\/blogsaverroes.juntadeandalucia.es\/iesmartiricos\/?page_id=2452"},"modified":"2025-10-30T17:55:17","modified_gmt":"2025-10-30T16:55:17","slug":"fpb-comercio","status":"publish","type":"page","link":"https:\/\/blogsaverroes.juntadeandalucia.es\/iesmartiricos\/fpb-comercio\/","title":{"rendered":"CFGB: Comercio"},"content":{"rendered":"<p><strong>Miembros del Departamento<\/strong><\/p>\n<p>D.\u00aa Silvia Partal Monta\u00f1ez (Servicios Comerciales P.E.S.).&nbsp; Correo: <a href=\"mailto:p_silviapartal@iesmartiricos.es\">p_silviapartal@iesmartiricos.es<\/a><\/p>\n<p>D.\u00aa Joana Fortes Granados (Servicios Comerciales P.E.S.). Correo: <a href=\"mailto:p_joanafortes@iesmartiricos.es\">p_joanafortes@iesmartiricos.es<\/a><\/p>\n<p>D.\u00aa Marta L\u00f3pez Burgos (Servicios Comerciales P.E.S.).&nbsp; Correo: <a href=\"mailto:p_martalopezburgos@iesmartiricos.es\">p_martalopezburgos@iesmartiricos.es<\/a><\/p>\n<p>D. Noem\u00ed Valencia Burgue\u00f1o (Servicios Comerciales P.E.S.).&nbsp; Correo: <a href=\"mailto:p_noemivalencia@iesmartiricos.es\">p_noemivalencia@iesmartiricos.es<\/a><\/p>\n<p>&nbsp;<\/p>\n<p><strong>Jefa del Departamento<\/strong><\/p>\n<p style=\"padding-left: 30px\">D.\u00aa Joana Fortes Granados<\/p>\n<p><strong>Enlaces de inter\u00e9s. Programaciones<br \/>\n<\/strong><\/p>\n<p style=\"padding-left: 40px\"><a href=\"https:\/\/blogsaverroes.juntadeandalucia.es\/iesmartiricos\/files\/2025\/10\/2526CFGB_ModulosEspecificos.pdf\">2526CFGB_ModulosEspecificos<\/a><\/p>\n<p style=\"padding-left: 40px\"><a href=\"https:\/\/blogsaverroes.juntadeandalucia.es\/iesmartiricos\/files\/2025\/10\/2526CFGB_CienciasAplicadasI.pdf\">2526CFGB_CienciasAplicadasI<\/a><\/p>\n<p style=\"padding-left: 40px\"><a href=\"https:\/\/blogsaverroes.juntadeandalucia.es\/iesmartiricos\/files\/2025\/10\/2526CFGB_ComunicacionCienciasSocialesII.pdf\">2526CFGB_ComunicacionCienciasSocialesII<\/a><\/p>\n<p style=\"padding-left: 40px\"><a href=\"https:\/\/blogsaverroes.juntadeandalucia.es\/iesmartiricos\/files\/2025\/10\/2526CFGB_ComunicacionCienciasSocialesI.pdf\">2526CFGB_ComunicacionCienciasSocialesI<\/a><\/p>\n<p style=\"padding-left: 40px\"><a href=\"https:\/\/blogsaverroes.juntadeandalucia.es\/iesmartiricos\/files\/2025\/10\/2526CFGB_CienciasAplicadasII.pdf\">2526CFGB_CienciasAplicadasII<\/a><\/p>\n<p style=\"padding-left: 40px\">&nbsp;<\/p>\n","protected":false},"excerpt":{"rendered":"<p>Miembros del Departamento D.\u00aa Silvia Partal Monta\u00f1ez (Servicios Comerciales P.E.S.).&nbsp; Correo: p_silviapartal@iesmartiricos.es D.\u00aa Joana Fortes Granados (Servicios Comerciales P.E.S.). Correo: p_joanafortes@iesmartiricos.es D.\u00aa Marta L\u00f3pez Burgos (Servicios Comerciales P.E.S.).&nbsp; Correo: p_martalopezburgos@iesmartiricos.es D. Noem\u00ed Valencia Burgue\u00f1o&#46;&#46;&#46;<\/p>\n","protected":false},"author":5036,"featured_media":0,"parent":0,"menu_order":0,"comment_status":"closed","ping_status":"closed","template":"","meta":{"ngg_post_thumbnail":0,"footnotes":"","_mc_calendar":[]},"aioseo_notices":[],"_links":{"self":[{"href":"https:\/\/blogsaverroes.juntadeandalucia.es\/iesmartiricos\/wp-json\/wp\/v2\/pages\/2452"}],"collection":[{"href":"https:\/\/blogsaverroes.juntadeandalucia.es\/iesmartiricos\/wp-json\/wp\/v2\/pages"}],"about":[{"href":"https:\/\/blogsaverroes.juntadeandalucia.es\/iesmartiricos\/wp-json\/wp\/v2\/types\/page"}],"author":[{"embeddable":true,"href":"https:\/\/blogsaverroes.juntadeandalucia.es\/iesmartiricos\/wp-json\/wp\/v2\/users\/5036"}],"replies":[{"embeddable":true,"href":"https:\/\/blogsaverroes.juntadeandalucia.es\/iesmartiricos\/wp-json\/wp\/v2\/comments?post=2452"}],"version-history":[{"count":32,"href":"https:\/\/blogsaverroes.juntadeandalucia.es\/iesmartiricos\/wp-json\/wp\/v2\/pages\/2452\/revisions"}],"predecessor-version":[{"id":6649,"href":"https:\/\/blogsaverroes.juntadeandalucia.es\/iesmartiricos\/wp-json\/wp\/v2\/pages\/2452\/revisions\/6649"}],"wp:attachment":[{"href":"https:\/\/blogsaverroes.juntadeandalucia.es\/iesmartiricos\/wp-json\/wp\/v2\/media?parent=2452"}],"curies":[{"name":"wp","href":"https:\/\/api.w.org\/{rel}","templated":true}]}}