{"id":2773,"date":"2018-01-23T22:43:38","date_gmt":"2018-01-23T21:43:38","guid":{"rendered":"https:\/\/blogsaverroes.juntadeandalucia.es\/iesmartiricos\/?page_id=2773"},"modified":"2020-01-12T18:36:55","modified_gmt":"2020-01-12T17:36:55","slug":"ampa-martiricos","status":"publish","type":"page","link":"https:\/\/blogsaverroes.juntadeandalucia.es\/iesmartiricos\/ampa-martiricos\/","title":{"rendered":"AMPA"},"content":{"rendered":"<p align=\"center\"><span style=\"color: #000000\"><span style=\"font-family: Times New Roman, serif\"><span style=\"font-size: medium\"><b>AMPA MARTIRICOS DEL IES NUESTRA SE\u00d1ORA DE LA VICTORIA<\/b><\/span><\/span><\/span><\/p>\n<p align=\"justify\"><span style=\"color: #000000\">&nbsp;<\/span><span style=\"color: #000000\"><span style=\"font-family: Times New Roman, serif\"><span style=\"font-size: medium\">La Asociaci\u00f3n de Madres y Padres de Alumnos\/as \u201cAMPA MARTIRICOS\u201d del IES NUESTRA SE\u00d1ORA DE LA SE\u00d1ORA es una de las formas que tienen las familias de participar en la vida educativa del Centro. Este curso escolar 2019\/2020 cuenta con una nueva Junta Directiva, tras celebrarse Junta general de socios el d\u00eda 19 de Noviembre de 2019. Los miembros son los siguientes:<\/span><\/span><\/span><\/p>\n<ul>\n<li><span style=\"color: #000000\"><span style=\"font-family: Times New Roman, serif\"><span style=\"font-size: medium\">PRESIDENTE: CARLOS KIND RODRIGUEZ (M\u00d3VIL 616817916)<\/span><\/span><\/span><\/li>\n<li><span style=\"color: #000000\"><span style=\"font-family: Times New Roman, serif\"><span style=\"font-size: medium\">SECRETARIA: MARIA JOSE SANCHEZ GUILLEN<\/span><\/span><\/span><\/li>\n<li><span style=\"color: #000000\"><span style=\"font-family: Times New Roman, serif\"><span style=\"font-size: medium\">TESORERA: EVA GALLARDO GARCIA<\/span><\/span><\/span><\/li>\n<li><span style=\"color: #000000\"><span style=\"font-family: Times New Roman, serif\"><span style=\"font-size: medium\">VOCALES: <\/span><\/span><\/span><\/li>\n<\/ul>\n<ul>\n<li style=\"list-style-type: none\">\n<ul>\n<li><span style=\"color: #000000\"><span style=\"font-family: Times New Roman, serif\"><span style=\"font-size: medium\">INMACULADA ESPA\u00d1A BARRERA<\/span><\/span><\/span><\/li>\n<li><span style=\"color: #000000\"><span style=\"font-family: Times New Roman, serif\"><span style=\"font-size: medium\">GLORIA PUCHE DE HARO<\/span><\/span><\/span><\/li>\n<\/ul>\n<\/li>\n<\/ul>\n<p><span style=\"color: #000000\"><span style=\"font-family: Times New Roman, serif\"><span style=\"font-size: medium\">El AMPA complementa la labor de gesti\u00f3n y administraci\u00f3n del Instituto que se realiza por medio de la participaci\u00f3n en el Consejo Escolar y a trav\u00e9s de la realizaci\u00f3n de actividades que enriquecen y complementan el proyecto Curricular del alumnado. Tiene como objetivo seguir con la celebraci\u00f3n de actividades de diversa \u00edndole en colaboraci\u00f3n con el Centro para acercar a los padres, madres o tutores, para fomentar la cultura, el deporte y la convivencia, seguir velando por nuestras instalaciones y por nuestros hijos\/as.<\/span><\/span><\/span><\/p>\n<p align=\"justify\"><span style=\"color: #000000\"><span style=\"font-family: Times New Roman, serif\"><span style=\"font-size: medium\">El trabajo conjunto de toda la comunidad educativa, direcci\u00f3n, profesorado, alumnos y familias, es fundamental para poder mejorar el d\u00eda a d\u00eda en nuestro Centro.<\/span><\/span><\/span><\/p>\n<p align=\"justify\"><span style=\"color: #000000\"><span style=\"font-family: Times New Roman, serif\"><span style=\"font-size: medium\">Te animamos a que participes en la medida que puedas hacerlo, tambi\u00e9n es importante que te asocies al AMPA ya que dispondr\u00e1s de descuentos en Academias de idiomas y apoyo escolar, \u00d3ptica, Cl\u00ednica Dental, Peluquer\u00eda masculina y seguros como la compa\u00f1\u00eda CASER. Seguiremos trabajando para que hayan m\u00e1s establecimientos.<\/span><\/span><\/span><\/p>\n<p align=\"justify\"><span style=\"color: #000000\"><span style=\"font-family: Times New Roman, serif\"><span style=\"font-size: medium\">Para inscribirse se necesita rellenar la hoja de inscripci\u00f3n que se facilita en la misma sede del Ampa los lunes y jueves de 11 a 11.30 horas. Para m\u00e1s informaci\u00f3n nos puede escribir al correo <\/span><\/span><a style=\"color: #000000\" href=\"mailto:ampa@iesmartiricos.es\"><span style=\"font-family: Times New Roman, serif\"><span style=\"font-size: medium\">ampa@iesmartiricos.es<\/span><\/span><\/a><span style=\"font-family: Times New Roman, serif\"><span style=\"font-size: medium\">&nbsp;<\/span><\/span><\/span><\/p>\n<p align=\"justify\"><span style=\"color: #000000\"><span style=\"font-family: Times New Roman, serif\"><span style=\"font-size: medium\">Saludos Cordiales.<\/span><\/span><\/span><\/p>\n<p align=\"justify\"><span style=\"color: #000000\"><span style=\"font-family: Times New Roman, serif\"><span style=\"font-size: medium\">AMPA MARTIRICOS.<\/span><\/span><\/span><\/p>\n<p align=\"justify\">&nbsp;<\/p>\n<p>&nbsp;<\/p>\n","protected":false},"excerpt":{"rendered":"<p>AMPA MARTIRICOS DEL IES NUESTRA SE\u00d1ORA DE LA VICTORIA &nbsp;La Asociaci\u00f3n de Madres y Padres de Alumnos\/as \u201cAMPA MARTIRICOS\u201d del IES NUESTRA SE\u00d1ORA DE LA SE\u00d1ORA es una de las formas que tienen las&#46;&#46;&#46;<\/p>\n","protected":false},"author":5036,"featured_media":0,"parent":0,"menu_order":0,"comment_status":"closed","ping_status":"closed","template":"","meta":{"ngg_post_thumbnail":0,"footnotes":"","_mc_calendar":[]},"aioseo_notices":[],"_links":{"self":[{"href":"https:\/\/blogsaverroes.juntadeandalucia.es\/iesmartiricos\/wp-json\/wp\/v2\/pages\/2773"}],"collection":[{"href":"https:\/\/blogsaverroes.juntadeandalucia.es\/iesmartiricos\/wp-json\/wp\/v2\/pages"}],"about":[{"href":"https:\/\/blogsaverroes.juntadeandalucia.es\/iesmartiricos\/wp-json\/wp\/v2\/types\/page"}],"author":[{"embeddable":true,"href":"https:\/\/blogsaverroes.juntadeandalucia.es\/iesmartiricos\/wp-json\/wp\/v2\/users\/5036"}],"replies":[{"embeddable":true,"href":"https:\/\/blogsaverroes.juntadeandalucia.es\/iesmartiricos\/wp-json\/wp\/v2\/comments?post=2773"}],"version-history":[{"count":5,"href":"https:\/\/blogsaverroes.juntadeandalucia.es\/iesmartiricos\/wp-json\/wp\/v2\/pages\/2773\/revisions"}],"predecessor-version":[{"id":4377,"href":"https:\/\/blogsaverroes.juntadeandalucia.es\/iesmartiricos\/wp-json\/wp\/v2\/pages\/2773\/revisions\/4377"}],"wp:attachment":[{"href":"https:\/\/blogsaverroes.juntadeandalucia.es\/iesmartiricos\/wp-json\/wp\/v2\/media?parent=2773"}],"curies":[{"name":"wp","href":"https:\/\/api.w.org\/{rel}","templated":true}]}}