{"id":2978,"date":"2018-04-25T23:25:02","date_gmt":"2018-04-25T22:25:02","guid":{"rendered":"https:\/\/blogsaverroes.juntadeandalucia.es\/iesmartiricos\/?page_id=2978"},"modified":"2018-04-25T23:36:45","modified_gmt":"2018-04-25T22:36:45","slug":"la-noche-en-blanco","status":"publish","type":"page","link":"https:\/\/blogsaverroes.juntadeandalucia.es\/iesmartiricos\/la-noche-en-blanco\/","title":{"rendered":"La Noche en Blanco"},"content":{"rendered":"<p>El IES Nuestra Se\u00f1ora de la Victoria, nuestro querido Martiricos, ha sido pionero de los centros educativos en la participaci\u00f3n en la Noche en Blanco malague\u00f1a.<\/p>\n<p>Desde el a\u00f1o 2011 venimos abriendo nuestras puertas para acercar nuestros tesoros a todas las personas que en esas noches tienen inter\u00e9s por visitarnos. Somos, pues, veteranos en esta actividad tan querida la ciudad de M\u00e1laga.<\/p>\n<p><a href=\"https:\/\/blogsaverroes.juntadeandalucia.es\/iesmartiricos\/files\/2018\/04\/NB_generica.jpg\"><img loading=\"lazy\" decoding=\"async\" class=\"alignnone size-medium wp-image-2979\" src=\"https:\/\/blogsaverroes.juntadeandalucia.es\/iesmartiricos\/files\/2018\/04\/NB_generica-206x300.jpg\" alt=\"\" width=\"206\" height=\"300\" srcset=\"https:\/\/blogsaverroes.juntadeandalucia.es\/iesmartiricos\/files\/2018\/04\/NB_generica-206x300.jpg 206w, https:\/\/blogsaverroes.juntadeandalucia.es\/iesmartiricos\/files\/2018\/04\/NB_generica-704x1024.jpg 704w, https:\/\/blogsaverroes.juntadeandalucia.es\/iesmartiricos\/files\/2018\/04\/NB_generica-16x24.jpg 16w, https:\/\/blogsaverroes.juntadeandalucia.es\/iesmartiricos\/files\/2018\/04\/NB_generica-25x36.jpg 25w, https:\/\/blogsaverroes.juntadeandalucia.es\/iesmartiricos\/files\/2018\/04\/NB_generica-33x48.jpg 33w, https:\/\/blogsaverroes.juntadeandalucia.es\/iesmartiricos\/files\/2018\/04\/NB_generica.jpg 1099w\" sizes=\"(max-width: 206px) 100vw, 206px\" \/><\/a><\/p>\n<p>Este a\u00f1o 2018 no pod\u00edamos faltar a la cita con la XI Noche en Blanco. Y, con toda la ilusi\u00f3n posible, un conjunto de profesores, familias, alumnos y amigos del IES Martiricos, venimos trabajando para que el pr\u00f3ximo 12 de mayo el centro luzca mejor que nunca.<\/p>\n<p><a href=\"https:\/\/blogsaverroes.juntadeandalucia.es\/iesmartiricos\/files\/2018\/04\/ojo.jpg\"><img loading=\"lazy\" decoding=\"async\" class=\"alignnone size-medium wp-image-2980\" src=\"https:\/\/blogsaverroes.juntadeandalucia.es\/iesmartiricos\/files\/2018\/04\/ojo-300x249.jpg\" alt=\"\" width=\"300\" height=\"249\" srcset=\"https:\/\/blogsaverroes.juntadeandalucia.es\/iesmartiricos\/files\/2018\/04\/ojo-300x249.jpg 300w, https:\/\/blogsaverroes.juntadeandalucia.es\/iesmartiricos\/files\/2018\/04\/ojo-24x20.jpg 24w, https:\/\/blogsaverroes.juntadeandalucia.es\/iesmartiricos\/files\/2018\/04\/ojo-36x30.jpg 36w, https:\/\/blogsaverroes.juntadeandalucia.es\/iesmartiricos\/files\/2018\/04\/ojo-48x40.jpg 48w, https:\/\/blogsaverroes.juntadeandalucia.es\/iesmartiricos\/files\/2018\/04\/ojo.jpg 987w\" sizes=\"(max-width: 300px) 100vw, 300px\" \/><\/a><\/p>\n<p>Enlace: <a href=\"https:\/\/blogsaverroes.juntadeandalucia.es\/iesmartiricos\/2018\/04\/25\/noche-en-blanco-2018\/\">Noche en Blanco 2018 en el IES Martiricos<\/a><\/p>\n","protected":false},"excerpt":{"rendered":"<p>El IES Nuestra Se\u00f1ora de la Victoria, nuestro querido Martiricos, ha sido pionero de los centros educativos en la participaci\u00f3n en la Noche en Blanco malague\u00f1a. Desde el a\u00f1o 2011 venimos abriendo nuestras puertas&#46;&#46;&#46;<\/p>\n","protected":false},"author":5036,"featured_media":2981,"parent":0,"menu_order":0,"comment_status":"closed","ping_status":"closed","template":"","meta":{"ngg_post_thumbnail":0,"footnotes":"","_mc_calendar":[]},"aioseo_notices":[],"_links":{"self":[{"href":"https:\/\/blogsaverroes.juntadeandalucia.es\/iesmartiricos\/wp-json\/wp\/v2\/pages\/2978"}],"collection":[{"href":"https:\/\/blogsaverroes.juntadeandalucia.es\/iesmartiricos\/wp-json\/wp\/v2\/pages"}],"about":[{"href":"https:\/\/blogsaverroes.juntadeandalucia.es\/iesmartiricos\/wp-json\/wp\/v2\/types\/page"}],"author":[{"embeddable":true,"href":"https:\/\/blogsaverroes.juntadeandalucia.es\/iesmartiricos\/wp-json\/wp\/v2\/users\/5036"}],"replies":[{"embeddable":true,"href":"https:\/\/blogsaverroes.juntadeandalucia.es\/iesmartiricos\/wp-json\/wp\/v2\/comments?post=2978"}],"version-history":[{"count":3,"href":"https:\/\/blogsaverroes.juntadeandalucia.es\/iesmartiricos\/wp-json\/wp\/v2\/pages\/2978\/revisions"}],"predecessor-version":[{"id":2991,"href":"https:\/\/blogsaverroes.juntadeandalucia.es\/iesmartiricos\/wp-json\/wp\/v2\/pages\/2978\/revisions\/2991"}],"wp:featuredmedia":[{"embeddable":true,"href":"https:\/\/blogsaverroes.juntadeandalucia.es\/iesmartiricos\/wp-json\/wp\/v2\/media\/2981"}],"wp:attachment":[{"href":"https:\/\/blogsaverroes.juntadeandalucia.es\/iesmartiricos\/wp-json\/wp\/v2\/media?parent=2978"}],"curies":[{"name":"wp","href":"https:\/\/api.w.org\/{rel}","templated":true}]}}