{"id":35,"date":"2015-03-13T08:21:43","date_gmt":"2015-03-13T08:21:43","guid":{"rendered":"http:\/\/blogsaverroes.juntadeandalucia.es\/pre\/ceip\/?page_id=35"},"modified":"2023-09-12T17:14:56","modified_gmt":"2023-09-12T16:14:56","slug":"el-centro-2","status":"publish","type":"page","link":"https:\/\/blogsaverroes.juntadeandalucia.es\/iesmartiricos\/el-centro-2\/","title":{"rendered":"Datos del centro"},"content":{"rendered":"<h4>Datos de contacto<\/h4>\n<p><strong>IES Nuestra Se\u00f1ora de la Victoria<\/strong><\/p>\n<p><strong>Direcci\u00f3n:<\/strong>&nbsp; Paseo de Martiricos 11, 29009 M\u00e1laga<\/p>\n<p><strong>Tel\u00e9fono \/ FAX: <\/strong>951 29 85 02 \/ 951 29 85 08<\/p>\n<p><strong>Email:<\/strong> 29005928.edu@juntadeandalucia.es<\/p>\n<p><strong>Email Secretaria: <\/strong>administracion@iesmartiricos.es<\/p>\n<p><iframe loading=\"lazy\" src=\"https:\/\/www.google.com\/maps\/embed?pb=!1m18!1m12!1m3!1d3197.7423828753454!2d-4.429997123641333!3d36.728747871723364!2m3!1f0!2f0!3f0!3m2!1i1024!2i768!4f13.1!3m3!1m2!1s0xd72f7bb1782d22b%3A0x81ce5c4faeb0753e!2sIES%20Nuestra%20Se%C3%B1ora%20de%20la%20Victoria!5e0!3m2!1ses!2ses!4v1694535201136!5m2!1ses!2ses\" width=\"600\" height=\"450\"><\/iframe><\/p>\n<h4><strong>Horario<\/strong><\/h4>\n<p>Horario Lectivo: Lunes a Viernes de 8:00 a 14:30 horas<\/p>\n<p>Plan de Acompa\u00f1amiento y PALI: Lunes a Jueves de 16:30 a 18:30<\/p>\n<h4><strong>Oferta educativa<\/strong><\/h4>\n<p>Educaci\u00f3n Secundaria Obligatoria<\/p>\n<p>Bachillerato<\/p>\n<ul>\n<li>Humanidades y Ciencias Sociales<\/li>\n<li>Tecnol\u00f3gico y Ciencias de la Salud<\/li>\n<\/ul>\n<p>Formaci\u00f3n Profesional B\u00e1sica: Comercio<\/p>\n","protected":false},"excerpt":{"rendered":"<p>Datos de contacto IES Nuestra Se\u00f1ora de la Victoria Direcci\u00f3n:&nbsp; Paseo de Martiricos 11, 29009 M\u00e1laga Tel\u00e9fono \/ FAX: 951 29 85 02 \/ 951 29 85 08 Email: 29005928.edu@juntadeandalucia.es Email Secretaria: administracion@iesmartiricos.es Horario&#46;&#46;&#46;<\/p>\n","protected":false},"author":1,"featured_media":0,"parent":0,"menu_order":0,"comment_status":"open","ping_status":"open","template":"","meta":{"ngg_post_thumbnail":0,"footnotes":"","_mc_calendar":[]},"aioseo_notices":[],"_links":{"self":[{"href":"https:\/\/blogsaverroes.juntadeandalucia.es\/iesmartiricos\/wp-json\/wp\/v2\/pages\/35"}],"collection":[{"href":"https:\/\/blogsaverroes.juntadeandalucia.es\/iesmartiricos\/wp-json\/wp\/v2\/pages"}],"about":[{"href":"https:\/\/blogsaverroes.juntadeandalucia.es\/iesmartiricos\/wp-json\/wp\/v2\/types\/page"}],"author":[{"embeddable":true,"href":"https:\/\/blogsaverroes.juntadeandalucia.es\/iesmartiricos\/wp-json\/wp\/v2\/users\/1"}],"replies":[{"embeddable":true,"href":"https:\/\/blogsaverroes.juntadeandalucia.es\/iesmartiricos\/wp-json\/wp\/v2\/comments?post=35"}],"version-history":[{"count":24,"href":"https:\/\/blogsaverroes.juntadeandalucia.es\/iesmartiricos\/wp-json\/wp\/v2\/pages\/35\/revisions"}],"predecessor-version":[{"id":5719,"href":"https:\/\/blogsaverroes.juntadeandalucia.es\/iesmartiricos\/wp-json\/wp\/v2\/pages\/35\/revisions\/5719"}],"wp:attachment":[{"href":"https:\/\/blogsaverroes.juntadeandalucia.es\/iesmartiricos\/wp-json\/wp\/v2\/media?parent=35"}],"curies":[{"name":"wp","href":"https:\/\/api.w.org\/{rel}","templated":true}]}}