{"id":42,"date":"2015-03-13T08:40:47","date_gmt":"2015-03-13T08:40:47","guid":{"rendered":"http:\/\/blogsaverroes.juntadeandalucia.es\/pre\/ceip\/?page_id=42"},"modified":"2020-09-06T10:36:40","modified_gmt":"2020-09-06T09:36:40","slug":"equipo-directivo","status":"publish","type":"page","link":"https:\/\/blogsaverroes.juntadeandalucia.es\/iesmartiricos\/equipo-directivo\/","title":{"rendered":"Equipo directivo"},"content":{"rendered":"<p><strong>Direcci\u00f3n: <\/strong><\/p>\n<p>Diego Palacios G\u00f3mez &nbsp;&nbsp; <a href=\"mailto:p_diegopalacios@iesmartiricos.es\">p_diegopalacios@iesmartiricos.es<\/a><\/p>\n<p><strong>Vicedirecci\u00f3n:<\/strong><\/p>\n<p>Rafael Robles Loro&nbsp;&nbsp;&nbsp; <a href=\"mailto:p_rafaelrobles@iesmartiricos.es\">p_rafaelrobles@iesmartiricos.es<\/a><\/p>\n<p><strong>Jefatura de estudios:<\/strong><\/p>\n<p>Isabel Larrubia Mel\u00e9ndez&nbsp;&nbsp; <a href=\"mailto:p_isalarrubia@iesmartiricos.es\">p_isalarrubia@iesmartiricos.es<\/a><\/p>\n<p>Rebeca Jim\u00e9nez Romero (Jefatura Adjunta)&nbsp; <a href=\"mailto:p_rebecajimenez@iesmartiricos.es\">p_rebecajimenez@iesmartiricos.es<\/a><\/p>\n<p><strong>Secretar\u00eda:<\/strong><\/p>\n<p>Encarnaci\u00f3n Torres G\u00f3mez &nbsp;&nbsp; <a href=\"mailto:p_encarnaciontorres@iesmartiricos.es\">p_encarnaciontorres@iesmartiricos.es<\/a><\/p>\n","protected":false},"excerpt":{"rendered":"<p>Direcci\u00f3n: Diego Palacios G\u00f3mez &nbsp;&nbsp; p_diegopalacios@iesmartiricos.es Vicedirecci\u00f3n: Rafael Robles Loro&nbsp;&nbsp;&nbsp; p_rafaelrobles@iesmartiricos.es Jefatura de estudios: Isabel Larrubia Mel\u00e9ndez&nbsp;&nbsp; p_isalarrubia@iesmartiricos.es Rebeca Jim\u00e9nez Romero (Jefatura Adjunta)&nbsp; p_rebecajimenez@iesmartiricos.es Secretar\u00eda: Encarnaci\u00f3n Torres G\u00f3mez &nbsp;&nbsp; p_encarnaciontorres@iesmartiricos.es<\/p>\n","protected":false},"author":1,"featured_media":0,"parent":0,"menu_order":0,"comment_status":"open","ping_status":"open","template":"page-templates\/child-menu.php","meta":{"ngg_post_thumbnail":0,"footnotes":"","_mc_calendar":[]},"aioseo_notices":[],"_links":{"self":[{"href":"https:\/\/blogsaverroes.juntadeandalucia.es\/iesmartiricos\/wp-json\/wp\/v2\/pages\/42"}],"collection":[{"href":"https:\/\/blogsaverroes.juntadeandalucia.es\/iesmartiricos\/wp-json\/wp\/v2\/pages"}],"about":[{"href":"https:\/\/blogsaverroes.juntadeandalucia.es\/iesmartiricos\/wp-json\/wp\/v2\/types\/page"}],"author":[{"embeddable":true,"href":"https:\/\/blogsaverroes.juntadeandalucia.es\/iesmartiricos\/wp-json\/wp\/v2\/users\/1"}],"replies":[{"embeddable":true,"href":"https:\/\/blogsaverroes.juntadeandalucia.es\/iesmartiricos\/wp-json\/wp\/v2\/comments?post=42"}],"version-history":[{"count":8,"href":"https:\/\/blogsaverroes.juntadeandalucia.es\/iesmartiricos\/wp-json\/wp\/v2\/pages\/42\/revisions"}],"predecessor-version":[{"id":4588,"href":"https:\/\/blogsaverroes.juntadeandalucia.es\/iesmartiricos\/wp-json\/wp\/v2\/pages\/42\/revisions\/4588"}],"wp:attachment":[{"href":"https:\/\/blogsaverroes.juntadeandalucia.es\/iesmartiricos\/wp-json\/wp\/v2\/media?parent=42"}],"curies":[{"name":"wp","href":"https:\/\/api.w.org\/{rel}","templated":true}]}}