{"id":432,"date":"2015-03-20T07:07:25","date_gmt":"2015-03-20T07:07:25","guid":{"rendered":"http:\/\/blogsaverroes.juntadeandalucia.es\/pre\/ceip\/?page_id=432"},"modified":"2025-10-30T18:14:51","modified_gmt":"2025-10-30T17:14:51","slug":"lengua-latin","status":"publish","type":"page","link":"https:\/\/blogsaverroes.juntadeandalucia.es\/iesmartiricos\/lengua-latin\/","title":{"rendered":"Lengua Castellana y Literatura"},"content":{"rendered":"<p><strong>Miembros del Departamento<\/strong><\/p>\n<table style=\"border-collapse: collapse;width: 100%;height: 168px\">\n<tbody>\n<tr style=\"height: 24px\">\n<td style=\"width: 50%;height: 24px\">D\u00aa. Marina Escalera Calleja (Lengua Castellana P.E.S.)<\/td>\n<td style=\"width: 50%;height: 24px\">Correo: <a href=\"mailto:p_marinaescaleracalleja@iesmartiricos.es\">p_marinaescaleracalleja@iesmartiricos.es<\/a><\/td>\n<\/tr>\n<tr style=\"height: 24px\">\n<td style=\"width: 50%;height: 24px\">D\u00aa. Rosa Eva Rodr\u00edguez Villalba (Lengua Castellana P.E.S.)<\/td>\n<td style=\"width: 50%;height: 24px\">Correo: <a href=\"mailto:p_rosaevarodriguez@iesmartiricos.es\">p_rosaevarodriguez@iesmartiricos.es<\/a><\/td>\n<\/tr>\n<tr style=\"height: 24px\">\n<td style=\"width: 50%;height: 24px\">D.\u00aa Adela Elo\u00edsa Aguiar Guerrero (Lengua Castellana P.E.S.)<\/td>\n<td style=\"width: 50%;height: 24px\">Correo: <a href=\"mailto:p_adelaaguiar@iesmartiricos.es\">p_adelaaguiar@iesmartiricos.es<\/a><\/td>\n<\/tr>\n<tr style=\"height: 24px\">\n<td style=\"width: 50%;height: 24px\">D. \u00c1ngel Robles Exp\u00f3sito (Lengua Castellana P.E.S.)<\/td>\n<td style=\"width: 50%;height: 24px\">Correo: <a href=\"mailto:p_angelrobles@iesmartiricos.es\">p_angelrobles@iesmartiricos.es&nbsp;<\/a><\/td>\n<\/tr>\n<tr style=\"height: 24px\">\n<td style=\"width: 50%;height: 24px\">D.\u00aa Juana Mar\u00eda Rodr\u00edguez P\u00e9rez (Lengua Castellana P.E.S.)<\/td>\n<td style=\"width: 50%;height: 24px\">Correo:&nbsp;<a href=\"mailto:p_juanarodriguez@iesmartiricos.es\">p_juanarodriguez@iesmartiricos.es<\/a><\/td>\n<\/tr>\n<tr style=\"height: 24px\">\n<td style=\"width: 50%;height: 24px\">D.\u00aa Ana Smara S\u00e1nchez Garc\u00eda (Lengua Castellana P.E.S.)<\/td>\n<td style=\"width: 50%;height: 24px\">Correo: <a href=\"mailto:p_anasamarasanchez@iesmartiricos.es\">p_anasamarasanchez@iesmartiricos.es&nbsp;<\/a><\/td>\n<\/tr>\n<tr style=\"height: 24px\">\n<td style=\"width: 50%;height: 24px\">D.\u00aa Ane Gamechogoicoechea Llopis (Lengua Castellana P.E.S.)<\/td>\n<td style=\"width: 50%;height: 24px\">Correo: <a href=\"mailto:p_anegamechogoicoecheallopis@iesmartiricos.es\">p_anegamechogoicoecheallopis@iesmartiricos.es<\/a><\/td>\n<\/tr>\n<\/tbody>\n<\/table>\n<p><strong>Jefe del Departamento<\/strong><\/p>\n<p>D.\u00aa Ana Smara S\u00e1nchez Garc\u00eda<\/p>\n<p><strong>Enlaces de inter\u00e9s. Programaciones<br \/>\n<\/strong><\/p>\n<p style=\"padding-left: 40px\"><a href=\"https:\/\/blogsaverroes.juntadeandalucia.es\/iesmartiricos\/files\/2025\/10\/2526ESO_LenguaCastellanaLiteratura.pdf\">2526ESO_LenguaCastellanaLiteratura<\/a><\/p>\n<p style=\"padding-left: 40px\"><a href=\"https:\/\/blogsaverroes.juntadeandalucia.es\/iesmartiricos\/files\/2025\/10\/2526ESO_AmbitoSocioLinguistico.pdf\">2526ESO_AmbitoSocioLinguistico<\/a><\/p>\n<p style=\"padding-left: 40px\"><a href=\"https:\/\/blogsaverroes.juntadeandalucia.es\/iesmartiricos\/files\/2025\/10\/2526ESO_CineHistoriaLiteratura.pdf\">2526ESO_CineHistoriaLiteratura<\/a><\/p>\n<p style=\"padding-left: 40px\"><a href=\"https:\/\/blogsaverroes.juntadeandalucia.es\/iesmartiricos\/files\/2025\/10\/2526ESO_OratoriaDebate.pdf\">2526ESO_OratoriaDebate<\/a><\/p>\n<p style=\"padding-left: 40px\"><a href=\"https:\/\/blogsaverroes.juntadeandalucia.es\/iesmartiricos\/files\/2025\/10\/2526Bach_LenguaCastellanaLiteratura.pdf\">2526Bach_LenguaCastellanaLiteratura<\/a><\/p>\n<p style=\"padding-left: 40px\"><a href=\"https:\/\/blogsaverroes.juntadeandalucia.es\/iesmartiricos\/files\/2025\/10\/2526Bach_AvancesLinguisticos.pdf\">2526Bach_AvancesLinguisticos<\/a><\/p>\n<p>&nbsp;<\/p>\n<p>&nbsp;<\/p>\n<p>&nbsp;<\/p>\n<p style=\"padding-left: 40px\">&nbsp;<\/p>\n","protected":false},"excerpt":{"rendered":"<p>Miembros del Departamento D\u00aa. Marina Escalera Calleja (Lengua Castellana P.E.S.) Correo: p_marinaescaleracalleja@iesmartiricos.es D\u00aa. Rosa Eva Rodr\u00edguez Villalba (Lengua Castellana P.E.S.) Correo: p_rosaevarodriguez@iesmartiricos.es D.\u00aa Adela Elo\u00edsa Aguiar Guerrero (Lengua Castellana P.E.S.) Correo: p_adelaaguiar@iesmartiricos.es D. \u00c1ngel&#46;&#46;&#46;<\/p>\n","protected":false},"author":1,"featured_media":0,"parent":0,"menu_order":0,"comment_status":"open","ping_status":"open","template":"page-templates\/child-menu.php","meta":{"ngg_post_thumbnail":0,"footnotes":"","_mc_calendar":[]},"aioseo_notices":[],"_links":{"self":[{"href":"https:\/\/blogsaverroes.juntadeandalucia.es\/iesmartiricos\/wp-json\/wp\/v2\/pages\/432"}],"collection":[{"href":"https:\/\/blogsaverroes.juntadeandalucia.es\/iesmartiricos\/wp-json\/wp\/v2\/pages"}],"about":[{"href":"https:\/\/blogsaverroes.juntadeandalucia.es\/iesmartiricos\/wp-json\/wp\/v2\/types\/page"}],"author":[{"embeddable":true,"href":"https:\/\/blogsaverroes.juntadeandalucia.es\/iesmartiricos\/wp-json\/wp\/v2\/users\/1"}],"replies":[{"embeddable":true,"href":"https:\/\/blogsaverroes.juntadeandalucia.es\/iesmartiricos\/wp-json\/wp\/v2\/comments?post=432"}],"version-history":[{"count":49,"href":"https:\/\/blogsaverroes.juntadeandalucia.es\/iesmartiricos\/wp-json\/wp\/v2\/pages\/432\/revisions"}],"predecessor-version":[{"id":6720,"href":"https:\/\/blogsaverroes.juntadeandalucia.es\/iesmartiricos\/wp-json\/wp\/v2\/pages\/432\/revisions\/6720"}],"wp:attachment":[{"href":"https:\/\/blogsaverroes.juntadeandalucia.es\/iesmartiricos\/wp-json\/wp\/v2\/media?parent=432"}],"curies":[{"name":"wp","href":"https:\/\/api.w.org\/{rel}","templated":true}]}}