{"id":49,"date":"2015-03-13T08:47:05","date_gmt":"2015-03-13T08:47:05","guid":{"rendered":"http:\/\/blogsaverroes.juntadeandalucia.es\/pre\/ceip\/?page_id=49"},"modified":"2025-10-30T17:49:04","modified_gmt":"2025-10-30T16:49:04","slug":"proyecto-educativo","status":"publish","type":"page","link":"https:\/\/blogsaverroes.juntadeandalucia.es\/iesmartiricos\/proyecto-educativo\/","title":{"rendered":"Proyecto Educativo"},"content":{"rendered":"<p>Un centro se define en gran medida por su <strong>Plan de Centro<\/strong>. En \u00e9l se plasma el modelo educativo y la concreci\u00f3n de la normativa que un centro realiza respecto a las ense\u00f1anzas que imparte. Aqu\u00ed encontrar\u00e1 aspectos tales como las finalidades educativas, objetivos, atenci\u00f3n a la diversidad, etc.<\/p>\n<p>Aqu\u00ed se puede encontrar el Plan de Centro que est\u00e1 vigente en el IES Nuestra Se\u00f1ora de la Victoria.<\/p>\n<p><strong>\u00daltima Actualizaci\u00f3n: 29 de octubre de 2025 (Aprobado por el Consejo Escolar del centro)<\/strong><\/p>\n<p><a href=\"https:\/\/blogsaverroes.juntadeandalucia.es\/iesmartiricos\/files\/2025\/10\/PlanCentro_IESMartiricos2526.odt\">PlanCentro_IESMartiricos2526<\/a><\/p>\n<p style=\"padding-left: 40px\"><a href=\"https:\/\/blogsaverroes.juntadeandalucia.es\/iesmartiricos\/files\/2025\/10\/Anexo_PlanConvivencia_2526.pdf\">Anexo_PlanConvivencia_2526<\/a><\/p>\n<p style=\"padding-left: 40px\"><a href=\"https:\/\/blogsaverroes.juntadeandalucia.es\/iesmartiricos\/files\/2025\/10\/Anexo_Autoproteccion_2526.pdf\">Anexo_Autoproteccion_2526<\/a><\/p>\n<p style=\"padding-left: 40px\"><a href=\"https:\/\/blogsaverroes.juntadeandalucia.es\/iesmartiricos\/files\/2025\/10\/Anexo_Biblitoeca_2526.pdf\">Anexo_Biblitoeca_2526<\/a><\/p>\n<p style=\"padding-left: 40px\"><a href=\"https:\/\/blogsaverroes.juntadeandalucia.es\/iesmartiricos\/files\/2025\/10\/Anexo_HorariosLecturaMats_2526.pdf\">Anexo_HorariosLecturaMats_2526<\/a><\/p>\n<p style=\"padding-left: 40px\"><a href=\"https:\/\/blogsaverroes.juntadeandalucia.es\/iesmartiricos\/files\/2025\/10\/Anexo_TDE_2526.pdf\">Anexo_TDE_2526<\/a><\/p>\n<p style=\"padding-left: 40px\"><a href=\"https:\/\/blogsaverroes.juntadeandalucia.es\/iesmartiricos\/files\/2025\/10\/Anexo_Compensacion_2526.pdf\">Anexo_Compensacion_2526<\/a><\/p>\n<p style=\"padding-left: 40px\"><a href=\"https:\/\/blogsaverroes.juntadeandalucia.es\/iesmartiricos\/files\/2025\/10\/Anexo_PlanFormacion_2526.pdf\">Anexo_PlanFormacion_2526<\/a><\/p>\n<p style=\"padding-left: 40px\"><a href=\"https:\/\/blogsaverroes.juntadeandalucia.es\/iesmartiricos\/files\/2025\/10\/Anexo_POAT_2526.pdf\">Anexo_POAT_2526<\/a><\/p>\n<p>&nbsp;<\/p>\n","protected":false},"excerpt":{"rendered":"<p>Un centro se define en gran medida por su Plan de Centro. En \u00e9l se plasma el modelo educativo y la concreci\u00f3n de la normativa que un centro realiza respecto a las ense\u00f1anzas que&#46;&#46;&#46;<\/p>\n","protected":false},"author":1,"featured_media":0,"parent":0,"menu_order":0,"comment_status":"open","ping_status":"open","template":"page-templates\/child-menu.php","meta":{"ngg_post_thumbnail":0,"footnotes":"","_mc_calendar":[]},"aioseo_notices":[],"_links":{"self":[{"href":"https:\/\/blogsaverroes.juntadeandalucia.es\/iesmartiricos\/wp-json\/wp\/v2\/pages\/49"}],"collection":[{"href":"https:\/\/blogsaverroes.juntadeandalucia.es\/iesmartiricos\/wp-json\/wp\/v2\/pages"}],"about":[{"href":"https:\/\/blogsaverroes.juntadeandalucia.es\/iesmartiricos\/wp-json\/wp\/v2\/types\/page"}],"author":[{"embeddable":true,"href":"https:\/\/blogsaverroes.juntadeandalucia.es\/iesmartiricos\/wp-json\/wp\/v2\/users\/1"}],"replies":[{"embeddable":true,"href":"https:\/\/blogsaverroes.juntadeandalucia.es\/iesmartiricos\/wp-json\/wp\/v2\/comments?post=49"}],"version-history":[{"count":26,"href":"https:\/\/blogsaverroes.juntadeandalucia.es\/iesmartiricos\/wp-json\/wp\/v2\/pages\/49\/revisions"}],"predecessor-version":[{"id":6636,"href":"https:\/\/blogsaverroes.juntadeandalucia.es\/iesmartiricos\/wp-json\/wp\/v2\/pages\/49\/revisions\/6636"}],"wp:attachment":[{"href":"https:\/\/blogsaverroes.juntadeandalucia.es\/iesmartiricos\/wp-json\/wp\/v2\/media?parent=49"}],"curies":[{"name":"wp","href":"https:\/\/api.w.org\/{rel}","templated":true}]}}