{"id":4929,"date":"2021-10-21T18:27:54","date_gmt":"2021-10-21T17:27:54","guid":{"rendered":"https:\/\/blogsaverroes.juntadeandalucia.es\/iesmartiricos\/?page_id=4929"},"modified":"2022-02-01T09:52:58","modified_gmt":"2022-02-01T08:52:58","slug":"xv-jornadas-andpih","status":"publish","type":"page","link":"https:\/\/blogsaverroes.juntadeandalucia.es\/iesmartiricos\/xv-jornadas-andpih\/","title":{"rendered":"XV Jornadas ANDPIH"},"content":{"rendered":"<p>El IES Nuestra Se\u00f1ora de la Victoria ser\u00e1 la sede de las XV Jornadas Nacionales de Institutos Hist\u00f3ricos, organizadas por la ANDPIH (Asociaci\u00f3n Nacional para la Defensa del Patromonio de los Institutos Hist\u00f3ricos).<\/p>\n<p>Las Jornadas se realizar\u00e1n del 29 de abril al 2 de mayo.<\/p>\n<p>Os dejamos la ficha de inscripci\u00f3n, as\u00ed como el programa provisional a d\u00eda de hoy.<\/p>\n<ul>\n<li><a href=\"https:\/\/blogsaverroes.juntadeandalucia.es\/iesmartiricos\/files\/2022\/02\/diptico_provisional_web3.pdf\">diptico_provisional_web3<\/a><\/li>\n<li><a href=\"https:\/\/blogsaverroes.juntadeandalucia.es\/iesmartiricos\/files\/2022\/02\/ficha_inscripcion_XVJornadasANDPIH.pdf\">ficha_inscripcion_XVJornadasANDPIH<\/a><\/li>\n<\/ul>\n<p>Pod\u00e9is encontrar m\u00e1s informaci\u00f3n en la web de la asociaci\u00f3n<\/p>\n<blockquote class=\"wp-embedded-content\" data-secret=\"pFWtZfk5Nv\"><p><a href=\"https:\/\/www.asociacioninstitutoshistoricos.org\/xv-jornadas-de-institutos-historicos-inicio\/\">XV Jornadas de Institutos Hist\u00f3ricos. Inicio<\/a><\/p><\/blockquote>\n<p><iframe class=\"wp-embedded-content\" sandbox=\"allow-scripts\" security=\"restricted\" style=\"position: absolute; clip: rect(1px, 1px, 1px, 1px);\" title=\"\u00abXV Jornadas de Institutos Hist\u00f3ricos. Inicio\u00bb \u2014 ANDPIH\" src=\"https:\/\/www.asociacioninstitutoshistoricos.org\/xv-jornadas-de-institutos-historicos-inicio\/embed\/#?secret=1EuvYh9z37#?secret=pFWtZfk5Nv\" data-secret=\"pFWtZfk5Nv\" width=\"500\" height=\"282\" frameborder=\"0\" marginwidth=\"0\" marginheight=\"0\" scrolling=\"no\"><\/iframe><\/p>\n<p><a href=\"https:\/\/blogsaverroes.juntadeandalucia.es\/iesmartiricos\/files\/2021\/12\/Cartel2_Web_800x1100.png\"><img loading=\"lazy\" decoding=\"async\" class=\"alignnone size-full wp-image-5085\" src=\"https:\/\/blogsaverroes.juntadeandalucia.es\/iesmartiricos\/files\/2021\/12\/Cartel2_Web_800x1100.png\" alt=\"\" width=\"800\" height=\"1131\" srcset=\"https:\/\/blogsaverroes.juntadeandalucia.es\/iesmartiricos\/files\/2021\/12\/Cartel2_Web_800x1100.png 800w, https:\/\/blogsaverroes.juntadeandalucia.es\/iesmartiricos\/files\/2021\/12\/Cartel2_Web_800x1100-212x300.png 212w, https:\/\/blogsaverroes.juntadeandalucia.es\/iesmartiricos\/files\/2021\/12\/Cartel2_Web_800x1100-724x1024.png 724w, https:\/\/blogsaverroes.juntadeandalucia.es\/iesmartiricos\/files\/2021\/12\/Cartel2_Web_800x1100-768x1086.png 768w\" sizes=\"(max-width: 800px) 100vw, 800px\" \/><\/a><\/p>\n<p>&nbsp;<\/p>\n","protected":false},"excerpt":{"rendered":"<p>El IES Nuestra Se\u00f1ora de la Victoria ser\u00e1 la sede de las XV Jornadas Nacionales de Institutos Hist\u00f3ricos, organizadas por la ANDPIH (Asociaci\u00f3n Nacional para la Defensa del Patromonio de los Institutos Hist\u00f3ricos). Las&#46;&#46;&#46;<\/p>\n","protected":false},"author":5036,"featured_media":0,"parent":0,"menu_order":0,"comment_status":"closed","ping_status":"closed","template":"","meta":{"ngg_post_thumbnail":0,"footnotes":"","_mc_calendar":[]},"aioseo_notices":[],"_links":{"self":[{"href":"https:\/\/blogsaverroes.juntadeandalucia.es\/iesmartiricos\/wp-json\/wp\/v2\/pages\/4929"}],"collection":[{"href":"https:\/\/blogsaverroes.juntadeandalucia.es\/iesmartiricos\/wp-json\/wp\/v2\/pages"}],"about":[{"href":"https:\/\/blogsaverroes.juntadeandalucia.es\/iesmartiricos\/wp-json\/wp\/v2\/types\/page"}],"author":[{"embeddable":true,"href":"https:\/\/blogsaverroes.juntadeandalucia.es\/iesmartiricos\/wp-json\/wp\/v2\/users\/5036"}],"replies":[{"embeddable":true,"href":"https:\/\/blogsaverroes.juntadeandalucia.es\/iesmartiricos\/wp-json\/wp\/v2\/comments?post=4929"}],"version-history":[{"count":5,"href":"https:\/\/blogsaverroes.juntadeandalucia.es\/iesmartiricos\/wp-json\/wp\/v2\/pages\/4929\/revisions"}],"predecessor-version":[{"id":5111,"href":"https:\/\/blogsaverroes.juntadeandalucia.es\/iesmartiricos\/wp-json\/wp\/v2\/pages\/4929\/revisions\/5111"}],"wp:attachment":[{"href":"https:\/\/blogsaverroes.juntadeandalucia.es\/iesmartiricos\/wp-json\/wp\/v2\/media?parent=4929"}],"curies":[{"name":"wp","href":"https:\/\/api.w.org\/{rel}","templated":true}]}}