{"id":2486,"date":"2024-02-13T08:08:17","date_gmt":"2024-02-13T08:08:17","guid":{"rendered":"https:\/\/blogsaverroes.juntadeandalucia.es\/iesmateoaleman\/?page_id=2486"},"modified":"2025-10-28T17:05:21","modified_gmt":"2025-10-28T17:05:21","slug":"espa-2","status":"publish","type":"page","link":"https:\/\/blogsaverroes.juntadeandalucia.es\/iesmateoaleman\/espa-2\/","title":{"rendered":"ESPA"},"content":{"rendered":"<p><a href=\"https:\/\/blogsaverroes.juntadeandalucia.es\/iesmateoaleman\/files\/2024\/02\/cabecera_semipresencial_02.gif\"><img loading=\"lazy\" decoding=\"async\" class=\"alignnone size-full wp-image-2487\" src=\"https:\/\/blogsaverroes.juntadeandalucia.es\/iesmateoaleman\/files\/2024\/02\/cabecera_semipresencial_02.gif\" alt=\"\" width=\"618\" height=\"92\"><\/a><\/p>\n<p>Educaci\u00f3n Secundaria para Personas Adultas (ESPA)<\/p>\n<p><a title=\"Aula virtual\" href=\"https:\/\/educacionadistancia.juntadeandalucia.es\/adultos\/login\/index.php\" target=\"_blank\" rel=\"noopener noreferrer\"><strong>Aula virtual<\/strong><\/a><\/p>\n<p><a title=\"Libro virtual\" href=\"https:\/\/www.juntadeandalucia.es\/educacion\/permanente\/materiales\/\" target=\"_blank\" rel=\"noopener noreferrer\"><strong>Libro virtual<\/strong><\/a><\/p>\n<p><a title=\"\u00c1mbito cient\u00edfico tecnol\u00f3gico\" href=\"https:\/\/blogsaverroes.juntadeandalucia.es\/iesmateoaleman\/ambito-cientifico\/\"><strong>\u00c1mbito cient\u00edfico tecnol\u00f3gico<\/strong><\/a><\/p>\n<p><a title=\"Auda ESPA\" href=\"https:\/\/blogsaverroes.juntadeandalucia.es\/iesmateoaleman\/espa-2\/auda-espa\/\"><strong>Ayuda<\/strong><\/a><\/p>\n<p><a title=\"Horario\" href=\"https:\/\/blogsaverroes.juntadeandalucia.es\/iesmateoaleman\/horario-espa\/\"><strong>Horario<\/strong><\/a><\/p>\n<p><a title=\"Prueba VIA\" href=\"https:\/\/blogsaverroes.juntadeandalucia.es\/iesmateoaleman\/espa-2\/prueba-via\/\" target=\"_blank\" rel=\"noopener\"><strong>Prueba VIA<\/strong><\/a><\/p>\n","protected":false},"excerpt":{"rendered":"<p>Educaci\u00f3n Secundaria para Personas Adultas (ESPA) Aula virtual Libro virtual \u00c1mbito cient\u00edfico tecnol\u00f3gico Ayuda Horario Prueba VIA<\/p>\n","protected":false},"author":1946,"featured_media":0,"parent":0,"menu_order":0,"comment_status":"closed","ping_status":"closed","template":"","meta":{"ngg_post_thumbnail":0,"footnotes":"","_mc_calendar":[]},"aioseo_notices":[],"_links":{"self":[{"href":"https:\/\/blogsaverroes.juntadeandalucia.es\/iesmateoaleman\/wp-json\/wp\/v2\/pages\/2486"}],"collection":[{"href":"https:\/\/blogsaverroes.juntadeandalucia.es\/iesmateoaleman\/wp-json\/wp\/v2\/pages"}],"about":[{"href":"https:\/\/blogsaverroes.juntadeandalucia.es\/iesmateoaleman\/wp-json\/wp\/v2\/types\/page"}],"author":[{"embeddable":true,"href":"https:\/\/blogsaverroes.juntadeandalucia.es\/iesmateoaleman\/wp-json\/wp\/v2\/users\/1946"}],"replies":[{"embeddable":true,"href":"https:\/\/blogsaverroes.juntadeandalucia.es\/iesmateoaleman\/wp-json\/wp\/v2\/comments?post=2486"}],"version-history":[{"count":9,"href":"https:\/\/blogsaverroes.juntadeandalucia.es\/iesmateoaleman\/wp-json\/wp\/v2\/pages\/2486\/revisions"}],"predecessor-version":[{"id":2727,"href":"https:\/\/blogsaverroes.juntadeandalucia.es\/iesmateoaleman\/wp-json\/wp\/v2\/pages\/2486\/revisions\/2727"}],"wp:attachment":[{"href":"https:\/\/blogsaverroes.juntadeandalucia.es\/iesmateoaleman\/wp-json\/wp\/v2\/media?parent=2486"}],"curies":[{"name":"wp","href":"https:\/\/api.w.org\/{rel}","templated":true}]}}