{"id":2536,"date":"2024-05-31T09:41:38","date_gmt":"2024-05-31T09:41:38","guid":{"rendered":"https:\/\/blogsaverroes.juntadeandalucia.es\/iesmateoaleman\/?page_id=2536"},"modified":"2025-09-15T08:08:16","modified_gmt":"2025-09-15T08:08:16","slug":"prueba-via","status":"publish","type":"page","link":"https:\/\/blogsaverroes.juntadeandalucia.es\/iesmateoaleman\/espa-2\/prueba-via\/","title":{"rendered":"Prueba VIA"},"content":{"rendered":"<h4>Ex\u00e1menes del \u00e1mbito cient\u00edfico-tecnol\u00f3gico<\/h4>\n<ul>\n<li style=\"list-style-type: none\">\n<ul>\n<li><a href=\"https:\/\/blogsaverroes.juntadeandalucia.es\/iesmateoaleman\/files\/2024\/10\/Prueba-VIA-2024-Cientifico-tecnologico-solucion.pdf\" target=\"_blank\" rel=\"noopener\">Prueba VIA 2024 Cient\u00edfico-tecnol\u00f3gico (soluci\u00f3n)<\/a><\/li>\n<li><a href=\"https:\/\/blogsaverroes.juntadeandalucia.es\/iesmateoaleman\/files\/2024\/05\/Prueba-VIA-2023-Cientifico-tecnologico.pdf\" target=\"_blank\" rel=\"noopener\">Prueba VIA 2023 Cient\u00edfico-tecnol\u00f3gico<\/a><\/li>\n<li><a href=\"https:\/\/blogsaverroes.juntadeandalucia.es\/iesmateoaleman\/files\/2024\/05\/Prueba-VIA-2022-Cientifico-tecnologico.pdf\" target=\"_blank\" rel=\"noopener\">Prueba VIA 2022 Cient\u00edfico-tecnol\u00f3gico<\/a><\/li>\n<li><a href=\"https:\/\/blogsaverroes.juntadeandalucia.es\/iesmateoaleman\/files\/2024\/05\/Prueba-VIA-2021-Cientifico-tecnologico.pdf\" target=\"_blank\" rel=\"noopener\">Prueba VIA 2021 Cient\u00edfico-tecnol\u00f3gico<\/a><\/li>\n<li><a href=\"https:\/\/blogsaverroes.juntadeandalucia.es\/iesmateoaleman\/files\/2024\/05\/Prueba-VIA-2020-Cientifico-tecnologico.pdf\" target=\"_blank\" rel=\"noopener\">Prueba VIA 2020 Cient\u00edfico-tecnol\u00f3gico<\/a><\/li>\n<li><a href=\"https:\/\/blogsaverroes.juntadeandalucia.es\/iesmateoaleman\/files\/2024\/05\/Prueba-VIA-2019-Cientifico-tecnologico.pdf\" target=\"_blank\" rel=\"noopener\">Prueba VIA 2019 Cient\u00edfico-tecnol\u00f3gico<\/a><\/li>\n<li><a href=\"https:\/\/blogsaverroes.juntadeandalucia.es\/iesmateoaleman\/files\/2024\/05\/Prueba-VIA-2018-Cientifico-tecnologico.pdf\" target=\"_blank\" rel=\"noopener\">Prueba VIA 2018 Cient\u00edfico-tecnol\u00f3gico<\/a><\/li>\n<li><a href=\"https:\/\/blogsaverroes.juntadeandalucia.es\/iesmateoaleman\/files\/2024\/05\/Prueba-VIA-2017-Cientifico-tecnologico.pdf\" target=\"_blank\" rel=\"noopener\">Prueba VIA 2017 Cient\u00edfico-tecnol\u00f3gico<\/a><\/li>\n<li><a href=\"https:\/\/blogsaverroes.juntadeandalucia.es\/iesmateoaleman\/files\/2024\/05\/Prueba-VIA-2016-Cientifico-tecnologico.pdf\" target=\"_blank\" rel=\"noopener\">Prueba VIA 2016 Cient\u00edfico-tecnol\u00f3gico<\/a><\/li>\n<\/ul>\n<\/li>\n<\/ul>\n<h4>Ex\u00e1menes del \u00e1mbito social<\/h4>\n<ul>\n<li style=\"list-style-type: none\">\n<ul>\n<li><a title=\"Prueba VIA 2012 Social\" href=\"https:\/\/blogsaverroes.juntadeandalucia.es\/iesmateoaleman\/espa-2\/prueba-via\/\" target=\"_blank\" rel=\"noopener\">Prueba VIA 2012 Social<\/a><\/li>\n<li><a title=\"Prueba VIA 2014 Social\" href=\"https:\/\/blogsaverroes.juntadeandalucia.es\/iesmateoaleman\/files\/2024\/09\/Prueba-Via-2014-Social.pdf\" target=\"_blank\" rel=\"noopener\">Prueba VIA 2014 Social<\/a><\/li>\n<li><a title=\"Prueba VIA 2015 Social\" href=\"https:\/\/blogsaverroes.juntadeandalucia.es\/iesmateoaleman\/files\/2024\/09\/Prueba-VIA-2015-Social.pdf\" target=\"_blank\" rel=\"noopener\">Prueba VIA 2015 Social<\/a><\/li>\n<li><a title=\"Prueba VIA 2016 Social\" href=\"https:\/\/blogsaverroes.juntadeandalucia.es\/iesmateoaleman\/files\/2024\/09\/Prueba-VIA-2016-Social.pdf\" target=\"_blank\" rel=\"noopener\">Prueba VIA 2016 Social<\/a><\/li>\n<li><a title=\"Prueba VIA 2017 Social\" href=\"https:\/\/blogsaverroes.juntadeandalucia.es\/iesmateoaleman\/files\/2024\/09\/Prueba-VIA-2017-Social.pdf\" target=\"_blank\" rel=\"noopener\">Prueba VIA 2017 Social<\/a><\/li>\n<li><a title=\"Prueba VIA 2019 Social\" href=\"https:\/\/blogsaverroes.juntadeandalucia.es\/iesmateoaleman\/files\/2024\/09\/Prueba-VIA-2019-Social.pdf\" target=\"_blank\" rel=\"noopener\">Prueba VIA 2019 Social<\/a><\/li>\n<li><a href=\"https:\/\/blogsaverroes.juntadeandalucia.es\/iesmateoaleman\/files\/2025\/09\/Prueba-Via-ASO-2020.pdf\" target=\"_blank\" rel=\"noopener\">Prueba VIA 2020 Social<\/a><\/li>\n<li><a href=\"https:\/\/blogsaverroes.juntadeandalucia.es\/iesmateoaleman\/files\/2025\/09\/Prueba-Via-ASO-2021.pdf\" target=\"_blank\" rel=\"noopener\">Prueba VIA 2021 Social<\/a><\/li>\n<li><a href=\"https:\/\/blogsaverroes.juntadeandalucia.es\/iesmateoaleman\/files\/2025\/09\/Prueba-Via-ASO-2022.pdf\" target=\"_blank\" rel=\"noopener\">Prueba VIA 2022 Social<\/a><\/li>\n<li><a href=\"https:\/\/blogsaverroes.juntadeandalucia.es\/iesmateoaleman\/files\/2025\/09\/Prueba-Via-ASO-2023.pdf\" target=\"_blank\" rel=\"noopener\">Prueba VIA 2023 Social<\/a><\/li>\n<li><a href=\"https:\/\/blogsaverroes.juntadeandalucia.es\/iesmateoaleman\/files\/2025\/09\/Prueba-Via-ASO-2024.pdf\" target=\"_blank\" rel=\"noopener\">Prueba VIA 2024 Social<\/a><\/li>\n<\/ul>\n<\/li>\n<\/ul>\n<h4>Ex\u00e1menes del \u00e1mbito de comunicaci\u00f3n<\/h4>\n<ul>\n<li style=\"list-style-type: none\">\n<ul>\n<li><a title=\"Prueba VIA 2014 Comunicaci\u00f3n\" href=\"https:\/\/blogsaverroes.juntadeandalucia.es\/iesmateoaleman\/files\/2024\/09\/Prueba-VIA-comunicacion-2014.pdf\" target=\"_blank\" rel=\"noopener\">Prueba VIA 2014 Comunicaci\u00f3n<\/a><\/li>\n<li><a title=\"Prueba VIA 2022 Comunicaci\u00f3n\" href=\"https:\/\/blogsaverroes.juntadeandalucia.es\/iesmateoaleman\/files\/2024\/09\/Prueba-VIA-Comunicacion-2022.pdf\" target=\"_blank\" rel=\"noopener\">Prueba VIA 2022 Comunicaci\u00f3n<\/a><\/li>\n<li><a href=\"https:\/\/blogsaverroes.juntadeandalucia.es\/iesmateoaleman\/files\/2025\/09\/prueba-VIA-ACO-2024.pdf\" target=\"_blank\" rel=\"noopener\">Prueba VIA 2024 Comunicaci\u00f3n<\/a><\/li>\n<\/ul>\n<\/li>\n<\/ul>\n","protected":false},"excerpt":{"rendered":"<p>Ex\u00e1menes del \u00e1mbito cient\u00edfico-tecnol\u00f3gico Prueba VIA 2024 Cient\u00edfico-tecnol\u00f3gico (soluci\u00f3n) Prueba VIA 2023 Cient\u00edfico-tecnol\u00f3gico Prueba VIA 2022 Cient\u00edfico-tecnol\u00f3gico Prueba VIA 2021 Cient\u00edfico-tecnol\u00f3gico Prueba VIA 2020 Cient\u00edfico-tecnol\u00f3gico Prueba VIA 2019 Cient\u00edfico-tecnol\u00f3gico Prueba VIA 2018 Cient\u00edfico-tecnol\u00f3gico Prueba&#46;&#46;&#46;<\/p>\n","protected":false},"author":1946,"featured_media":0,"parent":2486,"menu_order":0,"comment_status":"closed","ping_status":"closed","template":"","meta":{"ngg_post_thumbnail":0,"footnotes":"","_mc_calendar":[]},"aioseo_notices":[],"_links":{"self":[{"href":"https:\/\/blogsaverroes.juntadeandalucia.es\/iesmateoaleman\/wp-json\/wp\/v2\/pages\/2536"}],"collection":[{"href":"https:\/\/blogsaverroes.juntadeandalucia.es\/iesmateoaleman\/wp-json\/wp\/v2\/pages"}],"about":[{"href":"https:\/\/blogsaverroes.juntadeandalucia.es\/iesmateoaleman\/wp-json\/wp\/v2\/types\/page"}],"author":[{"embeddable":true,"href":"https:\/\/blogsaverroes.juntadeandalucia.es\/iesmateoaleman\/wp-json\/wp\/v2\/users\/1946"}],"replies":[{"embeddable":true,"href":"https:\/\/blogsaverroes.juntadeandalucia.es\/iesmateoaleman\/wp-json\/wp\/v2\/comments?post=2536"}],"version-history":[{"count":14,"href":"https:\/\/blogsaverroes.juntadeandalucia.es\/iesmateoaleman\/wp-json\/wp\/v2\/pages\/2536\/revisions"}],"predecessor-version":[{"id":2710,"href":"https:\/\/blogsaverroes.juntadeandalucia.es\/iesmateoaleman\/wp-json\/wp\/v2\/pages\/2536\/revisions\/2710"}],"up":[{"embeddable":true,"href":"https:\/\/blogsaverroes.juntadeandalucia.es\/iesmateoaleman\/wp-json\/wp\/v2\/pages\/2486"}],"wp:attachment":[{"href":"https:\/\/blogsaverroes.juntadeandalucia.es\/iesmateoaleman\/wp-json\/wp\/v2\/media?parent=2536"}],"curies":[{"name":"wp","href":"https:\/\/api.w.org\/{rel}","templated":true}]}}