{"id":2724,"date":"2025-10-28T17:01:14","date_gmt":"2025-10-28T17:01:14","guid":{"rendered":"https:\/\/blogsaverroes.juntadeandalucia.es\/iesmateoaleman\/?page_id=2724"},"modified":"2025-10-28T17:07:46","modified_gmt":"2025-10-28T17:07:46","slug":"ambito-cientifico","status":"publish","type":"page","link":"https:\/\/blogsaverroes.juntadeandalucia.es\/iesmateoaleman\/ambito-cientifico\/","title":{"rendered":"\u00c1mbito cient\u00edfico tecnol\u00f3gico"},"content":{"rendered":"<h4>M\u00d3DULO 4<\/h4>\n<ul>\n<li><a href=\"https:\/\/blogsaverroes.juntadeandalucia.es\/iesmateoaleman\/files\/2025\/10\/Tema-1-Numeros.pdf\" target=\"_blank\" rel=\"noopener\"><strong>Tema 1 &#8211; N\u00fameros<\/strong><\/a><\/li>\n<li><a href=\"https:\/\/blogsaverroes.juntadeandalucia.es\/iesmateoaleman\/files\/2025\/10\/Tema-2-Proporcionalidad.pdf\" target=\"_blank\" rel=\"noopener\"><strong>Tema 2 &#8211; Proporcionalidad<\/strong><\/a><\/li>\n<li><a href=\"https:\/\/blogsaverroes.juntadeandalucia.es\/iesmateoaleman\/files\/2025\/10\/Tema-3-Las-funciones-de-nutricion-y-reproduccion.pdf\" target=\"_blank\" rel=\"noopener\"><strong>Tema 3 &#8211; Funciones de nutrici\u00f3n y reproducci\u00f3n<\/strong><\/a><\/li>\n<li><a href=\"https:\/\/blogsaverroes.juntadeandalucia.es\/iesmateoaleman\/files\/2025\/10\/Tema-4-La-funcion-de-relacion.pdf\" target=\"_blank\" rel=\"noopener\"><strong>Tema 4 &#8211; Funci\u00f3n de relaci\u00f3n<\/strong><\/a><\/li>\n<li><a href=\"https:\/\/blogsaverroes.juntadeandalucia.es\/iesmateoaleman\/files\/2025\/10\/Tema-5-Magnitudes.pdf\" target=\"_blank\" rel=\"noopener\"><strong>Tema 5 &#8211; Magnitudes<\/strong><\/a><\/li>\n<li><a href=\"https:\/\/blogsaverroes.juntadeandalucia.es\/iesmateoaleman\/files\/2025\/10\/Tema-6-Materia-y-recciones-quimicas.pdf\" target=\"_blank\" rel=\"noopener\"><strong>Tema 6 &#8211; Materia y reacciones qu\u00edmicas<\/strong><\/a><\/li>\n<li><a href=\"https:\/\/blogsaverroes.juntadeandalucia.es\/iesmateoaleman\/files\/2025\/10\/Tema-7-El-proceso-tecnologico.pdf\" target=\"_blank\" rel=\"noopener\"><strong>Tema 7 &#8211; El proceso tecnol\u00f3gico<\/strong><\/a><\/li>\n<\/ul>\n","protected":false},"excerpt":{"rendered":"<p>M\u00d3DULO 4 Tema 1 &#8211; N\u00fameros Tema 2 &#8211; Proporcionalidad Tema 3 &#8211; Funciones de nutrici\u00f3n y reproducci\u00f3n Tema 4 &#8211; Funci\u00f3n de relaci\u00f3n Tema 5 &#8211; Magnitudes Tema 6 &#8211; Materia y reacciones&#46;&#46;&#46;<\/p>\n","protected":false},"author":1946,"featured_media":0,"parent":0,"menu_order":0,"comment_status":"closed","ping_status":"closed","template":"","meta":{"ngg_post_thumbnail":0,"footnotes":"","_mc_calendar":[]},"aioseo_notices":[],"_links":{"self":[{"href":"https:\/\/blogsaverroes.juntadeandalucia.es\/iesmateoaleman\/wp-json\/wp\/v2\/pages\/2724"}],"collection":[{"href":"https:\/\/blogsaverroes.juntadeandalucia.es\/iesmateoaleman\/wp-json\/wp\/v2\/pages"}],"about":[{"href":"https:\/\/blogsaverroes.juntadeandalucia.es\/iesmateoaleman\/wp-json\/wp\/v2\/types\/page"}],"author":[{"embeddable":true,"href":"https:\/\/blogsaverroes.juntadeandalucia.es\/iesmateoaleman\/wp-json\/wp\/v2\/users\/1946"}],"replies":[{"embeddable":true,"href":"https:\/\/blogsaverroes.juntadeandalucia.es\/iesmateoaleman\/wp-json\/wp\/v2\/comments?post=2724"}],"version-history":[{"count":5,"href":"https:\/\/blogsaverroes.juntadeandalucia.es\/iesmateoaleman\/wp-json\/wp\/v2\/pages\/2724\/revisions"}],"predecessor-version":[{"id":2729,"href":"https:\/\/blogsaverroes.juntadeandalucia.es\/iesmateoaleman\/wp-json\/wp\/v2\/pages\/2724\/revisions\/2729"}],"wp:attachment":[{"href":"https:\/\/blogsaverroes.juntadeandalucia.es\/iesmateoaleman\/wp-json\/wp\/v2\/media?parent=2724"}],"curies":[{"name":"wp","href":"https:\/\/api.w.org\/{rel}","templated":true}]}}