{"id":35,"date":"2015-03-13T08:21:43","date_gmt":"2015-03-13T08:21:43","guid":{"rendered":"http:\/\/blogsaverroes.juntadeandalucia.es\/pre\/ceip\/?page_id=35"},"modified":"2023-02-20T19:24:12","modified_gmt":"2023-02-20T19:24:12","slug":"el-centro-2","status":"publish","type":"page","link":"https:\/\/blogsaverroes.juntadeandalucia.es\/iesmateoaleman\/el-centro-2\/","title":{"rendered":"Datos del centro"},"content":{"rendered":"<p><iframe loading=\"lazy\" src=\"https:\/\/www.google.com\/maps\/embed?pb=!1m14!1m8!1m3!1d12685.333419300421!2d-6.0411447!3d37.3582884!3m2!1i1024!2i768!4f13.1!3m3!1m2!1s0xd126ce23f826537%3A0x26f1e2ea94cedd39!2sIES%20Mateo%20Alem%C3%A1n!5e0!3m2!1ses!2ses!4v1676920923842!5m2!1ses!2ses\" width=\"600\" height=\"450\"><\/iframe><\/p>\n<h4><strong>Datos de contacto<\/strong><\/h4>\n<p>IES Mateo Alem\u00e1n<\/p>\n<p><strong>Direcci\u00f3n:<\/strong> &nbsp;Calle Juan Ram\u00f3n Jim\u00e9nez&nbsp;s\/n.&nbsp;41920 &#8211; San Juan de Aznalfarache &#8211; Sevilla<br \/>\n<strong>Tel\u00e9fono \/ FAX:&nbsp;<\/strong>955622723 \/&nbsp;955622724<br \/>\n<strong>Email:<\/strong>&nbsp;41009019.edu@juntadeandalucia.es<\/p>\n<h4><strong>Horarios<\/strong><\/h4>\n<ul>\n<li>ESO y Bachillerato: de 8:15 a 14:45, de lunes a viernes.<\/li>\n<li>ESPA semipresencial: de 17:00 a 21:15, martes y jueves.<\/li>\n<\/ul>\n<h4><strong>Oferta educativa<\/strong><\/h4>\n<ul>\n<li>ESO<\/li>\n<li>Bachillerato de ciencias<\/li>\n<li>Bachillerato de humanidades<\/li>\n<li>ESPA semipresencial<\/li>\n<\/ul>\n<h4><strong>Instalaciones<\/strong><\/h4>\n<p>&nbsp;<\/p>\n","protected":false},"excerpt":{"rendered":"<p>Datos de contacto IES Mateo Alem\u00e1n Direcci\u00f3n: &nbsp;Calle Juan Ram\u00f3n Jim\u00e9nez&nbsp;s\/n.&nbsp;41920 &#8211; San Juan de Aznalfarache &#8211; Sevilla Tel\u00e9fono \/ FAX:&nbsp;955622723 \/&nbsp;955622724 Email:&nbsp;41009019.edu@juntadeandalucia.es Horarios ESO y Bachillerato: de 8:15 a 14:45, de lunes a&#46;&#46;&#46;<\/p>\n","protected":false},"author":1,"featured_media":0,"parent":0,"menu_order":0,"comment_status":"closed","ping_status":"open","template":"","meta":{"ngg_post_thumbnail":0,"footnotes":"","_mc_calendar":[]},"aioseo_notices":[],"_links":{"self":[{"href":"https:\/\/blogsaverroes.juntadeandalucia.es\/iesmateoaleman\/wp-json\/wp\/v2\/pages\/35"}],"collection":[{"href":"https:\/\/blogsaverroes.juntadeandalucia.es\/iesmateoaleman\/wp-json\/wp\/v2\/pages"}],"about":[{"href":"https:\/\/blogsaverroes.juntadeandalucia.es\/iesmateoaleman\/wp-json\/wp\/v2\/types\/page"}],"author":[{"embeddable":true,"href":"https:\/\/blogsaverroes.juntadeandalucia.es\/iesmateoaleman\/wp-json\/wp\/v2\/users\/1"}],"replies":[{"embeddable":true,"href":"https:\/\/blogsaverroes.juntadeandalucia.es\/iesmateoaleman\/wp-json\/wp\/v2\/comments?post=35"}],"version-history":[{"count":23,"href":"https:\/\/blogsaverroes.juntadeandalucia.es\/iesmateoaleman\/wp-json\/wp\/v2\/pages\/35\/revisions"}],"predecessor-version":[{"id":2398,"href":"https:\/\/blogsaverroes.juntadeandalucia.es\/iesmateoaleman\/wp-json\/wp\/v2\/pages\/35\/revisions\/2398"}],"wp:attachment":[{"href":"https:\/\/blogsaverroes.juntadeandalucia.es\/iesmateoaleman\/wp-json\/wp\/v2\/media?parent=35"}],"curies":[{"name":"wp","href":"https:\/\/api.w.org\/{rel}","templated":true}]}}