{"id":359,"date":"2015-03-18T10:23:16","date_gmt":"2015-03-18T10:23:16","guid":{"rendered":"http:\/\/blogsaverroes.juntadeandalucia.es\/pre\/ceip\/?page_id=359"},"modified":"2015-10-21T12:24:58","modified_gmt":"2015-10-21T12:24:58","slug":"materiales-recursos","status":"publish","type":"page","link":"https:\/\/blogsaverroes.juntadeandalucia.es\/iesmateoaleman\/filosofia\/materiales-recursos\/","title":{"rendered":"Materiales, recursos&#8230;"},"content":{"rendered":"<h4><a href=\"http:\/\/agrega.juntadeandalucia.es\/visualizar\/es\/es-an_2010071413_9114937\/true\" target=\"_blank\">Pr\u00e9sentations et salutations: Se pr\u00e9senter<\/a><\/h4>\n<p><a href=\"http:\/\/agrega.juntadeandalucia.es\/visualizar\/es\/es-an_2010071413_9114937\/true\" target=\"_blank\"><img loading=\"lazy\" decoding=\"async\" class=\" size-medium wp-image-2102 alignleft\" src=\"http:\/\/blogsaverroes.juntadeandalucia.es\/iesmateoaleman\/files\/2015\/03\/frances01-300x244.jpg\" alt=\"frances01\" width=\"300\" height=\"244\" srcset=\"https:\/\/blogsaverroes.juntadeandalucia.es\/iesmateoaleman\/files\/2015\/03\/frances01-300x244.jpg 300w, https:\/\/blogsaverroes.juntadeandalucia.es\/iesmateoaleman\/files\/2015\/03\/frances01.jpg 549w\" sizes=\"(max-width: 300px) 100vw, 300px\" \/><\/a><\/p>\n<p>&nbsp;<\/p>\n<p>Para acompa\u00f1arte a los largo del curso, contar\u00e1s con In\u00e9s, Christian y Momo. Son tres j\u00f3venes que acaban de llegar a Espa\u00f1a para hacer unas pr\u00e1cticas de empresa, concretamente en Ubrique Complementos, una peque\u00f1a empresa dedicada a los productos del cuero.<\/p>\n<p>&nbsp;<\/p>\n<p>&nbsp;<\/p>\n<p>&nbsp;<\/p>\n<h4><a href=\"http:\/\/agrega.juntadeandalucia.es\/visualizar\/es\/es-an_2014012713_9123402\/true\" target=\"_blank\">Present\u00e1ndome de viva voz<\/a><\/h4>\n<p><a href=\"http:\/\/agrega.juntadeandalucia.es\/visualizar\/es\/es-an_2014012713_9123402\/true\" target=\"_blank\"><img loading=\"lazy\" decoding=\"async\" class=\" size-medium wp-image-2106 alignleft\" src=\"http:\/\/blogsaverroes.juntadeandalucia.es\/iesmateoaleman\/files\/2015\/03\/frances02-300x114.jpg\" alt=\"frances02\" width=\"300\" height=\"114\" srcset=\"https:\/\/blogsaverroes.juntadeandalucia.es\/iesmateoaleman\/files\/2015\/03\/frances02-300x114.jpg 300w, https:\/\/blogsaverroes.juntadeandalucia.es\/iesmateoaleman\/files\/2015\/03\/frances02.jpg 657w\" sizes=\"(max-width: 300px) 100vw, 300px\" \/><\/a>Con esta tarea te presentar\u00e1s diciendo c\u00f3mo eres f\u00edsicamente , tus gustos y algunos rasgos importantes de tu car\u00e1cter.<\/p>\n","protected":false},"excerpt":{"rendered":"<p>Pr\u00e9sentations et salutations: Se pr\u00e9senter &nbsp; Para acompa\u00f1arte a los largo del curso, contar\u00e1s con In\u00e9s, Christian y Momo. Son tres j\u00f3venes que acaban de llegar a Espa\u00f1a para hacer unas pr\u00e1cticas de empresa,&#46;&#46;&#46;<\/p>\n","protected":false},"author":1,"featured_media":0,"parent":150,"menu_order":0,"comment_status":"closed","ping_status":"open","template":"page-sc.php","meta":{"ngg_post_thumbnail":0,"footnotes":"","_mc_calendar":[]},"aioseo_notices":[],"_links":{"self":[{"href":"https:\/\/blogsaverroes.juntadeandalucia.es\/iesmateoaleman\/wp-json\/wp\/v2\/pages\/359"}],"collection":[{"href":"https:\/\/blogsaverroes.juntadeandalucia.es\/iesmateoaleman\/wp-json\/wp\/v2\/pages"}],"about":[{"href":"https:\/\/blogsaverroes.juntadeandalucia.es\/iesmateoaleman\/wp-json\/wp\/v2\/types\/page"}],"author":[{"embeddable":true,"href":"https:\/\/blogsaverroes.juntadeandalucia.es\/iesmateoaleman\/wp-json\/wp\/v2\/users\/1"}],"replies":[{"embeddable":true,"href":"https:\/\/blogsaverroes.juntadeandalucia.es\/iesmateoaleman\/wp-json\/wp\/v2\/comments?post=359"}],"version-history":[{"count":5,"href":"https:\/\/blogsaverroes.juntadeandalucia.es\/iesmateoaleman\/wp-json\/wp\/v2\/pages\/359\/revisions"}],"predecessor-version":[{"id":2360,"href":"https:\/\/blogsaverroes.juntadeandalucia.es\/iesmateoaleman\/wp-json\/wp\/v2\/pages\/359\/revisions\/2360"}],"up":[{"embeddable":true,"href":"https:\/\/blogsaverroes.juntadeandalucia.es\/iesmateoaleman\/wp-json\/wp\/v2\/pages\/150"}],"wp:attachment":[{"href":"https:\/\/blogsaverroes.juntadeandalucia.es\/iesmateoaleman\/wp-json\/wp\/v2\/media?parent=359"}],"curies":[{"name":"wp","href":"https:\/\/api.w.org\/{rel}","templated":true}]}}