{"id":42,"date":"2015-03-13T08:40:47","date_gmt":"2015-03-13T08:40:47","guid":{"rendered":"http:\/\/blogsaverroes.juntadeandalucia.es\/pre\/ceip\/?page_id=42"},"modified":"2023-02-20T19:19:24","modified_gmt":"2023-02-20T19:19:24","slug":"equipo-directivo","status":"publish","type":"page","link":"https:\/\/blogsaverroes.juntadeandalucia.es\/iesmateoaleman\/equipo-directivo\/","title":{"rendered":"Equipo directivo"},"content":{"rendered":"<p><strong>Direcci\u00f3n: <\/strong>Adri\u00e1n Garc\u00eda de Lara Fern\u00e1ndez<\/p>\n<p><strong>Jefatura de estudios:&nbsp;<\/strong>Antonio Marmolejo Vidal<\/p>\n<p><strong>Secretar\u00eda:&nbsp;<\/strong>Ana G\u00f3mez Pe\u00f1uela<\/p>\n<p><strong>Jefatura de estudios de Adultos:<\/strong>&nbsp;Pedro J. Castela Gil-Toresano<\/p>\n","protected":false},"excerpt":{"rendered":"<p>Direcci\u00f3n: Adri\u00e1n Garc\u00eda de Lara Fern\u00e1ndez Jefatura de estudios:&nbsp;Antonio Marmolejo Vidal Secretar\u00eda:&nbsp;Ana G\u00f3mez Pe\u00f1uela Jefatura de estudios de Adultos:&nbsp;Pedro J. Castela Gil-Toresano<\/p>\n","protected":false},"author":1,"featured_media":0,"parent":0,"menu_order":0,"comment_status":"closed","ping_status":"open","template":"","meta":{"ngg_post_thumbnail":0,"footnotes":"","_mc_calendar":[]},"aioseo_notices":[],"_links":{"self":[{"href":"https:\/\/blogsaverroes.juntadeandalucia.es\/iesmateoaleman\/wp-json\/wp\/v2\/pages\/42"}],"collection":[{"href":"https:\/\/blogsaverroes.juntadeandalucia.es\/iesmateoaleman\/wp-json\/wp\/v2\/pages"}],"about":[{"href":"https:\/\/blogsaverroes.juntadeandalucia.es\/iesmateoaleman\/wp-json\/wp\/v2\/types\/page"}],"author":[{"embeddable":true,"href":"https:\/\/blogsaverroes.juntadeandalucia.es\/iesmateoaleman\/wp-json\/wp\/v2\/users\/1"}],"replies":[{"embeddable":true,"href":"https:\/\/blogsaverroes.juntadeandalucia.es\/iesmateoaleman\/wp-json\/wp\/v2\/comments?post=42"}],"version-history":[{"count":7,"href":"https:\/\/blogsaverroes.juntadeandalucia.es\/iesmateoaleman\/wp-json\/wp\/v2\/pages\/42\/revisions"}],"predecessor-version":[{"id":2397,"href":"https:\/\/blogsaverroes.juntadeandalucia.es\/iesmateoaleman\/wp-json\/wp\/v2\/pages\/42\/revisions\/2397"}],"wp:attachment":[{"href":"https:\/\/blogsaverroes.juntadeandalucia.es\/iesmateoaleman\/wp-json\/wp\/v2\/media?parent=42"}],"curies":[{"name":"wp","href":"https:\/\/api.w.org\/{rel}","templated":true}]}}