{"id":872,"date":"2015-03-16T12:50:42","date_gmt":"2015-03-16T12:50:42","guid":{"rendered":"http:\/\/blogsaverroes.juntadeandalucia.es\/pre\/ceip\/?page_id=120"},"modified":"2024-02-13T08:49:21","modified_gmt":"2024-02-13T08:49:21","slug":"contactar","status":"publish","type":"page","link":"https:\/\/blogsaverroes.juntadeandalucia.es\/iesmateoaleman\/contactar\/","title":{"rendered":"Contactar"},"content":{"rendered":"<h4><strong>Datos de contacto<\/strong><\/h4>\n<p><strong>IES Mateo Alem\u00e1n<\/strong><\/p>\n<p><strong>Direcci\u00f3n:<\/strong> &nbsp;Calle Juan Ram\u00f3n Jim\u00e9nez s\/n.<br \/>\n41920 &#8211; San Juan de Aznalfarache &#8211; Sevilla<\/p>\n<p><strong>Tel\u00e9fono \/ FAX:&nbsp;<\/strong>955622723 \/&nbsp;955622724<\/p>\n<p><strong>Email:<\/strong>&nbsp;41009019.edu@juntadeandalucia.es<\/p>\n","protected":false},"excerpt":{"rendered":"<p>Datos de contacto IES Mateo Alem\u00e1n Direcci\u00f3n: &nbsp;Calle Juan Ram\u00f3n Jim\u00e9nez s\/n. 41920 &#8211; San Juan de Aznalfarache &#8211; Sevilla Tel\u00e9fono \/ FAX:&nbsp;955622723 \/&nbsp;955622724 Email:&nbsp;41009019.edu@juntadeandalucia.es<\/p>\n","protected":false},"author":1,"featured_media":0,"parent":0,"menu_order":0,"comment_status":"closed","ping_status":"open","template":"","meta":{"ngg_post_thumbnail":0,"footnotes":"","_mc_calendar":[]},"aioseo_notices":[],"_links":{"self":[{"href":"https:\/\/blogsaverroes.juntadeandalucia.es\/iesmateoaleman\/wp-json\/wp\/v2\/pages\/872"}],"collection":[{"href":"https:\/\/blogsaverroes.juntadeandalucia.es\/iesmateoaleman\/wp-json\/wp\/v2\/pages"}],"about":[{"href":"https:\/\/blogsaverroes.juntadeandalucia.es\/iesmateoaleman\/wp-json\/wp\/v2\/types\/page"}],"author":[{"embeddable":true,"href":"https:\/\/blogsaverroes.juntadeandalucia.es\/iesmateoaleman\/wp-json\/wp\/v2\/users\/1"}],"replies":[{"embeddable":true,"href":"https:\/\/blogsaverroes.juntadeandalucia.es\/iesmateoaleman\/wp-json\/wp\/v2\/comments?post=872"}],"version-history":[{"count":13,"href":"https:\/\/blogsaverroes.juntadeandalucia.es\/iesmateoaleman\/wp-json\/wp\/v2\/pages\/872\/revisions"}],"predecessor-version":[{"id":2509,"href":"https:\/\/blogsaverroes.juntadeandalucia.es\/iesmateoaleman\/wp-json\/wp\/v2\/pages\/872\/revisions\/2509"}],"wp:attachment":[{"href":"https:\/\/blogsaverroes.juntadeandalucia.es\/iesmateoaleman\/wp-json\/wp\/v2\/media?parent=872"}],"curies":[{"name":"wp","href":"https:\/\/api.w.org\/{rel}","templated":true}]}}