{"id":113,"date":"2015-03-16T08:06:00","date_gmt":"2015-03-16T08:06:00","guid":{"rendered":"http:\/\/blogsaverroes.juntadeandalucia.es\/pre\/ceip\/?page_id=113"},"modified":"2022-10-26T09:58:32","modified_gmt":"2022-10-26T08:58:32","slug":"biblioteca","status":"publish","type":"page","link":"https:\/\/blogsaverroes.juntadeandalucia.es\/iesmateofranciscoderivas\/biblioteca\/","title":{"rendered":"Biblioteca"},"content":{"rendered":"<p><a href=\"http:\/\/blogsaverroes.juntadeandalucia.es\/iesmateofranciscoderivas\/files\/2015\/03\/01.jpg\"><img loading=\"lazy\" decoding=\"async\" class=\"alignnone size-full wp-image-2527\" src=\"http:\/\/blogsaverroes.juntadeandalucia.es\/iesmateofranciscoderivas\/files\/2015\/03\/01.jpg\" alt=\"01\" width=\"1000\" height=\"562\" srcset=\"https:\/\/blogsaverroes.juntadeandalucia.es\/iesmateofranciscoderivas\/files\/2015\/03\/01.jpg 1000w, https:\/\/blogsaverroes.juntadeandalucia.es\/iesmateofranciscoderivas\/files\/2015\/03\/01-300x169.jpg 300w, https:\/\/blogsaverroes.juntadeandalucia.es\/iesmateofranciscoderivas\/files\/2015\/03\/01-700x393.jpg 700w\" sizes=\"(max-width: 1000px) 100vw, 1000px\" \/><\/a><\/p>\n<h5>En nuestro centro apostamos por la lectura. Puedes descargar aqu\u00ed el pdf&nbsp;<a href=\"http:\/\/blogsaverroes.juntadeandalucia.es\/iesmateofranciscoderivas\/files\/2015\/03\/PLAN-DE-LECTURA-Y-BIBLIOTECA.pdf\"> PLAN DE LECTURA Y BIBLIOTECA<\/a><\/h5>\n<h5>Pero si lo que quieres es saber los \u00faltimos t\u00edtulos adquiridos por la biblioteca, o si el&nbsp; libro que quieres est\u00e1 ya disponible puedes acceder al cat\u00e1logo de la biblioteca <a href=\"https:\/\/www.juntadeandalucia.es\/educacion\/senecav2\/seneca\/biblioweb\/portal\/23700700\">aqu\u00ed.<\/a><\/h5>\n","protected":false},"excerpt":{"rendered":"<p>En nuestro centro apostamos por la lectura. Puedes descargar aqu\u00ed el pdf&nbsp; PLAN DE LECTURA Y BIBLIOTECA Pero si lo que quieres es saber los&hellip;<\/p>\n","protected":false},"author":1,"featured_media":0,"parent":0,"menu_order":0,"comment_status":"closed","ping_status":"open","template":"template-full-width.php","meta":{"ngg_post_thumbnail":0,"footnotes":"","_mc_calendar":[]},"aioseo_notices":[],"_links":{"self":[{"href":"https:\/\/blogsaverroes.juntadeandalucia.es\/iesmateofranciscoderivas\/wp-json\/wp\/v2\/pages\/113"}],"collection":[{"href":"https:\/\/blogsaverroes.juntadeandalucia.es\/iesmateofranciscoderivas\/wp-json\/wp\/v2\/pages"}],"about":[{"href":"https:\/\/blogsaverroes.juntadeandalucia.es\/iesmateofranciscoderivas\/wp-json\/wp\/v2\/types\/page"}],"author":[{"embeddable":true,"href":"https:\/\/blogsaverroes.juntadeandalucia.es\/iesmateofranciscoderivas\/wp-json\/wp\/v2\/users\/1"}],"replies":[{"embeddable":true,"href":"https:\/\/blogsaverroes.juntadeandalucia.es\/iesmateofranciscoderivas\/wp-json\/wp\/v2\/comments?post=113"}],"version-history":[{"count":10,"href":"https:\/\/blogsaverroes.juntadeandalucia.es\/iesmateofranciscoderivas\/wp-json\/wp\/v2\/pages\/113\/revisions"}],"predecessor-version":[{"id":4427,"href":"https:\/\/blogsaverroes.juntadeandalucia.es\/iesmateofranciscoderivas\/wp-json\/wp\/v2\/pages\/113\/revisions\/4427"}],"wp:attachment":[{"href":"https:\/\/blogsaverroes.juntadeandalucia.es\/iesmateofranciscoderivas\/wp-json\/wp\/v2\/media?parent=113"}],"curies":[{"name":"wp","href":"https:\/\/api.w.org\/{rel}","templated":true}]}}