{"id":198,"date":"2015-03-17T09:55:36","date_gmt":"2015-03-17T08:55:36","guid":{"rendered":"http:\/\/blogsaverroes.juntadeandalucia.es\/pre\/ceip\/?page_id=198"},"modified":"2025-03-05T13:00:02","modified_gmt":"2025-03-05T12:00:02","slug":"ampa","status":"publish","type":"page","link":"https:\/\/blogsaverroes.juntadeandalucia.es\/iesmateofranciscoderivas\/ampa\/","title":{"rendered":"AMPA"},"content":{"rendered":"<h4>&nbsp;<\/h4>\n<h4><a href=\"https:\/\/blogsaverroes.juntadeandalucia.es\/iesmateofranciscoderivas\/files\/2025\/03\/Captura-de-pantalla-2025-03-05-121821.png\"><img loading=\"lazy\" decoding=\"async\" class=\"wp-image-4449 size-full aligncenter\" src=\"https:\/\/blogsaverroes.juntadeandalucia.es\/iesmateofranciscoderivas\/files\/2025\/03\/Captura-de-pantalla-2025-03-05-121821.png\" alt=\"\" width=\"794\" height=\"434\" srcset=\"https:\/\/blogsaverroes.juntadeandalucia.es\/iesmateofranciscoderivas\/files\/2025\/03\/Captura-de-pantalla-2025-03-05-121821.png 794w, https:\/\/blogsaverroes.juntadeandalucia.es\/iesmateofranciscoderivas\/files\/2025\/03\/Captura-de-pantalla-2025-03-05-121821-300x164.png 300w, https:\/\/blogsaverroes.juntadeandalucia.es\/iesmateofranciscoderivas\/files\/2025\/03\/Captura-de-pantalla-2025-03-05-121821-768x420.png 768w, https:\/\/blogsaverroes.juntadeandalucia.es\/iesmateofranciscoderivas\/files\/2025\/03\/Captura-de-pantalla-2025-03-05-121821-700x383.png 700w\" sizes=\"(max-width: 794px) 100vw, 794px\" \/><\/a><\/h4>\n<h4>&nbsp;<\/h4>\n<h4><strong><em>AMPA <\/em><\/strong><strong><em>\u201cEL ENCANTADO\u201d <\/em><\/strong><em>IES MATEO FRANCISCO DE RIVAS<\/em><\/h4>\n<h6>Estimados padres, madres, tutores y alumnos\/as:<\/h6>\n<h6>Hace ya varios a\u00f1os que constituimos la Asociaci\u00f3n de Madres y Padres de alumnos y alumnas del IES Mateo Francisco de Rivas de Jabalquinto.<\/h6>\n<h6>Actualmente la Junta Directiva est\u00e1 formada por:<\/h6>\n<ul>\n<li>\n<h6>Presidenta: Yolanda Garc\u00eda Ortega<\/h6>\n<\/li>\n<li>\n<h6>Vicepresidenta: Antonia Mari Fern\u00e1ndez M\u00e9ndez<\/h6>\n<\/li>\n<li>\n<h6>Secretaria: Laura Garc\u00eda Ortega<\/h6>\n<\/li>\n<li>\n<h6>Tesorera: Isabel Fern\u00e1ndez M\u00e9ndez<\/h6>\n<\/li>\n<li>\n<h6>Vocales:<\/h6>\n<ul>\n<li>\n<h6>Expiraci\u00f3n Tobaruela Berja<\/h6>\n<\/li>\n<li>\n<h6>Luisa N\u00e1gera Garc\u00eda<\/h6>\n<\/li>\n<\/ul>\n<\/li>\n<\/ul>\n<h6 style=\"text-align: left\">&nbsp;Nuestro inter\u00e9s al formar el AMPA es, sobre todo, la educaci\u00f3n de nuestros hijos e hijas. Para ello, mantenemos una colaboraci\u00f3n permanente con el profesorado y el equipo directivo del centro, trabajando con ellos y con el alumnado a lo largo del curso escolar, en actividades como: celebraci\u00f3n de efem\u00e9rides, participaci\u00f3n en concursos, actos de fin de curso, financiaci\u00f3n de viajes, de la agenda escolar, invitaci\u00f3n de todos los socios y socias a una comida de convivencia, etc.<\/h6>\n<h6 style=\"text-align: left\">Por otra parte, tambi\u00e9n colaboramos con el AMPA del Colegio \u201cNuestro Padre Jes\u00fas\u201d en las actividades que se realizan de manera conjunta entre ambos centros, as\u00ed como con las entidades locales como el Excmo. Ayuntamiento de Jabalquinto.<\/h6>\n<h6 style=\"text-align: left\">Esta junta directiva quiere que todos y todas aport\u00e9is vuestra opini\u00f3n e ideas para poder mejorar la educaci\u00f3n de nuestros hijos e hijas, que es lo que verdaderamente importa. Para ello pod\u00e9is contactar con nosotros a trav\u00e9s del correo electr\u00f3nico: <a href=\"mailto:ampaelencantado@gmail.com\">ampaelencantado@gmail.com<\/a>.<\/h6>\n<h6 style=\"text-align: left\">Desde aqu\u00ed dar las gracias a todas las familias que han colaborado con nosotros siendo miembros de la asociaci\u00f3n. Dar las gracias tambi\u00e9n al equipo directivo del centro porque siempre est\u00e1n ah\u00ed para todo lo que necesita la asociaci\u00f3n.<\/h6>\n<h6 style=\"text-align: left\">Un cordial saludo,<\/h6>\n<h6 style=\"text-align: left\">La Junta Directiva<\/h6>\n<p>&nbsp;<\/p>\n<h6>&nbsp;<\/h6>\n","protected":false},"excerpt":{"rendered":"<p>&nbsp; &nbsp; AMPA \u201cEL ENCANTADO\u201d IES MATEO FRANCISCO DE RIVAS Estimados padres, madres, tutores y alumnos\/as: Hace ya varios a\u00f1os que constituimos la Asociaci\u00f3n de&hellip;<\/p>\n","protected":false},"author":1,"featured_media":0,"parent":0,"menu_order":0,"comment_status":"closed","ping_status":"closed","template":"","meta":{"ngg_post_thumbnail":0,"footnotes":"","_mc_calendar":[]},"aioseo_notices":[],"_links":{"self":[{"href":"https:\/\/blogsaverroes.juntadeandalucia.es\/iesmateofranciscoderivas\/wp-json\/wp\/v2\/pages\/198"}],"collection":[{"href":"https:\/\/blogsaverroes.juntadeandalucia.es\/iesmateofranciscoderivas\/wp-json\/wp\/v2\/pages"}],"about":[{"href":"https:\/\/blogsaverroes.juntadeandalucia.es\/iesmateofranciscoderivas\/wp-json\/wp\/v2\/types\/page"}],"author":[{"embeddable":true,"href":"https:\/\/blogsaverroes.juntadeandalucia.es\/iesmateofranciscoderivas\/wp-json\/wp\/v2\/users\/1"}],"replies":[{"embeddable":true,"href":"https:\/\/blogsaverroes.juntadeandalucia.es\/iesmateofranciscoderivas\/wp-json\/wp\/v2\/comments?post=198"}],"version-history":[{"count":15,"href":"https:\/\/blogsaverroes.juntadeandalucia.es\/iesmateofranciscoderivas\/wp-json\/wp\/v2\/pages\/198\/revisions"}],"predecessor-version":[{"id":4466,"href":"https:\/\/blogsaverroes.juntadeandalucia.es\/iesmateofranciscoderivas\/wp-json\/wp\/v2\/pages\/198\/revisions\/4466"}],"wp:attachment":[{"href":"https:\/\/blogsaverroes.juntadeandalucia.es\/iesmateofranciscoderivas\/wp-json\/wp\/v2\/media?parent=198"}],"curies":[{"name":"wp","href":"https:\/\/api.w.org\/{rel}","templated":true}]}}