{"id":2477,"date":"2016-11-16T10:28:59","date_gmt":"2016-11-16T09:28:59","guid":{"rendered":"http:\/\/blogsaverroes.juntadeandalucia.es\/iesmateofranciscoderivas\/?page_id=2477"},"modified":"2025-03-05T12:20:46","modified_gmt":"2025-03-05T11:20:46","slug":"departamentos","status":"publish","type":"page","link":"https:\/\/blogsaverroes.juntadeandalucia.es\/iesmateofranciscoderivas\/departamentos\/","title":{"rendered":"Departamentos"},"content":{"rendered":"<div id='gallery-1' class='gallery galleryid-2477 gallery-columns-3 gallery-size-large'><figure class='gallery-item'>\n\t\t\t<div class='gallery-icon landscape'>\n\t\t\t\t<img loading=\"lazy\" decoding=\"async\" width=\"843\" height=\"474\" src=\"https:\/\/blogsaverroes.juntadeandalucia.es\/iesmateofranciscoderivas\/files\/2016\/11\/01.jpg\" class=\"attachment-large size-large\" alt=\"\" srcset=\"https:\/\/blogsaverroes.juntadeandalucia.es\/iesmateofranciscoderivas\/files\/2016\/11\/01.jpg 1000w, https:\/\/blogsaverroes.juntadeandalucia.es\/iesmateofranciscoderivas\/files\/2016\/11\/01-300x169.jpg 300w, https:\/\/blogsaverroes.juntadeandalucia.es\/iesmateofranciscoderivas\/files\/2016\/11\/01-700x393.jpg 700w\" sizes=\"(max-width: 843px) 100vw, 843px\" \/>\n\t\t\t<\/div><\/figure><figure class='gallery-item'>\n\t\t\t<div class='gallery-icon landscape'>\n\t\t\t\t<img loading=\"lazy\" decoding=\"async\" width=\"843\" height=\"474\" src=\"https:\/\/blogsaverroes.juntadeandalucia.es\/iesmateofranciscoderivas\/files\/2016\/11\/02.jpg\" class=\"attachment-large size-large\" alt=\"\" srcset=\"https:\/\/blogsaverroes.juntadeandalucia.es\/iesmateofranciscoderivas\/files\/2016\/11\/02.jpg 1000w, https:\/\/blogsaverroes.juntadeandalucia.es\/iesmateofranciscoderivas\/files\/2016\/11\/02-300x169.jpg 300w, https:\/\/blogsaverroes.juntadeandalucia.es\/iesmateofranciscoderivas\/files\/2016\/11\/02-700x393.jpg 700w\" sizes=\"(max-width: 843px) 100vw, 843px\" \/>\n\t\t\t<\/div><\/figure><figure class='gallery-item'>\n\t\t\t<div class='gallery-icon landscape'>\n\t\t\t\t<img loading=\"lazy\" decoding=\"async\" width=\"843\" height=\"474\" src=\"https:\/\/blogsaverroes.juntadeandalucia.es\/iesmateofranciscoderivas\/files\/2016\/11\/05.jpg\" class=\"attachment-large size-large\" alt=\"\" srcset=\"https:\/\/blogsaverroes.juntadeandalucia.es\/iesmateofranciscoderivas\/files\/2016\/11\/05.jpg 1000w, https:\/\/blogsaverroes.juntadeandalucia.es\/iesmateofranciscoderivas\/files\/2016\/11\/05-300x169.jpg 300w, https:\/\/blogsaverroes.juntadeandalucia.es\/iesmateofranciscoderivas\/files\/2016\/11\/05-700x393.jpg 700w\" sizes=\"(max-width: 843px) 100vw, 843px\" \/>\n\t\t\t<\/div><\/figure>\n\t\t<\/div>\n\n<table style=\"height: 168px\" width=\"1144\">\n<tbody>\n<tr>\n<td>\n<h6><a href=\"https:\/\/blogsaverroes.juntadeandalucia.es\/iesmateofranciscoderivas\/lengua-castellana-y-literatura\/\"><strong>Lengua Castellana<\/strong><\/a><\/h6>\n<\/td>\n<td>\n<h6>Ingl\u00e9s<\/h6>\n<\/td>\n<td>\n<h6><strong>Geograf\u00eda e Historia<\/strong><\/h6>\n<\/td>\n<td>\n<h6>Matem\u00e1ticas<\/h6>\n<\/td>\n<\/tr>\n<tr>\n<td>\n<h6>Pl\u00e1stica<\/h6>\n<\/td>\n<td>\n<h6><strong>Tecnolog\u00eda<\/strong><\/h6>\n<\/td>\n<td>\n<h6>M\u00fasica<\/h6>\n<\/td>\n<td>\n<h6><strong>F\u00edsica y Qu\u00edmica<\/strong><\/h6>\n<\/td>\n<\/tr>\n<tr>\n<td>\n<h6><strong>Orientaci\u00f3n<\/strong><\/h6>\n<\/td>\n<td>\n<h6>Biolog\u00eda y Geolog\u00eda<\/h6>\n<\/td>\n<td>\n<h6><strong>Educaci\u00f3n F\u00edsica<\/strong><\/h6>\n<\/td>\n<td>\n<h6>Franc\u00e9s<\/h6>\n<\/td>\n<\/tr>\n<\/tbody>\n<\/table>\n<div id='gallery-2' class='gallery galleryid-2477 gallery-columns-3 gallery-size-large'><figure class='gallery-item'>\n\t\t\t<div class='gallery-icon landscape'>\n\t\t\t\t<img loading=\"lazy\" decoding=\"async\" width=\"843\" height=\"474\" src=\"https:\/\/blogsaverroes.juntadeandalucia.es\/iesmateofranciscoderivas\/files\/2016\/11\/04.jpg\" class=\"attachment-large size-large\" alt=\"\" srcset=\"https:\/\/blogsaverroes.juntadeandalucia.es\/iesmateofranciscoderivas\/files\/2016\/11\/04.jpg 1000w, https:\/\/blogsaverroes.juntadeandalucia.es\/iesmateofranciscoderivas\/files\/2016\/11\/04-300x169.jpg 300w, https:\/\/blogsaverroes.juntadeandalucia.es\/iesmateofranciscoderivas\/files\/2016\/11\/04-700x393.jpg 700w\" sizes=\"(max-width: 843px) 100vw, 843px\" \/>\n\t\t\t<\/div><\/figure><figure class='gallery-item'>\n\t\t\t<div class='gallery-icon landscape'>\n\t\t\t\t<img loading=\"lazy\" decoding=\"async\" width=\"843\" height=\"474\" src=\"https:\/\/blogsaverroes.juntadeandalucia.es\/iesmateofranciscoderivas\/files\/2016\/11\/03.jpg\" class=\"attachment-large size-large\" alt=\"\" srcset=\"https:\/\/blogsaverroes.juntadeandalucia.es\/iesmateofranciscoderivas\/files\/2016\/11\/03.jpg 1000w, https:\/\/blogsaverroes.juntadeandalucia.es\/iesmateofranciscoderivas\/files\/2016\/11\/03-300x169.jpg 300w, https:\/\/blogsaverroes.juntadeandalucia.es\/iesmateofranciscoderivas\/files\/2016\/11\/03-700x393.jpg 700w\" sizes=\"(max-width: 843px) 100vw, 843px\" \/>\n\t\t\t<\/div><\/figure><figure class='gallery-item'>\n\t\t\t<div class='gallery-icon landscape'>\n\t\t\t\t<img loading=\"lazy\" decoding=\"async\" width=\"843\" height=\"474\" src=\"https:\/\/blogsaverroes.juntadeandalucia.es\/iesmateofranciscoderivas\/files\/2016\/11\/06.jpg\" class=\"attachment-large size-large\" alt=\"\" srcset=\"https:\/\/blogsaverroes.juntadeandalucia.es\/iesmateofranciscoderivas\/files\/2016\/11\/06.jpg 1000w, https:\/\/blogsaverroes.juntadeandalucia.es\/iesmateofranciscoderivas\/files\/2016\/11\/06-300x169.jpg 300w, https:\/\/blogsaverroes.juntadeandalucia.es\/iesmateofranciscoderivas\/files\/2016\/11\/06-700x393.jpg 700w\" sizes=\"(max-width: 843px) 100vw, 843px\" \/>\n\t\t\t<\/div><\/figure>\n\t\t<\/div>\n\n","protected":false},"excerpt":{"rendered":"<p>Lengua Castellana Ingl\u00e9s Geograf\u00eda e Historia Matem\u00e1ticas Pl\u00e1stica Tecnolog\u00eda M\u00fasica F\u00edsica y Qu\u00edmica Orientaci\u00f3n Biolog\u00eda y Geolog\u00eda Educaci\u00f3n F\u00edsica Franc\u00e9s<\/p>\n","protected":false},"author":2270,"featured_media":0,"parent":0,"menu_order":0,"comment_status":"closed","ping_status":"closed","template":"","meta":{"ngg_post_thumbnail":0,"footnotes":"","_mc_calendar":[]},"aioseo_notices":[],"_links":{"self":[{"href":"https:\/\/blogsaverroes.juntadeandalucia.es\/iesmateofranciscoderivas\/wp-json\/wp\/v2\/pages\/2477"}],"collection":[{"href":"https:\/\/blogsaverroes.juntadeandalucia.es\/iesmateofranciscoderivas\/wp-json\/wp\/v2\/pages"}],"about":[{"href":"https:\/\/blogsaverroes.juntadeandalucia.es\/iesmateofranciscoderivas\/wp-json\/wp\/v2\/types\/page"}],"author":[{"embeddable":true,"href":"https:\/\/blogsaverroes.juntadeandalucia.es\/iesmateofranciscoderivas\/wp-json\/wp\/v2\/users\/2270"}],"replies":[{"embeddable":true,"href":"https:\/\/blogsaverroes.juntadeandalucia.es\/iesmateofranciscoderivas\/wp-json\/wp\/v2\/comments?post=2477"}],"version-history":[{"count":12,"href":"https:\/\/blogsaverroes.juntadeandalucia.es\/iesmateofranciscoderivas\/wp-json\/wp\/v2\/pages\/2477\/revisions"}],"predecessor-version":[{"id":4450,"href":"https:\/\/blogsaverroes.juntadeandalucia.es\/iesmateofranciscoderivas\/wp-json\/wp\/v2\/pages\/2477\/revisions\/4450"}],"wp:attachment":[{"href":"https:\/\/blogsaverroes.juntadeandalucia.es\/iesmateofranciscoderivas\/wp-json\/wp\/v2\/media?parent=2477"}],"curies":[{"name":"wp","href":"https:\/\/api.w.org\/{rel}","templated":true}]}}