{"id":2633,"date":"2016-11-27T17:41:09","date_gmt":"2016-11-27T16:41:09","guid":{"rendered":"http:\/\/blogsaverroes.juntadeandalucia.es\/iesmateofranciscoderivas\/?page_id=2633"},"modified":"2016-11-29T18:38:41","modified_gmt":"2016-11-29T17:38:41","slug":"articulos-de-interes","status":"publish","type":"page","link":"https:\/\/blogsaverroes.juntadeandalucia.es\/iesmateofranciscoderivas\/articulos-de-interes\/","title":{"rendered":"Art\u00edculos de inter\u00e9s"},"content":{"rendered":"<div class=\"pt-cv-wrapper\"><div class=\"pt-cv-view pt-cv-grid pt-cv-colsys\" id=\"pt-cv-view-c3bbb450ez\"><div data-id=\"pt-cv-page-1\" class=\"pt-cv-page\" data-cvc=\"2\"><div class=\"col-md-6 col-sm-6 col-xs-12 pt-cv-content-item pt-cv-1-col\" ><div class='pt-cv-ifield'><a href=\"https:\/\/blogsaverroes.juntadeandalucia.es\/iesmateofranciscoderivas\/2018\/01\/18\/ganamos-el-2o-premio-cultura-de-paz-y-convivencia-escolar\/\" class=\"_self pt-cv-href-thumbnail pt-cv-thumb-default\" target=\"_self\" ><img loading=\"lazy\" decoding=\"async\" width=\"591\" height=\"300\" src=\"https:\/\/blogsaverroes.juntadeandalucia.es\/iesmateofranciscoderivas\/files\/2018\/01\/paloma_fondo_bien-591x300.png\" class=\"pt-cv-thumbnail\" alt=\"\" \/><\/a>\n<h4 class=\"pt-cv-title\"><a href=\"https:\/\/blogsaverroes.juntadeandalucia.es\/iesmateofranciscoderivas\/2018\/01\/18\/ganamos-el-2o-premio-cultura-de-paz-y-convivencia-escolar\/\" class=\"_self\" target=\"_self\" >\u00a1Ganamos el 2\u00ba Premio Cultura de Paz y Convivencia Escolar!<\/a><\/h4>\n<div class=\"pt-cv-content\">Tal y como os informamos en una entrada anterior, el Gabinete de Convivencia de la Delegaci\u00f3n Provincial de Ja\u00e9n nos ...<br \/><div class=\"pt-cv-rmwrap\"><a href=\"https:\/\/blogsaverroes.juntadeandalucia.es\/iesmateofranciscoderivas\/2018\/01\/18\/ganamos-el-2o-premio-cultura-de-paz-y-convivencia-escolar\/\" class=\"_self pt-cv-readmore btn btn-success\" target=\"_self\">Leer M\u00e1s<\/a><\/div><\/div><\/div><\/div>\n<div class=\"col-md-6 col-sm-6 col-xs-12 pt-cv-content-item pt-cv-1-col\" ><div class='pt-cv-ifield'><a href=\"https:\/\/blogsaverroes.juntadeandalucia.es\/iesmateofranciscoderivas\/2017\/10\/20\/reunion-de-padres-lunes-23-octubre\/\" class=\"_self pt-cv-href-thumbnail pt-cv-thumb-default\" target=\"_self\" ><img loading=\"lazy\" decoding=\"async\" width=\"525\" height=\"250\" src=\"https:\/\/blogsaverroes.juntadeandalucia.es\/iesmateofranciscoderivas\/files\/2017\/10\/Reuni\u00f3n-Familias.png\" class=\"pt-cv-thumbnail\" alt=\"\" srcset=\"https:\/\/blogsaverroes.juntadeandalucia.es\/iesmateofranciscoderivas\/files\/2017\/10\/Reuni\u00f3n-Familias.png 525w, https:\/\/blogsaverroes.juntadeandalucia.es\/iesmateofranciscoderivas\/files\/2017\/10\/Reuni\u00f3n-Familias-300x143.png 300w, https:\/\/blogsaverroes.juntadeandalucia.es\/iesmateofranciscoderivas\/files\/2017\/10\/Reuni\u00f3n-Familias-24x11.png 24w, https:\/\/blogsaverroes.juntadeandalucia.es\/iesmateofranciscoderivas\/files\/2017\/10\/Reuni\u00f3n-Familias-36x17.png 36w, https:\/\/blogsaverroes.juntadeandalucia.es\/iesmateofranciscoderivas\/files\/2017\/10\/Reuni\u00f3n-Familias-48x23.png 48w\" sizes=\"(max-width: 525px) 100vw, 525px\" \/><\/a>\n<h4 class=\"pt-cv-title\"><a href=\"https:\/\/blogsaverroes.juntadeandalucia.es\/iesmateofranciscoderivas\/2017\/10\/20\/reunion-de-padres-lunes-23-octubre\/\" class=\"_self\" target=\"_self\" >Reuni\u00f3n de padres Lunes 23 Octubre<\/a><\/h4>\n<div class=\"pt-cv-content\">El pr\u00f3ximo 23 de octubre a las 17 horas tendr\u00e1 lugar la reuni\u00f3n grupal de las familias con los tutores ...<br \/><div class=\"pt-cv-rmwrap\"><a href=\"https:\/\/blogsaverroes.juntadeandalucia.es\/iesmateofranciscoderivas\/2017\/10\/20\/reunion-de-padres-lunes-23-octubre\/\" class=\"_self pt-cv-readmore btn btn-success\" target=\"_self\">Leer M\u00e1s<\/a><\/div><\/div><\/div><\/div>\n<div class=\"col-md-6 col-sm-6 col-xs-12 pt-cv-content-item pt-cv-1-col\" ><div class='pt-cv-ifield'><a href=\"https:\/\/blogsaverroes.juntadeandalucia.es\/iesmateofranciscoderivas\/2017\/10\/04\/hemos-sido-seleccionados\/\" class=\"_self pt-cv-href-thumbnail pt-cv-thumb-default\" target=\"_self\" ><\/a>\n<h4 class=\"pt-cv-title\"><a href=\"https:\/\/blogsaverroes.juntadeandalucia.es\/iesmateofranciscoderivas\/2017\/10\/04\/hemos-sido-seleccionados\/\" class=\"_self\" target=\"_self\" >\u00a1Hemos sido seleccionados para los Premios Cultura de Paz y Convivencia Escolar!<\/a><\/h4>\n<div class=\"pt-cv-content\">El Gabinete de Convivencia e Igualdad de la Consejer\u00eda de Educaci\u00f3n de Ja\u00e9n ha seleccionado a tres centros de toda ...<br \/><div class=\"pt-cv-rmwrap\"><a href=\"https:\/\/blogsaverroes.juntadeandalucia.es\/iesmateofranciscoderivas\/2017\/10\/04\/hemos-sido-seleccionados\/\" class=\"_self pt-cv-readmore btn btn-success\" target=\"_self\">Leer M\u00e1s<\/a><\/div><\/div><\/div><\/div>\n<div class=\"col-md-6 col-sm-6 col-xs-12 pt-cv-content-item pt-cv-1-col\" ><div class='pt-cv-ifield'><a href=\"https:\/\/blogsaverroes.juntadeandalucia.es\/iesmateofranciscoderivas\/2017\/10\/04\/nos-presentamos-a-los-premios-jaen-joven-2017\/\" class=\"_self pt-cv-href-thumbnail pt-cv-thumb-default\" target=\"_self\" ><img loading=\"lazy\" decoding=\"async\" width=\"418\" height=\"300\" src=\"https:\/\/blogsaverroes.juntadeandalucia.es\/iesmateofranciscoderivas\/files\/2017\/10\/PremiosJaenJoven-418x300.jpg\" class=\"pt-cv-thumbnail\" alt=\"\" \/><\/a>\n<h4 class=\"pt-cv-title\"><a href=\"https:\/\/blogsaverroes.juntadeandalucia.es\/iesmateofranciscoderivas\/2017\/10\/04\/nos-presentamos-a-los-premios-jaen-joven-2017\/\" class=\"_self\" target=\"_self\" >Nos presentamos a los Premios Ja\u00e9n Joven 2017<\/a><\/h4>\n<div class=\"pt-cv-content\">La Direcci\u00f3n Provincial del Instituto Andaluz de la Juventud en Ja\u00e9n convoca los 'PREMIOS JA\u00c9N JOVEN 2017' con la finalidad ...<br \/><div class=\"pt-cv-rmwrap\"><a href=\"https:\/\/blogsaverroes.juntadeandalucia.es\/iesmateofranciscoderivas\/2017\/10\/04\/nos-presentamos-a-los-premios-jaen-joven-2017\/\" class=\"_self pt-cv-readmore btn btn-success\" target=\"_self\">Leer M\u00e1s<\/a><\/div><\/div><\/div><\/div>\n<div class=\"col-md-6 col-sm-6 col-xs-12 pt-cv-content-item pt-cv-1-col\" ><div class='pt-cv-ifield'><a href=\"https:\/\/blogsaverroes.juntadeandalucia.es\/iesmateofranciscoderivas\/2017\/07\/03\/premio-a-la-mejor-clase\/\" class=\"_self pt-cv-href-thumbnail pt-cv-thumb-default\" target=\"_self\" ><img loading=\"lazy\" decoding=\"async\" width=\"700\" height=\"300\" src=\"https:\/\/blogsaverroes.juntadeandalucia.es\/iesmateofranciscoderivas\/files\/2017\/07\/IMG-20170623-WA0010-700x300.jpg\" class=\"pt-cv-thumbnail\" alt=\"\" \/><\/a>\n<h4 class=\"pt-cv-title\"><a href=\"https:\/\/blogsaverroes.juntadeandalucia.es\/iesmateofranciscoderivas\/2017\/07\/03\/premio-a-la-mejor-clase\/\" class=\"_self\" target=\"_self\" >Premio a la Mejor Clase<\/a><\/h4>\n<div class=\"pt-cv-content\">Este a\u00f1o 4\u00ba de ESO ha conseguido el Premio a la Mejor Clase, donde se puntuaban los resultados acad\u00e9micos y ...<br \/><div class=\"pt-cv-rmwrap\"><a href=\"https:\/\/blogsaverroes.juntadeandalucia.es\/iesmateofranciscoderivas\/2017\/07\/03\/premio-a-la-mejor-clase\/\" class=\"_self pt-cv-readmore btn btn-success\" target=\"_self\">Leer M\u00e1s<\/a><\/div><\/div><\/div><\/div>\n<div class=\"col-md-6 col-sm-6 col-xs-12 pt-cv-content-item pt-cv-1-col\" ><div class='pt-cv-ifield'><a href=\"https:\/\/blogsaverroes.juntadeandalucia.es\/iesmateofranciscoderivas\/2017\/06\/21\/el-desembarco-de-normandia-en-jabalquinto\/\" class=\"_self pt-cv-href-thumbnail pt-cv-thumb-default\" target=\"_self\" ><img loading=\"lazy\" decoding=\"async\" width=\"700\" height=\"300\" src=\"https:\/\/blogsaverroes.juntadeandalucia.es\/iesmateofranciscoderivas\/files\/2017\/06\/DSC_1192-700x300.jpg\" class=\"pt-cv-thumbnail\" alt=\"\" \/><\/a>\n<h4 class=\"pt-cv-title\"><a href=\"https:\/\/blogsaverroes.juntadeandalucia.es\/iesmateofranciscoderivas\/2017\/06\/21\/el-desembarco-de-normandia-en-jabalquinto\/\" class=\"_self\" target=\"_self\" >El Desembarco de Normand\u00eda en Jabalquinto<\/a><\/h4>\n<div class=\"pt-cv-content\">El Grupo de Recreaci\u00f3n Hist\u00f3rica de \u00dabeda ha visitado nuestro centro, ofreciendo a los alumnos del IES Mateo Francisco de ...<br \/><div class=\"pt-cv-rmwrap\"><a href=\"https:\/\/blogsaverroes.juntadeandalucia.es\/iesmateofranciscoderivas\/2017\/06\/21\/el-desembarco-de-normandia-en-jabalquinto\/\" class=\"_self pt-cv-readmore btn btn-success\" target=\"_self\">Leer M\u00e1s<\/a><\/div><\/div><\/div><\/div>\n<div class=\"col-md-6 col-sm-6 col-xs-12 pt-cv-content-item pt-cv-1-col\" ><div class='pt-cv-ifield'><a href=\"https:\/\/blogsaverroes.juntadeandalucia.es\/iesmateofranciscoderivas\/2017\/06\/20\/ola-de-calor-en-el-instituto\/\" class=\"_self pt-cv-href-thumbnail pt-cv-thumb-default\" target=\"_self\" ><img loading=\"lazy\" decoding=\"async\" width=\"259\" height=\"194\" src=\"https:\/\/blogsaverroes.juntadeandalucia.es\/iesmateofranciscoderivas\/files\/2017\/06\/ola.jpg\" class=\"pt-cv-thumbnail\" alt=\"\" srcset=\"https:\/\/blogsaverroes.juntadeandalucia.es\/iesmateofranciscoderivas\/files\/2017\/06\/ola.jpg 259w, https:\/\/blogsaverroes.juntadeandalucia.es\/iesmateofranciscoderivas\/files\/2017\/06\/ola-24x18.jpg 24w, https:\/\/blogsaverroes.juntadeandalucia.es\/iesmateofranciscoderivas\/files\/2017\/06\/ola-36x27.jpg 36w, https:\/\/blogsaverroes.juntadeandalucia.es\/iesmateofranciscoderivas\/files\/2017\/06\/ola-48x36.jpg 48w\" sizes=\"(max-width: 259px) 100vw, 259px\" \/><\/a>\n<h4 class=\"pt-cv-title\"><a href=\"https:\/\/blogsaverroes.juntadeandalucia.es\/iesmateofranciscoderivas\/2017\/06\/20\/ola-de-calor-en-el-instituto\/\" class=\"_self\" target=\"_self\" >Ola de Calor en el Instituto<\/a><\/h4>\n<div class=\"pt-cv-content\">Seg\u00fan una circular de la Consejer\u00eda de Educaci\u00f3n que se ha enviado a los centros, debido a la ola de ...<br \/><div class=\"pt-cv-rmwrap\"><a href=\"https:\/\/blogsaverroes.juntadeandalucia.es\/iesmateofranciscoderivas\/2017\/06\/20\/ola-de-calor-en-el-instituto\/\" class=\"_self pt-cv-readmore btn btn-success\" target=\"_self\">Leer M\u00e1s<\/a><\/div><\/div><\/div><\/div>\n<div class=\"col-md-6 col-sm-6 col-xs-12 pt-cv-content-item pt-cv-1-col\" ><div class='pt-cv-ifield'><a href=\"https:\/\/blogsaverroes.juntadeandalucia.es\/iesmateofranciscoderivas\/2017\/03\/03\/taller-labo-malaria-de-la-caixa\/\" class=\"_self pt-cv-href-thumbnail pt-cv-thumb-default\" target=\"_self\" ><img loading=\"lazy\" decoding=\"async\" width=\"700\" height=\"300\" src=\"https:\/\/blogsaverroes.juntadeandalucia.es\/iesmateofranciscoderivas\/files\/2017\/03\/IMG-20170331-WA0002-700x300.jpg\" class=\"pt-cv-thumbnail\" alt=\"\" \/><\/a>\n<h4 class=\"pt-cv-title\"><a href=\"https:\/\/blogsaverroes.juntadeandalucia.es\/iesmateofranciscoderivas\/2017\/03\/03\/taller-labo-malaria-de-la-caixa\/\" class=\"_self\" target=\"_self\" >Taller Labo Malaria de La Caixa<\/a><\/h4>\n<div class=\"pt-cv-content\">El 31 de marzo el alumnado de 3\u00ba y 4\u00ba asistir\u00e1 en nuestro centro a un taller gratuito ofrecido por ...<br \/><div class=\"pt-cv-rmwrap\"><a href=\"https:\/\/blogsaverroes.juntadeandalucia.es\/iesmateofranciscoderivas\/2017\/03\/03\/taller-labo-malaria-de-la-caixa\/\" class=\"_self pt-cv-readmore btn btn-success\" target=\"_self\">Leer M\u00e1s<\/a><\/div><\/div><\/div><\/div>\n<div class=\"col-md-6 col-sm-6 col-xs-12 pt-cv-content-item pt-cv-1-col\" ><div class='pt-cv-ifield'><a href=\"https:\/\/blogsaverroes.juntadeandalucia.es\/iesmateofranciscoderivas\/2017\/03\/03\/dia-de-andalucia\/\" class=\"_self pt-cv-href-thumbnail pt-cv-thumb-default\" target=\"_self\" ><img loading=\"lazy\" decoding=\"async\" width=\"700\" height=\"300\" src=\"https:\/\/blogsaverroes.juntadeandalucia.es\/iesmateofranciscoderivas\/files\/2017\/03\/20170224_130921-700x300.jpg\" class=\"pt-cv-thumbnail\" alt=\"\" \/><\/a>\n<h4 class=\"pt-cv-title\"><a href=\"https:\/\/blogsaverroes.juntadeandalucia.es\/iesmateofranciscoderivas\/2017\/03\/03\/dia-de-andalucia\/\" class=\"_self\" target=\"_self\" >D\u00eda de Andaluc\u00eda<\/a><\/h4>\n<div class=\"pt-cv-content\">Este a\u00f1o celebramos el D\u00eda de Andaluc\u00eda junto al IES Reyes de Espa\u00f1a, nuestro centro de referencia para continuar estudios ...<br \/><div class=\"pt-cv-rmwrap\"><a href=\"https:\/\/blogsaverroes.juntadeandalucia.es\/iesmateofranciscoderivas\/2017\/03\/03\/dia-de-andalucia\/\" class=\"_self pt-cv-readmore btn btn-success\" target=\"_self\">Leer M\u00e1s<\/a><\/div><\/div><\/div><\/div>\n<div class=\"col-md-6 col-sm-6 col-xs-12 pt-cv-content-item pt-cv-1-col\" ><div class='pt-cv-ifield'><a href=\"https:\/\/blogsaverroes.juntadeandalucia.es\/iesmateofranciscoderivas\/2017\/03\/03\/excursion-a-madrid\/\" class=\"_self pt-cv-href-thumbnail pt-cv-thumb-default\" target=\"_self\" ><img loading=\"lazy\" decoding=\"async\" width=\"700\" height=\"300\" src=\"https:\/\/blogsaverroes.juntadeandalucia.es\/iesmateofranciscoderivas\/files\/2017\/03\/IMG-20170209-WA0024-700x300.jpg\" class=\"pt-cv-thumbnail\" alt=\"\" \/><\/a>\n<h4 class=\"pt-cv-title\"><a href=\"https:\/\/blogsaverroes.juntadeandalucia.es\/iesmateofranciscoderivas\/2017\/03\/03\/excursion-a-madrid\/\" class=\"_self\" target=\"_self\" >Excursi\u00f3n a Madrid<\/a><\/h4>\n<div class=\"pt-cv-content\">Los d\u00edas 9 y 10 de febrero nos fuimos todo el insti junto a padres, profes y el alcalde a ...<br \/><div class=\"pt-cv-rmwrap\"><a href=\"https:\/\/blogsaverroes.juntadeandalucia.es\/iesmateofranciscoderivas\/2017\/03\/03\/excursion-a-madrid\/\" class=\"_self pt-cv-readmore btn btn-success\" target=\"_self\">Leer M\u00e1s<\/a><\/div><\/div><\/div><\/div>\n<div class=\"col-md-6 col-sm-6 col-xs-12 pt-cv-content-item pt-cv-1-col\" ><div class='pt-cv-ifield'><a href=\"https:\/\/blogsaverroes.juntadeandalucia.es\/iesmateofranciscoderivas\/2017\/03\/03\/dia-de-la-paz\/\" class=\"_self pt-cv-href-thumbnail pt-cv-thumb-default\" target=\"_self\" ><img loading=\"lazy\" decoding=\"async\" width=\"700\" height=\"300\" src=\"https:\/\/blogsaverroes.juntadeandalucia.es\/iesmateofranciscoderivas\/files\/2017\/03\/IMG-20170130-WA0056-700x300.jpg\" class=\"pt-cv-thumbnail\" alt=\"\" \/><\/a>\n<h4 class=\"pt-cv-title\"><a href=\"https:\/\/blogsaverroes.juntadeandalucia.es\/iesmateofranciscoderivas\/2017\/03\/03\/dia-de-la-paz\/\" class=\"_self\" target=\"_self\" >D\u00eda de la Paz<\/a><\/h4>\n<div class=\"pt-cv-content\">Un a\u00f1o m\u00e1s celebramos junto al cole el D\u00eda de la Paz. Esta vez hemos participado en la Carrera Solidaria ...<br \/><div class=\"pt-cv-rmwrap\"><a href=\"https:\/\/blogsaverroes.juntadeandalucia.es\/iesmateofranciscoderivas\/2017\/03\/03\/dia-de-la-paz\/\" class=\"_self pt-cv-readmore btn btn-success\" target=\"_self\">Leer M\u00e1s<\/a><\/div><\/div><\/div><\/div>\n<div class=\"col-md-6 col-sm-6 col-xs-12 pt-cv-content-item pt-cv-1-col\" ><div class='pt-cv-ifield'><a href=\"https:\/\/blogsaverroes.juntadeandalucia.es\/iesmateofranciscoderivas\/2015\/06\/18\/la-atencion-al-alumnado-con-dislexia\/\" class=\"_self pt-cv-href-thumbnail pt-cv-thumb-default\" target=\"_self\" ><img loading=\"lazy\" decoding=\"async\" width=\"630\" height=\"300\" src=\"https:\/\/blogsaverroes.juntadeandalucia.es\/iesmateofranciscoderivas\/files\/2015\/06\/orientacion_not.jpg\" class=\"pt-cv-thumbnail\" alt=\"\" srcset=\"https:\/\/blogsaverroes.juntadeandalucia.es\/iesmateofranciscoderivas\/files\/2015\/06\/orientacion_not.jpg 630w, https:\/\/blogsaverroes.juntadeandalucia.es\/iesmateofranciscoderivas\/files\/2015\/06\/orientacion_not-300x143.jpg 300w\" sizes=\"(max-width: 630px) 100vw, 630px\" \/><\/a>\n<h4 class=\"pt-cv-title\"><a href=\"https:\/\/blogsaverroes.juntadeandalucia.es\/iesmateofranciscoderivas\/2015\/06\/18\/la-atencion-al-alumnado-con-dislexia\/\" class=\"_self\" target=\"_self\" >La atenci\u00f3n al alumnado con dislexia<\/a><\/h4>\n<div class=\"pt-cv-content\">\u201cLa atenci\u00f3n al alumnado con dislexia en el sistema educativo en el contexto de las necesidades espec\u00edficas de apoyo educativo\u201d ...<br \/><div class=\"pt-cv-rmwrap\"><a href=\"https:\/\/blogsaverroes.juntadeandalucia.es\/iesmateofranciscoderivas\/2015\/06\/18\/la-atencion-al-alumnado-con-dislexia\/\" class=\"_self pt-cv-readmore btn btn-success\" target=\"_self\">Leer M\u00e1s<\/a><\/div><\/div><\/div><\/div>\n<div class=\"col-md-6 col-sm-6 col-xs-12 pt-cv-content-item pt-cv-1-col\" ><div class='pt-cv-ifield'><a href=\"https:\/\/blogsaverroes.juntadeandalucia.es\/iesmateofranciscoderivas\/2015\/06\/18\/te-estresan-las-matematicas\/\" class=\"_self pt-cv-href-thumbnail pt-cv-thumb-default\" target=\"_self\" ><img loading=\"lazy\" decoding=\"async\" width=\"699\" height=\"526\" src=\"https:\/\/blogsaverroes.juntadeandalucia.es\/iesmateofranciscoderivas\/files\/2015\/06\/matematicas_not1.jpg\" class=\"pt-cv-thumbnail\" alt=\"\" srcset=\"https:\/\/blogsaverroes.juntadeandalucia.es\/iesmateofranciscoderivas\/files\/2015\/06\/matematicas_not1.jpg 699w, https:\/\/blogsaverroes.juntadeandalucia.es\/iesmateofranciscoderivas\/files\/2015\/06\/matematicas_not1-300x226.jpg 300w\" sizes=\"(max-width: 699px) 100vw, 699px\" \/><\/a>\n<h4 class=\"pt-cv-title\"><a href=\"https:\/\/blogsaverroes.juntadeandalucia.es\/iesmateofranciscoderivas\/2015\/06\/18\/te-estresan-las-matematicas\/\" class=\"_self\" target=\"_self\" >\u00bfTe estresan las matem\u00e1ticas?<\/a><\/h4>\n<div class=\"pt-cv-content\">\u00bfTe estresan las matem\u00e1ticas? La OCDE en su \u00faltimo n\u00famero de PISA in Focus analiza la relaci\u00f3n entre el grado ...<br \/><div class=\"pt-cv-rmwrap\"><a href=\"https:\/\/blogsaverroes.juntadeandalucia.es\/iesmateofranciscoderivas\/2015\/06\/18\/te-estresan-las-matematicas\/\" class=\"_self pt-cv-readmore btn btn-success\" target=\"_self\">Leer M\u00e1s<\/a><\/div><\/div><\/div><\/div><\/div><\/div><\/div>\n","protected":false},"excerpt":{"rendered":"","protected":false},"author":2270,"featured_media":0,"parent":0,"menu_order":0,"comment_status":"closed","ping_status":"closed","template":"","meta":{"ngg_post_thumbnail":0,"footnotes":"","_mc_calendar":[]},"aioseo_notices":[],"_links":{"self":[{"href":"https:\/\/blogsaverroes.juntadeandalucia.es\/iesmateofranciscoderivas\/wp-json\/wp\/v2\/pages\/2633"}],"collection":[{"href":"https:\/\/blogsaverroes.juntadeandalucia.es\/iesmateofranciscoderivas\/wp-json\/wp\/v2\/pages"}],"about":[{"href":"https:\/\/blogsaverroes.juntadeandalucia.es\/iesmateofranciscoderivas\/wp-json\/wp\/v2\/types\/page"}],"author":[{"embeddable":true,"href":"https:\/\/blogsaverroes.juntadeandalucia.es\/iesmateofranciscoderivas\/wp-json\/wp\/v2\/users\/2270"}],"replies":[{"embeddable":true,"href":"https:\/\/blogsaverroes.juntadeandalucia.es\/iesmateofranciscoderivas\/wp-json\/wp\/v2\/comments?post=2633"}],"version-history":[{"count":3,"href":"https:\/\/blogsaverroes.juntadeandalucia.es\/iesmateofranciscoderivas\/wp-json\/wp\/v2\/pages\/2633\/revisions"}],"predecessor-version":[{"id":2749,"href":"https:\/\/blogsaverroes.juntadeandalucia.es\/iesmateofranciscoderivas\/wp-json\/wp\/v2\/pages\/2633\/revisions\/2749"}],"wp:attachment":[{"href":"https:\/\/blogsaverroes.juntadeandalucia.es\/iesmateofranciscoderivas\/wp-json\/wp\/v2\/media?parent=2633"}],"curies":[{"name":"wp","href":"https:\/\/api.w.org\/{rel}","templated":true}]}}