{"id":3278,"date":"2017-10-11T10:57:09","date_gmt":"2017-10-11T09:57:09","guid":{"rendered":"http:\/\/blogsaverroes.juntadeandalucia.es\/iesmateofranciscoderivas\/?page_id=3278"},"modified":"2018-11-14T14:06:06","modified_gmt":"2018-11-14T13:06:06","slug":"bibliotecas-online","status":"publish","type":"page","link":"https:\/\/blogsaverroes.juntadeandalucia.es\/iesmateofranciscoderivas\/bibliotecas-online\/","title":{"rendered":"Bibliotecas online"},"content":{"rendered":"<h5><strong>Te proponemos unos enlaces a amplias bibliotecas desde las que podr\u00e1s elegir cientos de libros para leer online, libres de derechos de autor, por lo que podr\u00e1s leerlos todas las veces que quieras sin hacer pirater\u00eda.<\/strong><\/h5>\n<h4><a href=\"https:\/\/www.gutenberg.org\/browse\/languages\/es#a6152\">Biblioteca Gutenberg<\/a>: aqu\u00ed podr\u00e1s encontrar obras cl\u00e1sicas espa\u00f1olas y extranjeras de autores como Unamuno, Lope de Vega, Calder\u00f3n, Blasco Ib\u00e1\u00f1ez, B\u00e9cquer, Pardo Baz\u00e1n, etc entre otros.<\/h4>\n<h4><a href=\"http:\/\/www.elejandria.com\/libros\/subcategorias\/10\">Biblioteca Alejandria<\/a>: en este enlace de la secci\u00f3n juvenil de esta biblioteca puedes encontrar varios c\u00f3mic manga y algunos de narrativa.&nbsp;<\/h4>\n<h4><a href=\"http:\/\/www.cervantesvirtual.com\/portales\/biblioteca_literatura_infantil_juvenil\/catalogo_titulo\/\">Bibliteca Cervantes<\/a>: en&nbsp; este enlace puedes leer online la selecci\u00f3n de libros juveniles que de forma libre pone a tu disposici\u00f3n la biblioteca Cervantes. Entre otros puedes encontrar cuentos de los Hermanos Grimm, la obra de Gloria Fuertes, etc.<\/h4>\n<h4><b><a href=\"https:\/\/www.wdl.org\/es\/\">LA BIBLIOTECA DIGITAL MUNDIAL<\/a>:&nbsp;<\/b><\/h4>\n<table border=\"0\" cellspacing=\"0\" cellpadding=\"0\">\n<tbody>\n<tr>\n<td colspan=\"1\" rowspan=\"1\" valign=\"top\">\n<table border=\"0\" cellspacing=\"0\" cellpadding=\"0\">\n<tbody>\n<tr>\n<td colspan=\"1\" rowspan=\"1\" valign=\"top\">\n<table border=\"0\" cellspacing=\"0\" cellpadding=\"0\">\n<tbody>\n<tr style=\"height: 66px\">\n<td style=\"height: 66px\" colspan=\"1\" rowspan=\"1\" valign=\"top\">\n<h4 class=\"m_2777682639296547m_-5954681582893640512yiv2849150527MsoNormal\">Re\u00fane mapas, textos, fotos, grabaciones y pel\u00edculas de todos los tiempos y explica en siete idiomas las joyas y reliquias culturales de todas las bibliotecas del planeta.<\/h4>\n<\/td>\n<\/tr>\n<\/tbody>\n<\/table>\n<\/td>\n<\/tr>\n<\/tbody>\n<\/table>\n<h4 class=\"m_2777682639296547m_-5954681582893640512yiv2849150527MsoNormal\">Tiene, sobre todo, car\u00e1cter patrimonial, manifest\u00f3 a LA NACI\u00d3N Abdelaziz&nbsp; Abid , coordinador del proyecto impulsado por la Unesco y otras 32 instituciones.<\/h4>\n<\/td>\n<\/tr>\n<\/tbody>\n<\/table>\n<h4 class=\"m_2777682639296547m_-5954681582893640512yiv2849150527MsoNormal\">La BDM no ofrecer\u00e1 documentos corrientes , sino \u00abcon valor de patrimonio, que permitir\u00e1n apreciar y conocer mejor las culturas del mundo en idiomas diferentes: \u00e1rabe, chino, ingl\u00e9s, franc\u00e9s, ruso, espa\u00f1ol y portugu\u00e9s. Pero hay documentos en l\u00ednea en m\u00e1s de 50&nbsp; idiomas\u00bb.<\/h4>\n<h4 class=\"m_2777682639296547m_-5954681582893640512yiv2849150527MsoNormal\">\u00abEntre los documentos m\u00e1s antiguos hay algunos c\u00f3dices precolombinos, gracias a la contribuci\u00f3n de M\u00e9xico, y los primeros mapas de Am\u00e9rica, dibujados por Diego Guti\u00e9rrez para el rey de Espa\u00f1a en 1562\u00bb, explicaba Abid.<\/h4>\n<h4 class=\"m_2777682639296547m_-5954681582893640512yiv2849150527MsoNormal\">Los tesoros incluyen el Hyakumanto darani, un documento en japon\u00e9s publicado en el a\u00f1o 764 y considerado el primer texto impreso de la&nbsp; historia; un relato de los aztecas que constituye la primera menci\u00f3n del Ni\u00f1o Jes\u00fas en el Nuevo Mundo; trabajos de cient\u00edficos \u00e1rabes que desvelan el misterio del \u00e1lgebra; huesos utilizados como or\u00e1culos y estelas chinas; la Biblia de Gutenberg; antiguas fotos iberoamericanas de la Biblioteca Nacional&nbsp; de Brasil y la c\u00e9lebre Biblia del Diablo, del siglo XIII, de la Biblioteca Nacional de Suecia.<\/h4>\n<h4>&nbsp;<\/h4>\n<h4>Si prefieres descargar los libros aqu\u00ed tienes otras direcciones:<\/h4>\n<p><a href=\"https:\/\/ignaciosantiago.com\/paginas-descargar-libros-electronicos-gratis-espanol\/\">https:\/\/ignaciosantiago.com\/paginas-descargar-libros-electronicos-gratis-espanol\/<\/a><\/p>\n<p>https:\/\/www.educaciontrespuntocero.com\/recursos\/descargar-libros-gratis\/43300.html<\/p>\n<p>&nbsp;<\/p>\n<p>Y si no sabes cu\u00e1l elegir, ya sabes que tus profesores\/as siempre est\u00e1n dispuestos\/as a orientarte. \u00a1Que lo disfrutes!<\/p>\n<p><a href=\"https:\/\/blogsaverroes.juntadeandalucia.es\/iesmateofranciscoderivas\/files\/2017\/10\/eBooks-Ipad1-453x340.jpg\"><img loading=\"lazy\" decoding=\"async\" class=\"alignleft size-full wp-image-3279\" src=\"https:\/\/blogsaverroes.juntadeandalucia.es\/iesmateofranciscoderivas\/files\/2017\/10\/eBooks-Ipad1-453x340.jpg\" alt=\"\" width=\"453\" height=\"340\" srcset=\"https:\/\/blogsaverroes.juntadeandalucia.es\/iesmateofranciscoderivas\/files\/2017\/10\/eBooks-Ipad1-453x340.jpg 453w, https:\/\/blogsaverroes.juntadeandalucia.es\/iesmateofranciscoderivas\/files\/2017\/10\/eBooks-Ipad1-453x340-300x225.jpg 300w, https:\/\/blogsaverroes.juntadeandalucia.es\/iesmateofranciscoderivas\/files\/2017\/10\/eBooks-Ipad1-453x340-24x18.jpg 24w, https:\/\/blogsaverroes.juntadeandalucia.es\/iesmateofranciscoderivas\/files\/2017\/10\/eBooks-Ipad1-453x340-36x27.jpg 36w, https:\/\/blogsaverroes.juntadeandalucia.es\/iesmateofranciscoderivas\/files\/2017\/10\/eBooks-Ipad1-453x340-48x36.jpg 48w\" sizes=\"(max-width: 453px) 100vw, 453px\" \/><\/a><\/p>\n","protected":false},"excerpt":{"rendered":"<p>Te proponemos unos enlaces a amplias bibliotecas desde las que podr\u00e1s elegir cientos de libros para leer online, libres de derechos de autor, por lo&hellip;<\/p>\n","protected":false},"author":2270,"featured_media":0,"parent":0,"menu_order":0,"comment_status":"closed","ping_status":"closed","template":"","meta":{"ngg_post_thumbnail":0,"footnotes":"","_mc_calendar":[]},"aioseo_notices":[],"_links":{"self":[{"href":"https:\/\/blogsaverroes.juntadeandalucia.es\/iesmateofranciscoderivas\/wp-json\/wp\/v2\/pages\/3278"}],"collection":[{"href":"https:\/\/blogsaverroes.juntadeandalucia.es\/iesmateofranciscoderivas\/wp-json\/wp\/v2\/pages"}],"about":[{"href":"https:\/\/blogsaverroes.juntadeandalucia.es\/iesmateofranciscoderivas\/wp-json\/wp\/v2\/types\/page"}],"author":[{"embeddable":true,"href":"https:\/\/blogsaverroes.juntadeandalucia.es\/iesmateofranciscoderivas\/wp-json\/wp\/v2\/users\/2270"}],"replies":[{"embeddable":true,"href":"https:\/\/blogsaverroes.juntadeandalucia.es\/iesmateofranciscoderivas\/wp-json\/wp\/v2\/comments?post=3278"}],"version-history":[{"count":4,"href":"https:\/\/blogsaverroes.juntadeandalucia.es\/iesmateofranciscoderivas\/wp-json\/wp\/v2\/pages\/3278\/revisions"}],"predecessor-version":[{"id":3717,"href":"https:\/\/blogsaverroes.juntadeandalucia.es\/iesmateofranciscoderivas\/wp-json\/wp\/v2\/pages\/3278\/revisions\/3717"}],"wp:attachment":[{"href":"https:\/\/blogsaverroes.juntadeandalucia.es\/iesmateofranciscoderivas\/wp-json\/wp\/v2\/media?parent=3278"}],"curies":[{"name":"wp","href":"https:\/\/api.w.org\/{rel}","templated":true}]}}