{"id":35,"date":"2015-03-13T08:21:43","date_gmt":"2015-03-13T07:21:43","guid":{"rendered":"http:\/\/blogsaverroes.juntadeandalucia.es\/pre\/ceip\/?page_id=35"},"modified":"2025-03-07T12:09:07","modified_gmt":"2025-03-07T11:09:07","slug":"el-centro-2","status":"publish","type":"page","link":"https:\/\/blogsaverroes.juntadeandalucia.es\/iesmateofranciscoderivas\/el-centro-2\/","title":{"rendered":"Datos del centro"},"content":{"rendered":"<h4>&nbsp;<\/h4>\n<h4><a href=\"https:\/\/blogsaverroes.juntadeandalucia.es\/iesmateofranciscoderivas\/files\/2015\/03\/Insti_abril2007_077-1.jpg\"><img loading=\"lazy\" decoding=\"async\" class=\"aligncenter wp-image-3662 size-full\" src=\"https:\/\/blogsaverroes.juntadeandalucia.es\/iesmateofranciscoderivas\/files\/2015\/03\/Insti_abril2007_077-1.jpg\" alt=\"\" width=\"500\" height=\"375\" srcset=\"https:\/\/blogsaverroes.juntadeandalucia.es\/iesmateofranciscoderivas\/files\/2015\/03\/Insti_abril2007_077-1.jpg 500w, https:\/\/blogsaverroes.juntadeandalucia.es\/iesmateofranciscoderivas\/files\/2015\/03\/Insti_abril2007_077-1-300x225.jpg 300w, https:\/\/blogsaverroes.juntadeandalucia.es\/iesmateofranciscoderivas\/files\/2015\/03\/Insti_abril2007_077-1-24x18.jpg 24w, https:\/\/blogsaverroes.juntadeandalucia.es\/iesmateofranciscoderivas\/files\/2015\/03\/Insti_abril2007_077-1-36x27.jpg 36w, https:\/\/blogsaverroes.juntadeandalucia.es\/iesmateofranciscoderivas\/files\/2015\/03\/Insti_abril2007_077-1-48x36.jpg 48w\" sizes=\"(max-width: 500px) 100vw, 500px\" \/><\/a><\/h4>\n<h4>&nbsp;<\/h4>\n<h4 style=\"text-align: center\"><strong>Direcci\u00f3n<\/strong><\/h4>\n<p style=\"text-align: center\">Calle de la Ciudad de Ja\u00e9n, 11 (23712)&nbsp; Jabalquinto, Ja\u00e9n<\/p>\n<p style=\"text-align: center\"><strong>Tel\u00e9fono:<\/strong> 953 60 95 24&nbsp;&nbsp; <strong>Fax:<\/strong> 953 60 95 26 Email:<\/p>\n<p style=\"text-align: center\"><em>23700700.edu@juntadeandalucia.es<\/em><\/p>\n<h4 style=\"text-align: center\"><strong>Horarios<\/strong><\/h4>\n<p style=\"text-align: center\">Nuestro horario de apertura es de Lunes a Viernes de 8:15 a 14:45<\/p>\n<p style=\"text-align: center\">Lunes por la tarde de 16:30 a 18:30<\/p>\n<h4 style=\"text-align: center\"><strong>Oferta educativa<\/strong><\/h4>\n<p style=\"text-align: center\">Oferta educativa comprende los cursos de 1\u00ba, 2\u00ba, 3\u00ba y 4\u00ba de ESO.<\/p>\n<h4 style=\"text-align: center\"><strong>Instalaciones<\/strong><\/h4>\n<p style=\"text-align: center\">Puedes ver nuestras instalaciones en este <a href=\"https:\/\/view.genially.com\/6406e7f98c76c1001a561cd7\/interactive-content-genially-sin-titulo\">enlace<\/a><\/p>\n<p>&nbsp;<\/p>\n","protected":false},"excerpt":{"rendered":"<p>&nbsp; &nbsp; Direcci\u00f3n Calle de la Ciudad de Ja\u00e9n, 11 (23712)&nbsp; Jabalquinto, Ja\u00e9n Tel\u00e9fono: 953 60 95 24&nbsp;&nbsp; Fax: 953 60 95 26 Email: 23700700.edu@juntadeandalucia.es&hellip;<\/p>\n","protected":false},"author":1,"featured_media":0,"parent":0,"menu_order":0,"comment_status":"closed","ping_status":"closed","template":"","meta":{"ngg_post_thumbnail":0,"footnotes":"","_mc_calendar":[]},"aioseo_notices":[],"_links":{"self":[{"href":"https:\/\/blogsaverroes.juntadeandalucia.es\/iesmateofranciscoderivas\/wp-json\/wp\/v2\/pages\/35"}],"collection":[{"href":"https:\/\/blogsaverroes.juntadeandalucia.es\/iesmateofranciscoderivas\/wp-json\/wp\/v2\/pages"}],"about":[{"href":"https:\/\/blogsaverroes.juntadeandalucia.es\/iesmateofranciscoderivas\/wp-json\/wp\/v2\/types\/page"}],"author":[{"embeddable":true,"href":"https:\/\/blogsaverroes.juntadeandalucia.es\/iesmateofranciscoderivas\/wp-json\/wp\/v2\/users\/1"}],"replies":[{"embeddable":true,"href":"https:\/\/blogsaverroes.juntadeandalucia.es\/iesmateofranciscoderivas\/wp-json\/wp\/v2\/comments?post=35"}],"version-history":[{"count":31,"href":"https:\/\/blogsaverroes.juntadeandalucia.es\/iesmateofranciscoderivas\/wp-json\/wp\/v2\/pages\/35\/revisions"}],"predecessor-version":[{"id":4531,"href":"https:\/\/blogsaverroes.juntadeandalucia.es\/iesmateofranciscoderivas\/wp-json\/wp\/v2\/pages\/35\/revisions\/4531"}],"wp:attachment":[{"href":"https:\/\/blogsaverroes.juntadeandalucia.es\/iesmateofranciscoderivas\/wp-json\/wp\/v2\/media?parent=35"}],"curies":[{"name":"wp","href":"https:\/\/api.w.org\/{rel}","templated":true}]}}