{"id":4104,"date":"2019-07-12T13:07:55","date_gmt":"2019-07-12T12:07:55","guid":{"rendered":"https:\/\/blogsaverroes.juntadeandalucia.es\/iesmateofranciscoderivas\/?page_id=4104"},"modified":"2025-03-10T09:22:32","modified_gmt":"2025-03-10T08:22:32","slug":"prodig","status":"publish","type":"page","link":"https:\/\/blogsaverroes.juntadeandalucia.es\/iesmateofranciscoderivas\/prodig\/","title":{"rendered":"TDE: Transformaci\u00f3n Digital Educativa"},"content":{"rendered":"<h1 style=\"width: 100%\"><a href=\"https:\/\/www.canva.com\/design\/DAE8esSDUh4\/MeLu_ret57YOKFjdCkEK9w\/edit\">Protocolo TIC del centro<\/a><\/h1>\n<h1><iframe src=\"https:\/\/www.canva.com\/design\/DAE8esSDUh4\/view?embed\"><br \/>\n<\/iframe><\/h1>\n<p><a href=\"https:\/\/www.canva.com\/design\/DAE8esSDUh4\/view?utm_content=DAE8esSDUh4&amp;utm_campaign=designshare&amp;utm_medium=embeds&amp;utm_source=link\" target=\"_blank\" rel=\"noopener noreferrer\">Protocolo TIC<\/a> de Mar\u00eda Victoria Garc\u00eda Mart\u00ednez<\/p>\n","protected":false},"excerpt":{"rendered":"<p>Protocolo TIC del centro Protocolo TIC de Mar\u00eda Victoria Garc\u00eda Mart\u00ednez<\/p>\n","protected":false},"author":2270,"featured_media":0,"parent":0,"menu_order":0,"comment_status":"closed","ping_status":"closed","template":"","meta":{"ngg_post_thumbnail":0,"footnotes":"","_mc_calendar":[]},"aioseo_notices":[],"_links":{"self":[{"href":"https:\/\/blogsaverroes.juntadeandalucia.es\/iesmateofranciscoderivas\/wp-json\/wp\/v2\/pages\/4104"}],"collection":[{"href":"https:\/\/blogsaverroes.juntadeandalucia.es\/iesmateofranciscoderivas\/wp-json\/wp\/v2\/pages"}],"about":[{"href":"https:\/\/blogsaverroes.juntadeandalucia.es\/iesmateofranciscoderivas\/wp-json\/wp\/v2\/types\/page"}],"author":[{"embeddable":true,"href":"https:\/\/blogsaverroes.juntadeandalucia.es\/iesmateofranciscoderivas\/wp-json\/wp\/v2\/users\/2270"}],"replies":[{"embeddable":true,"href":"https:\/\/blogsaverroes.juntadeandalucia.es\/iesmateofranciscoderivas\/wp-json\/wp\/v2\/comments?post=4104"}],"version-history":[{"count":11,"href":"https:\/\/blogsaverroes.juntadeandalucia.es\/iesmateofranciscoderivas\/wp-json\/wp\/v2\/pages\/4104\/revisions"}],"predecessor-version":[{"id":4557,"href":"https:\/\/blogsaverroes.juntadeandalucia.es\/iesmateofranciscoderivas\/wp-json\/wp\/v2\/pages\/4104\/revisions\/4557"}],"wp:attachment":[{"href":"https:\/\/blogsaverroes.juntadeandalucia.es\/iesmateofranciscoderivas\/wp-json\/wp\/v2\/media?parent=4104"}],"curies":[{"name":"wp","href":"https:\/\/api.w.org\/{rel}","templated":true}]}}