{"id":4269,"date":"2020-04-24T11:45:38","date_gmt":"2020-04-24T10:45:38","guid":{"rendered":"https:\/\/blogsaverroes.juntadeandalucia.es\/iesmateofranciscoderivas\/?page_id=4269"},"modified":"2020-04-24T11:47:33","modified_gmt":"2020-04-24T10:47:33","slug":"guias","status":"publish","type":"page","link":"https:\/\/blogsaverroes.juntadeandalucia.es\/iesmateofranciscoderivas\/guias\/","title":{"rendered":"Gu\u00edas"},"content":{"rendered":"<div class=\"pt-cv-wrapper\"><div class=\"pt-cv-view pt-cv-grid pt-cv-colsys\" id=\"pt-cv-view-1444d35jw6\"><div data-id=\"pt-cv-page-1\" class=\"pt-cv-page\" data-cvc=\"3\"><div class=\"col-md-4 col-sm-6 col-xs-12 pt-cv-content-item pt-cv-1-col\" ><div class='pt-cv-ifield'><a href=\"https:\/\/blogsaverroes.juntadeandalucia.es\/iesmateofranciscoderivas\/2020\/04\/27\/guia-para-la-normalizacion-de-la-diversidad-afectivo-sexual\/\" class=\"_self pt-cv-href-thumbnail pt-cv-thumb-default\" target=\"_self\" ><img loading=\"lazy\" decoding=\"async\" width=\"300\" height=\"214\" src=\"https:\/\/blogsaverroes.juntadeandalucia.es\/iesmateofranciscoderivas\/files\/2020\/04\/Captura-de-pantalla-43-300x214.png\" class=\"pt-cv-thumbnail\" alt=\"\" srcset=\"https:\/\/blogsaverroes.juntadeandalucia.es\/iesmateofranciscoderivas\/files\/2020\/04\/Captura-de-pantalla-43-300x214.png 300w, https:\/\/blogsaverroes.juntadeandalucia.es\/iesmateofranciscoderivas\/files\/2020\/04\/Captura-de-pantalla-43-768x548.png 768w, https:\/\/blogsaverroes.juntadeandalucia.es\/iesmateofranciscoderivas\/files\/2020\/04\/Captura-de-pantalla-43-700x500.png 700w, https:\/\/blogsaverroes.juntadeandalucia.es\/iesmateofranciscoderivas\/files\/2020\/04\/Captura-de-pantalla-43-24x17.png 24w, https:\/\/blogsaverroes.juntadeandalucia.es\/iesmateofranciscoderivas\/files\/2020\/04\/Captura-de-pantalla-43-36x26.png 36w, https:\/\/blogsaverroes.juntadeandalucia.es\/iesmateofranciscoderivas\/files\/2020\/04\/Captura-de-pantalla-43-48x34.png 48w, https:\/\/blogsaverroes.juntadeandalucia.es\/iesmateofranciscoderivas\/files\/2020\/04\/Captura-de-pantalla-43.png 975w\" sizes=\"(max-width: 300px) 100vw, 300px\" \/><\/a>\n<h4 class=\"pt-cv-title\"><a href=\"https:\/\/blogsaverroes.juntadeandalucia.es\/iesmateofranciscoderivas\/2020\/04\/27\/guia-para-la-normalizacion-de-la-diversidad-afectivo-sexual\/\" class=\"_self\" target=\"_self\" >Gu\u00eda para la normalizaci\u00f3n de la diversidad afectivo- sexual<\/a><\/h4>\n<div class=\"pt-cv-content\">https:\/\/unaf.org\/wp-content\/uploads\/2013\/04\/guia-padres-madres-familias-diversidad.pdf ...<br \/><div class=\"pt-cv-rmwrap\"><a href=\"https:\/\/blogsaverroes.juntadeandalucia.es\/iesmateofranciscoderivas\/2020\/04\/27\/guia-para-la-normalizacion-de-la-diversidad-afectivo-sexual\/\" class=\"_self pt-cv-readmore btn btn-success\" target=\"_self\">Leer M\u00e1s<\/a><\/div><\/div><\/div><\/div>\n<div class=\"col-md-4 col-sm-6 col-xs-12 pt-cv-content-item pt-cv-1-col\" ><div class='pt-cv-ifield'><a href=\"https:\/\/blogsaverroes.juntadeandalucia.es\/iesmateofranciscoderivas\/2020\/04\/27\/guia-para-familias-con-hijas-adolescentes-que-sufren-violencia-de-genero\/\" class=\"_self pt-cv-href-thumbnail pt-cv-thumb-default\" target=\"_self\" ><img loading=\"lazy\" decoding=\"async\" width=\"209\" height=\"300\" src=\"https:\/\/blogsaverroes.juntadeandalucia.es\/iesmateofranciscoderivas\/files\/2020\/04\/Captura-de-pantalla-33-209x300.png\" class=\"pt-cv-thumbnail\" alt=\"\" srcset=\"https:\/\/blogsaverroes.juntadeandalucia.es\/iesmateofranciscoderivas\/files\/2020\/04\/Captura-de-pantalla-33-209x300.png 209w, https:\/\/blogsaverroes.juntadeandalucia.es\/iesmateofranciscoderivas\/files\/2020\/04\/Captura-de-pantalla-33-17x24.png 17w, https:\/\/blogsaverroes.juntadeandalucia.es\/iesmateofranciscoderivas\/files\/2020\/04\/Captura-de-pantalla-33-25x36.png 25w, https:\/\/blogsaverroes.juntadeandalucia.es\/iesmateofranciscoderivas\/files\/2020\/04\/Captura-de-pantalla-33-33x48.png 33w, https:\/\/blogsaverroes.juntadeandalucia.es\/iesmateofranciscoderivas\/files\/2020\/04\/Captura-de-pantalla-33.png 492w\" sizes=\"(max-width: 209px) 100vw, 209px\" \/><\/a>\n<h4 class=\"pt-cv-title\"><a href=\"https:\/\/blogsaverroes.juntadeandalucia.es\/iesmateofranciscoderivas\/2020\/04\/27\/guia-para-familias-con-hijas-adolescentes-que-sufren-violencia-de-genero\/\" class=\"_self\" target=\"_self\" >Gu\u00eda para familias con hijas adolescentes que sufren violencia de g\u00e9nero<\/a><\/h4>\n<div class=\"pt-cv-content\">http:\/\/www.juntadeandalucia.es\/iamimages\/FONDO_DOCUMENTAL\/PUBLICACIONES\/MONOGRAFIAS_Y_OTRAS_PUBLICACIONES_DE_CARACTER_MONOGRAFICO\/GUIAS_Y_MANUALES\/guia_padres-y_madres_con_hijas_adolescentes_que_sufre_violencia_de_genero.pdf ...<br \/><div class=\"pt-cv-rmwrap\"><a href=\"https:\/\/blogsaverroes.juntadeandalucia.es\/iesmateofranciscoderivas\/2020\/04\/27\/guia-para-familias-con-hijas-adolescentes-que-sufren-violencia-de-genero\/\" class=\"_self pt-cv-readmore btn btn-success\" target=\"_self\">Leer M\u00e1s<\/a><\/div><\/div><\/div><\/div>\n<div class=\"col-md-4 col-sm-6 col-xs-12 pt-cv-content-item pt-cv-1-col\" ><div class='pt-cv-ifield'><a href=\"https:\/\/blogsaverroes.juntadeandalucia.es\/iesmateofranciscoderivas\/2020\/04\/27\/guia-para-familias-en-situacion-de-separacion-o-divorcio\/\" class=\"_self pt-cv-href-thumbnail pt-cv-thumb-default\" target=\"_self\" ><img loading=\"lazy\" decoding=\"async\" width=\"215\" height=\"300\" src=\"https:\/\/blogsaverroes.juntadeandalucia.es\/iesmateofranciscoderivas\/files\/2020\/04\/Captura-de-pantalla-31-215x300.png\" class=\"pt-cv-thumbnail\" alt=\"\" srcset=\"https:\/\/blogsaverroes.juntadeandalucia.es\/iesmateofranciscoderivas\/files\/2020\/04\/Captura-de-pantalla-31-215x300.png 215w, https:\/\/blogsaverroes.juntadeandalucia.es\/iesmateofranciscoderivas\/files\/2020\/04\/Captura-de-pantalla-31-17x24.png 17w, https:\/\/blogsaverroes.juntadeandalucia.es\/iesmateofranciscoderivas\/files\/2020\/04\/Captura-de-pantalla-31-26x36.png 26w, https:\/\/blogsaverroes.juntadeandalucia.es\/iesmateofranciscoderivas\/files\/2020\/04\/Captura-de-pantalla-31-34x48.png 34w, https:\/\/blogsaverroes.juntadeandalucia.es\/iesmateofranciscoderivas\/files\/2020\/04\/Captura-de-pantalla-31.png 491w\" sizes=\"(max-width: 215px) 100vw, 215px\" \/><\/a>\n<h4 class=\"pt-cv-title\"><a href=\"https:\/\/blogsaverroes.juntadeandalucia.es\/iesmateofranciscoderivas\/2020\/04\/27\/guia-para-familias-en-situacion-de-separacion-o-divorcio\/\" class=\"_self\" target=\"_self\" >Gu\u00eda para familias en situaci\u00f3n de separaci\u00f3n o divorcio<\/a><\/h4>\n<div class=\"pt-cv-content\">http:\/\/www.acim.cat\/wp-content\/uploads\/2016\/03\/Vitoria-Gasteiz-Gu%C3%ADa-para-padres-y-madres-en-situaci%C3%B3n-de-separaci%C3%B3n-o-divorcio.pdf ...<br \/><div class=\"pt-cv-rmwrap\"><a href=\"https:\/\/blogsaverroes.juntadeandalucia.es\/iesmateofranciscoderivas\/2020\/04\/27\/guia-para-familias-en-situacion-de-separacion-o-divorcio\/\" class=\"_self pt-cv-readmore btn btn-success\" target=\"_self\">Leer M\u00e1s<\/a><\/div><\/div><\/div><\/div>\n<div class=\"col-md-4 col-sm-6 col-xs-12 pt-cv-content-item pt-cv-1-col\" ><div class='pt-cv-ifield'><a href=\"https:\/\/blogsaverroes.juntadeandalucia.es\/iesmateofranciscoderivas\/2020\/04\/27\/consejos-para-afrontar-el-confinamiento-con-hijos-as-adolescentes\/\" class=\"_self pt-cv-href-thumbnail pt-cv-thumb-default\" target=\"_self\" ><img loading=\"lazy\" decoding=\"async\" width=\"211\" height=\"300\" src=\"https:\/\/blogsaverroes.juntadeandalucia.es\/iesmateofranciscoderivas\/files\/2020\/04\/Captura-de-pantalla-27-211x300.png\" class=\"pt-cv-thumbnail\" alt=\"\" srcset=\"https:\/\/blogsaverroes.juntadeandalucia.es\/iesmateofranciscoderivas\/files\/2020\/04\/Captura-de-pantalla-27-211x300.png 211w, https:\/\/blogsaverroes.juntadeandalucia.es\/iesmateofranciscoderivas\/files\/2020\/04\/Captura-de-pantalla-27-17x24.png 17w, https:\/\/blogsaverroes.juntadeandalucia.es\/iesmateofranciscoderivas\/files\/2020\/04\/Captura-de-pantalla-27-25x36.png 25w, https:\/\/blogsaverroes.juntadeandalucia.es\/iesmateofranciscoderivas\/files\/2020\/04\/Captura-de-pantalla-27-34x48.png 34w, https:\/\/blogsaverroes.juntadeandalucia.es\/iesmateofranciscoderivas\/files\/2020\/04\/Captura-de-pantalla-27.png 487w\" sizes=\"(max-width: 211px) 100vw, 211px\" \/><\/a>\n<h4 class=\"pt-cv-title\"><a href=\"https:\/\/blogsaverroes.juntadeandalucia.es\/iesmateofranciscoderivas\/2020\/04\/27\/consejos-para-afrontar-el-confinamiento-con-hijos-as-adolescentes\/\" class=\"_self\" target=\"_self\" >Consejos para afrontar el confinamiento con hijos\/as adolescentes<\/a><\/h4>\n<div class=\"pt-cv-content\">https:\/\/www.madrid.es\/UnidadesDescentralizadas\/InfanciayFamilia\/EntidadesyOrganismos\/CAF\/EstadoAlarmaGuias\/GuiaConsejosAdolescentesCAF.pdf ...<br \/><div class=\"pt-cv-rmwrap\"><a href=\"https:\/\/blogsaverroes.juntadeandalucia.es\/iesmateofranciscoderivas\/2020\/04\/27\/consejos-para-afrontar-el-confinamiento-con-hijos-as-adolescentes\/\" class=\"_self pt-cv-readmore btn btn-success\" target=\"_self\">Leer M\u00e1s<\/a><\/div><\/div><\/div><\/div>\n<div class=\"col-md-4 col-sm-6 col-xs-12 pt-cv-content-item pt-cv-1-col\" ><div class='pt-cv-ifield'><a href=\"https:\/\/blogsaverroes.juntadeandalucia.es\/iesmateofranciscoderivas\/2020\/04\/24\/como-orientar-profesionalmente-a-tu-hijo-a\/\" class=\"_self pt-cv-href-thumbnail pt-cv-thumb-default\" target=\"_self\" ><img loading=\"lazy\" decoding=\"async\" width=\"216\" height=\"300\" src=\"https:\/\/blogsaverroes.juntadeandalucia.es\/iesmateofranciscoderivas\/files\/2020\/04\/Captura-de-pantalla-21-216x300.png\" class=\"pt-cv-thumbnail\" alt=\"\" srcset=\"https:\/\/blogsaverroes.juntadeandalucia.es\/iesmateofranciscoderivas\/files\/2020\/04\/Captura-de-pantalla-21-216x300.png 216w, https:\/\/blogsaverroes.juntadeandalucia.es\/iesmateofranciscoderivas\/files\/2020\/04\/Captura-de-pantalla-21-17x24.png 17w, https:\/\/blogsaverroes.juntadeandalucia.es\/iesmateofranciscoderivas\/files\/2020\/04\/Captura-de-pantalla-21-26x36.png 26w, https:\/\/blogsaverroes.juntadeandalucia.es\/iesmateofranciscoderivas\/files\/2020\/04\/Captura-de-pantalla-21-35x48.png 35w, https:\/\/blogsaverroes.juntadeandalucia.es\/iesmateofranciscoderivas\/files\/2020\/04\/Captura-de-pantalla-21.png 589w\" sizes=\"(max-width: 216px) 100vw, 216px\" \/><\/a>\n<h4 class=\"pt-cv-title\"><a href=\"https:\/\/blogsaverroes.juntadeandalucia.es\/iesmateofranciscoderivas\/2020\/04\/24\/como-orientar-profesionalmente-a-tu-hijo-a\/\" class=\"_self\" target=\"_self\" >C\u00f3mo orientar profesionalmente a tu hijo\/a<\/a><\/h4>\n<div class=\"pt-cv-content\">http:\/\/orientaratuhijo.com\/wp-content\/uploads\/2016\/09\/bertelsmann_guia_padres.pdf ...<br \/><div class=\"pt-cv-rmwrap\"><a href=\"https:\/\/blogsaverroes.juntadeandalucia.es\/iesmateofranciscoderivas\/2020\/04\/24\/como-orientar-profesionalmente-a-tu-hijo-a\/\" class=\"_self pt-cv-readmore btn btn-success\" target=\"_self\">Leer M\u00e1s<\/a><\/div><\/div><\/div><\/div>\n<div class=\"col-md-4 col-sm-6 col-xs-12 pt-cv-content-item pt-cv-1-col\" ><div class='pt-cv-ifield'><a href=\"https:\/\/blogsaverroes.juntadeandalucia.es\/iesmateofranciscoderivas\/2020\/04\/24\/guia-de-orientacion-para-familias-con-adolescentes\/\" class=\"_self pt-cv-href-thumbnail pt-cv-thumb-default\" target=\"_self\" ><img loading=\"lazy\" decoding=\"async\" width=\"300\" height=\"300\" src=\"https:\/\/blogsaverroes.juntadeandalucia.es\/iesmateofranciscoderivas\/files\/2020\/04\/Captura-de-pantalla-19-300x300.png\" class=\"pt-cv-thumbnail\" alt=\"\" srcset=\"https:\/\/blogsaverroes.juntadeandalucia.es\/iesmateofranciscoderivas\/files\/2020\/04\/Captura-de-pantalla-19-300x300.png 300w, https:\/\/blogsaverroes.juntadeandalucia.es\/iesmateofranciscoderivas\/files\/2020\/04\/Captura-de-pantalla-19-150x150.png 150w, https:\/\/blogsaverroes.juntadeandalucia.es\/iesmateofranciscoderivas\/files\/2020\/04\/Captura-de-pantalla-19-768x766.png 768w, https:\/\/blogsaverroes.juntadeandalucia.es\/iesmateofranciscoderivas\/files\/2020\/04\/Captura-de-pantalla-19-100x100.png 100w, https:\/\/blogsaverroes.juntadeandalucia.es\/iesmateofranciscoderivas\/files\/2020\/04\/Captura-de-pantalla-19-432x432.png 432w, https:\/\/blogsaverroes.juntadeandalucia.es\/iesmateofranciscoderivas\/files\/2020\/04\/Captura-de-pantalla-19-268x268.png 268w, https:\/\/blogsaverroes.juntadeandalucia.es\/iesmateofranciscoderivas\/files\/2020\/04\/Captura-de-pantalla-19-700x698.png 700w, https:\/\/blogsaverroes.juntadeandalucia.es\/iesmateofranciscoderivas\/files\/2020\/04\/Captura-de-pantalla-19-24x24.png 24w, https:\/\/blogsaverroes.juntadeandalucia.es\/iesmateofranciscoderivas\/files\/2020\/04\/Captura-de-pantalla-19-36x36.png 36w, https:\/\/blogsaverroes.juntadeandalucia.es\/iesmateofranciscoderivas\/files\/2020\/04\/Captura-de-pantalla-19-48x48.png 48w, https:\/\/blogsaverroes.juntadeandalucia.es\/iesmateofranciscoderivas\/files\/2020\/04\/Captura-de-pantalla-19-50x50.png 50w, https:\/\/blogsaverroes.juntadeandalucia.es\/iesmateofranciscoderivas\/files\/2020\/04\/Captura-de-pantalla-19.png 786w\" sizes=\"(max-width: 300px) 100vw, 300px\" \/><\/a>\n<h4 class=\"pt-cv-title\"><a href=\"https:\/\/blogsaverroes.juntadeandalucia.es\/iesmateofranciscoderivas\/2020\/04\/24\/guia-de-orientacion-para-familias-con-adolescentes\/\" class=\"_self\" target=\"_self\" >Gu\u00eda de orientaci\u00f3n para familias con adolescentes<\/a><\/h4>\n<div class=\"pt-cv-content\">http:\/\/www.juntadeandalucia.es\/educacion\/portals\/delegate\/content\/052a5b1a-8502-44a3-91fc-c930b29ee9f6 ...<br \/><div class=\"pt-cv-rmwrap\"><a href=\"https:\/\/blogsaverroes.juntadeandalucia.es\/iesmateofranciscoderivas\/2020\/04\/24\/guia-de-orientacion-para-familias-con-adolescentes\/\" class=\"_self pt-cv-readmore btn btn-success\" target=\"_self\">Leer M\u00e1s<\/a><\/div><\/div><\/div><\/div><\/div><\/div><\/div>\n","protected":false},"excerpt":{"rendered":"","protected":false},"author":2270,"featured_media":0,"parent":0,"menu_order":0,"comment_status":"closed","ping_status":"closed","template":"","meta":{"ngg_post_thumbnail":0,"footnotes":"","_mc_calendar":[]},"aioseo_notices":[],"_links":{"self":[{"href":"https:\/\/blogsaverroes.juntadeandalucia.es\/iesmateofranciscoderivas\/wp-json\/wp\/v2\/pages\/4269"}],"collection":[{"href":"https:\/\/blogsaverroes.juntadeandalucia.es\/iesmateofranciscoderivas\/wp-json\/wp\/v2\/pages"}],"about":[{"href":"https:\/\/blogsaverroes.juntadeandalucia.es\/iesmateofranciscoderivas\/wp-json\/wp\/v2\/types\/page"}],"author":[{"embeddable":true,"href":"https:\/\/blogsaverroes.juntadeandalucia.es\/iesmateofranciscoderivas\/wp-json\/wp\/v2\/users\/2270"}],"replies":[{"embeddable":true,"href":"https:\/\/blogsaverroes.juntadeandalucia.es\/iesmateofranciscoderivas\/wp-json\/wp\/v2\/comments?post=4269"}],"version-history":[{"count":3,"href":"https:\/\/blogsaverroes.juntadeandalucia.es\/iesmateofranciscoderivas\/wp-json\/wp\/v2\/pages\/4269\/revisions"}],"predecessor-version":[{"id":4279,"href":"https:\/\/blogsaverroes.juntadeandalucia.es\/iesmateofranciscoderivas\/wp-json\/wp\/v2\/pages\/4269\/revisions\/4279"}],"wp:attachment":[{"href":"https:\/\/blogsaverroes.juntadeandalucia.es\/iesmateofranciscoderivas\/wp-json\/wp\/v2\/media?parent=4269"}],"curies":[{"name":"wp","href":"https:\/\/api.w.org\/{rel}","templated":true}]}}