{"id":145,"date":"2014-09-25T15:06:25","date_gmt":"2014-09-25T15:06:25","guid":{"rendered":"http:\/\/iesmatildecasanova.com\/?page_id=145"},"modified":"2014-09-25T15:06:25","modified_gmt":"2014-09-25T15:06:25","slug":"departamento-de-orientacion","status":"publish","type":"page","link":"https:\/\/blogsaverroes.juntadeandalucia.es\/iesmatildecasanova\/departamentos\/departamento-de-orientacion\/","title":{"rendered":"Departamento de Orientaci\u00f3n"},"content":{"rendered":"<p>Jefa de departamento:<\/p>\n<table width=\"353\">\n<tbody>\n<tr>\n<td width=\"353\">Ben\u00edtez Pardillo, Mar\u00eda Isabel<\/td>\n<\/tr>\n<\/tbody>\n<\/table>\n<p>Profesores:<\/p>\n<p><strong>Pedagog\u00eda Terap\u00e9utica Eso:<\/strong><\/p>\n<table width=\"353\">\n<tbody>\n<tr>\n<td width=\"353\">Gento Hidalgo, Mar\u00eda Reyes<\/td>\n<\/tr>\n<\/tbody>\n<\/table>\n<p>&nbsp;<\/p>\n<p><strong>Apoyo Compensaci\u00f3n:\u00a0<\/strong><\/p>\n<p>P\u00e9rez Rodr\u00edguez, Mar\u00eda<\/p>\n<table width=\"353\">\n<tbody>\n<tr>\n<td width=\"353\">Fern\u00e1ndez Navarro, Aurora<\/td>\n<\/tr>\n<\/tbody>\n<\/table>\n<p>&nbsp;<\/p>\n<p><strong>Audici\u00f3n y lenguaje<\/strong><\/p>\n<table width=\"353\">\n<tbody>\n<tr>\n<td width=\"353\">Fern\u00e1ndez Pav\u00f3n, Carmen<\/td>\n<\/tr>\n<\/tbody>\n<\/table>\n<h1><\/h1>\n<h1 style=\"text-align: center\"><em><strong>DOCUMENTOS:<\/strong><\/em><\/h1>\n<p><a href=\"http:\/\/iesmatildecasanova.com\/?page_id=1143\" target=\"_blank\" rel=\"noopener noreferrer\">Educaci\u00f3n en valores<\/a><\/p>\n<p><a href=\"http:\/\/iesmatildecasanova.com\/?page_id=1322\" target=\"_blank\" rel=\"noopener noreferrer\">Educaci\u00f3n para la convivencia<\/a><\/p>\n<p><a href=\"http:\/\/iesmatildecasanova.com\/?page_id=1332\">Material para trabajar \u00a0el acoso escolar<\/a><\/p>\n<p><a href=\"http:\/\/iesmatildecasanova.com\/?page_id=1373%20\" target=\"_blank\" rel=\"noopener noreferrer\">Orientaci\u00f3n \u00a0vocacional y\u00a0profesional<\/a><\/p>\n<p><a href=\"http:\/\/iesmatildecasanova.com\/?page_id=1391\" target=\"_blank\" rel=\"noopener noreferrer\">T\u00e9cnicas de conocimiento y cohesi\u00f3n grupal<\/a><\/p>\n<p><a href=\"http:\/\/iesmatildecasanova.com\/?page_id=1394\" target=\"_blank\" rel=\"noopener noreferrer\">T\u00e9cnica de estudio alumnos<\/a><\/p>\n<p><a href=\"http:\/\/iesmatildecasanova.com\/?page_id=1408\" target=\"_blank\" rel=\"noopener noreferrer\">T\u00e9cnica de estudio profesores<\/a><\/p>\n<p><a href=\"https:\/\/blogsaverroes.juntadeandalucia.es\/iesmatildecasanova\/files\/2016\/04\/LAS-T\u00c9CNICAS-PSICODRAM\u00c1TICAS.pdf\">Las t\u00e9cnicas psicodram\u00e1ticas<\/a><\/p>\n<p><a href=\"https:\/\/blogsaverroes.juntadeandalucia.es\/iesmatildecasanova\/files\/2016\/04\/PROGRAMA-DE-PREVENCI\u00d3N-DEL-CONSUMO-DE-TABACO-Y-ALCOHOL.pdf\">Programa de prevenci\u00f3n del consumo de tabaco y alcohol<\/a><\/p>\n<p><a href=\"https:\/\/blogsaverroes.juntadeandalucia.es\/iesmatildecasanova\/files\/2016\/04\/TEATRO-FORUM1.pdf\">Teatro forum<\/a><\/p>\n<p>&nbsp;<\/p>\n","protected":false},"excerpt":{"rendered":"<p>Jefa de departamento: Ben\u00edtez Pardillo, Mar\u00eda Isabel Profesores: Pedagog\u00eda Terap\u00e9utica Eso: Gento Hidalgo, Mar\u00eda Reyes &nbsp; Apoyo Compensaci\u00f3n:\u00a0 P\u00e9rez Rodr\u00edguez, Mar\u00eda Fern\u00e1ndez Navarro, Aurora &nbsp; Audici\u00f3n y lenguaje Fern\u00e1ndez Pav\u00f3n, Carmen DOCUMENTOS: Educaci\u00f3n en&#46;&#46;&#46;<\/p>\n","protected":false},"author":7568,"featured_media":0,"parent":3944,"menu_order":0,"comment_status":"closed","ping_status":"closed","template":"","meta":{"ngg_post_thumbnail":0,"footnotes":"","_mc_calendar":[]},"aioseo_notices":[],"_links":{"self":[{"href":"https:\/\/blogsaverroes.juntadeandalucia.es\/iesmatildecasanova\/wp-json\/wp\/v2\/pages\/145"}],"collection":[{"href":"https:\/\/blogsaverroes.juntadeandalucia.es\/iesmatildecasanova\/wp-json\/wp\/v2\/pages"}],"about":[{"href":"https:\/\/blogsaverroes.juntadeandalucia.es\/iesmatildecasanova\/wp-json\/wp\/v2\/types\/page"}],"author":[{"embeddable":true,"href":"https:\/\/blogsaverroes.juntadeandalucia.es\/iesmatildecasanova\/wp-json\/wp\/v2\/users\/7568"}],"replies":[{"embeddable":true,"href":"https:\/\/blogsaverroes.juntadeandalucia.es\/iesmatildecasanova\/wp-json\/wp\/v2\/comments?post=145"}],"version-history":[{"count":0,"href":"https:\/\/blogsaverroes.juntadeandalucia.es\/iesmatildecasanova\/wp-json\/wp\/v2\/pages\/145\/revisions"}],"up":[{"embeddable":true,"href":"https:\/\/blogsaverroes.juntadeandalucia.es\/iesmatildecasanova\/wp-json\/wp\/v2\/pages\/3944"}],"wp:attachment":[{"href":"https:\/\/blogsaverroes.juntadeandalucia.es\/iesmatildecasanova\/wp-json\/wp\/v2\/media?parent=145"}],"curies":[{"name":"wp","href":"https:\/\/api.w.org\/{rel}","templated":true}]}}