{"id":3944,"date":"2014-08-01T08:52:17","date_gmt":"2014-08-01T08:52:17","guid":{"rendered":"http:\/\/iesmatildecasanova.com\/?page_id=39"},"modified":"2021-10-04T10:27:06","modified_gmt":"2021-10-04T10:27:06","slug":"departamentos","status":"publish","type":"page","link":"https:\/\/blogsaverroes.juntadeandalucia.es\/iesmatildecasanova\/departamentos\/","title":{"rendered":"Departamentos"},"content":{"rendered":"<p><strong>ORIENTACI\u00d3N<\/strong><\/p>\n<p><strong>FORMACI\u00d3N, EVALUACI\u00d3N E INNOVACI\u00d3N EDUCATIVA<\/strong><\/p>\n<p><strong>ACTIVIDADES COMPLEMENTARIAS Y EXTRAESCOLARES<\/strong><\/p>\n<p><strong>LENGUA CASTELLANA Y LITERATURA<\/strong><\/p>\n<p><strong>CIENCIAS SOCIALES<\/strong><\/p>\n<p><strong>MATEM\u00c1TICAS<\/strong><\/p>\n<p><strong>CIENCIAS DE LA NATURALEZA<\/strong><\/p>\n<p><strong>EDUCACI\u00d3N PL\u00c1STICA Y VISUAL<\/strong><\/p>\n<p><strong>DEPARTAMENTO DE IDIOMAS.<\/strong><\/p>\n<p><strong>ART\u00cdSTICA BILING\u00dcE<\/strong><\/p>\n<p><strong>TECNOLOG\u00cdA<\/strong><\/p>\n<p><strong>COMUNICACI\u00d3N Y REDES SOCIALES.<\/strong><\/p>\n<p>&nbsp;<\/p>\n<p>&nbsp;<\/p>\n","protected":false},"excerpt":{"rendered":"<p>ORIENTACI\u00d3N FORMACI\u00d3N, EVALUACI\u00d3N E INNOVACI\u00d3N EDUCATIVA ACTIVIDADES COMPLEMENTARIAS Y EXTRAESCOLARES LENGUA CASTELLANA Y LITERATURA CIENCIAS SOCIALES MATEM\u00c1TICAS CIENCIAS DE LA NATURALEZA EDUCACI\u00d3N PL\u00c1STICA Y VISUAL DEPARTAMENTO DE IDIOMAS. ART\u00cdSTICA BILING\u00dcE TECNOLOG\u00cdA COMUNICACI\u00d3N Y REDES&#46;&#46;&#46;<\/p>\n","protected":false},"author":7568,"featured_media":0,"parent":0,"menu_order":0,"comment_status":"closed","ping_status":"open","template":"","meta":{"ngg_post_thumbnail":0,"footnotes":"","_mc_calendar":[]},"aioseo_notices":[],"_links":{"self":[{"href":"https:\/\/blogsaverroes.juntadeandalucia.es\/iesmatildecasanova\/wp-json\/wp\/v2\/pages\/3944"}],"collection":[{"href":"https:\/\/blogsaverroes.juntadeandalucia.es\/iesmatildecasanova\/wp-json\/wp\/v2\/pages"}],"about":[{"href":"https:\/\/blogsaverroes.juntadeandalucia.es\/iesmatildecasanova\/wp-json\/wp\/v2\/types\/page"}],"author":[{"embeddable":true,"href":"https:\/\/blogsaverroes.juntadeandalucia.es\/iesmatildecasanova\/wp-json\/wp\/v2\/users\/7568"}],"replies":[{"embeddable":true,"href":"https:\/\/blogsaverroes.juntadeandalucia.es\/iesmatildecasanova\/wp-json\/wp\/v2\/comments?post=3944"}],"version-history":[{"count":2,"href":"https:\/\/blogsaverroes.juntadeandalucia.es\/iesmatildecasanova\/wp-json\/wp\/v2\/pages\/3944\/revisions"}],"predecessor-version":[{"id":4822,"href":"https:\/\/blogsaverroes.juntadeandalucia.es\/iesmatildecasanova\/wp-json\/wp\/v2\/pages\/3944\/revisions\/4822"}],"wp:attachment":[{"href":"https:\/\/blogsaverroes.juntadeandalucia.es\/iesmatildecasanova\/wp-json\/wp\/v2\/media?parent=3944"}],"curies":[{"name":"wp","href":"https:\/\/api.w.org\/{rel}","templated":true}]}}