{"id":3954,"date":"2014-09-27T18:29:55","date_gmt":"2014-09-27T18:29:55","guid":{"rendered":"http:\/\/iesmatildecasanova.com\/?page_id=226"},"modified":"2014-09-27T18:29:55","modified_gmt":"2014-09-27T18:29:55","slug":"pas","status":"publish","type":"page","link":"https:\/\/blogsaverroes.juntadeandalucia.es\/iesmatildecasanova\/pas\/","title":{"rendered":"PAS"},"content":{"rendered":"<p>El acr\u00f3nimo PAS\u00a0significa personal de administraci\u00f3n y servicio. Personal sin el que este instituto dif\u00edcilmente podr\u00eda funcionar<\/p>\n<p>Lo forman:<\/p>\n<p><strong>\u00a0<\/strong><strong>Educadora social<\/strong><\/p>\n<p>Hidalgo Hidalgo, Esther<\/p>\n<p><strong>\u00a0Administrativa\u00a0\u00a0\u00a0<\/strong><\/p>\n<p>Ram\u00edrez Escalera, Mar\u00eda Luisa<\/p>\n<p><strong>Ordenanzas\u00a0\u00a0\u00a0<\/strong><strong>\u00a0\u00a0\u00a0\u00a0\u00a0\u00a0<\/strong><\/p>\n<p>Su\u00e1rez de la Osa, Antonio<\/p>\n<p>Garc\u00eda De La Cruz Ana Mar\u00eda<\/p>\n<p>No podemos olvidar al\u00a0<strong>PERSONAL DE LIMPIEZA (\u00c1FRICA , LOURDES, y MACARENA\u00a0 )<\/strong><strong>\u00a0<\/strong>, que tambi\u00e9n colabora en conseguir que el centro siempre luzca su mejor aspecto.<\/p>\n","protected":false},"excerpt":{"rendered":"<p>El acr\u00f3nimo PAS\u00a0significa personal de administraci\u00f3n y servicio. Personal sin el que este instituto dif\u00edcilmente podr\u00eda funcionar Lo forman: \u00a0Educadora social Hidalgo Hidalgo, Esther \u00a0Administrativa\u00a0\u00a0\u00a0 Ram\u00edrez Escalera, Mar\u00eda Luisa Ordenanzas\u00a0\u00a0\u00a0\u00a0\u00a0\u00a0\u00a0\u00a0\u00a0 Su\u00e1rez de la Osa,&#46;&#46;&#46;<\/p>\n","protected":false},"author":7568,"featured_media":0,"parent":0,"menu_order":0,"comment_status":"closed","ping_status":"closed","template":"","meta":{"ngg_post_thumbnail":0,"footnotes":"","_mc_calendar":[]},"aioseo_notices":[],"_links":{"self":[{"href":"https:\/\/blogsaverroes.juntadeandalucia.es\/iesmatildecasanova\/wp-json\/wp\/v2\/pages\/3954"}],"collection":[{"href":"https:\/\/blogsaverroes.juntadeandalucia.es\/iesmatildecasanova\/wp-json\/wp\/v2\/pages"}],"about":[{"href":"https:\/\/blogsaverroes.juntadeandalucia.es\/iesmatildecasanova\/wp-json\/wp\/v2\/types\/page"}],"author":[{"embeddable":true,"href":"https:\/\/blogsaverroes.juntadeandalucia.es\/iesmatildecasanova\/wp-json\/wp\/v2\/users\/7568"}],"replies":[{"embeddable":true,"href":"https:\/\/blogsaverroes.juntadeandalucia.es\/iesmatildecasanova\/wp-json\/wp\/v2\/comments?post=3954"}],"version-history":[{"count":0,"href":"https:\/\/blogsaverroes.juntadeandalucia.es\/iesmatildecasanova\/wp-json\/wp\/v2\/pages\/3954\/revisions"}],"wp:attachment":[{"href":"https:\/\/blogsaverroes.juntadeandalucia.es\/iesmatildecasanova\/wp-json\/wp\/v2\/media?parent=3954"}],"curies":[{"name":"wp","href":"https:\/\/api.w.org\/{rel}","templated":true}]}}