{"id":3994,"date":"2018-04-19T06:52:21","date_gmt":"2018-04-19T06:52:21","guid":{"rendered":"http:\/\/iesmatildecasanova.com\/?page_id=2677"},"modified":"2018-04-19T06:52:21","modified_gmt":"2018-04-19T06:52:21","slug":"actividades","status":"publish","type":"page","link":"https:\/\/blogsaverroes.juntadeandalucia.es\/iesmatildecasanova\/actividades\/","title":{"rendered":"Actividades"},"content":{"rendered":"<h2><em>24 de Abril de 2018<\/em><\/h2>\n<p><strong>APRADINAMIENTO LECTOR<\/strong><\/p>\n<p>Una de las actividades programadas esta semana para celebrar el D\u00eda del Libro es la del <strong>Apadrinamiento Lector con los alumnos de Infantil del CEIP Vicente Aleixandre<\/strong>. El apadrinamiento lector es un proyecto de animaci\u00f3n a la lectura. Este a\u00f1o han participado los alumnos de 3\u00ba y 2\u00ba ESO que han le\u00eddo en forma de cuentacuentos a los m\u00e1s peque\u00f1os del Colegio. Con todo ello pretendemos desarrollar la competencia ling\u00fc\u00edstica, especialmente la oralidad. Adem\u00e1s de desarrollar las relaciones interpersonales con alumnos de edades distintas.<\/p>\n<p>\u00a1Nuestros alumnos como todos los a\u00f1os lo han hecho genial\u00a1 Gracias a todos por participar.<\/p>\n<p>&nbsp;<\/p>\n<p>&nbsp;<\/p>\n<p><img loading=\"lazy\" decoding=\"async\" class=\"alignnone size-thumbnail wp-image-2697\" src=\"https:\/\/blogsaverroes.juntadeandalucia.es\/iesmatildecasanova\/files\/2018\/04\/2018-04-24-PHOTO-00000335-150x150.jpg\" alt=\"\" width=\"150\" height=\"150\" \/>\u00a0 \u00a0 \u00a0\u00a0\u00a0<img loading=\"lazy\" decoding=\"async\" class=\"alignnone size-thumbnail wp-image-2708\" src=\"https:\/\/blogsaverroes.juntadeandalucia.es\/iesmatildecasanova\/files\/2018\/04\/2018-04-24-PHOTO-00000365-150x150.jpg\" alt=\"\" width=\"150\" height=\"150\" \/>\u00a0\u00a0<img loading=\"lazy\" decoding=\"async\" class=\"alignnone size-thumbnail wp-image-2705\" src=\"https:\/\/blogsaverroes.juntadeandalucia.es\/iesmatildecasanova\/files\/2018\/04\/2018-04-24-PHOTO-00000362-150x150.jpg\" alt=\"\" width=\"150\" height=\"150\" \/>\u00a0\u00a0<img loading=\"lazy\" decoding=\"async\" class=\"alignnone size-thumbnail wp-image-2703\" src=\"https:\/\/blogsaverroes.juntadeandalucia.es\/iesmatildecasanova\/files\/2018\/04\/2018-04-24-PHOTO-00000360-150x150.jpg\" alt=\"\" width=\"150\" height=\"150\" \/>\u00a0\u00a0<img loading=\"lazy\" decoding=\"async\" class=\"alignnone size-thumbnail wp-image-2702\" src=\"https:\/\/blogsaverroes.juntadeandalucia.es\/iesmatildecasanova\/files\/2018\/04\/2018-04-24-PHOTO-00000359-150x150.jpg\" alt=\"\" width=\"150\" height=\"150\" \/><\/p>\n<p><img loading=\"lazy\" decoding=\"async\" class=\"alignnone size-thumbnail wp-image-2700\" src=\"https:\/\/blogsaverroes.juntadeandalucia.es\/iesmatildecasanova\/files\/2018\/04\/2018-04-24-PHOTO-00000338-150x150.jpg\" alt=\"\" width=\"150\" height=\"150\" \/>\u00a0 \u00a0<img loading=\"lazy\" decoding=\"async\" class=\"alignnone size-thumbnail wp-image-2699\" src=\"https:\/\/blogsaverroes.juntadeandalucia.es\/iesmatildecasanova\/files\/2018\/04\/2018-04-24-PHOTO-00000337-150x150.jpg\" alt=\"\" width=\"150\" height=\"150\" \/>\u00a0\u00a0<img loading=\"lazy\" decoding=\"async\" class=\"alignnone size-thumbnail wp-image-2698\" src=\"https:\/\/blogsaverroes.juntadeandalucia.es\/iesmatildecasanova\/files\/2018\/04\/2018-04-24-PHOTO-00000336-150x150.jpg\" alt=\"\" width=\"150\" height=\"150\" \/>\u00a0\u00a0\u00a0<img loading=\"lazy\" decoding=\"async\" class=\"alignnone size-thumbnail wp-image-2710\" src=\"https:\/\/blogsaverroes.juntadeandalucia.es\/iesmatildecasanova\/files\/2018\/04\/2018-04-24-PHOTO-00000367-150x150.jpg\" alt=\"\" width=\"150\" height=\"150\" \/>\u00a0\u00a0<img loading=\"lazy\" decoding=\"async\" class=\"alignnone size-thumbnail wp-image-2696\" src=\"https:\/\/blogsaverroes.juntadeandalucia.es\/iesmatildecasanova\/files\/2018\/04\/2018-04-24-PHOTO-00000334-150x150.jpg\" alt=\"\" width=\"150\" height=\"150\" \/>\u00a0 \u00a0\u00a0<img loading=\"lazy\" decoding=\"async\" class=\"alignnone size-thumbnail wp-image-2695\" src=\"https:\/\/blogsaverroes.juntadeandalucia.es\/iesmatildecasanova\/files\/2018\/04\/2018-04-24-PHOTO-00000333-150x150.jpg\" alt=\"\" width=\"150\" height=\"150\" \/><\/p>\n<p>&nbsp;<\/p>\n<div style=\"width: 640px;\" class=\"wp-video\"><!--[if lt IE 9]><script>document.createElement('video');<\/script><![endif]-->\n<video class=\"wp-video-shortcode\" id=\"video-3994-1\" width=\"640\" height=\"1136\" preload=\"metadata\" controls=\"controls\"><source type=\"video\/mp4\" src=\"https:\/\/blogsaverroes.juntadeandalucia.es\/iesmatildecasanova\/files\/2018\/04\/2018-04-23-VIDEO-00000294.mp4?_=1\" \/><a href=\"https:\/\/blogsaverroes.juntadeandalucia.es\/iesmatildecasanova\/files\/2018\/04\/2018-04-23-VIDEO-00000294.mp4\">https:\/\/blogsaverroes.juntadeandalucia.es\/iesmatildecasanova\/files\/2018\/04\/2018-04-23-VIDEO-00000294.mp4<\/a><\/video><\/div>\n<p>&nbsp;<\/p>\n<div style=\"width: 640px;\" class=\"wp-video\"><video class=\"wp-video-shortcode\" id=\"video-3994-2\" width=\"640\" height=\"1136\" preload=\"metadata\" controls=\"controls\"><source type=\"video\/mp4\" src=\"https:\/\/blogsaverroes.juntadeandalucia.es\/iesmatildecasanova\/files\/2018\/04\/2018-04-23-VIDEO-00000295.mp4?_=2\" \/><a href=\"https:\/\/blogsaverroes.juntadeandalucia.es\/iesmatildecasanova\/files\/2018\/04\/2018-04-23-VIDEO-00000295.mp4\">https:\/\/blogsaverroes.juntadeandalucia.es\/iesmatildecasanova\/files\/2018\/04\/2018-04-23-VIDEO-00000295.mp4<\/a><\/video><\/div>\n<p>&nbsp;<\/p>\n<p>&nbsp;<\/p>\n<div style=\"width: 640px;\" class=\"wp-video\"><video class=\"wp-video-shortcode\" id=\"video-3994-3\" width=\"640\" height=\"1136\" preload=\"metadata\" controls=\"controls\"><source type=\"video\/mp4\" src=\"https:\/\/blogsaverroes.juntadeandalucia.es\/iesmatildecasanova\/files\/2018\/04\/2018-04-23-VIDEO-00000296.mp4?_=3\" \/><a href=\"https:\/\/blogsaverroes.juntadeandalucia.es\/iesmatildecasanova\/files\/2018\/04\/2018-04-23-VIDEO-00000296.mp4\">https:\/\/blogsaverroes.juntadeandalucia.es\/iesmatildecasanova\/files\/2018\/04\/2018-04-23-VIDEO-00000296.mp4<\/a><\/video><\/div>\n<p>&nbsp;<\/p>\n<h2><em>23 de Abril de 2018<\/em><\/h2>\n<p><strong><em>Celebraci\u00f3n del D\u00eda del Libro y el derecho de autor en nuestro Instituto<\/em><\/strong><\/p>\n<p>&nbsp;<\/p>\n<p>Para celebrar el <strong>D\u00eda del Libro<\/strong> (23 de abril) se realizar\u00e1n, durante esa semana, un <strong>programa de actividades<\/strong> que se ajustar\u00e1 a lo consignado en nuestro Proyecto Ling\u00fc\u00edstico de Centro. \u00c9stas ser\u00e1n coordinadas por el Grupo de Trabajo de la Biblioteca, los Departamentos de Lengua y Literatura, Franc\u00e9s, Ingl\u00e9s y Geograf\u00eda e Historia. La relaci\u00f3n de actividades previstas queda como sigue:<\/p>\n<p>&nbsp;<\/p>\n<p>&nbsp;<\/p>\n<p><img loading=\"lazy\" decoding=\"async\" class=\"alignnone size-thumbnail wp-image-2612\" src=\"https:\/\/blogsaverroes.juntadeandalucia.es\/iesmatildecasanova\/files\/2018\/04\/quijote-150x150.jpg\" alt=\"\" width=\"150\" height=\"150\" \/><\/p>\n<p>&nbsp;<\/p>\n<ol>\n<li>Comenzaremos con la <strong>lectura a 1\u00aa hora<\/strong> del <strong>d\u00eda 23<\/strong>, en todas las aulas, de la novela ejemplar de Miguel de Cervantes <strong><em>Rinconete y Cortadillo<\/em>. <\/strong>Como todos sab\u00e9is, este a\u00f1o se conmemora el IV Centenario del nacimiento de Bartolom\u00e9 Esteban Murillo. Relacionado con ello y la actividad que realizamos conjuntamente un grupo de Departamentos sobre las recreaciones de las obras de Murillo, hemos elegido esta lectura de Cervantes que pertenece a la misma \u00e9poca y est\u00e1 ambientada en Sevilla.<\/li>\n<\/ol>\n<p><strong>\u00a0<\/strong><\/p>\n<ol start=\"2\">\n<li>Proyecci\u00f3n del v\u00eddeo <strong><em>Los fant\u00e1sticos libros voladores de Mr. Morris Lessmore<\/em><\/strong>. La mejor historia jam\u00e1s contada sobre el encanto de los libros, en la que el escritor Mr. Morris Lessmore conoce la verdadera vida de los libros voladores. Las proyecciones se realizar\u00e1n en las distintas <strong>horas de tutor\u00eda<\/strong>.<\/li>\n<\/ol>\n<p><a href=\"https:\/\/www.youtube.com\/watch?v=_Bp1AZthZeo\"><strong>https:\/\/www.youtube.com\/watch?v=_Bp1AZthZeo<\/strong><\/a><\/p>\n<p><strong>\u00a0<\/strong><\/p>\n<ol start=\"3\">\n<li><strong>Lectura pluriling\u00fce<\/strong>: el timbre musical los d\u00edas 23 y 24 estar\u00e1 relacionado con la celebraci\u00f3n. El d\u00eda 23 se escuchar\u00e1n fragmentos de obras c\u00e9lebres en espa\u00f1ol, franc\u00e9s e ingl\u00e9s. Y el 24 ambientaremos el centro para la acogida de los alumnos del Colegio Vicente Aleixandre. Agradecemos la colaboraci\u00f3n de los alumnos que se han ofrecido a participar.<\/li>\n<\/ol>\n<p>&nbsp;<\/p>\n<ol start=\"4\">\n<li>Para celebrar el D\u00eda del Libro nos gustar\u00eda compartir con vosotros, la <strong>Comunidad Educativa<\/strong> del IES (alumnos, profesores, personal no docente, padres y madres\u2026), las historias que os han transportado a otros lugares y \u00e9pocas, que os han permitido disfrutar nuevas experiencias. Para ello vamos a instalar en el tabl\u00f3n de la biblioteca, a la <strong><em>entrada del Instituto,<\/em><\/strong> un mural para que <strong>toda la comunidad educativa pueda pichar rese\u00f1as o recomendaciones de libros durante toda la semana<\/strong>.<\/li>\n<\/ol>\n<p>&nbsp;<\/p>\n<ol start=\"5\">\n<li><strong>I Concurso Im\u00e1genes con Libro<\/strong>: el tema ser\u00e1 <strong><em>Mi libro preferido<\/em><\/strong> y nos lo puedes decir con una fotograf\u00eda. Toda la <strong>Comunidad educativa<\/strong> puede presentar una fotograf\u00eda realizada por ellos donde aparezcan composiciones fotogr\u00e1ficas con sus libros preferidos. Todas las fotograf\u00edas deber\u00e1n acompa\u00f1arse del nombre y el t\u00edtulo del libro. El concurso durar\u00e1 toda la semana (<strong>23 de abril hasta el 27 de abril<\/strong>). Se subir\u00e1n al <strong>Instagram de la Biblioteca <\/strong>con el <em>hashtag<\/em> #bibliotecaMC. El ganador\/a del concurso ser\u00e1 la imagen que m\u00e1s likes\/me gusta consiga. El premio consistir\u00e1 en un lote de libros.<\/li>\n<\/ol>\n<p>&nbsp;<\/p>\n<ol start=\"6\">\n<li>La <strong>actividad Apadrinamiento Lector<\/strong> el <strong>d\u00eda 24<\/strong> con los alumnos m\u00e1s peque\u00f1os del CEIP Vicente Aleixandre. Nuestros alumnos leer\u00e1n, en forma de cuentacuentos, lecturas dirigidas a Infantil. Gracias a los chicos\/as que van a participar.<\/li>\n<\/ol>\n<p>Enlaces para la lectura a primera hora\u00a0 del d\u00eda para celebrar\u00a0\u00a0<b>el D\u00eda Mundial del Libro<\/b>\u00a0y del\u00a0<b>Derecho de Autor\u00a0<\/b><\/p>\n<p><a href=\"https:\/\/blogsaverroes.juntadeandalucia.es\/iesmatildecasanova\/files\/2018\/04\/rinconeteycortadillo.pdf\" target=\"_blank\" rel=\"noopener noreferrer\">Rinconete y Cortadillo (pdf)<\/a><\/p>\n<p><a href=\"https:\/\/blogsaverroes.juntadeandalucia.es\/iesmatildecasanova\/files\/2018\/04\/Rinconete-y-Cortadillo.doc\" target=\"_blank\" rel=\"noopener noreferrer\">Rinconete y Cortadillo (word)<\/a><\/p>\n<p>&nbsp;<\/p>\n<p>&nbsp;<\/p>\n<p>&nbsp;<\/p>\n<p>&nbsp;<\/p>\n<p>&nbsp;<\/p>\n<p>&nbsp;<\/p>\n<p>&nbsp;<\/p>\n<p>&nbsp;<\/p>\n<p>&nbsp;<\/p>\n","protected":false},"excerpt":{"rendered":"<p>24 de Abril de 2018 APRADINAMIENTO LECTOR Una de las actividades programadas esta semana para celebrar el D\u00eda del Libro es la del Apadrinamiento Lector con los alumnos de Infantil del CEIP Vicente Aleixandre.&#46;&#46;&#46;<\/p>\n","protected":false},"author":7568,"featured_media":0,"parent":0,"menu_order":0,"comment_status":"closed","ping_status":"closed","template":"","meta":{"ngg_post_thumbnail":0,"footnotes":"","_mc_calendar":[]},"aioseo_notices":[],"_links":{"self":[{"href":"https:\/\/blogsaverroes.juntadeandalucia.es\/iesmatildecasanova\/wp-json\/wp\/v2\/pages\/3994"}],"collection":[{"href":"https:\/\/blogsaverroes.juntadeandalucia.es\/iesmatildecasanova\/wp-json\/wp\/v2\/pages"}],"about":[{"href":"https:\/\/blogsaverroes.juntadeandalucia.es\/iesmatildecasanova\/wp-json\/wp\/v2\/types\/page"}],"author":[{"embeddable":true,"href":"https:\/\/blogsaverroes.juntadeandalucia.es\/iesmatildecasanova\/wp-json\/wp\/v2\/users\/7568"}],"replies":[{"embeddable":true,"href":"https:\/\/blogsaverroes.juntadeandalucia.es\/iesmatildecasanova\/wp-json\/wp\/v2\/comments?post=3994"}],"version-history":[{"count":0,"href":"https:\/\/blogsaverroes.juntadeandalucia.es\/iesmatildecasanova\/wp-json\/wp\/v2\/pages\/3994\/revisions"}],"wp:attachment":[{"href":"https:\/\/blogsaverroes.juntadeandalucia.es\/iesmatildecasanova\/wp-json\/wp\/v2\/media?parent=3994"}],"curies":[{"name":"wp","href":"https:\/\/api.w.org\/{rel}","templated":true}]}}