{"id":4188,"date":"2021-04-23T15:48:43","date_gmt":"2021-04-23T15:48:43","guid":{"rendered":"http:\/\/iesmatildecasanova.com\/?page_id=4188"},"modified":"2022-03-31T06:37:52","modified_gmt":"2022-03-31T06:37:52","slug":"%f0%9f%93%bbradio-matilde-casanova","status":"publish","type":"page","link":"https:\/\/blogsaverroes.juntadeandalucia.es\/iesmatildecasanova\/%f0%9f%93%bbradio-matilde-casanova\/","title":{"rendered":"\ud83d\udcfbRadio Matilde Casanova"},"content":{"rendered":"\r\n<p>En nuestro IES contamos desde el curso 2020\/2021 nuestra propia emisora de radio.<\/p>\r\n\r\n\r\n\r\n<p>Si quieres escuchar nuestros programas s\u00f3lo tienes que visitar nuestra web de la programaci\u00f3n <a href=\"https:\/\/www.eloquenze.com\/stations\/ies-matilde-casanova\" target=\"_blank\" rel=\"noopener noreferrer\" data-type=\"URL\" data-id=\"https:\/\/www.eloquenze.com\/stations\/ies-matilde-casanova\/posts\/la-republica-de-las-letras-i-dramatizacion-de-el-quijote\">AQU\u00cd<\/a><\/p>\r\n","protected":false},"excerpt":{"rendered":"<p>En nuestro IES contamos desde el curso 2020\/2021 nuestra propia emisora de radio. Si quieres escuchar nuestros programas s\u00f3lo tienes que visitar nuestra web de la programaci\u00f3n AQU\u00cd<\/p>\n","protected":false},"author":7568,"featured_media":0,"parent":0,"menu_order":0,"comment_status":"closed","ping_status":"closed","template":"","meta":{"ngg_post_thumbnail":0,"footnotes":"","_mc_calendar":[]},"aioseo_notices":[],"_links":{"self":[{"href":"https:\/\/blogsaverroes.juntadeandalucia.es\/iesmatildecasanova\/wp-json\/wp\/v2\/pages\/4188"}],"collection":[{"href":"https:\/\/blogsaverroes.juntadeandalucia.es\/iesmatildecasanova\/wp-json\/wp\/v2\/pages"}],"about":[{"href":"https:\/\/blogsaverroes.juntadeandalucia.es\/iesmatildecasanova\/wp-json\/wp\/v2\/types\/page"}],"author":[{"embeddable":true,"href":"https:\/\/blogsaverroes.juntadeandalucia.es\/iesmatildecasanova\/wp-json\/wp\/v2\/users\/7568"}],"replies":[{"embeddable":true,"href":"https:\/\/blogsaverroes.juntadeandalucia.es\/iesmatildecasanova\/wp-json\/wp\/v2\/comments?post=4188"}],"version-history":[{"count":1,"href":"https:\/\/blogsaverroes.juntadeandalucia.es\/iesmatildecasanova\/wp-json\/wp\/v2\/pages\/4188\/revisions"}],"predecessor-version":[{"id":4912,"href":"https:\/\/blogsaverroes.juntadeandalucia.es\/iesmatildecasanova\/wp-json\/wp\/v2\/pages\/4188\/revisions\/4912"}],"wp:attachment":[{"href":"https:\/\/blogsaverroes.juntadeandalucia.es\/iesmatildecasanova\/wp-json\/wp\/v2\/media?parent=4188"}],"curies":[{"name":"wp","href":"https:\/\/api.w.org\/{rel}","templated":true}]}}