{"id":1127,"date":"2020-03-14T17:05:31","date_gmt":"2020-03-14T17:05:31","guid":{"rendered":"https:\/\/blogsaverroes.juntadeandalucia.es\/iesmediterraneo\/?page_id=1127"},"modified":"2022-09-10T07:49:27","modified_gmt":"2022-09-10T07:49:27","slug":"manuales-moodle","status":"publish","type":"page","link":"https:\/\/blogsaverroes.juntadeandalucia.es\/iesmediterraneo\/manuales-moodle\/","title":{"rendered":"Manuales Moodle"},"content":{"rendered":"<h2><span style=\"color: #008080;font-size: 36pt\">Relaci\u00f3n de manuales de Moodle para el profesorado<\/span><\/h2>\n<h2><span style=\"color: #00ccff;font-size: 24pt\">Manuales curso 2022-2023<\/span><\/h2>\n<ul>\n<li><a href=\"http:\/\/agrega.juntadeandalucia.es\/\/repositorio\/09122020\/98\/es-an_2020120911_9092449\/rol_profesorado\/index.html\"><span style=\"color: #008080\"><span style=\"font-size: 18pt\">Gu\u00eda b\u00e1sica. Moodle Centros. Rol Profesorado<\/span><\/span><\/a><\/li>\n<li><span style=\"color: #008080;font-size: 18pt\"><a href=\"http:\/\/agrega.juntadeandalucia.es\/\/repositorio\/06122020\/d6\/es-an_2020120614_9192858\/rol_gestor\/index.html\">Gu\u00eda B\u00e1sica Moodle Centros. Rol Gestor<\/a><\/span><\/li>\n<\/ul>\n<p>&nbsp;<\/p>\n<hr>\n<ul>\n<li>\n<table style=\"border-collapse: collapse;width: 100%\">\n<tbody>\n<tr>\n<td style=\"width: 11.2822%;text-align: center;vertical-align: middle\" rowspan=\"2\"><img loading=\"lazy\" decoding=\"async\" class=\"alignnone wp-image-1763 \" src=\"https:\/\/blogsaverroes.juntadeandalucia.es\/iesmediterraneo\/files\/2020\/09\/importante-300x300.jpg\" alt=\"\" width=\"99\" height=\"99\" srcset=\"https:\/\/blogsaverroes.juntadeandalucia.es\/iesmediterraneo\/files\/2020\/09\/importante-300x300.jpg 300w, https:\/\/blogsaverroes.juntadeandalucia.es\/iesmediterraneo\/files\/2020\/09\/importante-150x150.jpg 150w, https:\/\/blogsaverroes.juntadeandalucia.es\/iesmediterraneo\/files\/2020\/09\/importante-100x100.jpg 100w, https:\/\/blogsaverroes.juntadeandalucia.es\/iesmediterraneo\/files\/2020\/09\/importante-24x24.jpg 24w, https:\/\/blogsaverroes.juntadeandalucia.es\/iesmediterraneo\/files\/2020\/09\/importante-36x36.jpg 36w, https:\/\/blogsaverroes.juntadeandalucia.es\/iesmediterraneo\/files\/2020\/09\/importante-48x48.jpg 48w, https:\/\/blogsaverroes.juntadeandalucia.es\/iesmediterraneo\/files\/2020\/09\/importante.jpg 640w\" sizes=\"(max-width: 99px) 100vw, 99px\" \/><\/td>\n<td style=\"width: 88.7178%\"><strong><span style=\"font-size: 14pt;color: #008080\"><a style=\"color: #008080\" href=\"https:\/\/blogsaverroes.juntadeandalucia.es\/eaprendizaje\/moodle-centros\/\">Manuales de gesti\u00f3n de Moodle actualizados en la web de eAprendizaje<\/a><\/span><\/strong><\/td>\n<\/tr>\n<tr>\n<td style=\"width: 88.7178%\"><a href=\"https:\/\/www.juntadeandalucia.es\/educacion\/portals\/web\/transformacion-digital-educativa\/moodle_canal_videos\/\"><strong><span style=\"font-size: 14pt;color: #008080\">Canal de v\u00eddeos sobre Moodle Centros<\/span><\/strong><\/a><\/td>\n<\/tr>\n<\/tbody>\n<\/table>\n<\/li>\n<li>\n<h3><a href=\"https:\/\/blogsaverroes.juntadeandalucia.es\/iesmediterraneo\/files\/2020\/03\/Manual-moodle.pdf\">Acc<span style=\"font-size: 14pt\">eso a la plataforma Moodle<\/span><\/a><\/h3>\n<\/li>\n<li><span style=\"color: #0000ff\"><strong><span style=\"font-size: 14pt\">Tutorial WEBEX para el profesorado<\/span><\/strong><\/span>\n<ul>\n<li><a href=\"https:\/\/www.youtube.com\/watch?v=E4iLNGDX-Is&amp;feature=youtu.be\">WEBEX para video conferencias. Rol profesorado. Parte I<\/a><\/li>\n<li><a href=\"https:\/\/www.youtube.com\/watch?v=YCpWaP2KMQ8\">WEBEX para video conferencias. Rol Profesorado Parte II<\/a><\/li>\n<li><a href=\"https:\/\/www.youtube.com\/watch?v=9m5pi6gyL6o\">Funcionamiento de la herramienta&nbsp; Cisco WEBEX: Utilidades dentro de la reuni\u00f3n<\/a><\/li>\n<\/ul>\n<\/li>\n<li>\n<h3><span style=\"font-size: 14pt\"><a href=\"https:\/\/blogsaverroes.juntadeandalucia.es\/iesmediterraneo\/files\/2020\/03\/Gesti\u00f3n_curso.pdf\">Gesti\u00f3n de un curso y gesti\u00f3n de tareas para alumnos\/as<\/a><\/span><\/h3>\n<\/li>\n<li>\n<h3><span style=\"font-size: 14pt\"><a href=\"https:\/\/blogsaverroes.juntadeandalucia.es\/iesmediterraneo\/files\/2020\/03\/Tutorial-para-hacer-un-test-con-MOODLE.pdf\">Tutorial para hacer un test con MOODLE<\/a><\/span><\/h3>\n<\/li>\n<li>\n<h3><a href=\"https:\/\/blogsaverroes.juntadeandalucia.es\/iesmediterraneo\/files\/2020\/04\/acceder-tareas.pdf\"><strong>Tutorial para acceder y enviar tareas<\/strong><\/a><\/h3>\n<\/li>\n<\/ul>\n","protected":false},"excerpt":{"rendered":"<p>Relaci\u00f3n de manuales de Moodle para el profesorado Manuales curso 2022-2023 Gu\u00eda b\u00e1sica. Moodle Centros. Rol Profesorado Gu\u00eda B\u00e1sica Moodle Centros. Rol Gestor &nbsp; Manuales de gesti\u00f3n de Moodle actualizados en la web de&#46;&#46;&#46;<\/p>\n","protected":false},"author":5102,"featured_media":0,"parent":0,"menu_order":0,"comment_status":"closed","ping_status":"closed","template":"","meta":{"ngg_post_thumbnail":0,"footnotes":""},"aioseo_notices":[],"_links":{"self":[{"href":"https:\/\/blogsaverroes.juntadeandalucia.es\/iesmediterraneo\/wp-json\/wp\/v2\/pages\/1127"}],"collection":[{"href":"https:\/\/blogsaverroes.juntadeandalucia.es\/iesmediterraneo\/wp-json\/wp\/v2\/pages"}],"about":[{"href":"https:\/\/blogsaverroes.juntadeandalucia.es\/iesmediterraneo\/wp-json\/wp\/v2\/types\/page"}],"author":[{"embeddable":true,"href":"https:\/\/blogsaverroes.juntadeandalucia.es\/iesmediterraneo\/wp-json\/wp\/v2\/users\/5102"}],"replies":[{"embeddable":true,"href":"https:\/\/blogsaverroes.juntadeandalucia.es\/iesmediterraneo\/wp-json\/wp\/v2\/comments?post=1127"}],"version-history":[{"count":12,"href":"https:\/\/blogsaverroes.juntadeandalucia.es\/iesmediterraneo\/wp-json\/wp\/v2\/pages\/1127\/revisions"}],"predecessor-version":[{"id":2189,"href":"https:\/\/blogsaverroes.juntadeandalucia.es\/iesmediterraneo\/wp-json\/wp\/v2\/pages\/1127\/revisions\/2189"}],"wp:attachment":[{"href":"https:\/\/blogsaverroes.juntadeandalucia.es\/iesmediterraneo\/wp-json\/wp\/v2\/media?parent=1127"}],"curies":[{"name":"wp","href":"https:\/\/api.w.org\/{rel}","templated":true}]}}