{"id":1146,"date":"2020-03-18T19:00:39","date_gmt":"2020-03-18T19:00:39","guid":{"rendered":"https:\/\/blogsaverroes.juntadeandalucia.es\/iesmediterraneo\/?page_id=1146"},"modified":"2024-03-11T09:52:42","modified_gmt":"2024-03-11T09:52:42","slug":"tutorial-para-la-admision-en-centros-docentes","status":"publish","type":"page","link":"https:\/\/blogsaverroes.juntadeandalucia.es\/iesmediterraneo\/tutorial-para-la-admision-en-centros-docentes\/","title":{"rendered":"Tutorial para la Admisi\u00f3n en centros docentes"},"content":{"rendered":"<h1><span style=\"color: #008080\">Tutorial para la Admisi\u00f3n en centros docentes a trav\u00e9s de la Secretar\u00eda Virtual de los Centros Educativos<\/span><\/h1>\n<hr>\n<h3><span style=\"color: #008000\">Tutorial para la Solicitud de admisi\u00f3n en centros docentes p\u00fablicos y privados concertados para cursar las Ense\u00f1anzas de Segundo Ciclo de Educaci\u00f3n Infantil, Educaci\u00f3n Primaria, Educaci\u00f3n Especial, Educaci\u00f3n Secundaria Obligatoria y Bachillerato.<\/span><\/h3>\n<ul>\n<li>\n<h4><span style=\"font-size: 18pt\"><a href=\"https:\/\/blogsaverroes.juntadeandalucia.es\/iesmediterraneo\/files\/2020\/03\/Tutorial_para_la_Solicitud_de_admisi\u00f3n_en_centros_docentes_p\u00fablicos.pdf\">Descarga el Tutorial para la solicitud de admisi\u00f3n en centros p\u00fablicos. PDF<\/a><\/span><\/h4>\n<h2><span style=\"color: #ff6600\">1. Entramos en la web a trav\u00e9s de <a style=\"color: #ff6600\" href=\"https:\/\/www.juntadeandalucia.es\/educacion\/secretariavirtual\/accesoTramite\/439\/\">este enlace<\/a><\/span><\/h2>\n<p><a href=\"https:\/\/www.juntadeandalucia.es\/educacion\/secretariavirtual\/accesoTramite\/543\/\">https:\/\/www.juntadeandalucia.es\/educacion\/secretariavirtual\/accesoTramite\/543\/<\/a><\/li>\n<\/ul>\n<p><a href=\"https:\/\/blogsaverroes.juntadeandalucia.es\/iesmediterraneo\/files\/2020\/03\/1_entrada.png\"><img loading=\"lazy\" decoding=\"async\" class=\"aligncenter size-large wp-image-1147\" src=\"https:\/\/blogsaverroes.juntadeandalucia.es\/iesmediterraneo\/files\/2020\/03\/1_entrada-1024x499.png\" alt=\"admisi\u00f3n 1\" width=\"1024\" height=\"499\" srcset=\"https:\/\/blogsaverroes.juntadeandalucia.es\/iesmediterraneo\/files\/2020\/03\/1_entrada-1024x499.png 1024w, https:\/\/blogsaverroes.juntadeandalucia.es\/iesmediterraneo\/files\/2020\/03\/1_entrada-300x146.png 300w, https:\/\/blogsaverroes.juntadeandalucia.es\/iesmediterraneo\/files\/2020\/03\/1_entrada-768x375.png 768w, https:\/\/blogsaverroes.juntadeandalucia.es\/iesmediterraneo\/files\/2020\/03\/1_entrada-24x12.png 24w, https:\/\/blogsaverroes.juntadeandalucia.es\/iesmediterraneo\/files\/2020\/03\/1_entrada-36x18.png 36w, https:\/\/blogsaverroes.juntadeandalucia.es\/iesmediterraneo\/files\/2020\/03\/1_entrada-48x23.png 48w, https:\/\/blogsaverroes.juntadeandalucia.es\/iesmediterraneo\/files\/2020\/03\/1_entrada.png 1181w\" sizes=\"(max-width: 1024px) 100vw, 1024px\" \/><\/a><\/p>\n<h2><span style=\"color: #ff6600\">2. Pinchamos en \u00abSolicitudes\u00bb<\/span><\/h2>\n<p><a href=\"https:\/\/blogsaverroes.juntadeandalucia.es\/iesmediterraneo\/files\/2020\/03\/2_solicitudes.png\"><img loading=\"lazy\" decoding=\"async\" class=\"aligncenter size-full wp-image-1148\" src=\"https:\/\/blogsaverroes.juntadeandalucia.es\/iesmediterraneo\/files\/2020\/03\/2_solicitudes.png\" alt=\"2_solicitu\" width=\"752\" height=\"76\" srcset=\"https:\/\/blogsaverroes.juntadeandalucia.es\/iesmediterraneo\/files\/2020\/03\/2_solicitudes.png 752w, https:\/\/blogsaverroes.juntadeandalucia.es\/iesmediterraneo\/files\/2020\/03\/2_solicitudes-300x30.png 300w, https:\/\/blogsaverroes.juntadeandalucia.es\/iesmediterraneo\/files\/2020\/03\/2_solicitudes-24x2.png 24w, https:\/\/blogsaverroes.juntadeandalucia.es\/iesmediterraneo\/files\/2020\/03\/2_solicitudes-36x4.png 36w, https:\/\/blogsaverroes.juntadeandalucia.es\/iesmediterraneo\/files\/2020\/03\/2_solicitudes-48x5.png 48w\" sizes=\"(max-width: 752px) 100vw, 752px\" \/><\/a><\/p>\n<h2><span style=\"color: #ff6600\">3.- Acceso con NIF, NIE o PASAPORTE:<\/span><\/h2>\n<p><a href=\"https:\/\/blogsaverroes.juntadeandalucia.es\/iesmediterraneo\/files\/2020\/03\/3_admisi\u00f3n.png\"><img loading=\"lazy\" decoding=\"async\" class=\"aligncenter size-large wp-image-1149\" src=\"https:\/\/blogsaverroes.juntadeandalucia.es\/iesmediterraneo\/files\/2020\/03\/3_admisi\u00f3n-1024x473.png\" alt=\"\" width=\"1024\" height=\"473\" srcset=\"https:\/\/blogsaverroes.juntadeandalucia.es\/iesmediterraneo\/files\/2020\/03\/3_admisi\u00f3n-1024x473.png 1024w, https:\/\/blogsaverroes.juntadeandalucia.es\/iesmediterraneo\/files\/2020\/03\/3_admisi\u00f3n-300x139.png 300w, https:\/\/blogsaverroes.juntadeandalucia.es\/iesmediterraneo\/files\/2020\/03\/3_admisi\u00f3n-768x355.png 768w, https:\/\/blogsaverroes.juntadeandalucia.es\/iesmediterraneo\/files\/2020\/03\/3_admisi\u00f3n-24x11.png 24w, https:\/\/blogsaverroes.juntadeandalucia.es\/iesmediterraneo\/files\/2020\/03\/3_admisi\u00f3n-36x17.png 36w, https:\/\/blogsaverroes.juntadeandalucia.es\/iesmediterraneo\/files\/2020\/03\/3_admisi\u00f3n-48x22.png 48w, https:\/\/blogsaverroes.juntadeandalucia.es\/iesmediterraneo\/files\/2020\/03\/3_admisi\u00f3n.png 1181w\" sizes=\"(max-width: 1024px) 100vw, 1024px\" \/><\/a><\/p>\n<p><strong>Debemos de elegir la opci\u00f3n del medio<\/strong>: <span style=\"color: #ff0000\">AUTENTIFICACI\u00d3N<\/span><\/p>\n<p><a href=\"https:\/\/blogsaverroes.juntadeandalucia.es\/iesmediterraneo\/files\/2020\/03\/4_admision.png\"><img loading=\"lazy\" decoding=\"async\" class=\"aligncenter size-large wp-image-1150\" src=\"https:\/\/blogsaverroes.juntadeandalucia.es\/iesmediterraneo\/files\/2020\/03\/4_admision-1024x112.png\" alt=\"\" width=\"1024\" height=\"112\" srcset=\"https:\/\/blogsaverroes.juntadeandalucia.es\/iesmediterraneo\/files\/2020\/03\/4_admision-1024x112.png 1024w, https:\/\/blogsaverroes.juntadeandalucia.es\/iesmediterraneo\/files\/2020\/03\/4_admision-300x33.png 300w, https:\/\/blogsaverroes.juntadeandalucia.es\/iesmediterraneo\/files\/2020\/03\/4_admision-768x84.png 768w, https:\/\/blogsaverroes.juntadeandalucia.es\/iesmediterraneo\/files\/2020\/03\/4_admision-24x3.png 24w, https:\/\/blogsaverroes.juntadeandalucia.es\/iesmediterraneo\/files\/2020\/03\/4_admision-36x4.png 36w, https:\/\/blogsaverroes.juntadeandalucia.es\/iesmediterraneo\/files\/2020\/03\/4_admision-48x5.png 48w, https:\/\/blogsaverroes.juntadeandalucia.es\/iesmediterraneo\/files\/2020\/03\/4_admision.png 1450w\" sizes=\"(max-width: 1024px) 100vw, 1024px\" \/><\/a><\/p>\n<h2><span style=\"color: #ff6600\">4.- Datos solicitados:<\/span><\/h2>\n<p><strong>Una vez dentro de esta opci\u00f3n:<\/strong><\/p>\n<p><a href=\"https:\/\/blogsaverroes.juntadeandalucia.es\/iesmediterraneo\/files\/2020\/03\/5_admision.png\"><img loading=\"lazy\" decoding=\"async\" class=\"aligncenter size-large wp-image-1151\" src=\"https:\/\/blogsaverroes.juntadeandalucia.es\/iesmediterraneo\/files\/2020\/03\/5_admision-1024x329.png\" alt=\"\" width=\"1024\" height=\"329\" srcset=\"https:\/\/blogsaverroes.juntadeandalucia.es\/iesmediterraneo\/files\/2020\/03\/5_admision-1024x329.png 1024w, https:\/\/blogsaverroes.juntadeandalucia.es\/iesmediterraneo\/files\/2020\/03\/5_admision-300x97.png 300w, https:\/\/blogsaverroes.juntadeandalucia.es\/iesmediterraneo\/files\/2020\/03\/5_admision-768x247.png 768w, https:\/\/blogsaverroes.juntadeandalucia.es\/iesmediterraneo\/files\/2020\/03\/5_admision-24x8.png 24w, https:\/\/blogsaverroes.juntadeandalucia.es\/iesmediterraneo\/files\/2020\/03\/5_admision-36x12.png 36w, https:\/\/blogsaverroes.juntadeandalucia.es\/iesmediterraneo\/files\/2020\/03\/5_admision-48x15.png 48w, https:\/\/blogsaverroes.juntadeandalucia.es\/iesmediterraneo\/files\/2020\/03\/5_admision.png 1181w\" sizes=\"(max-width: 1024px) 100vw, 1024px\" \/><\/a><\/p>\n<p><strong>Debemos de completar los siguientes datos:<\/strong><\/p>\n<p><a href=\"https:\/\/blogsaverroes.juntadeandalucia.es\/iesmediterraneo\/files\/2020\/03\/6_admision.png\"><img loading=\"lazy\" decoding=\"async\" class=\"aligncenter size-full wp-image-1152\" src=\"https:\/\/blogsaverroes.juntadeandalucia.es\/iesmediterraneo\/files\/2020\/03\/6_admision.png\" alt=\"\" width=\"737\" height=\"129\" srcset=\"https:\/\/blogsaverroes.juntadeandalucia.es\/iesmediterraneo\/files\/2020\/03\/6_admision.png 737w, https:\/\/blogsaverroes.juntadeandalucia.es\/iesmediterraneo\/files\/2020\/03\/6_admision-300x53.png 300w, https:\/\/blogsaverroes.juntadeandalucia.es\/iesmediterraneo\/files\/2020\/03\/6_admision-24x4.png 24w, https:\/\/blogsaverroes.juntadeandalucia.es\/iesmediterraneo\/files\/2020\/03\/6_admision-36x6.png 36w, https:\/\/blogsaverroes.juntadeandalucia.es\/iesmediterraneo\/files\/2020\/03\/6_admision-48x8.png 48w\" sizes=\"(max-width: 737px) 100vw, 737px\" \/><\/a><\/p>\n<h2><span style=\"color: #ff6600\">5. Cumplimentaci\u00f3n de la Solicitud:<\/span><\/h2>\n<p>Una vez hayamos podido acceder a la solicitud, nos encontraremos la siguiente ventana:<\/p>\n<p><a href=\"https:\/\/blogsaverroes.juntadeandalucia.es\/iesmediterraneo\/files\/2020\/03\/7_admision.png\"><img loading=\"lazy\" decoding=\"async\" class=\"aligncenter size-large wp-image-1153\" src=\"https:\/\/blogsaverroes.juntadeandalucia.es\/iesmediterraneo\/files\/2020\/03\/7_admision-1024x577.png\" alt=\"\" width=\"1024\" height=\"577\" srcset=\"https:\/\/blogsaverroes.juntadeandalucia.es\/iesmediterraneo\/files\/2020\/03\/7_admision-1024x577.png 1024w, https:\/\/blogsaverroes.juntadeandalucia.es\/iesmediterraneo\/files\/2020\/03\/7_admision-300x169.png 300w, https:\/\/blogsaverroes.juntadeandalucia.es\/iesmediterraneo\/files\/2020\/03\/7_admision-768x432.png 768w, https:\/\/blogsaverroes.juntadeandalucia.es\/iesmediterraneo\/files\/2020\/03\/7_admision-24x14.png 24w, https:\/\/blogsaverroes.juntadeandalucia.es\/iesmediterraneo\/files\/2020\/03\/7_admision-36x20.png 36w, https:\/\/blogsaverroes.juntadeandalucia.es\/iesmediterraneo\/files\/2020\/03\/7_admision-48x27.png 48w, https:\/\/blogsaverroes.juntadeandalucia.es\/iesmediterraneo\/files\/2020\/03\/7_admision.png 1181w\" sizes=\"(max-width: 1024px) 100vw, 1024px\" \/><\/a><\/p>\n<p><strong>A partir de este momento deberemos de ir completando los datos que nos solicitan para poder ir completando nuestra solicitud de admisi\u00f3n:<\/strong><\/p>\n<p><a href=\"https:\/\/blogsaverroes.juntadeandalucia.es\/iesmediterraneo\/files\/2020\/03\/8_admision.png\"><img loading=\"lazy\" decoding=\"async\" class=\"aligncenter size-large wp-image-1154\" src=\"https:\/\/blogsaverroes.juntadeandalucia.es\/iesmediterraneo\/files\/2020\/03\/8_admision-1024x291.png\" alt=\"\" width=\"1024\" height=\"291\" srcset=\"https:\/\/blogsaverroes.juntadeandalucia.es\/iesmediterraneo\/files\/2020\/03\/8_admision-1024x291.png 1024w, https:\/\/blogsaverroes.juntadeandalucia.es\/iesmediterraneo\/files\/2020\/03\/8_admision-300x85.png 300w, https:\/\/blogsaverroes.juntadeandalucia.es\/iesmediterraneo\/files\/2020\/03\/8_admision-768x218.png 768w, https:\/\/blogsaverroes.juntadeandalucia.es\/iesmediterraneo\/files\/2020\/03\/8_admision-24x7.png 24w, https:\/\/blogsaverroes.juntadeandalucia.es\/iesmediterraneo\/files\/2020\/03\/8_admision-36x10.png 36w, https:\/\/blogsaverroes.juntadeandalucia.es\/iesmediterraneo\/files\/2020\/03\/8_admision-48x14.png 48w, https:\/\/blogsaverroes.juntadeandalucia.es\/iesmediterraneo\/files\/2020\/03\/8_admision.png 1181w\" sizes=\"(max-width: 1024px) 100vw, 1024px\" \/><\/a><\/p>\n<p><a href=\"https:\/\/blogsaverroes.juntadeandalucia.es\/iesmediterraneo\/files\/2020\/03\/9_admision.png\"><img loading=\"lazy\" decoding=\"async\" class=\"aligncenter size-large wp-image-1155\" src=\"https:\/\/blogsaverroes.juntadeandalucia.es\/iesmediterraneo\/files\/2020\/03\/9_admision-1024x503.png\" alt=\"\" width=\"1024\" height=\"503\" srcset=\"https:\/\/blogsaverroes.juntadeandalucia.es\/iesmediterraneo\/files\/2020\/03\/9_admision-1024x503.png 1024w, https:\/\/blogsaverroes.juntadeandalucia.es\/iesmediterraneo\/files\/2020\/03\/9_admision-300x147.png 300w, https:\/\/blogsaverroes.juntadeandalucia.es\/iesmediterraneo\/files\/2020\/03\/9_admision-768x377.png 768w, https:\/\/blogsaverroes.juntadeandalucia.es\/iesmediterraneo\/files\/2020\/03\/9_admision-24x12.png 24w, https:\/\/blogsaverroes.juntadeandalucia.es\/iesmediterraneo\/files\/2020\/03\/9_admision-36x18.png 36w, https:\/\/blogsaverroes.juntadeandalucia.es\/iesmediterraneo\/files\/2020\/03\/9_admision-48x24.png 48w, https:\/\/blogsaverroes.juntadeandalucia.es\/iesmediterraneo\/files\/2020\/03\/9_admision.png 1181w\" sizes=\"(max-width: 1024px) 100vw, 1024px\" \/><\/a><\/p>\n<p><strong><span style=\"font-size: 18pt\">Una vez completados todos los datos solicitados, <span style=\"color: #ff0000\">el sistema grabar\u00e1 nuestra solicitud<\/span> y quedar\u00e1 entregada virtualmente.<\/span><\/strong><\/p>\n","protected":false},"excerpt":{"rendered":"<p>Tutorial para la Admisi\u00f3n en centros docentes a trav\u00e9s de la Secretar\u00eda Virtual de los Centros Educativos Tutorial para la Solicitud de admisi\u00f3n en centros docentes p\u00fablicos y privados concertados para cursar las Ense\u00f1anzas&#46;&#46;&#46;<\/p>\n","protected":false},"author":5102,"featured_media":0,"parent":0,"menu_order":0,"comment_status":"closed","ping_status":"closed","template":"page-template-full.php","meta":{"ngg_post_thumbnail":0,"footnotes":""},"aioseo_notices":[],"_links":{"self":[{"href":"https:\/\/blogsaverroes.juntadeandalucia.es\/iesmediterraneo\/wp-json\/wp\/v2\/pages\/1146"}],"collection":[{"href":"https:\/\/blogsaverroes.juntadeandalucia.es\/iesmediterraneo\/wp-json\/wp\/v2\/pages"}],"about":[{"href":"https:\/\/blogsaverroes.juntadeandalucia.es\/iesmediterraneo\/wp-json\/wp\/v2\/types\/page"}],"author":[{"embeddable":true,"href":"https:\/\/blogsaverroes.juntadeandalucia.es\/iesmediterraneo\/wp-json\/wp\/v2\/users\/5102"}],"replies":[{"embeddable":true,"href":"https:\/\/blogsaverroes.juntadeandalucia.es\/iesmediterraneo\/wp-json\/wp\/v2\/comments?post=1146"}],"version-history":[{"count":2,"href":"https:\/\/blogsaverroes.juntadeandalucia.es\/iesmediterraneo\/wp-json\/wp\/v2\/pages\/1146\/revisions"}],"predecessor-version":[{"id":2369,"href":"https:\/\/blogsaverroes.juntadeandalucia.es\/iesmediterraneo\/wp-json\/wp\/v2\/pages\/1146\/revisions\/2369"}],"wp:attachment":[{"href":"https:\/\/blogsaverroes.juntadeandalucia.es\/iesmediterraneo\/wp-json\/wp\/v2\/media?parent=1146"}],"curies":[{"name":"wp","href":"https:\/\/api.w.org\/{rel}","templated":true}]}}