{"id":139,"date":"2017-06-09T11:39:35","date_gmt":"2017-06-09T11:39:35","guid":{"rendered":"https:\/\/blogsaverroes.juntadeandalucia.es\/iesmediterraneo\/?page_id=139"},"modified":"2017-07-06T09:11:35","modified_gmt":"2017-07-06T09:11:35","slug":"secrataria","status":"publish","type":"page","link":"https:\/\/blogsaverroes.juntadeandalucia.es\/iesmediterraneo\/secrataria\/","title":{"rendered":"SECRETAR\u00cdA"},"content":{"rendered":"<h1><span style=\"color: #008080\">Tel\u00e9fonos del centro<\/span><\/h1>\n<hr>\n<div>\n<ul>\n<li>&nbsp; &nbsp;<strong>Conserjer\u00eda<\/strong> &nbsp;600-141-017<\/li>\n<li>&nbsp; &nbsp;<strong>Direcci\u00f3n &nbsp;<\/strong>&nbsp; &nbsp; 600-141-019<\/li>\n<li><strong>&nbsp; &nbsp;J. Estudios<\/strong>&nbsp; &nbsp; 600-141-018<\/li>\n<li><strong>&nbsp; &nbsp;Secretar\u00eda<\/strong>&nbsp; &nbsp; &nbsp;600-141-020<\/li>\n<li><strong>&nbsp; &nbsp;Hosteler\u00eda &nbsp; &nbsp;&nbsp;<\/strong>600-141-021<\/li>\n<li>&nbsp; <strong>&nbsp;FAX &nbsp; &nbsp;<\/strong>&nbsp; &nbsp; &nbsp; &nbsp; &nbsp; &nbsp; &nbsp; 958-64.99.82&nbsp;<\/li>\n<\/ul>\n<h2><span style=\"color: #33cccc\">Correo del centro<\/span><\/h2>\n<p>18009961.edu@juntadeandalucia.es<\/p>\n<h2><span style=\"color: #33cccc\">Twitter del centro<\/span><\/h2>\n<p>@IES_Med<\/p>\n<p>&nbsp;<\/p>\n<\/div>\n","protected":false},"excerpt":{"rendered":"<p>Tel\u00e9fonos del centro &nbsp; &nbsp;Conserjer\u00eda &nbsp;600-141-017 &nbsp; &nbsp;Direcci\u00f3n &nbsp;&nbsp; &nbsp; 600-141-019 &nbsp; &nbsp;J. Estudios&nbsp; &nbsp; 600-141-018 &nbsp; &nbsp;Secretar\u00eda&nbsp; &nbsp; &nbsp;600-141-020 &nbsp; &nbsp;Hosteler\u00eda &nbsp; &nbsp;&nbsp;600-141-021 &nbsp; &nbsp;FAX &nbsp; &nbsp;&nbsp; &nbsp; &nbsp; &nbsp; &nbsp; &nbsp; &nbsp;&#46;&#46;&#46;<\/p>\n","protected":false},"author":5102,"featured_media":0,"parent":0,"menu_order":0,"comment_status":"closed","ping_status":"closed","template":"","meta":{"ngg_post_thumbnail":0,"footnotes":""},"aioseo_notices":[],"_links":{"self":[{"href":"https:\/\/blogsaverroes.juntadeandalucia.es\/iesmediterraneo\/wp-json\/wp\/v2\/pages\/139"}],"collection":[{"href":"https:\/\/blogsaverroes.juntadeandalucia.es\/iesmediterraneo\/wp-json\/wp\/v2\/pages"}],"about":[{"href":"https:\/\/blogsaverroes.juntadeandalucia.es\/iesmediterraneo\/wp-json\/wp\/v2\/types\/page"}],"author":[{"embeddable":true,"href":"https:\/\/blogsaverroes.juntadeandalucia.es\/iesmediterraneo\/wp-json\/wp\/v2\/users\/5102"}],"replies":[{"embeddable":true,"href":"https:\/\/blogsaverroes.juntadeandalucia.es\/iesmediterraneo\/wp-json\/wp\/v2\/comments?post=139"}],"version-history":[{"count":5,"href":"https:\/\/blogsaverroes.juntadeandalucia.es\/iesmediterraneo\/wp-json\/wp\/v2\/pages\/139\/revisions"}],"predecessor-version":[{"id":399,"href":"https:\/\/blogsaverroes.juntadeandalucia.es\/iesmediterraneo\/wp-json\/wp\/v2\/pages\/139\/revisions\/399"}],"wp:attachment":[{"href":"https:\/\/blogsaverroes.juntadeandalucia.es\/iesmediterraneo\/wp-json\/wp\/v2\/media?parent=139"}],"curies":[{"name":"wp","href":"https:\/\/api.w.org\/{rel}","templated":true}]}}