{"id":1655,"date":"2020-06-28T20:11:59","date_gmt":"2020-06-28T20:11:59","guid":{"rendered":"https:\/\/blogsaverroes.juntadeandalucia.es\/iesmediterraneo\/?page_id=1655"},"modified":"2020-06-28T20:31:13","modified_gmt":"2020-06-28T20:31:13","slug":"matriculacion-curso-202-2021","status":"publish","type":"page","link":"https:\/\/blogsaverroes.juntadeandalucia.es\/iesmediterraneo\/matriculacion-curso-202-2021\/","title":{"rendered":"Matriculaci\u00f3n curso 2020-2021"},"content":{"rendered":"<h2><span style=\"color: #008000\">Instrucciones para la matriculaci\u00f3n en ESO y bachillerato para el curso 2020-2021<\/span><\/h2>\n<hr>\n<h3><a href=\"https:\/\/blogsaverroes.juntadeandalucia.es\/iesmediterraneo\/files\/2020\/06\/post-it-png-matricula.jpg\"><img loading=\"lazy\" decoding=\"async\" class=\"alignleft wp-image-1661 size-medium\" src=\"https:\/\/blogsaverroes.juntadeandalucia.es\/iesmediterraneo\/files\/2020\/06\/post-it-png-matricula-300x300.jpg\" alt=\"\" width=\"300\" height=\"300\" srcset=\"https:\/\/blogsaverroes.juntadeandalucia.es\/iesmediterraneo\/files\/2020\/06\/post-it-png-matricula-300x300.jpg 300w, https:\/\/blogsaverroes.juntadeandalucia.es\/iesmediterraneo\/files\/2020\/06\/post-it-png-matricula-150x150.jpg 150w, https:\/\/blogsaverroes.juntadeandalucia.es\/iesmediterraneo\/files\/2020\/06\/post-it-png-matricula-100x100.jpg 100w, https:\/\/blogsaverroes.juntadeandalucia.es\/iesmediterraneo\/files\/2020\/06\/post-it-png-matricula-24x24.jpg 24w, https:\/\/blogsaverroes.juntadeandalucia.es\/iesmediterraneo\/files\/2020\/06\/post-it-png-matricula-36x36.jpg 36w, https:\/\/blogsaverroes.juntadeandalucia.es\/iesmediterraneo\/files\/2020\/06\/post-it-png-matricula-48x48.jpg 48w, https:\/\/blogsaverroes.juntadeandalucia.es\/iesmediterraneo\/files\/2020\/06\/post-it-png-matricula.jpg 760w\" sizes=\"(max-width: 300px) 100vw, 300px\" \/><\/a><a href=\"https:\/\/blogsaverroes.juntadeandalucia.es\/iesmediterraneo\/files\/2020\/06\/informacion-matriculacion-eso-y-bach.pdf\">Informaci\u00f3n sobre matriculaci\u00f3n (PDF)<\/a><\/h3>\n<p>V\u00eddeo sobre la matriculaci\u00f3n electr\u00f3nica<\/p>\n<p><iframe loading=\"lazy\" src=\"https:\/\/www.youtube.com\/embed\/V0U7eX0L7ro\" width=\"560\" height=\"315\" frameborder=\"0\"><\/iframe><\/p>\n","protected":false},"excerpt":{"rendered":"<p>Instrucciones para la matriculaci\u00f3n en ESO y bachillerato para el curso 2020-2021 Informaci\u00f3n sobre matriculaci\u00f3n (PDF) V\u00eddeo sobre la matriculaci\u00f3n electr\u00f3nica<\/p>\n","protected":false},"author":5102,"featured_media":0,"parent":0,"menu_order":0,"comment_status":"closed","ping_status":"closed","template":"page-template-full.php","meta":{"ngg_post_thumbnail":0,"footnotes":""},"aioseo_notices":[],"_links":{"self":[{"href":"https:\/\/blogsaverroes.juntadeandalucia.es\/iesmediterraneo\/wp-json\/wp\/v2\/pages\/1655"}],"collection":[{"href":"https:\/\/blogsaverroes.juntadeandalucia.es\/iesmediterraneo\/wp-json\/wp\/v2\/pages"}],"about":[{"href":"https:\/\/blogsaverroes.juntadeandalucia.es\/iesmediterraneo\/wp-json\/wp\/v2\/types\/page"}],"author":[{"embeddable":true,"href":"https:\/\/blogsaverroes.juntadeandalucia.es\/iesmediterraneo\/wp-json\/wp\/v2\/users\/5102"}],"replies":[{"embeddable":true,"href":"https:\/\/blogsaverroes.juntadeandalucia.es\/iesmediterraneo\/wp-json\/wp\/v2\/comments?post=1655"}],"version-history":[{"count":5,"href":"https:\/\/blogsaverroes.juntadeandalucia.es\/iesmediterraneo\/wp-json\/wp\/v2\/pages\/1655\/revisions"}],"predecessor-version":[{"id":1663,"href":"https:\/\/blogsaverroes.juntadeandalucia.es\/iesmediterraneo\/wp-json\/wp\/v2\/pages\/1655\/revisions\/1663"}],"wp:attachment":[{"href":"https:\/\/blogsaverroes.juntadeandalucia.es\/iesmediterraneo\/wp-json\/wp\/v2\/media?parent=1655"}],"curies":[{"name":"wp","href":"https:\/\/api.w.org\/{rel}","templated":true}]}}