{"id":1904,"date":"2020-12-17T08:50:00","date_gmt":"2020-12-17T08:50:00","guid":{"rendered":"https:\/\/blogsaverroes.juntadeandalucia.es\/iesmediterraneo\/?page_id=1904"},"modified":"2020-12-17T08:50:00","modified_gmt":"2020-12-17T08:50:00","slug":"diseno-y-construccion-de-robots-e-impresion-3d","status":"publish","type":"page","link":"https:\/\/blogsaverroes.juntadeandalucia.es\/iesmediterraneo\/diseno-y-construccion-de-robots-e-impresion-3d\/","title":{"rendered":"Dise\u00f1o y construcci\u00f3n de robots e impresi\u00f3n 3D"},"content":{"rendered":"<h1><span style=\"color: #008000\"><b>Proyecto de innovaci\u00f3n educativa y desarrollo curricular:<\/b><\/span><\/h1>\n<h2><span style=\"color: #008080\"><b>Dise\u00f1o y construcci\u00f3n de robot e impresi\u00f3n 3D<\/b><\/span><\/h2>\n<hr>\n<h3>Coordinador: Gustavo Pretel<\/h3>\n<h3>Profesores participantes: Jos\u00e9 Luis<\/h3>\n<hr>\n<p><span style=\"font-weight: 400\"><a href=\"https:\/\/blogsaverroes.juntadeandalucia.es\/iesmediterraneo\/files\/2020\/12\/20201217_094350_001-scaled.jpg\"><img loading=\"lazy\" decoding=\"async\" class=\"alignleft wp-image-1905 \" src=\"https:\/\/blogsaverroes.juntadeandalucia.es\/iesmediterraneo\/files\/2020\/12\/20201217_094350_001-169x300.jpg\" alt=\"\" width=\"265\" height=\"470\" srcset=\"https:\/\/blogsaverroes.juntadeandalucia.es\/iesmediterraneo\/files\/2020\/12\/20201217_094350_001-169x300.jpg 169w, https:\/\/blogsaverroes.juntadeandalucia.es\/iesmediterraneo\/files\/2020\/12\/20201217_094350_001-576x1024.jpg 576w, https:\/\/blogsaverroes.juntadeandalucia.es\/iesmediterraneo\/files\/2020\/12\/20201217_094350_001-768x1365.jpg 768w, https:\/\/blogsaverroes.juntadeandalucia.es\/iesmediterraneo\/files\/2020\/12\/20201217_094350_001-864x1536.jpg 864w, https:\/\/blogsaverroes.juntadeandalucia.es\/iesmediterraneo\/files\/2020\/12\/20201217_094350_001-1152x2048.jpg 1152w, https:\/\/blogsaverroes.juntadeandalucia.es\/iesmediterraneo\/files\/2020\/12\/20201217_094350_001-14x24.jpg 14w, https:\/\/blogsaverroes.juntadeandalucia.es\/iesmediterraneo\/files\/2020\/12\/20201217_094350_001-20x36.jpg 20w, https:\/\/blogsaverroes.juntadeandalucia.es\/iesmediterraneo\/files\/2020\/12\/20201217_094350_001-27x48.jpg 27w, https:\/\/blogsaverroes.juntadeandalucia.es\/iesmediterraneo\/files\/2020\/12\/20201217_094350_001-scaled.jpg 900w\" sizes=\"(max-width: 265px) 100vw, 265px\" \/><\/a>El objetivo del proyecto es la implementaci\u00f3n en el curr\u00edculum del centro el \u201cDise\u00f1o y construcci\u00f3n de robots e impresi\u00f3n en 3D\u201d.&nbsp;&nbsp;<\/span><\/p>\n<p><span style=\"font-weight: 400\">Todo ello se enmarcan dentro de una propuesta pedag\u00f3gica que pretende superar el esquema basado en la transmisi\u00f3n de contenidos, para pasar a un sistema centrado en el desarrollo de habilidades y&nbsp; competencias en el alumnado. En este sentido, la asignatura pretende ir m\u00e1s all\u00e1 del desarrollo de&nbsp; competencias digitales para centrarse en la adquisici\u00f3n de competencias relacionadas con la&nbsp; creatividad y la planificaci\u00f3n de estrategias para la resoluci\u00f3n de problemas y aplicando las&nbsp; competencias adquiridas en otras asignaturas como Matem\u00e1ticas, F\u00edsica, Educaci\u00f3n Pl\u00e1stica,&nbsp; Tecnolog\u00eda, Inform\u00e1tica&#8230;&nbsp;<\/span><\/p>\n<p><span style=\"font-weight: 400\">La herramienta adecuada para la adquisici\u00f3n de estas competencias es un entorno de programaci\u00f3n&nbsp; basado en bloques.&nbsp;<\/span><\/p>\n<p><span style=\"font-weight: 400\">El dise\u00f1o, la impresi\u00f3n, el ensamblaje y la programaci\u00f3n de robots, posibilita implementar en el centro el desarrollo del Aprendizaje Basado en Proyecto, puesto que los alumnos\/as deben trabajar en grupos coordinados elaborando propuestas y dise\u00f1ando prototipos siendo el objetivo final la construcci\u00f3n de un robots que permita dar una soluci\u00f3n al problema planteado.&nbsp;<\/span><\/p>\n<p><span style=\"font-weight: 400\">La creatividad es una de las competencias clave que esta asignatura pretende desarrollar. La creatividad pretende centrase en procesos vinculados con el pensamiento cr\u00edtico, la comunicaci\u00f3n y la colaboraci\u00f3n. Entre las habilidades que desarrolla la competencia de creatividad estar\u00edan la originalidad e inventiva en el trabajo; desarrollar, implementar y comunicar nuevas ideas a otros; tener apertura y responder a perspectivas nuevas y diversas; y actuar con ideas creativas para realizar una contribuci\u00f3n tangible y \u00fatil en el campo en el que ocurre la innovaci\u00f3n. La creatividad, as\u00ed entendida, tiene que ver con el desarrollo de la capacidad para: cuestionar, hacer conexiones, innovar, resolver problemas y reflexionar cr\u00edticamente. Todas estas habilidades son especialmente valoradas en el mundo laboral del siglo XXI y ayudan a los alumnos a enfrentarse a un mundo complejo e interconectado que no se conforma con ofrecer soluciones sencillas a problemas cada vez m\u00e1s complejos.&nbsp;<\/span><\/p>\n<p><span style=\"font-weight: 400\">La posibilidad de implementar los resultados y de aplicar procesos computacionales para la resoluci\u00f3n de problemas en robots, no s\u00f3lo servir\u00e1 para contrastar y revisar soluciones y estrategias de soluci\u00f3n a un problema, tambi\u00e9n fomentar\u00e1 la creatividad y la imaginaci\u00f3n de los alumnos\/as.<\/span><\/p>\n<p><span style=\"font-weight: 400\">La programaci\u00f3n por bloques es un entorno gr\u00e1fico amigable orientado a la programaci\u00f3n de objetos. Estos lenguajes permiten programar robots que dan soluci\u00f3n los problemas planteados utilizando entornos de software y hardware libre permite generar actividades de clase, con diferentes grados de dificultad, que se adaptan a los diferentes ritmos de aprendizaje del alumnado.&nbsp;<\/span><\/p>\n<p><span style=\"font-weight: 400\">Para las actividades que se van a realizar se van a dise\u00f1ar estrategias de Aprendizajes Basadas en Proyectos con contenidos transversales en los que pueden colaborar departamentos como Tecnolog\u00eda o Educaci\u00f3n Pl\u00e1stica y Visual, Lengua o Idiomas. Adem\u00e1s, por la propia naturaleza cooperativa de los proyectos, asignaturas como Valores \u00c9ticos, o los programas del centro que fomentan la Coeducaci\u00f3n e incluso el fomento de la lectura a partir de cl\u00e1sicos de la ciencia ficci\u00f3n, podr\u00e1n aportar elementos interdisciplinares a los proyectos que se puedan desarrollar<\/span><\/p>\n","protected":false},"excerpt":{"rendered":"<p>Proyecto de innovaci\u00f3n educativa y desarrollo curricular: Dise\u00f1o y construcci\u00f3n de robot e impresi\u00f3n 3D Coordinador: Gustavo Pretel Profesores participantes: Jos\u00e9 Luis El objetivo del proyecto es la implementaci\u00f3n en el curr\u00edculum del centro&#46;&#46;&#46;<\/p>\n","protected":false},"author":5102,"featured_media":0,"parent":0,"menu_order":0,"comment_status":"closed","ping_status":"closed","template":"page-template-full.php","meta":{"ngg_post_thumbnail":0,"footnotes":""},"aioseo_notices":[],"_links":{"self":[{"href":"https:\/\/blogsaverroes.juntadeandalucia.es\/iesmediterraneo\/wp-json\/wp\/v2\/pages\/1904"}],"collection":[{"href":"https:\/\/blogsaverroes.juntadeandalucia.es\/iesmediterraneo\/wp-json\/wp\/v2\/pages"}],"about":[{"href":"https:\/\/blogsaverroes.juntadeandalucia.es\/iesmediterraneo\/wp-json\/wp\/v2\/types\/page"}],"author":[{"embeddable":true,"href":"https:\/\/blogsaverroes.juntadeandalucia.es\/iesmediterraneo\/wp-json\/wp\/v2\/users\/5102"}],"replies":[{"embeddable":true,"href":"https:\/\/blogsaverroes.juntadeandalucia.es\/iesmediterraneo\/wp-json\/wp\/v2\/comments?post=1904"}],"version-history":[{"count":1,"href":"https:\/\/blogsaverroes.juntadeandalucia.es\/iesmediterraneo\/wp-json\/wp\/v2\/pages\/1904\/revisions"}],"predecessor-version":[{"id":1906,"href":"https:\/\/blogsaverroes.juntadeandalucia.es\/iesmediterraneo\/wp-json\/wp\/v2\/pages\/1904\/revisions\/1906"}],"wp:attachment":[{"href":"https:\/\/blogsaverroes.juntadeandalucia.es\/iesmediterraneo\/wp-json\/wp\/v2\/media?parent=1904"}],"curies":[{"name":"wp","href":"https:\/\/api.w.org\/{rel}","templated":true}]}}