{"id":2146,"date":"2022-04-08T07:30:04","date_gmt":"2022-04-08T07:30:04","guid":{"rendered":"https:\/\/blogsaverroes.juntadeandalucia.es\/iesmediterraneo\/?page_id=2146"},"modified":"2024-07-18T06:28:06","modified_gmt":"2024-07-18T06:28:06","slug":"rincon-bilingue","status":"publish","type":"page","link":"https:\/\/blogsaverroes.juntadeandalucia.es\/iesmediterraneo\/rincon-bilingue\/","title":{"rendered":"RINC\u00d3N BILING\u00dcE"},"content":{"rendered":"<h1>RINC\u00d3N BILING\u00dcE<\/h1>\n<p><img loading=\"lazy\" decoding=\"async\" class=\"aligncenter size-medium wp-image-2149\" src=\"https:\/\/blogsaverroes.juntadeandalucia.es\/iesmediterraneo\/files\/2022\/04\/sitio-en-construccion-300x199.jpg\" alt=\"\" width=\"300\" height=\"199\" srcset=\"https:\/\/blogsaverroes.juntadeandalucia.es\/iesmediterraneo\/files\/2022\/04\/sitio-en-construccion-300x199.jpg 300w, https:\/\/blogsaverroes.juntadeandalucia.es\/iesmediterraneo\/files\/2022\/04\/sitio-en-construccion-1024x679.jpg 1024w, https:\/\/blogsaverroes.juntadeandalucia.es\/iesmediterraneo\/files\/2022\/04\/sitio-en-construccion-768x509.jpg 768w, https:\/\/blogsaverroes.juntadeandalucia.es\/iesmediterraneo\/files\/2022\/04\/sitio-en-construccion-1536x1019.jpg 1536w, https:\/\/blogsaverroes.juntadeandalucia.es\/iesmediterraneo\/files\/2022\/04\/sitio-en-construccion.jpg 1600w\" sizes=\"(max-width: 300px) 100vw, 300px\" \/><\/p>\n<h2>Informaci\u00f3n auxiliares de conversaci\u00f3n<\/h2>\n<p>&nbsp;<\/p>\n","protected":false},"excerpt":{"rendered":"<p>RINC\u00d3N BILING\u00dcE Informaci\u00f3n auxiliares de conversaci\u00f3n &nbsp;<\/p>\n","protected":false},"author":5102,"featured_media":0,"parent":0,"menu_order":0,"comment_status":"closed","ping_status":"closed","template":"page-template-full.php","meta":{"ngg_post_thumbnail":0,"footnotes":""},"aioseo_notices":[],"_links":{"self":[{"href":"https:\/\/blogsaverroes.juntadeandalucia.es\/iesmediterraneo\/wp-json\/wp\/v2\/pages\/2146"}],"collection":[{"href":"https:\/\/blogsaverroes.juntadeandalucia.es\/iesmediterraneo\/wp-json\/wp\/v2\/pages"}],"about":[{"href":"https:\/\/blogsaverroes.juntadeandalucia.es\/iesmediterraneo\/wp-json\/wp\/v2\/types\/page"}],"author":[{"embeddable":true,"href":"https:\/\/blogsaverroes.juntadeandalucia.es\/iesmediterraneo\/wp-json\/wp\/v2\/users\/5102"}],"replies":[{"embeddable":true,"href":"https:\/\/blogsaverroes.juntadeandalucia.es\/iesmediterraneo\/wp-json\/wp\/v2\/comments?post=2146"}],"version-history":[{"count":4,"href":"https:\/\/blogsaverroes.juntadeandalucia.es\/iesmediterraneo\/wp-json\/wp\/v2\/pages\/2146\/revisions"}],"predecessor-version":[{"id":2377,"href":"https:\/\/blogsaverroes.juntadeandalucia.es\/iesmediterraneo\/wp-json\/wp\/v2\/pages\/2146\/revisions\/2377"}],"wp:attachment":[{"href":"https:\/\/blogsaverroes.juntadeandalucia.es\/iesmediterraneo\/wp-json\/wp\/v2\/media?parent=2146"}],"curies":[{"name":"wp","href":"https:\/\/api.w.org\/{rel}","templated":true}]}}