{"id":2175,"date":"2022-07-02T11:50:57","date_gmt":"2022-07-02T11:50:57","guid":{"rendered":"https:\/\/blogsaverroes.juntadeandalucia.es\/iesmediterraneo\/?page_id=2175"},"modified":"2022-07-02T12:16:28","modified_gmt":"2022-07-02T12:16:28","slug":"plan-de-igualdad-y-prevencion-de-la-violencia-de-genero","status":"publish","type":"page","link":"https:\/\/blogsaverroes.juntadeandalucia.es\/iesmediterraneo\/planes-y-proyectos\/plan-de-igualdad-y-prevencion-de-la-violencia-de-genero\/","title":{"rendered":"Plan de Igualdad y Prevenci\u00f3n de la Violencia de G\u00e9nero"},"content":{"rendered":"<h2 style=\"text-align: center\"><span style=\"font-size: 36pt\"><span style=\"color: #800080\">Plan de Igualdad &#8211; Prevenci\u00f3n de la Violencia de G\u00e9nero&nbsp;<\/span><\/span><\/h2>\n<h2 style=\"text-align: center\"><span style=\"font-size: 24pt\"><span style=\"color: #800080\"><strong>Curso<\/strong>: 2021-2022<\/span><\/span><\/h2>\n<hr>\n<p style=\"text-align: left\"><span style=\"color: #800080\"><strong><span style=\"font-size: 14pt\">OBJETIVOS:<\/span><\/strong><\/span><\/p>\n<p style=\"text-align: left\"><span style=\"font-size: 14pt\">1. Visibilizar la vida de mujeres que por sus logros deben formar parte de la Historia&nbsp;pero han sido ocultadas y que motiven a las generaciones presentes.<\/span><br \/>\n<span style=\"font-size: 14pt\">2. Crear espacios l\u00fadicos coeducativos que fomenten la igualdad, el trabajo en equipo y&nbsp;el respeto.<\/span><br \/>\n<span style=\"font-size: 14pt\">3. Desarrollar las competencias clave al ser un trabajo interdiciplinar.<\/span><br \/>\n<span style=\"font-size: 14pt\">4. Desarrollar valores de igualdad y respeto bas\u00e1ndose en metodolog\u00edas de aprendizaje&nbsp;basado en el juego.<\/span><\/p>\n<p style=\"text-align: left\"><span style=\"color: #800080\"><strong><span style=\"font-size: 14pt\">ACTIVIDADES DESARROLLADAS:<\/span><\/strong><\/span><\/p>\n<p style=\"text-align: left\"><span style=\"font-size: 14pt\">1. Creaci\u00f3n de rinc\u00f3n l\u00fadico violeta con juegos de mesa. Incluye Nobel Run (juego&nbsp;estrella del a\u00f1o en Coeducaci\u00f3n y ciencias) y Club de ajedrez.<\/span><\/p>\n<p><a href=\"https:\/\/blogsaverroes.juntadeandalucia.es\/iesmediterraneo\/files\/2022\/07\/igualdad3.jpg\"><img loading=\"lazy\" decoding=\"async\" class=\"alignnone wp-image-2181\" src=\"https:\/\/blogsaverroes.juntadeandalucia.es\/iesmediterraneo\/files\/2022\/07\/igualdad3.jpg\" alt=\"\" width=\"600\" height=\"449\" srcset=\"https:\/\/blogsaverroes.juntadeandalucia.es\/iesmediterraneo\/files\/2022\/07\/igualdad3.jpg 425w, https:\/\/blogsaverroes.juntadeandalucia.es\/iesmediterraneo\/files\/2022\/07\/igualdad3-300x224.jpg 300w\" sizes=\"(max-width: 600px) 100vw, 600px\" \/><\/a><\/p>\n<p><a href=\"https:\/\/blogsaverroes.juntadeandalucia.es\/iesmediterraneo\/files\/2022\/07\/igualdad2.jpg\"><img loading=\"lazy\" decoding=\"async\" class=\"alignleft wp-image-2180\" src=\"https:\/\/blogsaverroes.juntadeandalucia.es\/iesmediterraneo\/files\/2022\/07\/igualdad2.jpg\" alt=\"\" width=\"325\" height=\"243\"><\/a><a href=\"https:\/\/blogsaverroes.juntadeandalucia.es\/iesmediterraneo\/files\/2022\/07\/igualdad1.jpg\"><img loading=\"lazy\" decoding=\"async\" class=\"alignleft wp-image-2179\" src=\"https:\/\/blogsaverroes.juntadeandalucia.es\/iesmediterraneo\/files\/2022\/07\/igualdad1.jpg\" alt=\"\" width=\"325\" height=\"243\"><\/a><\/p>\n<p>&nbsp;<\/p>\n<p>&nbsp;<\/p>\n<p>&nbsp;<\/p>\n<p>&nbsp;<\/p>\n<p>&nbsp;<\/p>\n<p>&nbsp;<\/p>\n<p>&nbsp;<\/p>\n<p><span style=\"font-size: 14pt\">Aqu\u00ed el cat\u00e1logo de nuestra ludoteca compuesto por juegos con din\u00e1micas cooperativas,&nbsp;competitivas, individuales, grupales, scapes\u2026 y tem\u00e1ticas diversas que incluyen:<\/span><\/p>\n<ul style=\"list-style-type: circle\">\n<li><span style=\"font-size: 14pt\">Igualdad<\/span><\/li>\n<li><span style=\"font-size: 14pt\">Ciencias<\/span><\/li>\n<li><span style=\"font-size: 14pt\">Comunicaci\u00f3n<\/span><\/li>\n<li><span style=\"font-size: 14pt\">Historia, Bellas Artes<\/span><\/li>\n<\/ul>\n<p><a href=\"https:\/\/blogsaverroes.juntadeandalucia.es\/iesmediterraneo\/files\/2022\/07\/igualdad4.jpg\"><img loading=\"lazy\" decoding=\"async\" class=\"alignleft wp-image-2182\" src=\"https:\/\/blogsaverroes.juntadeandalucia.es\/iesmediterraneo\/files\/2022\/07\/igualdad4.jpg\" alt=\"\" width=\"600\" height=\"448\" srcset=\"https:\/\/blogsaverroes.juntadeandalucia.es\/iesmediterraneo\/files\/2022\/07\/igualdad4.jpg 425w, https:\/\/blogsaverroes.juntadeandalucia.es\/iesmediterraneo\/files\/2022\/07\/igualdad4-300x224.jpg 300w\" sizes=\"(max-width: 600px) 100vw, 600px\" \/><\/a><\/p>\n<p>&nbsp;<\/p>\n<p>&nbsp;<\/p>\n<p>&nbsp;<\/p>\n<p>&nbsp;<\/p>\n<p>&nbsp;<\/p>\n<p>&nbsp;<\/p>\n<p>&nbsp;<\/p>\n<p>&nbsp;<\/p>\n<p>&nbsp;<\/p>\n<p>&nbsp;<\/p>\n<p>&nbsp;<\/p>\n<p>&nbsp;<\/p>\n<p style=\"text-align: left\"><span style=\"font-size: 14pt\">2. Visionado, an\u00e1lisis de cortos: Flashback, Pers\u00e9polis, Girlhood, Diarios de la calle&#8230;<\/span><br \/>\n<span style=\"font-size: 14pt\">3. Grabaci\u00f3n de documentales sobre mujeres ignoradas por la historia que ser\u00e1n los<\/span>&nbsp;<span style=\"font-size: 14pt\">personajes del juego de mesa.<\/span><br \/>\n<a href=\"https:\/\/www.youtube.com\/watch?v=8HZLKVlV9aA\">Documentales: Mujeres para la Historia<\/a><\/p>\n<p><iframe loading=\"lazy\" src=\"https:\/\/www.youtube.com\/embed\/8HZLKVlV9aA\" width=\"560\" height=\"315\" frameborder=\"0\"><\/iframe><\/p>\n<p><span style=\"font-size: 14pt\">4. Creaci\u00f3n por el alumnado de juego de mesa que trabaja STEAM: <em>genially<\/em>, trabajo&nbsp;cooperativo&#8230;<\/span><\/p>\n<p><a href=\"https:\/\/blogsaverroes.juntadeandalucia.es\/iesmediterraneo\/files\/2022\/07\/igualdad5.jpg\"><img loading=\"lazy\" decoding=\"async\" class=\"alignleft wp-image-2183\" src=\"https:\/\/blogsaverroes.juntadeandalucia.es\/iesmediterraneo\/files\/2022\/07\/igualdad5.jpg\" alt=\"\" width=\"600\" height=\"449\" srcset=\"https:\/\/blogsaverroes.juntadeandalucia.es\/iesmediterraneo\/files\/2022\/07\/igualdad5.jpg 425w, https:\/\/blogsaverroes.juntadeandalucia.es\/iesmediterraneo\/files\/2022\/07\/igualdad5-300x224.jpg 300w\" sizes=\"(max-width: 600px) 100vw, 600px\" \/><\/a><\/p>\n","protected":false},"excerpt":{"rendered":"<p>Plan de Igualdad &#8211; Prevenci\u00f3n de la Violencia de G\u00e9nero&nbsp; Curso: 2021-2022 OBJETIVOS: 1. Visibilizar la vida de mujeres que por sus logros deben formar parte de la Historia&nbsp;pero han sido ocultadas y que&#46;&#46;&#46;<\/p>\n","protected":false},"author":5102,"featured_media":0,"parent":188,"menu_order":0,"comment_status":"closed","ping_status":"closed","template":"page-template-full.php","meta":{"ngg_post_thumbnail":0,"footnotes":""},"aioseo_notices":[],"_links":{"self":[{"href":"https:\/\/blogsaverroes.juntadeandalucia.es\/iesmediterraneo\/wp-json\/wp\/v2\/pages\/2175"}],"collection":[{"href":"https:\/\/blogsaverroes.juntadeandalucia.es\/iesmediterraneo\/wp-json\/wp\/v2\/pages"}],"about":[{"href":"https:\/\/blogsaverroes.juntadeandalucia.es\/iesmediterraneo\/wp-json\/wp\/v2\/types\/page"}],"author":[{"embeddable":true,"href":"https:\/\/blogsaverroes.juntadeandalucia.es\/iesmediterraneo\/wp-json\/wp\/v2\/users\/5102"}],"replies":[{"embeddable":true,"href":"https:\/\/blogsaverroes.juntadeandalucia.es\/iesmediterraneo\/wp-json\/wp\/v2\/comments?post=2175"}],"version-history":[{"count":6,"href":"https:\/\/blogsaverroes.juntadeandalucia.es\/iesmediterraneo\/wp-json\/wp\/v2\/pages\/2175\/revisions"}],"predecessor-version":[{"id":2187,"href":"https:\/\/blogsaverroes.juntadeandalucia.es\/iesmediterraneo\/wp-json\/wp\/v2\/pages\/2175\/revisions\/2187"}],"up":[{"embeddable":true,"href":"https:\/\/blogsaverroes.juntadeandalucia.es\/iesmediterraneo\/wp-json\/wp\/v2\/pages\/188"}],"wp:attachment":[{"href":"https:\/\/blogsaverroes.juntadeandalucia.es\/iesmediterraneo\/wp-json\/wp\/v2\/media?parent=2175"}],"curies":[{"name":"wp","href":"https:\/\/api.w.org\/{rel}","templated":true}]}}