{"id":224,"date":"2017-06-13T18:07:19","date_gmt":"2017-06-13T18:07:19","guid":{"rendered":"https:\/\/blogsaverroes.juntadeandalucia.es\/iesmediterraneo\/?page_id=224"},"modified":"2025-09-29T10:30:18","modified_gmt":"2025-09-29T10:30:18","slug":"tutorias","status":"publish","type":"page","link":"https:\/\/blogsaverroes.juntadeandalucia.es\/iesmediterraneo\/familias\/tutorias\/","title":{"rendered":"Tutor\u00edas"},"content":{"rendered":"<h1><span style=\"color: #008080\">Relaci\u00f3n de tutores\/as<\/span><\/h1>\n<hr>\n<h2><span style=\"color: #008000\">Curso 2025-2026<\/span><\/h2>\n<table style=\"width: 85.3669%;height: 715px\">\n<tbody>\n<tr style=\"height: 24px\">\n<td style=\"width: 27.1919%;background-color: #aeebc4;text-align: center;vertical-align: middle;height: 24px\"><strong>CICLO<\/strong><\/td>\n<td style=\"width: 29.5214%;background-color: #cef78b;text-align: center;vertical-align: middle;height: 24px\"><strong>CURSO<\/strong><\/td>\n<td style=\"width: 131.298%;background-color: #a3f72d;text-align: center;vertical-align: middle;height: 24px\"><strong>PROFESOR\/A<\/strong><\/td>\n<\/tr>\n<tr style=\"height: 37px\">\n<td style=\"width: 27.1919%;background-color: #aadbf2;text-align: center;vertical-align: middle;height: 394px\" rowspan=\"11\">\n<h2>E.S.O.<\/h2>\n<\/td>\n<td style=\"width: 29.5214%;height: 37px;text-align: left;vertical-align: middle\">1\u00ba ESO A<\/td>\n<td style=\"width: 131.298%;height: 37px;text-align: left;vertical-align: middle\">Enrique G\u00f3mez L\u00f3pez<\/td>\n<\/tr>\n<tr style=\"height: 37px\">\n<td style=\"width: 29.5214%;height: 37px;text-align: left;vertical-align: middle\">1\u00ba ESO B<\/td>\n<td style=\"width: 131.298%;height: 37px;text-align: left;vertical-align: middle\">Alejandro Carmona Carmona<\/td>\n<\/tr>\n<tr>\n<td style=\"width: 29.5214%;text-align: left;vertical-align: middle\">1\u00ba ESO C<\/td>\n<td style=\"width: 131.298%;text-align: left;vertical-align: middle\">M\u00aa de la Luz Lucena Garc\u00eda<\/td>\n<\/tr>\n<tr style=\"height: 37px\">\n<td style=\"width: 29.5214%;height: 37px;text-align: left;vertical-align: middle\">2\u00ba ESO A<\/td>\n<td style=\"width: 131.298%;height: 37px;text-align: left;vertical-align: middle\">M\u00f3nica Arnedo Ruiz<\/td>\n<\/tr>\n<tr style=\"height: 37px\">\n<td style=\"width: 29.5214%;height: 37px;text-align: left;vertical-align: middle\">2\u00ba ESO B<\/td>\n<td style=\"width: 131.298%;height: 37px;text-align: left;vertical-align: middle\">Jos\u00e9 Alberto Romero Garc\u00eda<\/td>\n<\/tr>\n<tr style=\"height: 37px\">\n<td style=\"width: 29.5214%;height: 37px;text-align: left;vertical-align: middle\">2\u00ba ESO C<\/td>\n<td style=\"width: 131.298%;height: 37px;text-align: left;vertical-align: middle\">Jes\u00fas Daniel Laguna Reche<\/td>\n<\/tr>\n<tr style=\"height: 37px\">\n<td style=\"width: 29.5214%;height: 37px;text-align: left;vertical-align: middle\">3\u00ba ESO A<\/td>\n<td style=\"width: 131.298%;height: 37px;text-align: left;vertical-align: middle\">Rosa M\u00aa L\u00f3pez Mora<\/td>\n<\/tr>\n<tr style=\"height: 37px\">\n<td style=\"width: 29.5214%;height: 37px;text-align: left;vertical-align: middle\">3\u00ba ESO B<\/td>\n<td style=\"width: 131.298%;height: 37px;text-align: left;vertical-align: middle\">Roc\u00edo L\u00f3pez Vidal<\/td>\n<\/tr>\n<tr style=\"height: 60px\">\n<td style=\"width: 29.5214%;text-align: left;vertical-align: middle;height: 60px\">3\u00ba ESO C<\/td>\n<td style=\"width: 131.298%;text-align: left;vertical-align: middle;height: 60px\">Atenea Briones Garc\u00eda<\/td>\n<\/tr>\n<tr style=\"height: 37px\">\n<td style=\"width: 29.5214%;height: 37px;text-align: left;vertical-align: middle\">4\u00ba ESO A<\/td>\n<td style=\"width: 131.298%;height: 37px;text-align: left;vertical-align: middle\">Leticia Mateos Asenjo<\/td>\n<\/tr>\n<tr style=\"height: 38px\">\n<td style=\"width: 29.5214%;height: 38px;text-align: left;vertical-align: middle\">4\u00ba ESO B<\/td>\n<td style=\"width: 131.298%;height: 38px;text-align: left;vertical-align: middle\">Aurora \u00c1ngeles Mil\u00e1n Mart\u00edn<\/td>\n<\/tr>\n<tr style=\"height: 38px\">\n<td style=\"width: 27.1919%;background-color: #97f0de;text-align: center;vertical-align: middle;height: 77px\" rowspan=\"3\">\n<h2>BACHILLERATO<\/h2>\n<\/td>\n<td style=\"width: 29.5214%;height: 39px;text-align: left;vertical-align: middle\">1\u00ba A Ciencias\/ CC.SS. y Humanidades<\/td>\n<td style=\"width: 131.298%;height: 39px;text-align: left;vertical-align: middle\">M\u00aa Gloria Fern\u00e1ndez Garc\u00eda<\/td>\n<\/tr>\n<tr>\n<td style=\"width: 29.5214%;text-align: left;vertical-align: middle\">1\u00ba B Ciencias\/CC.SS y Humanidades<\/td>\n<td style=\"width: 131.298%;text-align: left;vertical-align: middle\">Francisco Jos\u00e9 Cervera Villena<\/td>\n<\/tr>\n<tr style=\"height: 38px\">\n<td style=\"width: 29.5214%;height: 38px;text-align: left;vertical-align: middle\">2\u00ba Ciencias\/ CC.SS. y Humanidades<\/td>\n<td style=\"width: 131.298%;height: 38px;text-align: left;vertical-align: middle\">Miguel Rodr\u00edguez Rodr\u00edguez<\/td>\n<\/tr>\n<tr style=\"height: 38px\">\n<td style=\"width: 27.1919%;background-color: #b2f07d;height: 76px;text-align: center;vertical-align: middle\" rowspan=\"2\">\n<h2>1\u00ba GRADO B\u00c1SICO<\/h2>\n<\/td>\n<td style=\"width: 29.5214%;height: 38px;text-align: left;vertical-align: middle\">Alojamiento<\/td>\n<td style=\"width: 131.298%;height: 38px;text-align: left;vertical-align: middle\">M\u00aa Jos\u00e9 puertas Bonachela<\/td>\n<\/tr>\n<tr style=\"height: 38px\">\n<td style=\"width: 29.5214%;height: 38px;text-align: left;vertical-align: middle\">Cocina<\/td>\n<td style=\"width: 131.298%;height: 38px;text-align: left;vertical-align: middle\">Pablo Manuel L\u00f3pez S\u00e1nchez<\/td>\n<\/tr>\n<tr>\n<td style=\"width: 27.1919%;background-color: #dced79;text-align: center;vertical-align: middle\" rowspan=\"2\">\n<h2>1\u00ba CFGM<\/h2>\n<\/td>\n<td style=\"width: 29.5214%;text-align: left;vertical-align: middle\">Servicios<\/td>\n<td style=\"width: 131.298%;text-align: left;vertical-align: middle\">M\u00aa Carmen Herrera Quero<\/td>\n<\/tr>\n<tr>\n<td style=\"width: 29.5214%;text-align: left;vertical-align: middle\">Cocina<\/td>\n<td style=\"width: 131.298%;text-align: left;vertical-align: middle\">Jos\u00e9 Manuel Pe\u00f1a Gil<\/td>\n<\/tr>\n<tr style=\"height: 62px\">\n<td style=\"width: 27.1919%;background-color: #f1f590;text-align: center;vertical-align: middle;height: 124px\" rowspan=\"2\">\n<h2>2\u00ba FPB<\/h2>\n<\/td>\n<td style=\"width: 29.5214%;text-align: left;vertical-align: middle;height: 62px\">Alojamiento<\/td>\n<td style=\"width: 131.298%;text-align: left;vertical-align: middle;height: 62px\">Concepci\u00f3n Romero Ruiz<\/td>\n<\/tr>\n<tr style=\"height: 62px\">\n<td style=\"width: 29.5214%;text-align: left;vertical-align: middle;height: 62px\">Cocina<\/td>\n<td style=\"width: 131.298%;text-align: left;vertical-align: middle;height: 62px\">Nuria Ruiz Guti\u00e9rrez<\/td>\n<\/tr>\n<tr style=\"height: 9.6875px\">\n<td style=\"width: 27.1919%;background-color: #dced79;height: 20px;text-align: center;vertical-align: middle\" rowspan=\"2\">\n<h2>2\u00ba CFGM<\/h2>\n<\/td>\n<td style=\"width: 29.5214%;height: 10px;text-align: left;vertical-align: middle\">Cocina<\/td>\n<td style=\"width: 131.298%;height: 10px;text-align: left;vertical-align: middle\">Miguel \u00c1ngel Gil S\u00e1nchez<\/td>\n<\/tr>\n<tr style=\"height: 10px\">\n<td style=\"width: 29.5214%;text-align: left;vertical-align: middle;height: 10px\">Servicios<\/td>\n<td style=\"width: 131.298%;text-align: left;vertical-align: middle;height: 10px\">Andr\u00e9s Parra Mart\u00edn<\/td>\n<\/tr>\n<\/tbody>\n<\/table>\n","protected":false},"excerpt":{"rendered":"<p>Relaci\u00f3n de tutores\/as Curso 2025-2026 CICLO CURSO PROFESOR\/A E.S.O. 1\u00ba ESO A Enrique G\u00f3mez L\u00f3pez 1\u00ba ESO B Alejandro Carmona Carmona 1\u00ba ESO C M\u00aa de la Luz Lucena Garc\u00eda 2\u00ba ESO A M\u00f3nica&#46;&#46;&#46;<\/p>\n","protected":false},"author":5102,"featured_media":0,"parent":142,"menu_order":0,"comment_status":"closed","ping_status":"closed","template":"","meta":{"ngg_post_thumbnail":0,"footnotes":""},"aioseo_notices":[],"_links":{"self":[{"href":"https:\/\/blogsaverroes.juntadeandalucia.es\/iesmediterraneo\/wp-json\/wp\/v2\/pages\/224"}],"collection":[{"href":"https:\/\/blogsaverroes.juntadeandalucia.es\/iesmediterraneo\/wp-json\/wp\/v2\/pages"}],"about":[{"href":"https:\/\/blogsaverroes.juntadeandalucia.es\/iesmediterraneo\/wp-json\/wp\/v2\/types\/page"}],"author":[{"embeddable":true,"href":"https:\/\/blogsaverroes.juntadeandalucia.es\/iesmediterraneo\/wp-json\/wp\/v2\/users\/5102"}],"replies":[{"embeddable":true,"href":"https:\/\/blogsaverroes.juntadeandalucia.es\/iesmediterraneo\/wp-json\/wp\/v2\/comments?post=224"}],"version-history":[{"count":22,"href":"https:\/\/blogsaverroes.juntadeandalucia.es\/iesmediterraneo\/wp-json\/wp\/v2\/pages\/224\/revisions"}],"predecessor-version":[{"id":2511,"href":"https:\/\/blogsaverroes.juntadeandalucia.es\/iesmediterraneo\/wp-json\/wp\/v2\/pages\/224\/revisions\/2511"}],"up":[{"embeddable":true,"href":"https:\/\/blogsaverroes.juntadeandalucia.es\/iesmediterraneo\/wp-json\/wp\/v2\/pages\/142"}],"wp:attachment":[{"href":"https:\/\/blogsaverroes.juntadeandalucia.es\/iesmediterraneo\/wp-json\/wp\/v2\/media?parent=224"}],"curies":[{"name":"wp","href":"https:\/\/api.w.org\/{rel}","templated":true}]}}